{"id":510645,"date":"2025-03-22T03:23:10","date_gmt":"2025-03-22T01:23:10","guid":{"rendered":"https:\/\/shop.huppa.eu\/lt\/product\/kombinezonas-orion-1-40g\/"},"modified":"2026-04-09T06:11:08","modified_gmt":"2026-04-09T04:11:08","slug":"kombinezonas-orion-1-40g","status":"publish","type":"product","link":"https:\/\/shop.huppa.eu\/lt\/product\/kombinezonas-orion-1-40g\/","title":{"rendered":"Kombinezonas ORION 1 (40g)"},"content":{"rendered":"<p>Vaikas su modernaus kirpimo vienos dalies kombinezonu su 40 g pa\u0161iltinimu matomas i\u0161 vis\u0173 pusi\u0173 net tamsiu \u017eiemos metu. Ilgas u\u017etrauktukas palengvina ir pagreitina drabu\u017ei\u0173 pakeitim\u0105, o s\u0117dmen\u0173 ir k\u016bno dalies si\u016bl\u0117s yra klijuotos, kad b\u016bt\u0173 u\u017etikrintas vaiko sausumas. Kombinezono pamu\u0161alas yra mink\u0161tos medvilnin\u0117s flanel\u0117s, o i\u0161orinis audinys atsparus v\u0117jui ir vandeniui. Puikios i\u0161orinio audinio technin\u0117s savyb\u0117s leid\u017eia vaikams b\u016bti lauke bet kokiu oru . Kojagaliai taip pat i\u0161 vidaus padengti pagrindiniu audiniu, kad b\u016bt\u0173 u\u017etikrintas sausumas. Taip pat prid\u0117ta keletas \u0161vies\u0105 atspindin\u010di\u0173 detali\u0173. Nusegamas gobtuvas yra saugus \u017eaisti lauke. Jis yra pritvirtintas knied\u0117mis. Be to, kombinezonas iki 80 cm turi rankogalius ir kojagalius su atvartais. Puikus kombinezonas ma\u017eyliui!<\/p>\n","protected":false},"excerpt":{"rendered":"<p>Vaikas su modernaus kirpimo vienos dalies kombinezonu su 40 g pa\u0161iltinimu matomas i\u0161 vis\u0173 pusi\u0173 net tamsiu \u017eiemos metu. Ilgas u\u017etrauktukas palengvina ir pagreitina drabu\u017ei\u0173 pakeitim\u0105, o s\u0117dmen\u0173 ir k\u016bno dalies si\u016bl\u0117s yra klijuotos, kad b\u016bt\u0173 u\u017etikrintas vaiko sausumas. Kombinezono pamu\u0161alas yra mink\u0161tos medvilnin\u0117s flanel\u0117s, o i\u0161orinis audinys atsparus v\u0117jui ir vandeniui. Puikios i\u0161orinio audinio [&hellip;]<\/p>\n","protected":false},"featured_media":465738,"template":"","meta":{"_acf_changed":false},"product_brand":[],"product_cat":[6709,1160,1163,1265,6643,415,19],"product_tag":[],"class_list":{"0":"post-510645","1":"product","2":"type-product","3":"status-publish","4":"has-post-thumbnail","6":"product_cat-kombinezonai-sale","7":"product_cat-kombinezonai","8":"product_cat-kombinezonai-vaikai","9":"product_cat-kombinezonai-unisex","10":"product_cat-sale","11":"product_cat-unisex","12":"product_cat-vaikai","13":"pa_amzius-vaikai","14":"pa_atsparumas-vandeniui-10-000mm","15":"pa_dydis-105","16":"pa_dydis-1162","17":"pa_dydis-406","18":"pa_dydis-409","19":"pa_dydis-410","20":"pa_dydis-412","21":"pa_izoliacijos-svoris-40g","22":"pa_kolekcija-nr-sa2022","23":"pa_kolekcijos-dalis-spring-autumn","24":"pa_lytis-unisex","25":"pa_oro-pralaidumas-10-000g-m-24h","26":"pa_prekes-artikulas-36300104-70035","27":"pa_rastuota-vienspalvis","28":"pa_sale-yes","29":"pa_sezonas-pavasaris-ruduo","30":"pa_uzpildas-40g","32":"first","33":"instock","34":"sale","35":"taxable","36":"shipping-taxable","37":"purchasable","38":"product-type-variable"},"acf":[],"yoast_head":"<!-- This site is optimized with the Yoast SEO plugin v26.8 - https:\/\/yoast.com\/product\/yoast-seo-wordpress\/ -->\n<title>Kombinezonas ORION 1 (40g) - Huppa LT<\/title>\n<meta name=\"robots\" content=\"index, follow, max-snippet:-1, max-image-preview:large, max-video-preview:-1\" \/>\n<link rel=\"canonical\" href=\"https:\/\/shop.huppa.eu\/lt\/product\/kombinezonas-orion-1-40g\/\" \/>\n<meta property=\"og:locale\" content=\"lt_LT\" \/>\n<meta property=\"og:type\" content=\"article\" \/>\n<meta property=\"og:title\" content=\"Kombinezonas ORION 1 (40g) - Huppa LT\" \/>\n<meta property=\"og:description\" content=\"Vaikas su modernaus kirpimo vienos dalies kombinezonu su 40 g pa\u0161iltinimu matomas i\u0161 vis\u0173 pusi\u0173 net tamsiu \u017eiemos metu. Ilgas u\u017etrauktukas palengvina ir pagreitina drabu\u017ei\u0173 pakeitim\u0105, o s\u0117dmen\u0173 ir k\u016bno dalies si\u016bl\u0117s yra klijuotos, kad b\u016bt\u0173 u\u017etikrintas vaiko sausumas. Kombinezono pamu\u0161alas yra mink\u0161tos medvilnin\u0117s flanel\u0117s, o i\u0161orinis audinys atsparus v\u0117jui ir vandeniui. Puikios i\u0161orinio audinio [&hellip;]\" \/>\n<meta property=\"og:url\" content=\"https:\/\/shop.huppa.eu\/lt\/product\/kombinezonas-orion-1-40g\/\" \/>\n<meta property=\"og:site_name\" content=\"Huppa LT\" \/>\n<meta property=\"article:modified_time\" content=\"2026-04-09T04:11:08+00:00\" \/>\n<meta property=\"og:image\" content=\"https:\/\/huppashop-prod.s3.eu-north-1.amazonaws.com\/wp-content\/uploads\/sites\/5\/2022\/03\/28132204\/36300104-70035-ORION1_f.jpg\" \/>\n\t<meta property=\"og:image:width\" content=\"1200\" \/>\n\t<meta property=\"og:image:height\" content=\"1200\" \/>\n\t<meta property=\"og:image:type\" content=\"image\/jpeg\" \/>\n<meta name=\"twitter:card\" content=\"summary_large_image\" \/>\n<meta name=\"twitter:label1\" content=\"Est. reading time\" \/>\n\t<meta name=\"twitter:data1\" content=\"1 minut\u0117\" \/>\n<script type=\"application\/ld+json\" class=\"yoast-schema-graph\">{\"@context\":\"https:\/\/schema.org\",\"@graph\":[{\"@type\":\"WebPage\",\"@id\":\"https:\/\/shop.huppa.eu\/lt\/product\/kombinezonas-orion-1-40g\/\",\"url\":\"https:\/\/shop.huppa.eu\/lt\/product\/kombinezonas-orion-1-40g\/\",\"name\":\"Kombinezonas ORION 1 (40g) - Huppa LT\",\"isPartOf\":{\"@id\":\"https:\/\/shop.huppa.eu\/lt\/#website\"},\"primaryImageOfPage\":{\"@id\":\"https:\/\/shop.huppa.eu\/lt\/product\/kombinezonas-orion-1-40g\/#primaryimage\"},\"image\":{\"@id\":\"https:\/\/shop.huppa.eu\/lt\/product\/kombinezonas-orion-1-40g\/#primaryimage\"},\"thumbnailUrl\":\"https:\/\/huppashop-prod.s3.eu-north-1.amazonaws.com\/wp-content\/uploads\/sites\/5\/2022\/03\/28132204\/36300104-70035-ORION1_f.jpg\",\"datePublished\":\"2025-03-22T01:23:10+00:00\",\"dateModified\":\"2026-04-09T04:11:08+00:00\",\"breadcrumb\":{\"@id\":\"https:\/\/shop.huppa.eu\/lt\/product\/kombinezonas-orion-1-40g\/#breadcrumb\"},\"inLanguage\":\"lt-LT\",\"potentialAction\":[{\"@type\":\"ReadAction\",\"target\":[\"https:\/\/shop.huppa.eu\/lt\/product\/kombinezonas-orion-1-40g\/\"]}]},{\"@type\":\"ImageObject\",\"inLanguage\":\"lt-LT\",\"@id\":\"https:\/\/shop.huppa.eu\/lt\/product\/kombinezonas-orion-1-40g\/#primaryimage\",\"url\":\"https:\/\/huppashop-prod.s3.eu-north-1.amazonaws.com\/wp-content\/uploads\/sites\/5\/2022\/03\/28132204\/36300104-70035-ORION1_f.jpg\",\"contentUrl\":\"https:\/\/huppashop-prod.s3.eu-north-1.amazonaws.com\/wp-content\/uploads\/sites\/5\/2022\/03\/28132204\/36300104-70035-ORION1_f.jpg\",\"width\":1200,\"height\":1200},{\"@type\":\"BreadcrumbList\",\"@id\":\"https:\/\/shop.huppa.eu\/lt\/product\/kombinezonas-orion-1-40g\/#breadcrumb\",\"itemListElement\":[{\"@type\":\"ListItem\",\"position\":1,\"name\":\"Shop\",\"item\":\"https:\/\/shop.huppa.eu\/lt\/shop\/\"},{\"@type\":\"ListItem\",\"position\":2,\"name\":\"Kombinezonas ORION 1 (40g)\"}]},{\"@type\":\"WebSite\",\"@id\":\"https:\/\/shop.huppa.eu\/lt\/#website\",\"url\":\"https:\/\/shop.huppa.eu\/lt\/\",\"name\":\"Huppa LT\",\"description\":\"Huppa LT\",\"potentialAction\":[{\"@type\":\"SearchAction\",\"target\":{\"@type\":\"EntryPoint\",\"urlTemplate\":\"https:\/\/shop.huppa.eu\/lt\/?s={search_term_string}\"},\"query-input\":{\"@type\":\"PropertyValueSpecification\",\"valueRequired\":true,\"valueName\":\"search_term_string\"}}],\"inLanguage\":\"lt-LT\"}]}<\/script>\n<!-- \/ Yoast SEO plugin. -->","yoast_head_json":{"title":"Kombinezonas ORION 1 (40g) - Huppa LT","robots":{"index":"index","follow":"follow","max-snippet":"max-snippet:-1","max-image-preview":"max-image-preview:large","max-video-preview":"max-video-preview:-1"},"canonical":"https:\/\/shop.huppa.eu\/lt\/product\/kombinezonas-orion-1-40g\/","og_locale":"lt_LT","og_type":"article","og_title":"Kombinezonas ORION 1 (40g) - Huppa LT","og_description":"Vaikas su modernaus kirpimo vienos dalies kombinezonu su 40 g pa\u0161iltinimu matomas i\u0161 vis\u0173 pusi\u0173 net tamsiu \u017eiemos metu. Ilgas u\u017etrauktukas palengvina ir pagreitina drabu\u017ei\u0173 pakeitim\u0105, o s\u0117dmen\u0173 ir k\u016bno dalies si\u016bl\u0117s yra klijuotos, kad b\u016bt\u0173 u\u017etikrintas vaiko sausumas. Kombinezono pamu\u0161alas yra mink\u0161tos medvilnin\u0117s flanel\u0117s, o i\u0161orinis audinys atsparus v\u0117jui ir vandeniui. Puikios i\u0161orinio audinio [&hellip;]","og_url":"https:\/\/shop.huppa.eu\/lt\/product\/kombinezonas-orion-1-40g\/","og_site_name":"Huppa LT","article_modified_time":"2026-04-09T04:11:08+00:00","og_image":[{"width":1200,"height":1200,"url":"https:\/\/huppashop-prod.s3.eu-north-1.amazonaws.com\/wp-content\/uploads\/sites\/5\/2022\/03\/28132204\/36300104-70035-ORION1_f.jpg","type":"image\/jpeg"}],"twitter_card":"summary_large_image","twitter_misc":{"Est. reading time":"1 minut\u0117"},"schema":{"@context":"https:\/\/schema.org","@graph":[{"@type":"WebPage","@id":"https:\/\/shop.huppa.eu\/lt\/product\/kombinezonas-orion-1-40g\/","url":"https:\/\/shop.huppa.eu\/lt\/product\/kombinezonas-orion-1-40g\/","name":"Kombinezonas ORION 1 (40g) - Huppa LT","isPartOf":{"@id":"https:\/\/shop.huppa.eu\/lt\/#website"},"primaryImageOfPage":{"@id":"https:\/\/shop.huppa.eu\/lt\/product\/kombinezonas-orion-1-40g\/#primaryimage"},"image":{"@id":"https:\/\/shop.huppa.eu\/lt\/product\/kombinezonas-orion-1-40g\/#primaryimage"},"thumbnailUrl":"https:\/\/huppashop-prod.s3.eu-north-1.amazonaws.com\/wp-content\/uploads\/sites\/5\/2022\/03\/28132204\/36300104-70035-ORION1_f.jpg","datePublished":"2025-03-22T01:23:10+00:00","dateModified":"2026-04-09T04:11:08+00:00","breadcrumb":{"@id":"https:\/\/shop.huppa.eu\/lt\/product\/kombinezonas-orion-1-40g\/#breadcrumb"},"inLanguage":"lt-LT","potentialAction":[{"@type":"ReadAction","target":["https:\/\/shop.huppa.eu\/lt\/product\/kombinezonas-orion-1-40g\/"]}]},{"@type":"ImageObject","inLanguage":"lt-LT","@id":"https:\/\/shop.huppa.eu\/lt\/product\/kombinezonas-orion-1-40g\/#primaryimage","url":"https:\/\/huppashop-prod.s3.eu-north-1.amazonaws.com\/wp-content\/uploads\/sites\/5\/2022\/03\/28132204\/36300104-70035-ORION1_f.jpg","contentUrl":"https:\/\/huppashop-prod.s3.eu-north-1.amazonaws.com\/wp-content\/uploads\/sites\/5\/2022\/03\/28132204\/36300104-70035-ORION1_f.jpg","width":1200,"height":1200},{"@type":"BreadcrumbList","@id":"https:\/\/shop.huppa.eu\/lt\/product\/kombinezonas-orion-1-40g\/#breadcrumb","itemListElement":[{"@type":"ListItem","position":1,"name":"Shop","item":"https:\/\/shop.huppa.eu\/lt\/shop\/"},{"@type":"ListItem","position":2,"name":"Kombinezonas ORION 1 (40g)"}]},{"@type":"WebSite","@id":"https:\/\/shop.huppa.eu\/lt\/#website","url":"https:\/\/shop.huppa.eu\/lt\/","name":"Huppa LT","description":"Huppa LT","potentialAction":[{"@type":"SearchAction","target":{"@type":"EntryPoint","urlTemplate":"https:\/\/shop.huppa.eu\/lt\/?s={search_term_string}"},"query-input":{"@type":"PropertyValueSpecification","valueRequired":true,"valueName":"search_term_string"}}],"inLanguage":"lt-LT"}]}},"_links":{"self":[{"href":"https:\/\/shop.huppa.eu\/lt\/wp-json\/wp\/v2\/product\/510645","targetHints":{"allow":["GET"]}}],"collection":[{"href":"https:\/\/shop.huppa.eu\/lt\/wp-json\/wp\/v2\/product"}],"about":[{"href":"https:\/\/shop.huppa.eu\/lt\/wp-json\/wp\/v2\/types\/product"}],"wp:featuredmedia":[{"embeddable":true,"href":"https:\/\/shop.huppa.eu\/lt\/wp-json\/wp\/v2\/media\/465738"}],"wp:attachment":[{"href":"https:\/\/shop.huppa.eu\/lt\/wp-json\/wp\/v2\/media?parent=510645"}],"wp:term":[{"taxonomy":"product_brand","embeddable":true,"href":"https:\/\/shop.huppa.eu\/lt\/wp-json\/wp\/v2\/product_brand?post=510645"},{"taxonomy":"product_cat","embeddable":true,"href":"https:\/\/shop.huppa.eu\/lt\/wp-json\/wp\/v2\/product_cat?post=510645"},{"taxonomy":"product_tag","embeddable":true,"href":"https:\/\/shop.huppa.eu\/lt\/wp-json\/wp\/v2\/product_tag?post=510645"}],"curies":[{"name":"wp","href":"https:\/\/api.w.org\/{rel}","templated":true}]}}