{"id":511953,"date":"2025-05-13T04:40:26","date_gmt":"2025-05-13T02:40:26","guid":{"rendered":"https:\/\/shop.huppa.eu\/lt\/product\/flisinis-komplektas-vaikams-marti\/"},"modified":"2026-04-09T06:27:03","modified_gmt":"2026-04-09T04:27:03","slug":"flisinis-komplektas-vaikams-marti","status":"publish","type":"product","link":"https:\/\/shop.huppa.eu\/lt\/product\/flisinis-komplektas-vaikams-marti\/","title":{"rendered":"Flisinis komplektas vaikams MARTI"},"content":{"rendered":"<p>Mink\u0161to fliso komplektas vaikams, tinkantis \u017eaidimams v\u0117sesniu oru. Dviej\u0173 dali\u0173 komplektas  taip pat idealiai tinka d\u0117v\u0117ti po vir\u0161utiniais drabu\u017eiais. Kad b\u016bt\u0173 patogiau d\u0117v\u0117ti, striuk\u0117 turi u\u017esegamas ki\u0161enes ir elasting\u0105 rankov\u0119, reguliuojam\u0105 liemen\u012f ir kelni\u0173 galus..<\/p>\n","protected":false},"excerpt":{"rendered":"<p>Mink\u0161to fliso komplektas vaikams, tinkantis \u017eaidimams v\u0117sesniu oru. Dviej\u0173 dali\u0173 komplektas taip pat idealiai tinka d\u0117v\u0117ti po vir\u0161utiniais drabu\u017eiais. Kad b\u016bt\u0173 patogiau d\u0117v\u0117ti, striuk\u0117 turi u\u017esegamas ki\u0161enes ir elasting\u0105 rankov\u0119, reguliuojam\u0105 liemen\u012f ir kelni\u0173 galus..<\/p>\n","protected":false},"featured_media":431225,"template":"","meta":{"_acf_changed":false},"product_brand":[],"product_cat":[90,428,413,414,19],"product_tag":[],"class_list":{"0":"post-511953","1":"product","2":"type-product","3":"status-publish","4":"has-post-thumbnail","6":"product_cat-berniuku","7":"product_cat-comfort-berniuku","8":"product_cat-comfort","9":"product_cat-comfort-2","10":"product_cat-vaikai","11":"pa_amzius-vaikai","12":"pa_atsparumas-vandeniui-mm","13":"pa_dydis-105","14":"pa_dydis-79","15":"pa_dydis-93","16":"pa_dydis-96","17":"pa_dydis-412","18":"pa_kolekcija-nr-sa2018","19":"pa_kolekcijos-dalis-mid-layers","20":"pa_lytis-berniuku","21":"pa_oro-pralaidumas-g-m-24h","22":"pa_prekes-artikulas-43060000-60976","23":"pa_rastuota-vienspalvis","24":"pa_sezonas-pavasaris-ruduo","26":"first","27":"instock","28":"sale","29":"taxable","30":"shipping-taxable","31":"purchasable","32":"product-type-variable"},"acf":[],"yoast_head":"<!-- This site is optimized with the Yoast SEO plugin v26.8 - https:\/\/yoast.com\/product\/yoast-seo-wordpress\/ -->\n<title>Flisinis komplektas vaikams MARTI - Huppa LT<\/title>\n<meta name=\"robots\" content=\"index, follow, max-snippet:-1, max-image-preview:large, max-video-preview:-1\" \/>\n<link rel=\"canonical\" href=\"https:\/\/shop.huppa.eu\/lt\/product\/flisinis-komplektas-vaikams-marti\/\" \/>\n<meta property=\"og:locale\" content=\"lt_LT\" \/>\n<meta property=\"og:type\" content=\"article\" \/>\n<meta property=\"og:title\" content=\"Flisinis komplektas vaikams MARTI - Huppa LT\" \/>\n<meta property=\"og:description\" content=\"Mink\u0161to fliso komplektas vaikams, tinkantis \u017eaidimams v\u0117sesniu oru. Dviej\u0173 dali\u0173 komplektas taip pat idealiai tinka d\u0117v\u0117ti po vir\u0161utiniais drabu\u017eiais. Kad b\u016bt\u0173 patogiau d\u0117v\u0117ti, striuk\u0117 turi u\u017esegamas ki\u0161enes ir elasting\u0105 rankov\u0119, reguliuojam\u0105 liemen\u012f ir kelni\u0173 galus..\" \/>\n<meta property=\"og:url\" content=\"https:\/\/shop.huppa.eu\/lt\/product\/flisinis-komplektas-vaikams-marti\/\" \/>\n<meta property=\"og:site_name\" content=\"Huppa LT\" \/>\n<meta property=\"article:modified_time\" content=\"2026-04-09T04:27:03+00:00\" \/>\n<meta property=\"og:image\" content=\"https:\/\/huppashop-prod.s3.eu-north-1.amazonaws.com\/wp-content\/uploads\/sites\/3\/2021\/06\/03062717\/4306AW14-976-MARTIfront.png\" \/>\n\t<meta property=\"og:image:width\" content=\"800\" \/>\n\t<meta property=\"og:image:height\" content=\"800\" \/>\n\t<meta property=\"og:image:type\" content=\"image\/png\" \/>\n<meta name=\"twitter:card\" content=\"summary_large_image\" \/>\n<script type=\"application\/ld+json\" class=\"yoast-schema-graph\">{\"@context\":\"https:\/\/schema.org\",\"@graph\":[{\"@type\":\"WebPage\",\"@id\":\"https:\/\/shop.huppa.eu\/lt\/product\/flisinis-komplektas-vaikams-marti\/\",\"url\":\"https:\/\/shop.huppa.eu\/lt\/product\/flisinis-komplektas-vaikams-marti\/\",\"name\":\"Flisinis komplektas vaikams MARTI - Huppa LT\",\"isPartOf\":{\"@id\":\"https:\/\/shop.huppa.eu\/lt\/#website\"},\"primaryImageOfPage\":{\"@id\":\"https:\/\/shop.huppa.eu\/lt\/product\/flisinis-komplektas-vaikams-marti\/#primaryimage\"},\"image\":{\"@id\":\"https:\/\/shop.huppa.eu\/lt\/product\/flisinis-komplektas-vaikams-marti\/#primaryimage\"},\"thumbnailUrl\":\"https:\/\/huppashop-prod.s3.eu-north-1.amazonaws.com\/wp-content\/uploads\/sites\/3\/2021\/06\/03062717\/4306AW14-976-MARTIfront.png\",\"datePublished\":\"2025-05-13T02:40:26+00:00\",\"dateModified\":\"2026-04-09T04:27:03+00:00\",\"breadcrumb\":{\"@id\":\"https:\/\/shop.huppa.eu\/lt\/product\/flisinis-komplektas-vaikams-marti\/#breadcrumb\"},\"inLanguage\":\"lt-LT\",\"potentialAction\":[{\"@type\":\"ReadAction\",\"target\":[\"https:\/\/shop.huppa.eu\/lt\/product\/flisinis-komplektas-vaikams-marti\/\"]}]},{\"@type\":\"ImageObject\",\"inLanguage\":\"lt-LT\",\"@id\":\"https:\/\/shop.huppa.eu\/lt\/product\/flisinis-komplektas-vaikams-marti\/#primaryimage\",\"url\":\"https:\/\/huppashop-prod.s3.eu-north-1.amazonaws.com\/wp-content\/uploads\/sites\/3\/2021\/06\/03062717\/4306AW14-976-MARTIfront.png\",\"contentUrl\":\"https:\/\/huppashop-prod.s3.eu-north-1.amazonaws.com\/wp-content\/uploads\/sites\/3\/2021\/06\/03062717\/4306AW14-976-MARTIfront.png\",\"width\":800,\"height\":800},{\"@type\":\"BreadcrumbList\",\"@id\":\"https:\/\/shop.huppa.eu\/lt\/product\/flisinis-komplektas-vaikams-marti\/#breadcrumb\",\"itemListElement\":[{\"@type\":\"ListItem\",\"position\":1,\"name\":\"Shop\",\"item\":\"https:\/\/shop.huppa.eu\/lt\/shop\/\"},{\"@type\":\"ListItem\",\"position\":2,\"name\":\"Flisinis komplektas vaikams MARTI\"}]},{\"@type\":\"WebSite\",\"@id\":\"https:\/\/shop.huppa.eu\/lt\/#website\",\"url\":\"https:\/\/shop.huppa.eu\/lt\/\",\"name\":\"Huppa LT\",\"description\":\"Huppa LT\",\"potentialAction\":[{\"@type\":\"SearchAction\",\"target\":{\"@type\":\"EntryPoint\",\"urlTemplate\":\"https:\/\/shop.huppa.eu\/lt\/?s={search_term_string}\"},\"query-input\":{\"@type\":\"PropertyValueSpecification\",\"valueRequired\":true,\"valueName\":\"search_term_string\"}}],\"inLanguage\":\"lt-LT\"}]}<\/script>\n<!-- \/ Yoast SEO plugin. -->","yoast_head_json":{"title":"Flisinis komplektas vaikams MARTI - Huppa LT","robots":{"index":"index","follow":"follow","max-snippet":"max-snippet:-1","max-image-preview":"max-image-preview:large","max-video-preview":"max-video-preview:-1"},"canonical":"https:\/\/shop.huppa.eu\/lt\/product\/flisinis-komplektas-vaikams-marti\/","og_locale":"lt_LT","og_type":"article","og_title":"Flisinis komplektas vaikams MARTI - Huppa LT","og_description":"Mink\u0161to fliso komplektas vaikams, tinkantis \u017eaidimams v\u0117sesniu oru. Dviej\u0173 dali\u0173 komplektas taip pat idealiai tinka d\u0117v\u0117ti po vir\u0161utiniais drabu\u017eiais. Kad b\u016bt\u0173 patogiau d\u0117v\u0117ti, striuk\u0117 turi u\u017esegamas ki\u0161enes ir elasting\u0105 rankov\u0119, reguliuojam\u0105 liemen\u012f ir kelni\u0173 galus..","og_url":"https:\/\/shop.huppa.eu\/lt\/product\/flisinis-komplektas-vaikams-marti\/","og_site_name":"Huppa LT","article_modified_time":"2026-04-09T04:27:03+00:00","og_image":[{"width":800,"height":800,"url":"https:\/\/huppashop-prod.s3.eu-north-1.amazonaws.com\/wp-content\/uploads\/sites\/3\/2021\/06\/03062717\/4306AW14-976-MARTIfront.png","type":"image\/png"}],"twitter_card":"summary_large_image","schema":{"@context":"https:\/\/schema.org","@graph":[{"@type":"WebPage","@id":"https:\/\/shop.huppa.eu\/lt\/product\/flisinis-komplektas-vaikams-marti\/","url":"https:\/\/shop.huppa.eu\/lt\/product\/flisinis-komplektas-vaikams-marti\/","name":"Flisinis komplektas vaikams MARTI - Huppa LT","isPartOf":{"@id":"https:\/\/shop.huppa.eu\/lt\/#website"},"primaryImageOfPage":{"@id":"https:\/\/shop.huppa.eu\/lt\/product\/flisinis-komplektas-vaikams-marti\/#primaryimage"},"image":{"@id":"https:\/\/shop.huppa.eu\/lt\/product\/flisinis-komplektas-vaikams-marti\/#primaryimage"},"thumbnailUrl":"https:\/\/huppashop-prod.s3.eu-north-1.amazonaws.com\/wp-content\/uploads\/sites\/3\/2021\/06\/03062717\/4306AW14-976-MARTIfront.png","datePublished":"2025-05-13T02:40:26+00:00","dateModified":"2026-04-09T04:27:03+00:00","breadcrumb":{"@id":"https:\/\/shop.huppa.eu\/lt\/product\/flisinis-komplektas-vaikams-marti\/#breadcrumb"},"inLanguage":"lt-LT","potentialAction":[{"@type":"ReadAction","target":["https:\/\/shop.huppa.eu\/lt\/product\/flisinis-komplektas-vaikams-marti\/"]}]},{"@type":"ImageObject","inLanguage":"lt-LT","@id":"https:\/\/shop.huppa.eu\/lt\/product\/flisinis-komplektas-vaikams-marti\/#primaryimage","url":"https:\/\/huppashop-prod.s3.eu-north-1.amazonaws.com\/wp-content\/uploads\/sites\/3\/2021\/06\/03062717\/4306AW14-976-MARTIfront.png","contentUrl":"https:\/\/huppashop-prod.s3.eu-north-1.amazonaws.com\/wp-content\/uploads\/sites\/3\/2021\/06\/03062717\/4306AW14-976-MARTIfront.png","width":800,"height":800},{"@type":"BreadcrumbList","@id":"https:\/\/shop.huppa.eu\/lt\/product\/flisinis-komplektas-vaikams-marti\/#breadcrumb","itemListElement":[{"@type":"ListItem","position":1,"name":"Shop","item":"https:\/\/shop.huppa.eu\/lt\/shop\/"},{"@type":"ListItem","position":2,"name":"Flisinis komplektas vaikams MARTI"}]},{"@type":"WebSite","@id":"https:\/\/shop.huppa.eu\/lt\/#website","url":"https:\/\/shop.huppa.eu\/lt\/","name":"Huppa LT","description":"Huppa LT","potentialAction":[{"@type":"SearchAction","target":{"@type":"EntryPoint","urlTemplate":"https:\/\/shop.huppa.eu\/lt\/?s={search_term_string}"},"query-input":{"@type":"PropertyValueSpecification","valueRequired":true,"valueName":"search_term_string"}}],"inLanguage":"lt-LT"}]}},"_links":{"self":[{"href":"https:\/\/shop.huppa.eu\/lt\/wp-json\/wp\/v2\/product\/511953","targetHints":{"allow":["GET"]}}],"collection":[{"href":"https:\/\/shop.huppa.eu\/lt\/wp-json\/wp\/v2\/product"}],"about":[{"href":"https:\/\/shop.huppa.eu\/lt\/wp-json\/wp\/v2\/types\/product"}],"wp:featuredmedia":[{"embeddable":true,"href":"https:\/\/shop.huppa.eu\/lt\/wp-json\/wp\/v2\/media\/431225"}],"wp:attachment":[{"href":"https:\/\/shop.huppa.eu\/lt\/wp-json\/wp\/v2\/media?parent=511953"}],"wp:term":[{"taxonomy":"product_brand","embeddable":true,"href":"https:\/\/shop.huppa.eu\/lt\/wp-json\/wp\/v2\/product_brand?post=511953"},{"taxonomy":"product_cat","embeddable":true,"href":"https:\/\/shop.huppa.eu\/lt\/wp-json\/wp\/v2\/product_cat?post=511953"},{"taxonomy":"product_tag","embeddable":true,"href":"https:\/\/shop.huppa.eu\/lt\/wp-json\/wp\/v2\/product_tag?post=511953"}],"curies":[{"name":"wp","href":"https:\/\/api.w.org\/{rel}","templated":true}]}}