{"id":513301,"date":"2025-09-18T03:51:22","date_gmt":"2025-09-18T01:51:22","guid":{"rendered":"https:\/\/shop.huppa.eu\/lt\/product\/pirstines-vaikams-janus-150g-2\/"},"modified":"2026-04-09T06:38:08","modified_gmt":"2026-04-09T04:38:08","slug":"pirstines-vaikams-janus-150g-2","status":"publish","type":"product","link":"https:\/\/shop.huppa.eu\/lt\/product\/pirstines-vaikams-janus-150g-2\/","title":{"rendered":"Pir\u0161tin\u0117s vaikams JANUS (150g)"},"content":{"rendered":"<p>Vaiki\u0161kos neper\u0161lampamos ir neperpu\u010diamos pir\u0161tin\u0117s su pamu\u0161alu. Orui laidi i\u0161orin\u0117 med\u017eiaga. Ant rie\u0161o ir apa\u010dioje \u012fsi\u016bta patogi gumin\u0117 juostel\u0117. U\u017esegama u\u017etrauktuku. Pir\u0161tini\u0173 vidin\u0117 pus\u0117 i\u0161 mink\u0161to flisinio audinio. Pir\u0161tini\u0173 por\u0105 galima susegti ma\u017eu segtuku. Vir\u0161utinis audinys su \u0161vies\u0105 atspindin\u010diomis \u201eHuppa\u201c detal\u0117mis.<\/p>\n","protected":false},"excerpt":{"rendered":"<p>Vaiki\u0161kos neper\u0161lampamos ir neperpu\u010diamos pir\u0161tin\u0117s su pamu\u0161alu. Orui laidi i\u0161orin\u0117 med\u017eiaga. Ant rie\u0161o ir apa\u010dioje \u012fsi\u016bta patogi gumin\u0117 juostel\u0117. U\u017esegama u\u017etrauktuku. Pir\u0161tini\u0173 vidin\u0117 pus\u0117 i\u0161 mink\u0161to flisinio audinio. Pir\u0161tini\u0173 por\u0105 galima susegti ma\u017eu segtuku. Vir\u0161utinis audinys su \u0161vies\u0105 atspindin\u010diomis \u201eHuppa\u201c detal\u0117mis.<\/p>\n","protected":false},"featured_media":513305,"template":"","meta":{"_acf_changed":false},"product_brand":[],"product_cat":[5695,5698,1921,1923,1924,415,19],"product_tag":[],"class_list":{"0":"post-513301","1":"product","2":"type-product","3":"status-publish","4":"has-post-thumbnail","6":"product_cat-accessories","7":"product_cat-pirstines-accessories-2","8":"product_cat-pirstines","9":"product_cat-pirstines-2","10":"product_cat-pirstines-unisex","11":"product_cat-unisex","12":"product_cat-vaikai","13":"pa_amzius-vaikai","14":"pa_atsparumas-vandeniui-10-000mm","15":"pa_dydis-1917","16":"pa_dydis-1918","17":"pa_dydis-1919","18":"pa_dydis-1920","19":"pa_izoliacijos-svoris-150g","20":"pa_kolekcija-nr-w25-26","21":"pa_kolekcijos-dalis-accessories","22":"pa_lytis-unisex","23":"pa_oro-pralaidumas-g-m-24h","24":"pa_prekes-artikulas-81180000-00018","25":"pa_rastuota-vienspalvis","26":"pa_sezonas-ziema","27":"pa_uzpildas-150g","29":"first","30":"instock","31":"sale","32":"taxable","33":"shipping-taxable","34":"purchasable","35":"product-type-variable"},"acf":[],"yoast_head":"<!-- This site is optimized with the Yoast SEO plugin v26.8 - https:\/\/yoast.com\/product\/yoast-seo-wordpress\/ -->\n<title>Pir\u0161tin\u0117s vaikams JANUS (150g) - Huppa LT<\/title>\n<meta name=\"robots\" content=\"index, follow, max-snippet:-1, max-image-preview:large, max-video-preview:-1\" \/>\n<link rel=\"canonical\" href=\"https:\/\/shop.huppa.eu\/lt\/product\/pirstines-vaikams-janus-150g-2\/\" \/>\n<meta property=\"og:locale\" content=\"lt_LT\" \/>\n<meta property=\"og:type\" content=\"article\" \/>\n<meta property=\"og:title\" content=\"Pir\u0161tin\u0117s vaikams JANUS (150g) - Huppa LT\" \/>\n<meta property=\"og:description\" content=\"Vaiki\u0161kos neper\u0161lampamos ir neperpu\u010diamos pir\u0161tin\u0117s su pamu\u0161alu. Orui laidi i\u0161orin\u0117 med\u017eiaga. Ant rie\u0161o ir apa\u010dioje \u012fsi\u016bta patogi gumin\u0117 juostel\u0117. U\u017esegama u\u017etrauktuku. Pir\u0161tini\u0173 vidin\u0117 pus\u0117 i\u0161 mink\u0161to flisinio audinio. Pir\u0161tini\u0173 por\u0105 galima susegti ma\u017eu segtuku. Vir\u0161utinis audinys su \u0161vies\u0105 atspindin\u010diomis \u201eHuppa\u201c detal\u0117mis.\" \/>\n<meta property=\"og:url\" content=\"https:\/\/shop.huppa.eu\/lt\/product\/pirstines-vaikams-janus-150g-2\/\" \/>\n<meta property=\"og:site_name\" content=\"Huppa LT\" \/>\n<meta property=\"article:modified_time\" content=\"2026-04-09T04:38:08+00:00\" \/>\n<meta property=\"og:image\" content=\"https:\/\/huppashop-prod.s3.eu-north-1.amazonaws.com\/wp-content\/uploads\/sites\/5\/2025\/09\/18035125\/81180000-00018-JANUS_f.jpg\" \/>\n\t<meta property=\"og:image:width\" content=\"1200\" \/>\n\t<meta property=\"og:image:height\" content=\"1200\" \/>\n\t<meta property=\"og:image:type\" content=\"image\/jpeg\" \/>\n<meta name=\"twitter:card\" content=\"summary_large_image\" \/>\n<script type=\"application\/ld+json\" class=\"yoast-schema-graph\">{\"@context\":\"https:\/\/schema.org\",\"@graph\":[{\"@type\":\"WebPage\",\"@id\":\"https:\/\/shop.huppa.eu\/lt\/product\/pirstines-vaikams-janus-150g-2\/\",\"url\":\"https:\/\/shop.huppa.eu\/lt\/product\/pirstines-vaikams-janus-150g-2\/\",\"name\":\"Pir\u0161tin\u0117s vaikams JANUS (150g) - Huppa LT\",\"isPartOf\":{\"@id\":\"https:\/\/shop.huppa.eu\/lt\/#website\"},\"primaryImageOfPage\":{\"@id\":\"https:\/\/shop.huppa.eu\/lt\/product\/pirstines-vaikams-janus-150g-2\/#primaryimage\"},\"image\":{\"@id\":\"https:\/\/shop.huppa.eu\/lt\/product\/pirstines-vaikams-janus-150g-2\/#primaryimage\"},\"thumbnailUrl\":\"https:\/\/huppashop-prod.s3.eu-north-1.amazonaws.com\/wp-content\/uploads\/sites\/5\/2025\/09\/18035125\/81180000-00018-JANUS_f.jpg\",\"datePublished\":\"2025-09-18T01:51:22+00:00\",\"dateModified\":\"2026-04-09T04:38:08+00:00\",\"breadcrumb\":{\"@id\":\"https:\/\/shop.huppa.eu\/lt\/product\/pirstines-vaikams-janus-150g-2\/#breadcrumb\"},\"inLanguage\":\"lt-LT\",\"potentialAction\":[{\"@type\":\"ReadAction\",\"target\":[\"https:\/\/shop.huppa.eu\/lt\/product\/pirstines-vaikams-janus-150g-2\/\"]}]},{\"@type\":\"ImageObject\",\"inLanguage\":\"lt-LT\",\"@id\":\"https:\/\/shop.huppa.eu\/lt\/product\/pirstines-vaikams-janus-150g-2\/#primaryimage\",\"url\":\"https:\/\/huppashop-prod.s3.eu-north-1.amazonaws.com\/wp-content\/uploads\/sites\/5\/2025\/09\/18035125\/81180000-00018-JANUS_f.jpg\",\"contentUrl\":\"https:\/\/huppashop-prod.s3.eu-north-1.amazonaws.com\/wp-content\/uploads\/sites\/5\/2025\/09\/18035125\/81180000-00018-JANUS_f.jpg\",\"width\":1200,\"height\":1200},{\"@type\":\"BreadcrumbList\",\"@id\":\"https:\/\/shop.huppa.eu\/lt\/product\/pirstines-vaikams-janus-150g-2\/#breadcrumb\",\"itemListElement\":[{\"@type\":\"ListItem\",\"position\":1,\"name\":\"Shop\",\"item\":\"https:\/\/shop.huppa.eu\/lt\/shop\/\"},{\"@type\":\"ListItem\",\"position\":2,\"name\":\"Pir\u0161tin\u0117s vaikams JANUS (150g)\"}]},{\"@type\":\"WebSite\",\"@id\":\"https:\/\/shop.huppa.eu\/lt\/#website\",\"url\":\"https:\/\/shop.huppa.eu\/lt\/\",\"name\":\"Huppa LT\",\"description\":\"Huppa LT\",\"potentialAction\":[{\"@type\":\"SearchAction\",\"target\":{\"@type\":\"EntryPoint\",\"urlTemplate\":\"https:\/\/shop.huppa.eu\/lt\/?s={search_term_string}\"},\"query-input\":{\"@type\":\"PropertyValueSpecification\",\"valueRequired\":true,\"valueName\":\"search_term_string\"}}],\"inLanguage\":\"lt-LT\"}]}<\/script>\n<!-- \/ Yoast SEO plugin. -->","yoast_head_json":{"title":"Pir\u0161tin\u0117s vaikams JANUS (150g) - Huppa LT","robots":{"index":"index","follow":"follow","max-snippet":"max-snippet:-1","max-image-preview":"max-image-preview:large","max-video-preview":"max-video-preview:-1"},"canonical":"https:\/\/shop.huppa.eu\/lt\/product\/pirstines-vaikams-janus-150g-2\/","og_locale":"lt_LT","og_type":"article","og_title":"Pir\u0161tin\u0117s vaikams JANUS (150g) - Huppa LT","og_description":"Vaiki\u0161kos neper\u0161lampamos ir neperpu\u010diamos pir\u0161tin\u0117s su pamu\u0161alu. Orui laidi i\u0161orin\u0117 med\u017eiaga. Ant rie\u0161o ir apa\u010dioje \u012fsi\u016bta patogi gumin\u0117 juostel\u0117. U\u017esegama u\u017etrauktuku. Pir\u0161tini\u0173 vidin\u0117 pus\u0117 i\u0161 mink\u0161to flisinio audinio. Pir\u0161tini\u0173 por\u0105 galima susegti ma\u017eu segtuku. Vir\u0161utinis audinys su \u0161vies\u0105 atspindin\u010diomis \u201eHuppa\u201c detal\u0117mis.","og_url":"https:\/\/shop.huppa.eu\/lt\/product\/pirstines-vaikams-janus-150g-2\/","og_site_name":"Huppa LT","article_modified_time":"2026-04-09T04:38:08+00:00","og_image":[{"width":1200,"height":1200,"url":"https:\/\/huppashop-prod.s3.eu-north-1.amazonaws.com\/wp-content\/uploads\/sites\/5\/2025\/09\/18035125\/81180000-00018-JANUS_f.jpg","type":"image\/jpeg"}],"twitter_card":"summary_large_image","schema":{"@context":"https:\/\/schema.org","@graph":[{"@type":"WebPage","@id":"https:\/\/shop.huppa.eu\/lt\/product\/pirstines-vaikams-janus-150g-2\/","url":"https:\/\/shop.huppa.eu\/lt\/product\/pirstines-vaikams-janus-150g-2\/","name":"Pir\u0161tin\u0117s vaikams JANUS (150g) - Huppa LT","isPartOf":{"@id":"https:\/\/shop.huppa.eu\/lt\/#website"},"primaryImageOfPage":{"@id":"https:\/\/shop.huppa.eu\/lt\/product\/pirstines-vaikams-janus-150g-2\/#primaryimage"},"image":{"@id":"https:\/\/shop.huppa.eu\/lt\/product\/pirstines-vaikams-janus-150g-2\/#primaryimage"},"thumbnailUrl":"https:\/\/huppashop-prod.s3.eu-north-1.amazonaws.com\/wp-content\/uploads\/sites\/5\/2025\/09\/18035125\/81180000-00018-JANUS_f.jpg","datePublished":"2025-09-18T01:51:22+00:00","dateModified":"2026-04-09T04:38:08+00:00","breadcrumb":{"@id":"https:\/\/shop.huppa.eu\/lt\/product\/pirstines-vaikams-janus-150g-2\/#breadcrumb"},"inLanguage":"lt-LT","potentialAction":[{"@type":"ReadAction","target":["https:\/\/shop.huppa.eu\/lt\/product\/pirstines-vaikams-janus-150g-2\/"]}]},{"@type":"ImageObject","inLanguage":"lt-LT","@id":"https:\/\/shop.huppa.eu\/lt\/product\/pirstines-vaikams-janus-150g-2\/#primaryimage","url":"https:\/\/huppashop-prod.s3.eu-north-1.amazonaws.com\/wp-content\/uploads\/sites\/5\/2025\/09\/18035125\/81180000-00018-JANUS_f.jpg","contentUrl":"https:\/\/huppashop-prod.s3.eu-north-1.amazonaws.com\/wp-content\/uploads\/sites\/5\/2025\/09\/18035125\/81180000-00018-JANUS_f.jpg","width":1200,"height":1200},{"@type":"BreadcrumbList","@id":"https:\/\/shop.huppa.eu\/lt\/product\/pirstines-vaikams-janus-150g-2\/#breadcrumb","itemListElement":[{"@type":"ListItem","position":1,"name":"Shop","item":"https:\/\/shop.huppa.eu\/lt\/shop\/"},{"@type":"ListItem","position":2,"name":"Pir\u0161tin\u0117s vaikams JANUS (150g)"}]},{"@type":"WebSite","@id":"https:\/\/shop.huppa.eu\/lt\/#website","url":"https:\/\/shop.huppa.eu\/lt\/","name":"Huppa LT","description":"Huppa LT","potentialAction":[{"@type":"SearchAction","target":{"@type":"EntryPoint","urlTemplate":"https:\/\/shop.huppa.eu\/lt\/?s={search_term_string}"},"query-input":{"@type":"PropertyValueSpecification","valueRequired":true,"valueName":"search_term_string"}}],"inLanguage":"lt-LT"}]}},"_links":{"self":[{"href":"https:\/\/shop.huppa.eu\/lt\/wp-json\/wp\/v2\/product\/513301","targetHints":{"allow":["GET"]}}],"collection":[{"href":"https:\/\/shop.huppa.eu\/lt\/wp-json\/wp\/v2\/product"}],"about":[{"href":"https:\/\/shop.huppa.eu\/lt\/wp-json\/wp\/v2\/types\/product"}],"wp:featuredmedia":[{"embeddable":true,"href":"https:\/\/shop.huppa.eu\/lt\/wp-json\/wp\/v2\/media\/513305"}],"wp:attachment":[{"href":"https:\/\/shop.huppa.eu\/lt\/wp-json\/wp\/v2\/media?parent=513301"}],"wp:term":[{"taxonomy":"product_brand","embeddable":true,"href":"https:\/\/shop.huppa.eu\/lt\/wp-json\/wp\/v2\/product_brand?post=513301"},{"taxonomy":"product_cat","embeddable":true,"href":"https:\/\/shop.huppa.eu\/lt\/wp-json\/wp\/v2\/product_cat?post=513301"},{"taxonomy":"product_tag","embeddable":true,"href":"https:\/\/shop.huppa.eu\/lt\/wp-json\/wp\/v2\/product_tag?post=513301"}],"curies":[{"name":"wp","href":"https:\/\/api.w.org\/{rel}","templated":true}]}}