{"id":513579,"date":"2025-10-02T03:16:20","date_gmt":"2025-10-02T01:16:20","guid":{"rendered":"https:\/\/shop.huppa.eu\/lt\/product\/mergaitiska-softshell-prailginta-striuke-aneta-0g-2\/"},"modified":"2026-04-16T05:22:09","modified_gmt":"2026-04-16T03:22:09","slug":"mergaitiska-softshell-prailginta-striuke-aneta-0g-2","status":"publish","type":"product","link":"https:\/\/shop.huppa.eu\/lt\/product\/mergaitiska-softshell-prailginta-striuke-aneta-0g-2\/","title":{"rendered":"Mergaiti\u0161ka Softshell prailginta striuk\u0117 ANETA (0g)"},"content":{"rendered":"<p>Vaiki\u0161kas, \u201eSoftshell\u201c audinio, neperpu\u010diamas paltukas. Visas audinys padengtas at\u0161vaitais, tad vaikas bus saugus, bet kokiu paros metu. Mink\u0161tas vidinis pamu\u0161alas suteikiantis \u0161ilumos. Juosmuo reguliuojasi pagal kiekvienos mergait\u0117s apimt\u012f. Dviej\u0173 kryp\u010di\u0173 u\u017etrauktukas dar patogesniam d\u0117v\u0117jimui.<\/p>\n","protected":false},"excerpt":{"rendered":"<p>Vaiki\u0161kas, \u201eSoftshell\u201c audinio, neperpu\u010diamas paltukas. Visas audinys padengtas at\u0161vaitais, tad vaikas bus saugus, bet kokiu paros metu. Mink\u0161tas vidinis pamu\u0161alas suteikiantis \u0161ilumos. Juosmuo reguliuojasi pagal kiekvienos mergait\u0117s apimt\u012f. Dviej\u0173 kryp\u010di\u0173 u\u017etrauktukas dar patogesniam d\u0117v\u0117jimui.<\/p>\n","protected":false},"featured_media":497933,"template":"","meta":{"_acf_changed":false},"product_brand":[],"product_cat":[102,116,133,134,19],"product_tag":[],"class_list":{"0":"post-513579","1":"product","2":"type-product","3":"status-publish","4":"has-post-thumbnail","6":"product_cat-mergaiciu","7":"product_cat-paltai","8":"product_cat-paltai-vaikai","9":"product_cat-paltai-mergaiciu","10":"product_cat-vaikai","11":"pa_amzius-vaikai","12":"pa_atsparumas-vandeniui-5-000mm","13":"pa_dydis-97","14":"pa_dydis-99","15":"pa_izoliacijos-svoris-0g","16":"pa_kolekcija-nr-sa2026","17":"pa_kolekcijos-dalis-softshell","18":"pa_lytis-mergaiciu","19":"pa_oro-pralaidumas-5000g-m-24h","20":"pa_prekes-artikulas-12760000-10697","21":"pa_rastuota-rastuota-spalva","22":"pa_sezonas-pavaris-ruduo","23":"pa_uzpildas-0g","25":"first","26":"instock","27":"taxable","28":"shipping-taxable","29":"purchasable","30":"product-type-variable"},"acf":[],"yoast_head":"<!-- This site is optimized with the Yoast SEO plugin v26.8 - https:\/\/yoast.com\/product\/yoast-seo-wordpress\/ -->\n<title>Mergaiti\u0161ka Softshell prailginta striuk\u0117 ANETA (0g) - Huppa LT<\/title>\n<meta name=\"robots\" content=\"index, follow, max-snippet:-1, max-image-preview:large, max-video-preview:-1\" \/>\n<link rel=\"canonical\" href=\"https:\/\/shop.huppa.eu\/lt\/product\/mergaitiska-softshell-prailginta-striuke-aneta-0g-2\/\" \/>\n<meta property=\"og:locale\" content=\"lt_LT\" \/>\n<meta property=\"og:type\" content=\"article\" \/>\n<meta property=\"og:title\" content=\"Mergaiti\u0161ka Softshell prailginta striuk\u0117 ANETA (0g) - Huppa LT\" \/>\n<meta property=\"og:description\" content=\"Vaiki\u0161kas, \u201eSoftshell\u201c audinio, neperpu\u010diamas paltukas. Visas audinys padengtas at\u0161vaitais, tad vaikas bus saugus, bet kokiu paros metu. Mink\u0161tas vidinis pamu\u0161alas suteikiantis \u0161ilumos. Juosmuo reguliuojasi pagal kiekvienos mergait\u0117s apimt\u012f. Dviej\u0173 kryp\u010di\u0173 u\u017etrauktukas dar patogesniam d\u0117v\u0117jimui.\" \/>\n<meta property=\"og:url\" content=\"https:\/\/shop.huppa.eu\/lt\/product\/mergaitiska-softshell-prailginta-striuke-aneta-0g-2\/\" \/>\n<meta property=\"og:site_name\" content=\"Huppa LT\" \/>\n<meta property=\"article:modified_time\" content=\"2026-04-16T03:22:09+00:00\" \/>\n<meta property=\"og:image\" content=\"https:\/\/huppashop-prod.s3.eu-north-1.amazonaws.com\/wp-content\/uploads\/sites\/5\/2024\/03\/06033133\/12760000-10697-ANETA_kids_f.jpg\" \/>\n\t<meta property=\"og:image:width\" content=\"1200\" \/>\n\t<meta property=\"og:image:height\" content=\"1200\" \/>\n\t<meta property=\"og:image:type\" content=\"image\/jpeg\" \/>\n<meta name=\"twitter:card\" content=\"summary_large_image\" \/>\n<script type=\"application\/ld+json\" class=\"yoast-schema-graph\">{\"@context\":\"https:\/\/schema.org\",\"@graph\":[{\"@type\":\"WebPage\",\"@id\":\"https:\/\/shop.huppa.eu\/lt\/product\/mergaitiska-softshell-prailginta-striuke-aneta-0g-2\/\",\"url\":\"https:\/\/shop.huppa.eu\/lt\/product\/mergaitiska-softshell-prailginta-striuke-aneta-0g-2\/\",\"name\":\"Mergaiti\u0161ka Softshell prailginta striuk\u0117 ANETA (0g) - Huppa LT\",\"isPartOf\":{\"@id\":\"https:\/\/shop.huppa.eu\/lt\/#website\"},\"primaryImageOfPage\":{\"@id\":\"https:\/\/shop.huppa.eu\/lt\/product\/mergaitiska-softshell-prailginta-striuke-aneta-0g-2\/#primaryimage\"},\"image\":{\"@id\":\"https:\/\/shop.huppa.eu\/lt\/product\/mergaitiska-softshell-prailginta-striuke-aneta-0g-2\/#primaryimage\"},\"thumbnailUrl\":\"https:\/\/huppashop-prod.s3.eu-north-1.amazonaws.com\/wp-content\/uploads\/sites\/5\/2024\/03\/06033133\/12760000-10697-ANETA_kids_f.jpg\",\"datePublished\":\"2025-10-02T01:16:20+00:00\",\"dateModified\":\"2026-04-16T03:22:09+00:00\",\"breadcrumb\":{\"@id\":\"https:\/\/shop.huppa.eu\/lt\/product\/mergaitiska-softshell-prailginta-striuke-aneta-0g-2\/#breadcrumb\"},\"inLanguage\":\"lt-LT\",\"potentialAction\":[{\"@type\":\"ReadAction\",\"target\":[\"https:\/\/shop.huppa.eu\/lt\/product\/mergaitiska-softshell-prailginta-striuke-aneta-0g-2\/\"]}]},{\"@type\":\"ImageObject\",\"inLanguage\":\"lt-LT\",\"@id\":\"https:\/\/shop.huppa.eu\/lt\/product\/mergaitiska-softshell-prailginta-striuke-aneta-0g-2\/#primaryimage\",\"url\":\"https:\/\/huppashop-prod.s3.eu-north-1.amazonaws.com\/wp-content\/uploads\/sites\/5\/2024\/03\/06033133\/12760000-10697-ANETA_kids_f.jpg\",\"contentUrl\":\"https:\/\/huppashop-prod.s3.eu-north-1.amazonaws.com\/wp-content\/uploads\/sites\/5\/2024\/03\/06033133\/12760000-10697-ANETA_kids_f.jpg\",\"width\":1200,\"height\":1200},{\"@type\":\"BreadcrumbList\",\"@id\":\"https:\/\/shop.huppa.eu\/lt\/product\/mergaitiska-softshell-prailginta-striuke-aneta-0g-2\/#breadcrumb\",\"itemListElement\":[{\"@type\":\"ListItem\",\"position\":1,\"name\":\"Shop\",\"item\":\"https:\/\/shop.huppa.eu\/lt\/shop\/\"},{\"@type\":\"ListItem\",\"position\":2,\"name\":\"Mergaiti\u0161ka Softshell prailginta striuk\u0117 ANETA (0g)\"}]},{\"@type\":\"WebSite\",\"@id\":\"https:\/\/shop.huppa.eu\/lt\/#website\",\"url\":\"https:\/\/shop.huppa.eu\/lt\/\",\"name\":\"Huppa LT\",\"description\":\"Huppa LT\",\"potentialAction\":[{\"@type\":\"SearchAction\",\"target\":{\"@type\":\"EntryPoint\",\"urlTemplate\":\"https:\/\/shop.huppa.eu\/lt\/?s={search_term_string}\"},\"query-input\":{\"@type\":\"PropertyValueSpecification\",\"valueRequired\":true,\"valueName\":\"search_term_string\"}}],\"inLanguage\":\"lt-LT\"}]}<\/script>\n<!-- \/ Yoast SEO plugin. -->","yoast_head_json":{"title":"Mergaiti\u0161ka Softshell prailginta striuk\u0117 ANETA (0g) - Huppa LT","robots":{"index":"index","follow":"follow","max-snippet":"max-snippet:-1","max-image-preview":"max-image-preview:large","max-video-preview":"max-video-preview:-1"},"canonical":"https:\/\/shop.huppa.eu\/lt\/product\/mergaitiska-softshell-prailginta-striuke-aneta-0g-2\/","og_locale":"lt_LT","og_type":"article","og_title":"Mergaiti\u0161ka Softshell prailginta striuk\u0117 ANETA (0g) - Huppa LT","og_description":"Vaiki\u0161kas, \u201eSoftshell\u201c audinio, neperpu\u010diamas paltukas. Visas audinys padengtas at\u0161vaitais, tad vaikas bus saugus, bet kokiu paros metu. Mink\u0161tas vidinis pamu\u0161alas suteikiantis \u0161ilumos. Juosmuo reguliuojasi pagal kiekvienos mergait\u0117s apimt\u012f. Dviej\u0173 kryp\u010di\u0173 u\u017etrauktukas dar patogesniam d\u0117v\u0117jimui.","og_url":"https:\/\/shop.huppa.eu\/lt\/product\/mergaitiska-softshell-prailginta-striuke-aneta-0g-2\/","og_site_name":"Huppa LT","article_modified_time":"2026-04-16T03:22:09+00:00","og_image":[{"width":1200,"height":1200,"url":"https:\/\/huppashop-prod.s3.eu-north-1.amazonaws.com\/wp-content\/uploads\/sites\/5\/2024\/03\/06033133\/12760000-10697-ANETA_kids_f.jpg","type":"image\/jpeg"}],"twitter_card":"summary_large_image","schema":{"@context":"https:\/\/schema.org","@graph":[{"@type":"WebPage","@id":"https:\/\/shop.huppa.eu\/lt\/product\/mergaitiska-softshell-prailginta-striuke-aneta-0g-2\/","url":"https:\/\/shop.huppa.eu\/lt\/product\/mergaitiska-softshell-prailginta-striuke-aneta-0g-2\/","name":"Mergaiti\u0161ka Softshell prailginta striuk\u0117 ANETA (0g) - Huppa LT","isPartOf":{"@id":"https:\/\/shop.huppa.eu\/lt\/#website"},"primaryImageOfPage":{"@id":"https:\/\/shop.huppa.eu\/lt\/product\/mergaitiska-softshell-prailginta-striuke-aneta-0g-2\/#primaryimage"},"image":{"@id":"https:\/\/shop.huppa.eu\/lt\/product\/mergaitiska-softshell-prailginta-striuke-aneta-0g-2\/#primaryimage"},"thumbnailUrl":"https:\/\/huppashop-prod.s3.eu-north-1.amazonaws.com\/wp-content\/uploads\/sites\/5\/2024\/03\/06033133\/12760000-10697-ANETA_kids_f.jpg","datePublished":"2025-10-02T01:16:20+00:00","dateModified":"2026-04-16T03:22:09+00:00","breadcrumb":{"@id":"https:\/\/shop.huppa.eu\/lt\/product\/mergaitiska-softshell-prailginta-striuke-aneta-0g-2\/#breadcrumb"},"inLanguage":"lt-LT","potentialAction":[{"@type":"ReadAction","target":["https:\/\/shop.huppa.eu\/lt\/product\/mergaitiska-softshell-prailginta-striuke-aneta-0g-2\/"]}]},{"@type":"ImageObject","inLanguage":"lt-LT","@id":"https:\/\/shop.huppa.eu\/lt\/product\/mergaitiska-softshell-prailginta-striuke-aneta-0g-2\/#primaryimage","url":"https:\/\/huppashop-prod.s3.eu-north-1.amazonaws.com\/wp-content\/uploads\/sites\/5\/2024\/03\/06033133\/12760000-10697-ANETA_kids_f.jpg","contentUrl":"https:\/\/huppashop-prod.s3.eu-north-1.amazonaws.com\/wp-content\/uploads\/sites\/5\/2024\/03\/06033133\/12760000-10697-ANETA_kids_f.jpg","width":1200,"height":1200},{"@type":"BreadcrumbList","@id":"https:\/\/shop.huppa.eu\/lt\/product\/mergaitiska-softshell-prailginta-striuke-aneta-0g-2\/#breadcrumb","itemListElement":[{"@type":"ListItem","position":1,"name":"Shop","item":"https:\/\/shop.huppa.eu\/lt\/shop\/"},{"@type":"ListItem","position":2,"name":"Mergaiti\u0161ka Softshell prailginta striuk\u0117 ANETA (0g)"}]},{"@type":"WebSite","@id":"https:\/\/shop.huppa.eu\/lt\/#website","url":"https:\/\/shop.huppa.eu\/lt\/","name":"Huppa LT","description":"Huppa LT","potentialAction":[{"@type":"SearchAction","target":{"@type":"EntryPoint","urlTemplate":"https:\/\/shop.huppa.eu\/lt\/?s={search_term_string}"},"query-input":{"@type":"PropertyValueSpecification","valueRequired":true,"valueName":"search_term_string"}}],"inLanguage":"lt-LT"}]}},"_links":{"self":[{"href":"https:\/\/shop.huppa.eu\/lt\/wp-json\/wp\/v2\/product\/513579","targetHints":{"allow":["GET"]}}],"collection":[{"href":"https:\/\/shop.huppa.eu\/lt\/wp-json\/wp\/v2\/product"}],"about":[{"href":"https:\/\/shop.huppa.eu\/lt\/wp-json\/wp\/v2\/types\/product"}],"wp:featuredmedia":[{"embeddable":true,"href":"https:\/\/shop.huppa.eu\/lt\/wp-json\/wp\/v2\/media\/497933"}],"wp:attachment":[{"href":"https:\/\/shop.huppa.eu\/lt\/wp-json\/wp\/v2\/media?parent=513579"}],"wp:term":[{"taxonomy":"product_brand","embeddable":true,"href":"https:\/\/shop.huppa.eu\/lt\/wp-json\/wp\/v2\/product_brand?post=513579"},{"taxonomy":"product_cat","embeddable":true,"href":"https:\/\/shop.huppa.eu\/lt\/wp-json\/wp\/v2\/product_cat?post=513579"},{"taxonomy":"product_tag","embeddable":true,"href":"https:\/\/shop.huppa.eu\/lt\/wp-json\/wp\/v2\/product_tag?post=513579"}],"curies":[{"name":"wp","href":"https:\/\/api.w.org\/{rel}","templated":true}]}}