{"id":515630,"date":"2025-11-14T03:30:33","date_gmt":"2025-11-14T01:30:33","guid":{"rendered":"https:\/\/shop.huppa.eu\/lt\/product\/kaklaskare-ole\/"},"modified":"2026-04-09T06:55:08","modified_gmt":"2026-04-09T04:55:08","slug":"kaklaskare-ole","status":"publish","type":"product","link":"https:\/\/shop.huppa.eu\/lt\/product\/kaklaskare-ole\/","title":{"rendered":"Adults\u00b4 tube scarf OLE"},"content":{"rendered":"<p>Merino vilnos ir bambuko apvalus \u0161alikas suaugusiesiems. Mink\u0161tas merino vilnos i\u0161orinis sluoksnis. Vidinis sluoksnis i\u0161 odai palankaus bambuko. Med\u017eiaga sugeria dr\u0117gm\u0119 ir reaguoja \u012f k\u016bno temperat\u016br\u0105 atitinkamai \u0161ildydama arba v\u0117sindama. Tinka jautriai odai<\/p>\n","protected":false},"excerpt":{"rendered":"<p>Merino vilnos ir bambuko apvalus \u0161alikas suaugusiesiems. Mink\u0161tas merino vilnos i\u0161orinis sluoksnis. Vidinis sluoksnis i\u0161 odai palankaus bambuko. Med\u017eiaga sugeria dr\u0117gm\u0119 ir reaguoja \u012f k\u016bno temperat\u016br\u0105 atitinkamai \u0161ildydama arba v\u0117sindama. Tinka jautriai odai<\/p>\n","protected":false},"featured_media":504411,"template":"","meta":{"_acf_changed":false},"product_brand":[],"product_cat":[5695,4564,5700,5947,2398,2399,3304,18,128,415,17],"product_tag":[],"class_list":{"0":"post-515630","1":"product","2":"type-product","3":"status-publish","4":"has-post-thumbnail","6":"product_cat-accessories","7":"product_cat-apykakles-vyrai","8":"product_cat-apykakles-accessories-2","9":"product_cat-apykakles-suaugusieji","10":"product_cat-apykakles-2","11":"product_cat-apykakles-unisex","12":"product_cat-apykakles-moterys","13":"product_cat-moterys","14":"product_cat-suaugusieji","15":"product_cat-unisex","16":"product_cat-vyrai","17":"pa_amzius-suaugusieji","18":"pa_atsparumas-vandeniui-0mm","19":"pa_kolekcija-nr-sa2026","20":"pa_kolekcijos-dalis-accessories","21":"pa_lytis-unisex","22":"pa_oro-pralaidumas-0g-m-24h","23":"pa_prekes-artikulas-86788000-00018","24":"pa_rastuota-vienspalvis","25":"pa_sezonas-pavaris-ruduo","27":"first","28":"instock","29":"taxable","30":"shipping-taxable","31":"purchasable","32":"product-type-variable"},"acf":[],"yoast_head":"<!-- This site is optimized with the Yoast SEO plugin v26.8 - https:\/\/yoast.com\/product\/yoast-seo-wordpress\/ -->\n<title>Adults\u00b4 tube scarf OLE - Huppa LT<\/title>\n<meta name=\"robots\" content=\"index, follow, max-snippet:-1, max-image-preview:large, max-video-preview:-1\" \/>\n<link rel=\"canonical\" href=\"https:\/\/shop.huppa.eu\/lt\/product\/kaklaskare-ole\/\" \/>\n<meta property=\"og:locale\" content=\"lt_LT\" \/>\n<meta property=\"og:type\" content=\"article\" \/>\n<meta property=\"og:title\" content=\"Adults\u00b4 tube scarf OLE - Huppa LT\" \/>\n<meta property=\"og:description\" content=\"Merino vilnos ir bambuko apvalus \u0161alikas suaugusiesiems. Mink\u0161tas merino vilnos i\u0161orinis sluoksnis. Vidinis sluoksnis i\u0161 odai palankaus bambuko. Med\u017eiaga sugeria dr\u0117gm\u0119 ir reaguoja \u012f k\u016bno temperat\u016br\u0105 atitinkamai \u0161ildydama arba v\u0117sindama. Tinka jautriai odai\" \/>\n<meta property=\"og:url\" content=\"https:\/\/shop.huppa.eu\/lt\/product\/kaklaskare-ole\/\" \/>\n<meta property=\"og:site_name\" content=\"Huppa LT\" \/>\n<meta property=\"article:modified_time\" content=\"2026-04-09T04:55:08+00:00\" \/>\n<meta property=\"og:image\" content=\"https:\/\/huppashop-prod.s3.eu-north-1.amazonaws.com\/wp-content\/uploads\/sites\/5\/2024\/09\/21031835\/86788000-00018-OLE_f.jpg\" \/>\n\t<meta property=\"og:image:width\" content=\"1200\" \/>\n\t<meta property=\"og:image:height\" content=\"1200\" \/>\n\t<meta property=\"og:image:type\" content=\"image\/jpeg\" \/>\n<meta name=\"twitter:card\" content=\"summary_large_image\" \/>\n<script type=\"application\/ld+json\" class=\"yoast-schema-graph\">{\"@context\":\"https:\/\/schema.org\",\"@graph\":[{\"@type\":\"WebPage\",\"@id\":\"https:\/\/shop.huppa.eu\/lt\/product\/kaklaskare-ole\/\",\"url\":\"https:\/\/shop.huppa.eu\/lt\/product\/kaklaskare-ole\/\",\"name\":\"Adults\u00b4 tube scarf OLE - Huppa LT\",\"isPartOf\":{\"@id\":\"https:\/\/shop.huppa.eu\/lt\/#website\"},\"primaryImageOfPage\":{\"@id\":\"https:\/\/shop.huppa.eu\/lt\/product\/kaklaskare-ole\/#primaryimage\"},\"image\":{\"@id\":\"https:\/\/shop.huppa.eu\/lt\/product\/kaklaskare-ole\/#primaryimage\"},\"thumbnailUrl\":\"https:\/\/huppashop-prod.s3.eu-north-1.amazonaws.com\/wp-content\/uploads\/sites\/5\/2024\/09\/21031835\/86788000-00018-OLE_f.jpg\",\"datePublished\":\"2025-11-14T01:30:33+00:00\",\"dateModified\":\"2026-04-09T04:55:08+00:00\",\"breadcrumb\":{\"@id\":\"https:\/\/shop.huppa.eu\/lt\/product\/kaklaskare-ole\/#breadcrumb\"},\"inLanguage\":\"lt-LT\",\"potentialAction\":[{\"@type\":\"ReadAction\",\"target\":[\"https:\/\/shop.huppa.eu\/lt\/product\/kaklaskare-ole\/\"]}]},{\"@type\":\"ImageObject\",\"inLanguage\":\"lt-LT\",\"@id\":\"https:\/\/shop.huppa.eu\/lt\/product\/kaklaskare-ole\/#primaryimage\",\"url\":\"https:\/\/huppashop-prod.s3.eu-north-1.amazonaws.com\/wp-content\/uploads\/sites\/5\/2024\/09\/21031835\/86788000-00018-OLE_f.jpg\",\"contentUrl\":\"https:\/\/huppashop-prod.s3.eu-north-1.amazonaws.com\/wp-content\/uploads\/sites\/5\/2024\/09\/21031835\/86788000-00018-OLE_f.jpg\",\"width\":1200,\"height\":1200},{\"@type\":\"BreadcrumbList\",\"@id\":\"https:\/\/shop.huppa.eu\/lt\/product\/kaklaskare-ole\/#breadcrumb\",\"itemListElement\":[{\"@type\":\"ListItem\",\"position\":1,\"name\":\"Shop\",\"item\":\"https:\/\/shop.huppa.eu\/lt\/shop\/\"},{\"@type\":\"ListItem\",\"position\":2,\"name\":\"Adults\u00b4 tube scarf OLE\"}]},{\"@type\":\"WebSite\",\"@id\":\"https:\/\/shop.huppa.eu\/lt\/#website\",\"url\":\"https:\/\/shop.huppa.eu\/lt\/\",\"name\":\"Huppa LT\",\"description\":\"Huppa LT\",\"potentialAction\":[{\"@type\":\"SearchAction\",\"target\":{\"@type\":\"EntryPoint\",\"urlTemplate\":\"https:\/\/shop.huppa.eu\/lt\/?s={search_term_string}\"},\"query-input\":{\"@type\":\"PropertyValueSpecification\",\"valueRequired\":true,\"valueName\":\"search_term_string\"}}],\"inLanguage\":\"lt-LT\"}]}<\/script>\n<!-- \/ Yoast SEO plugin. -->","yoast_head_json":{"title":"Adults\u00b4 tube scarf OLE - Huppa LT","robots":{"index":"index","follow":"follow","max-snippet":"max-snippet:-1","max-image-preview":"max-image-preview:large","max-video-preview":"max-video-preview:-1"},"canonical":"https:\/\/shop.huppa.eu\/lt\/product\/kaklaskare-ole\/","og_locale":"lt_LT","og_type":"article","og_title":"Adults\u00b4 tube scarf OLE - Huppa LT","og_description":"Merino vilnos ir bambuko apvalus \u0161alikas suaugusiesiems. Mink\u0161tas merino vilnos i\u0161orinis sluoksnis. Vidinis sluoksnis i\u0161 odai palankaus bambuko. Med\u017eiaga sugeria dr\u0117gm\u0119 ir reaguoja \u012f k\u016bno temperat\u016br\u0105 atitinkamai \u0161ildydama arba v\u0117sindama. Tinka jautriai odai","og_url":"https:\/\/shop.huppa.eu\/lt\/product\/kaklaskare-ole\/","og_site_name":"Huppa LT","article_modified_time":"2026-04-09T04:55:08+00:00","og_image":[{"width":1200,"height":1200,"url":"https:\/\/huppashop-prod.s3.eu-north-1.amazonaws.com\/wp-content\/uploads\/sites\/5\/2024\/09\/21031835\/86788000-00018-OLE_f.jpg","type":"image\/jpeg"}],"twitter_card":"summary_large_image","schema":{"@context":"https:\/\/schema.org","@graph":[{"@type":"WebPage","@id":"https:\/\/shop.huppa.eu\/lt\/product\/kaklaskare-ole\/","url":"https:\/\/shop.huppa.eu\/lt\/product\/kaklaskare-ole\/","name":"Adults\u00b4 tube scarf OLE - Huppa LT","isPartOf":{"@id":"https:\/\/shop.huppa.eu\/lt\/#website"},"primaryImageOfPage":{"@id":"https:\/\/shop.huppa.eu\/lt\/product\/kaklaskare-ole\/#primaryimage"},"image":{"@id":"https:\/\/shop.huppa.eu\/lt\/product\/kaklaskare-ole\/#primaryimage"},"thumbnailUrl":"https:\/\/huppashop-prod.s3.eu-north-1.amazonaws.com\/wp-content\/uploads\/sites\/5\/2024\/09\/21031835\/86788000-00018-OLE_f.jpg","datePublished":"2025-11-14T01:30:33+00:00","dateModified":"2026-04-09T04:55:08+00:00","breadcrumb":{"@id":"https:\/\/shop.huppa.eu\/lt\/product\/kaklaskare-ole\/#breadcrumb"},"inLanguage":"lt-LT","potentialAction":[{"@type":"ReadAction","target":["https:\/\/shop.huppa.eu\/lt\/product\/kaklaskare-ole\/"]}]},{"@type":"ImageObject","inLanguage":"lt-LT","@id":"https:\/\/shop.huppa.eu\/lt\/product\/kaklaskare-ole\/#primaryimage","url":"https:\/\/huppashop-prod.s3.eu-north-1.amazonaws.com\/wp-content\/uploads\/sites\/5\/2024\/09\/21031835\/86788000-00018-OLE_f.jpg","contentUrl":"https:\/\/huppashop-prod.s3.eu-north-1.amazonaws.com\/wp-content\/uploads\/sites\/5\/2024\/09\/21031835\/86788000-00018-OLE_f.jpg","width":1200,"height":1200},{"@type":"BreadcrumbList","@id":"https:\/\/shop.huppa.eu\/lt\/product\/kaklaskare-ole\/#breadcrumb","itemListElement":[{"@type":"ListItem","position":1,"name":"Shop","item":"https:\/\/shop.huppa.eu\/lt\/shop\/"},{"@type":"ListItem","position":2,"name":"Adults\u00b4 tube scarf OLE"}]},{"@type":"WebSite","@id":"https:\/\/shop.huppa.eu\/lt\/#website","url":"https:\/\/shop.huppa.eu\/lt\/","name":"Huppa LT","description":"Huppa LT","potentialAction":[{"@type":"SearchAction","target":{"@type":"EntryPoint","urlTemplate":"https:\/\/shop.huppa.eu\/lt\/?s={search_term_string}"},"query-input":{"@type":"PropertyValueSpecification","valueRequired":true,"valueName":"search_term_string"}}],"inLanguage":"lt-LT"}]}},"_links":{"self":[{"href":"https:\/\/shop.huppa.eu\/lt\/wp-json\/wp\/v2\/product\/515630","targetHints":{"allow":["GET"]}}],"collection":[{"href":"https:\/\/shop.huppa.eu\/lt\/wp-json\/wp\/v2\/product"}],"about":[{"href":"https:\/\/shop.huppa.eu\/lt\/wp-json\/wp\/v2\/types\/product"}],"wp:featuredmedia":[{"embeddable":true,"href":"https:\/\/shop.huppa.eu\/lt\/wp-json\/wp\/v2\/media\/504411"}],"wp:attachment":[{"href":"https:\/\/shop.huppa.eu\/lt\/wp-json\/wp\/v2\/media?parent=515630"}],"wp:term":[{"taxonomy":"product_brand","embeddable":true,"href":"https:\/\/shop.huppa.eu\/lt\/wp-json\/wp\/v2\/product_brand?post=515630"},{"taxonomy":"product_cat","embeddable":true,"href":"https:\/\/shop.huppa.eu\/lt\/wp-json\/wp\/v2\/product_cat?post=515630"},{"taxonomy":"product_tag","embeddable":true,"href":"https:\/\/shop.huppa.eu\/lt\/wp-json\/wp\/v2\/product_tag?post=515630"}],"curies":[{"name":"wp","href":"https:\/\/api.w.org\/{rel}","templated":true}]}}