{"id":515900,"date":"2025-11-24T16:09:47","date_gmt":"2025-11-24T14:09:47","guid":{"rendered":"https:\/\/shop.huppa.eu\/lt\/product\/yasmine-down-2\/"},"modified":"2026-04-16T05:01:05","modified_gmt":"2026-04-16T03:01:05","slug":"yasmine-down-2","status":"publish","type":"product","link":"https:\/\/shop.huppa.eu\/lt\/product\/yasmine-down-2\/","title":{"rendered":"Mergai\u010di\u0173 \u017eieminis paltas YASMINE (DOWN)"},"content":{"rendered":"<p>Mergai\u010di\u0173 p\u016bkinis paltas i\u0161 mink\u0161to audinio \u0161al\u010diausiam orui. Paltas turi patog\u0173 tafetos pamu\u0161al\u0105 ir kv\u0117puojant\u012f bei nepralaid\u0173 vandeniui i\u0161orin\u012f audin\u012f. Paltas turi nusegam\u0105 kapi\u0161on\u0105 su atskirai nusegamu kailiu. Rie\u0161in\u0117s. Paltas turi dir\u017e\u0105 su sagtimi. Atspindintys elementai ant kapi\u0161ono ir palto apa\u010dios si\u016bl\u0117se padeda. Paltas turi vidin\u0119 ki\u0161en\u0119 su u\u017etrauktuku ir dvi i\u0161orines ki\u0161enes.<\/p>\n","protected":false},"excerpt":{"rendered":"<p>Mergai\u010di\u0173 p\u016bkinis paltas i\u0161 mink\u0161to audinio \u0161al\u010diausiam orui. Paltas turi patog\u0173 tafetos pamu\u0161al\u0105 ir kv\u0117puojant\u012f bei nepralaid\u0173 vandeniui i\u0161orin\u012f audin\u012f. Paltas turi nusegam\u0105 kapi\u0161on\u0105 su atskirai nusegamu kailiu. Rie\u0161in\u0117s. Paltas turi dir\u017e\u0105 su sagtimi. Atspindintys elementai ant kapi\u0161ono ir palto apa\u010dios si\u016bl\u0117se padeda. Paltas turi vidin\u0119 ki\u0161en\u0119 su u\u017etrauktuku ir dvi i\u0161orines ki\u0161enes.<\/p>\n","protected":false},"featured_media":515902,"template":"","meta":{"_acf_changed":false},"product_brand":[],"product_cat":[102,116,133,134,19],"product_tag":[],"class_list":{"0":"post-515900","1":"product","2":"type-product","3":"status-publish","4":"has-post-thumbnail","6":"product_cat-mergaiciu","7":"product_cat-paltai","8":"product_cat-paltai-vaikai","9":"product_cat-paltai-mergaiciu","10":"product_cat-vaikai","11":"pa_amzius-vaikai","12":"pa_atsparumas-vandeniui-5-000mm","13":"pa_dydis-93","14":"pa_izoliacijos-svoris-down","15":"pa_kolekcija-nr-w21-22","16":"pa_kolekcijos-dalis-down","17":"pa_lytis-mergaiciu","18":"pa_oro-pralaidumas-5-000g-m-24h","19":"pa_prekes-artikulas-12020055-00086","20":"pa_uzpildas-down","22":"first","23":"instock","24":"sale","25":"taxable","26":"shipping-taxable","27":"purchasable","28":"product-type-variable"},"acf":[],"yoast_head":"<!-- This site is optimized with the Yoast SEO plugin v26.8 - https:\/\/yoast.com\/product\/yoast-seo-wordpress\/ -->\n<title>Mergai\u010di\u0173 \u017eieminis paltas YASMINE (DOWN) - Huppa LT<\/title>\n<meta name=\"robots\" content=\"index, follow, max-snippet:-1, max-image-preview:large, max-video-preview:-1\" \/>\n<link rel=\"canonical\" href=\"https:\/\/shop.huppa.eu\/lt\/product\/yasmine-down-2\/\" \/>\n<meta property=\"og:locale\" content=\"lt_LT\" \/>\n<meta property=\"og:type\" content=\"article\" \/>\n<meta property=\"og:title\" content=\"Mergai\u010di\u0173 \u017eieminis paltas YASMINE (DOWN) - Huppa LT\" \/>\n<meta property=\"og:description\" content=\"Mergai\u010di\u0173 p\u016bkinis paltas i\u0161 mink\u0161to audinio \u0161al\u010diausiam orui. Paltas turi patog\u0173 tafetos pamu\u0161al\u0105 ir kv\u0117puojant\u012f bei nepralaid\u0173 vandeniui i\u0161orin\u012f audin\u012f. Paltas turi nusegam\u0105 kapi\u0161on\u0105 su atskirai nusegamu kailiu. Rie\u0161in\u0117s. Paltas turi dir\u017e\u0105 su sagtimi. Atspindintys elementai ant kapi\u0161ono ir palto apa\u010dios si\u016bl\u0117se padeda. Paltas turi vidin\u0119 ki\u0161en\u0119 su u\u017etrauktuku ir dvi i\u0161orines ki\u0161enes.\" \/>\n<meta property=\"og:url\" content=\"https:\/\/shop.huppa.eu\/lt\/product\/yasmine-down-2\/\" \/>\n<meta property=\"og:site_name\" content=\"Huppa LT\" \/>\n<meta property=\"article:modified_time\" content=\"2026-04-16T03:01:05+00:00\" \/>\n<meta property=\"og:image\" content=\"https:\/\/huppashop-prod.s3.eu-north-1.amazonaws.com\/wp-content\/uploads\/sites\/5\/2025\/11\/24160948\/12020055-00086-YASMINE_f.jpg\" \/>\n\t<meta property=\"og:image:width\" content=\"1200\" \/>\n\t<meta property=\"og:image:height\" content=\"1200\" \/>\n\t<meta property=\"og:image:type\" content=\"image\/jpeg\" \/>\n<meta name=\"twitter:card\" content=\"summary_large_image\" \/>\n<script type=\"application\/ld+json\" class=\"yoast-schema-graph\">{\"@context\":\"https:\/\/schema.org\",\"@graph\":[{\"@type\":\"WebPage\",\"@id\":\"https:\/\/shop.huppa.eu\/lt\/product\/yasmine-down-2\/\",\"url\":\"https:\/\/shop.huppa.eu\/lt\/product\/yasmine-down-2\/\",\"name\":\"Mergai\u010di\u0173 \u017eieminis paltas YASMINE (DOWN) - Huppa LT\",\"isPartOf\":{\"@id\":\"https:\/\/shop.huppa.eu\/lt\/#website\"},\"primaryImageOfPage\":{\"@id\":\"https:\/\/shop.huppa.eu\/lt\/product\/yasmine-down-2\/#primaryimage\"},\"image\":{\"@id\":\"https:\/\/shop.huppa.eu\/lt\/product\/yasmine-down-2\/#primaryimage\"},\"thumbnailUrl\":\"https:\/\/huppashop-prod.s3.eu-north-1.amazonaws.com\/wp-content\/uploads\/sites\/5\/2025\/11\/24160948\/12020055-00086-YASMINE_f.jpg\",\"datePublished\":\"2025-11-24T14:09:47+00:00\",\"dateModified\":\"2026-04-16T03:01:05+00:00\",\"breadcrumb\":{\"@id\":\"https:\/\/shop.huppa.eu\/lt\/product\/yasmine-down-2\/#breadcrumb\"},\"inLanguage\":\"lt-LT\",\"potentialAction\":[{\"@type\":\"ReadAction\",\"target\":[\"https:\/\/shop.huppa.eu\/lt\/product\/yasmine-down-2\/\"]}]},{\"@type\":\"ImageObject\",\"inLanguage\":\"lt-LT\",\"@id\":\"https:\/\/shop.huppa.eu\/lt\/product\/yasmine-down-2\/#primaryimage\",\"url\":\"https:\/\/huppashop-prod.s3.eu-north-1.amazonaws.com\/wp-content\/uploads\/sites\/5\/2025\/11\/24160948\/12020055-00086-YASMINE_f.jpg\",\"contentUrl\":\"https:\/\/huppashop-prod.s3.eu-north-1.amazonaws.com\/wp-content\/uploads\/sites\/5\/2025\/11\/24160948\/12020055-00086-YASMINE_f.jpg\",\"width\":1200,\"height\":1200},{\"@type\":\"BreadcrumbList\",\"@id\":\"https:\/\/shop.huppa.eu\/lt\/product\/yasmine-down-2\/#breadcrumb\",\"itemListElement\":[{\"@type\":\"ListItem\",\"position\":1,\"name\":\"Shop\",\"item\":\"https:\/\/shop.huppa.eu\/lt\/shop\/\"},{\"@type\":\"ListItem\",\"position\":2,\"name\":\"Mergai\u010di\u0173 \u017eieminis paltas YASMINE (DOWN)\"}]},{\"@type\":\"WebSite\",\"@id\":\"https:\/\/shop.huppa.eu\/lt\/#website\",\"url\":\"https:\/\/shop.huppa.eu\/lt\/\",\"name\":\"Huppa LT\",\"description\":\"Huppa LT\",\"potentialAction\":[{\"@type\":\"SearchAction\",\"target\":{\"@type\":\"EntryPoint\",\"urlTemplate\":\"https:\/\/shop.huppa.eu\/lt\/?s={search_term_string}\"},\"query-input\":{\"@type\":\"PropertyValueSpecification\",\"valueRequired\":true,\"valueName\":\"search_term_string\"}}],\"inLanguage\":\"lt-LT\"}]}<\/script>\n<!-- \/ Yoast SEO plugin. -->","yoast_head_json":{"title":"Mergai\u010di\u0173 \u017eieminis paltas YASMINE (DOWN) - Huppa LT","robots":{"index":"index","follow":"follow","max-snippet":"max-snippet:-1","max-image-preview":"max-image-preview:large","max-video-preview":"max-video-preview:-1"},"canonical":"https:\/\/shop.huppa.eu\/lt\/product\/yasmine-down-2\/","og_locale":"lt_LT","og_type":"article","og_title":"Mergai\u010di\u0173 \u017eieminis paltas YASMINE (DOWN) - Huppa LT","og_description":"Mergai\u010di\u0173 p\u016bkinis paltas i\u0161 mink\u0161to audinio \u0161al\u010diausiam orui. Paltas turi patog\u0173 tafetos pamu\u0161al\u0105 ir kv\u0117puojant\u012f bei nepralaid\u0173 vandeniui i\u0161orin\u012f audin\u012f. Paltas turi nusegam\u0105 kapi\u0161on\u0105 su atskirai nusegamu kailiu. Rie\u0161in\u0117s. Paltas turi dir\u017e\u0105 su sagtimi. Atspindintys elementai ant kapi\u0161ono ir palto apa\u010dios si\u016bl\u0117se padeda. Paltas turi vidin\u0119 ki\u0161en\u0119 su u\u017etrauktuku ir dvi i\u0161orines ki\u0161enes.","og_url":"https:\/\/shop.huppa.eu\/lt\/product\/yasmine-down-2\/","og_site_name":"Huppa LT","article_modified_time":"2026-04-16T03:01:05+00:00","og_image":[{"width":1200,"height":1200,"url":"https:\/\/huppashop-prod.s3.eu-north-1.amazonaws.com\/wp-content\/uploads\/sites\/5\/2025\/11\/24160948\/12020055-00086-YASMINE_f.jpg","type":"image\/jpeg"}],"twitter_card":"summary_large_image","schema":{"@context":"https:\/\/schema.org","@graph":[{"@type":"WebPage","@id":"https:\/\/shop.huppa.eu\/lt\/product\/yasmine-down-2\/","url":"https:\/\/shop.huppa.eu\/lt\/product\/yasmine-down-2\/","name":"Mergai\u010di\u0173 \u017eieminis paltas YASMINE (DOWN) - Huppa LT","isPartOf":{"@id":"https:\/\/shop.huppa.eu\/lt\/#website"},"primaryImageOfPage":{"@id":"https:\/\/shop.huppa.eu\/lt\/product\/yasmine-down-2\/#primaryimage"},"image":{"@id":"https:\/\/shop.huppa.eu\/lt\/product\/yasmine-down-2\/#primaryimage"},"thumbnailUrl":"https:\/\/huppashop-prod.s3.eu-north-1.amazonaws.com\/wp-content\/uploads\/sites\/5\/2025\/11\/24160948\/12020055-00086-YASMINE_f.jpg","datePublished":"2025-11-24T14:09:47+00:00","dateModified":"2026-04-16T03:01:05+00:00","breadcrumb":{"@id":"https:\/\/shop.huppa.eu\/lt\/product\/yasmine-down-2\/#breadcrumb"},"inLanguage":"lt-LT","potentialAction":[{"@type":"ReadAction","target":["https:\/\/shop.huppa.eu\/lt\/product\/yasmine-down-2\/"]}]},{"@type":"ImageObject","inLanguage":"lt-LT","@id":"https:\/\/shop.huppa.eu\/lt\/product\/yasmine-down-2\/#primaryimage","url":"https:\/\/huppashop-prod.s3.eu-north-1.amazonaws.com\/wp-content\/uploads\/sites\/5\/2025\/11\/24160948\/12020055-00086-YASMINE_f.jpg","contentUrl":"https:\/\/huppashop-prod.s3.eu-north-1.amazonaws.com\/wp-content\/uploads\/sites\/5\/2025\/11\/24160948\/12020055-00086-YASMINE_f.jpg","width":1200,"height":1200},{"@type":"BreadcrumbList","@id":"https:\/\/shop.huppa.eu\/lt\/product\/yasmine-down-2\/#breadcrumb","itemListElement":[{"@type":"ListItem","position":1,"name":"Shop","item":"https:\/\/shop.huppa.eu\/lt\/shop\/"},{"@type":"ListItem","position":2,"name":"Mergai\u010di\u0173 \u017eieminis paltas YASMINE (DOWN)"}]},{"@type":"WebSite","@id":"https:\/\/shop.huppa.eu\/lt\/#website","url":"https:\/\/shop.huppa.eu\/lt\/","name":"Huppa LT","description":"Huppa LT","potentialAction":[{"@type":"SearchAction","target":{"@type":"EntryPoint","urlTemplate":"https:\/\/shop.huppa.eu\/lt\/?s={search_term_string}"},"query-input":{"@type":"PropertyValueSpecification","valueRequired":true,"valueName":"search_term_string"}}],"inLanguage":"lt-LT"}]}},"_links":{"self":[{"href":"https:\/\/shop.huppa.eu\/lt\/wp-json\/wp\/v2\/product\/515900","targetHints":{"allow":["GET"]}}],"collection":[{"href":"https:\/\/shop.huppa.eu\/lt\/wp-json\/wp\/v2\/product"}],"about":[{"href":"https:\/\/shop.huppa.eu\/lt\/wp-json\/wp\/v2\/types\/product"}],"wp:featuredmedia":[{"embeddable":true,"href":"https:\/\/shop.huppa.eu\/lt\/wp-json\/wp\/v2\/media\/515902"}],"wp:attachment":[{"href":"https:\/\/shop.huppa.eu\/lt\/wp-json\/wp\/v2\/media?parent=515900"}],"wp:term":[{"taxonomy":"product_brand","embeddable":true,"href":"https:\/\/shop.huppa.eu\/lt\/wp-json\/wp\/v2\/product_brand?post=515900"},{"taxonomy":"product_cat","embeddable":true,"href":"https:\/\/shop.huppa.eu\/lt\/wp-json\/wp\/v2\/product_cat?post=515900"},{"taxonomy":"product_tag","embeddable":true,"href":"https:\/\/shop.huppa.eu\/lt\/wp-json\/wp\/v2\/product_tag?post=515900"}],"curies":[{"name":"wp","href":"https:\/\/api.w.org\/{rel}","templated":true}]}}