{"id":516367,"date":"2025-11-24T16:23:14","date_gmt":"2025-11-24T14:23:14","guid":{"rendered":"https:\/\/shop.huppa.eu\/lt\/product\/vesper-4-300g\/"},"modified":"2026-04-15T05:11:08","modified_gmt":"2026-04-15T03:11:08","slug":"vesper-4-300g","status":"publish","type":"product","link":"https:\/\/shop.huppa.eu\/lt\/product\/vesper-4-300g\/","title":{"rendered":"Berniuk\u0173 \u017eiemin\u0117 parka VESPER 4 (300g)"},"content":{"rendered":"<p>Berniuk\u0173 \u017eiemos parka su \u0161iltu 300g izoliacija. Parka turi dalin\u012f fliso, dalin\u012f tafetos pamu\u0161al\u0105 ir kv\u0117puojant\u012f, nepermerkiam\u0105 bei nesipu\u010diant\u012f v\u0117jo i\u0161orin\u012f audin\u012f. Rie\u0161iniuoti rankogaliai, reguliuojamas elastinis virvelis su u\u017e\u0161aud\u0117ju ir nuimamas kailinis gobtuvas papildo ne\u0161iojimo patogum\u0105.<\/p>\n","protected":false},"excerpt":{"rendered":"<p>Berniuk\u0173 \u017eiemos parka su \u0161iltu 300g izoliacija. Parka turi dalin\u012f fliso, dalin\u012f tafetos pamu\u0161al\u0105 ir kv\u0117puojant\u012f, nepermerkiam\u0105 bei nesipu\u010diant\u012f v\u0117jo i\u0161orin\u012f audin\u012f. Rie\u0161iniuoti rankogaliai, reguliuojamas elastinis virvelis su u\u017e\u0161aud\u0117ju ir nuimamas kailinis gobtuvas papildo ne\u0161iojimo patogum\u0105.<\/p>\n","protected":false},"featured_media":516369,"template":"","meta":{"_acf_changed":false},"product_brand":[],"product_cat":[4559,90,3318,331,19],"product_tag":[],"class_list":{"0":"post-516367","1":"product","2":"type-product","3":"status-publish","4":"has-post-thumbnail","6":"product_cat-parka-berniuku","7":"product_cat-berniuku","8":"product_cat-parka-vaikai","9":"product_cat-parka","10":"product_cat-vaikai","11":"pa_amzius-vaikai","12":"pa_atsparumas-vandeniui-10-000mm","13":"pa_dydis-97","14":"pa_izoliacijos-svoris-300g","15":"pa_kolekcija-nr-w21-22","16":"pa_kolekcijos-dalis-classic","17":"pa_lytis-berniuku","18":"pa_oro-pralaidumas-10-000g-m-24h","19":"pa_prekes-artikulas-12370430-70004","20":"pa_uzpildas-300g","22":"first","23":"instock","24":"sale","25":"taxable","26":"shipping-taxable","27":"purchasable","28":"product-type-variable"},"acf":[],"yoast_head":"<!-- This site is optimized with the Yoast SEO plugin v26.8 - https:\/\/yoast.com\/product\/yoast-seo-wordpress\/ -->\n<title>Berniuk\u0173 \u017eiemin\u0117 parka VESPER 4 (300g) - Huppa LT<\/title>\n<meta name=\"robots\" content=\"index, follow, max-snippet:-1, max-image-preview:large, max-video-preview:-1\" \/>\n<link rel=\"canonical\" href=\"https:\/\/shop.huppa.eu\/lt\/product\/vesper-4-300g\/\" \/>\n<meta property=\"og:locale\" content=\"lt_LT\" \/>\n<meta property=\"og:type\" content=\"article\" \/>\n<meta property=\"og:title\" content=\"Berniuk\u0173 \u017eiemin\u0117 parka VESPER 4 (300g) - Huppa LT\" \/>\n<meta property=\"og:description\" content=\"Berniuk\u0173 \u017eiemos parka su \u0161iltu 300g izoliacija. Parka turi dalin\u012f fliso, dalin\u012f tafetos pamu\u0161al\u0105 ir kv\u0117puojant\u012f, nepermerkiam\u0105 bei nesipu\u010diant\u012f v\u0117jo i\u0161orin\u012f audin\u012f. Rie\u0161iniuoti rankogaliai, reguliuojamas elastinis virvelis su u\u017e\u0161aud\u0117ju ir nuimamas kailinis gobtuvas papildo ne\u0161iojimo patogum\u0105.\" \/>\n<meta property=\"og:url\" content=\"https:\/\/shop.huppa.eu\/lt\/product\/vesper-4-300g\/\" \/>\n<meta property=\"og:site_name\" content=\"Huppa LT\" \/>\n<meta property=\"article:modified_time\" content=\"2026-04-15T03:11:08+00:00\" \/>\n<meta property=\"og:image\" content=\"https:\/\/huppashop-prod.s3.eu-north-1.amazonaws.com\/wp-content\/uploads\/sites\/5\/2025\/11\/24162316\/12370430-70004-VESPER4_f.jpg\" \/>\n\t<meta property=\"og:image:width\" content=\"1200\" \/>\n\t<meta property=\"og:image:height\" content=\"1200\" \/>\n\t<meta property=\"og:image:type\" content=\"image\/jpeg\" \/>\n<meta name=\"twitter:card\" content=\"summary_large_image\" \/>\n<script type=\"application\/ld+json\" class=\"yoast-schema-graph\">{\"@context\":\"https:\/\/schema.org\",\"@graph\":[{\"@type\":\"WebPage\",\"@id\":\"https:\/\/shop.huppa.eu\/lt\/product\/vesper-4-300g\/\",\"url\":\"https:\/\/shop.huppa.eu\/lt\/product\/vesper-4-300g\/\",\"name\":\"Berniuk\u0173 \u017eiemin\u0117 parka VESPER 4 (300g) - Huppa LT\",\"isPartOf\":{\"@id\":\"https:\/\/shop.huppa.eu\/lt\/#website\"},\"primaryImageOfPage\":{\"@id\":\"https:\/\/shop.huppa.eu\/lt\/product\/vesper-4-300g\/#primaryimage\"},\"image\":{\"@id\":\"https:\/\/shop.huppa.eu\/lt\/product\/vesper-4-300g\/#primaryimage\"},\"thumbnailUrl\":\"https:\/\/huppashop-prod.s3.eu-north-1.amazonaws.com\/wp-content\/uploads\/sites\/5\/2025\/11\/24162316\/12370430-70004-VESPER4_f.jpg\",\"datePublished\":\"2025-11-24T14:23:14+00:00\",\"dateModified\":\"2026-04-15T03:11:08+00:00\",\"breadcrumb\":{\"@id\":\"https:\/\/shop.huppa.eu\/lt\/product\/vesper-4-300g\/#breadcrumb\"},\"inLanguage\":\"lt-LT\",\"potentialAction\":[{\"@type\":\"ReadAction\",\"target\":[\"https:\/\/shop.huppa.eu\/lt\/product\/vesper-4-300g\/\"]}]},{\"@type\":\"ImageObject\",\"inLanguage\":\"lt-LT\",\"@id\":\"https:\/\/shop.huppa.eu\/lt\/product\/vesper-4-300g\/#primaryimage\",\"url\":\"https:\/\/huppashop-prod.s3.eu-north-1.amazonaws.com\/wp-content\/uploads\/sites\/5\/2025\/11\/24162316\/12370430-70004-VESPER4_f.jpg\",\"contentUrl\":\"https:\/\/huppashop-prod.s3.eu-north-1.amazonaws.com\/wp-content\/uploads\/sites\/5\/2025\/11\/24162316\/12370430-70004-VESPER4_f.jpg\",\"width\":1200,\"height\":1200},{\"@type\":\"BreadcrumbList\",\"@id\":\"https:\/\/shop.huppa.eu\/lt\/product\/vesper-4-300g\/#breadcrumb\",\"itemListElement\":[{\"@type\":\"ListItem\",\"position\":1,\"name\":\"Shop\",\"item\":\"https:\/\/shop.huppa.eu\/lt\/shop\/\"},{\"@type\":\"ListItem\",\"position\":2,\"name\":\"Berniuk\u0173 \u017eiemin\u0117 parka VESPER 4 (300g)\"}]},{\"@type\":\"WebSite\",\"@id\":\"https:\/\/shop.huppa.eu\/lt\/#website\",\"url\":\"https:\/\/shop.huppa.eu\/lt\/\",\"name\":\"Huppa LT\",\"description\":\"Huppa LT\",\"potentialAction\":[{\"@type\":\"SearchAction\",\"target\":{\"@type\":\"EntryPoint\",\"urlTemplate\":\"https:\/\/shop.huppa.eu\/lt\/?s={search_term_string}\"},\"query-input\":{\"@type\":\"PropertyValueSpecification\",\"valueRequired\":true,\"valueName\":\"search_term_string\"}}],\"inLanguage\":\"lt-LT\"}]}<\/script>\n<!-- \/ Yoast SEO plugin. -->","yoast_head_json":{"title":"Berniuk\u0173 \u017eiemin\u0117 parka VESPER 4 (300g) - Huppa LT","robots":{"index":"index","follow":"follow","max-snippet":"max-snippet:-1","max-image-preview":"max-image-preview:large","max-video-preview":"max-video-preview:-1"},"canonical":"https:\/\/shop.huppa.eu\/lt\/product\/vesper-4-300g\/","og_locale":"lt_LT","og_type":"article","og_title":"Berniuk\u0173 \u017eiemin\u0117 parka VESPER 4 (300g) - Huppa LT","og_description":"Berniuk\u0173 \u017eiemos parka su \u0161iltu 300g izoliacija. Parka turi dalin\u012f fliso, dalin\u012f tafetos pamu\u0161al\u0105 ir kv\u0117puojant\u012f, nepermerkiam\u0105 bei nesipu\u010diant\u012f v\u0117jo i\u0161orin\u012f audin\u012f. Rie\u0161iniuoti rankogaliai, reguliuojamas elastinis virvelis su u\u017e\u0161aud\u0117ju ir nuimamas kailinis gobtuvas papildo ne\u0161iojimo patogum\u0105.","og_url":"https:\/\/shop.huppa.eu\/lt\/product\/vesper-4-300g\/","og_site_name":"Huppa LT","article_modified_time":"2026-04-15T03:11:08+00:00","og_image":[{"width":1200,"height":1200,"url":"https:\/\/huppashop-prod.s3.eu-north-1.amazonaws.com\/wp-content\/uploads\/sites\/5\/2025\/11\/24162316\/12370430-70004-VESPER4_f.jpg","type":"image\/jpeg"}],"twitter_card":"summary_large_image","schema":{"@context":"https:\/\/schema.org","@graph":[{"@type":"WebPage","@id":"https:\/\/shop.huppa.eu\/lt\/product\/vesper-4-300g\/","url":"https:\/\/shop.huppa.eu\/lt\/product\/vesper-4-300g\/","name":"Berniuk\u0173 \u017eiemin\u0117 parka VESPER 4 (300g) - Huppa LT","isPartOf":{"@id":"https:\/\/shop.huppa.eu\/lt\/#website"},"primaryImageOfPage":{"@id":"https:\/\/shop.huppa.eu\/lt\/product\/vesper-4-300g\/#primaryimage"},"image":{"@id":"https:\/\/shop.huppa.eu\/lt\/product\/vesper-4-300g\/#primaryimage"},"thumbnailUrl":"https:\/\/huppashop-prod.s3.eu-north-1.amazonaws.com\/wp-content\/uploads\/sites\/5\/2025\/11\/24162316\/12370430-70004-VESPER4_f.jpg","datePublished":"2025-11-24T14:23:14+00:00","dateModified":"2026-04-15T03:11:08+00:00","breadcrumb":{"@id":"https:\/\/shop.huppa.eu\/lt\/product\/vesper-4-300g\/#breadcrumb"},"inLanguage":"lt-LT","potentialAction":[{"@type":"ReadAction","target":["https:\/\/shop.huppa.eu\/lt\/product\/vesper-4-300g\/"]}]},{"@type":"ImageObject","inLanguage":"lt-LT","@id":"https:\/\/shop.huppa.eu\/lt\/product\/vesper-4-300g\/#primaryimage","url":"https:\/\/huppashop-prod.s3.eu-north-1.amazonaws.com\/wp-content\/uploads\/sites\/5\/2025\/11\/24162316\/12370430-70004-VESPER4_f.jpg","contentUrl":"https:\/\/huppashop-prod.s3.eu-north-1.amazonaws.com\/wp-content\/uploads\/sites\/5\/2025\/11\/24162316\/12370430-70004-VESPER4_f.jpg","width":1200,"height":1200},{"@type":"BreadcrumbList","@id":"https:\/\/shop.huppa.eu\/lt\/product\/vesper-4-300g\/#breadcrumb","itemListElement":[{"@type":"ListItem","position":1,"name":"Shop","item":"https:\/\/shop.huppa.eu\/lt\/shop\/"},{"@type":"ListItem","position":2,"name":"Berniuk\u0173 \u017eiemin\u0117 parka VESPER 4 (300g)"}]},{"@type":"WebSite","@id":"https:\/\/shop.huppa.eu\/lt\/#website","url":"https:\/\/shop.huppa.eu\/lt\/","name":"Huppa LT","description":"Huppa LT","potentialAction":[{"@type":"SearchAction","target":{"@type":"EntryPoint","urlTemplate":"https:\/\/shop.huppa.eu\/lt\/?s={search_term_string}"},"query-input":{"@type":"PropertyValueSpecification","valueRequired":true,"valueName":"search_term_string"}}],"inLanguage":"lt-LT"}]}},"_links":{"self":[{"href":"https:\/\/shop.huppa.eu\/lt\/wp-json\/wp\/v2\/product\/516367","targetHints":{"allow":["GET"]}}],"collection":[{"href":"https:\/\/shop.huppa.eu\/lt\/wp-json\/wp\/v2\/product"}],"about":[{"href":"https:\/\/shop.huppa.eu\/lt\/wp-json\/wp\/v2\/types\/product"}],"wp:featuredmedia":[{"embeddable":true,"href":"https:\/\/shop.huppa.eu\/lt\/wp-json\/wp\/v2\/media\/516369"}],"wp:attachment":[{"href":"https:\/\/shop.huppa.eu\/lt\/wp-json\/wp\/v2\/media?parent=516367"}],"wp:term":[{"taxonomy":"product_brand","embeddable":true,"href":"https:\/\/shop.huppa.eu\/lt\/wp-json\/wp\/v2\/product_brand?post=516367"},{"taxonomy":"product_cat","embeddable":true,"href":"https:\/\/shop.huppa.eu\/lt\/wp-json\/wp\/v2\/product_cat?post=516367"},{"taxonomy":"product_tag","embeddable":true,"href":"https:\/\/shop.huppa.eu\/lt\/wp-json\/wp\/v2\/product_tag?post=516367"}],"curies":[{"name":"wp","href":"https:\/\/api.w.org\/{rel}","templated":true}]}}