{"id":516503,"date":"2025-11-24T16:26:29","date_gmt":"2025-11-24T14:26:29","guid":{"rendered":"https:\/\/shop.huppa.eu\/lt\/product\/whitney-300g-2\/"},"modified":"2026-04-15T05:14:05","modified_gmt":"2026-04-15T03:14:05","slug":"whitney-300g-2","status":"publish","type":"product","link":"https:\/\/shop.huppa.eu\/lt\/product\/whitney-300g-2\/","title":{"rendered":"Mergaiti\u0161kas paltas WHITNEY (300g)"},"content":{"rendered":"<p>Mergai\u010di\u0173 \u017eiemos striuk\u0117 su 300g pa\u0161iltinimu. Vir\u0161utinis audinys kv\u0117puojantis ir atsparus orui. Viduje mink\u0161tas taftos pamu\u0161alas. Elastin\u0117s vidin\u0117s apyrank\u0117s rankov\u0117se. Striuk\u0117 su \u0161vies\u0105 atspindin\u010diais elementais. Nuimamas kapi\u0161onas tvirtinamas spaud\u017eiamomis sagomis, jo kailio kra\u0161tas taip pat nuimamas. Striuk\u0117 su priekin\u0117mis ki\u0161en\u0117mis su u\u017etrauktukais.<\/p>\n","protected":false},"excerpt":{"rendered":"<p>Mergai\u010di\u0173 \u017eiemos striuk\u0117 su 300g pa\u0161iltinimu. Vir\u0161utinis audinys kv\u0117puojantis ir atsparus orui. Viduje mink\u0161tas taftos pamu\u0161alas. Elastin\u0117s vidin\u0117s apyrank\u0117s rankov\u0117se. Striuk\u0117 su \u0161vies\u0105 atspindin\u010diais elementais. Nuimamas kapi\u0161onas tvirtinamas spaud\u017eiamomis sagomis, jo kailio kra\u0161tas taip pat nuimamas. Striuk\u0117 su priekin\u0117mis ki\u0161en\u0117mis su u\u017etrauktukais.<\/p>\n","protected":false},"featured_media":503816,"template":"","meta":{"_acf_changed":false},"product_brand":[],"product_cat":[102,116,133,134,19],"product_tag":[],"class_list":{"0":"post-516503","1":"product","2":"type-product","3":"status-publish","4":"has-post-thumbnail","6":"product_cat-mergaiciu","7":"product_cat-paltai","8":"product_cat-paltai-vaikai","9":"product_cat-paltai-mergaiciu","10":"product_cat-vaikai","11":"pa_amzius-vaikai","12":"pa_atsparumas-vandeniui-10000mm","13":"pa_dydis-96","14":"pa_dydis-97","15":"pa_dydis-100","16":"pa_izoliacijos-svoris-300g","17":"pa_kolekcija-nr-w19-20","18":"pa_kolekcijos-dalis-fashion","19":"pa_lytis-mergaiciu","20":"pa_oro-pralaidumas-10000g-m-24h","21":"pa_prekes-artikulas-12460030-91663","22":"pa_uzpildas-300g","24":"first","25":"instock","26":"sale","27":"taxable","28":"shipping-taxable","29":"purchasable","30":"product-type-variable"},"acf":[],"yoast_head":"<!-- This site is optimized with the Yoast SEO plugin v26.8 - https:\/\/yoast.com\/product\/yoast-seo-wordpress\/ -->\n<title>Mergaiti\u0161kas paltas WHITNEY (300g) - Huppa LT<\/title>\n<meta name=\"robots\" content=\"index, follow, max-snippet:-1, max-image-preview:large, max-video-preview:-1\" \/>\n<link rel=\"canonical\" href=\"https:\/\/shop.huppa.eu\/lt\/product\/whitney-300g-2\/\" \/>\n<meta property=\"og:locale\" content=\"lt_LT\" \/>\n<meta property=\"og:type\" content=\"article\" \/>\n<meta property=\"og:title\" content=\"Mergaiti\u0161kas paltas WHITNEY (300g) - Huppa LT\" \/>\n<meta property=\"og:description\" content=\"Mergai\u010di\u0173 \u017eiemos striuk\u0117 su 300g pa\u0161iltinimu. Vir\u0161utinis audinys kv\u0117puojantis ir atsparus orui. Viduje mink\u0161tas taftos pamu\u0161alas. Elastin\u0117s vidin\u0117s apyrank\u0117s rankov\u0117se. Striuk\u0117 su \u0161vies\u0105 atspindin\u010diais elementais. Nuimamas kapi\u0161onas tvirtinamas spaud\u017eiamomis sagomis, jo kailio kra\u0161tas taip pat nuimamas. Striuk\u0117 su priekin\u0117mis ki\u0161en\u0117mis su u\u017etrauktukais.\" \/>\n<meta property=\"og:url\" content=\"https:\/\/shop.huppa.eu\/lt\/product\/whitney-300g-2\/\" \/>\n<meta property=\"og:site_name\" content=\"Huppa LT\" \/>\n<meta property=\"article:modified_time\" content=\"2026-04-15T03:14:05+00:00\" \/>\n<meta property=\"og:image\" content=\"https:\/\/huppashop-prod.s3.eu-north-1.amazonaws.com\/wp-content\/uploads\/sites\/5\/2024\/09\/04031242\/12460030-91663-WHITNEY_f.jpg\" \/>\n\t<meta property=\"og:image:width\" content=\"1200\" \/>\n\t<meta property=\"og:image:height\" content=\"1200\" \/>\n\t<meta property=\"og:image:type\" content=\"image\/jpeg\" \/>\n<meta name=\"twitter:card\" content=\"summary_large_image\" \/>\n<script type=\"application\/ld+json\" class=\"yoast-schema-graph\">{\"@context\":\"https:\/\/schema.org\",\"@graph\":[{\"@type\":\"WebPage\",\"@id\":\"https:\/\/shop.huppa.eu\/lt\/product\/whitney-300g-2\/\",\"url\":\"https:\/\/shop.huppa.eu\/lt\/product\/whitney-300g-2\/\",\"name\":\"Mergaiti\u0161kas paltas WHITNEY (300g) - Huppa LT\",\"isPartOf\":{\"@id\":\"https:\/\/shop.huppa.eu\/lt\/#website\"},\"primaryImageOfPage\":{\"@id\":\"https:\/\/shop.huppa.eu\/lt\/product\/whitney-300g-2\/#primaryimage\"},\"image\":{\"@id\":\"https:\/\/shop.huppa.eu\/lt\/product\/whitney-300g-2\/#primaryimage\"},\"thumbnailUrl\":\"https:\/\/huppashop-prod.s3.eu-north-1.amazonaws.com\/wp-content\/uploads\/sites\/5\/2024\/09\/04031242\/12460030-91663-WHITNEY_f.jpg\",\"datePublished\":\"2025-11-24T14:26:29+00:00\",\"dateModified\":\"2026-04-15T03:14:05+00:00\",\"breadcrumb\":{\"@id\":\"https:\/\/shop.huppa.eu\/lt\/product\/whitney-300g-2\/#breadcrumb\"},\"inLanguage\":\"lt-LT\",\"potentialAction\":[{\"@type\":\"ReadAction\",\"target\":[\"https:\/\/shop.huppa.eu\/lt\/product\/whitney-300g-2\/\"]}]},{\"@type\":\"ImageObject\",\"inLanguage\":\"lt-LT\",\"@id\":\"https:\/\/shop.huppa.eu\/lt\/product\/whitney-300g-2\/#primaryimage\",\"url\":\"https:\/\/huppashop-prod.s3.eu-north-1.amazonaws.com\/wp-content\/uploads\/sites\/5\/2024\/09\/04031242\/12460030-91663-WHITNEY_f.jpg\",\"contentUrl\":\"https:\/\/huppashop-prod.s3.eu-north-1.amazonaws.com\/wp-content\/uploads\/sites\/5\/2024\/09\/04031242\/12460030-91663-WHITNEY_f.jpg\",\"width\":1200,\"height\":1200},{\"@type\":\"BreadcrumbList\",\"@id\":\"https:\/\/shop.huppa.eu\/lt\/product\/whitney-300g-2\/#breadcrumb\",\"itemListElement\":[{\"@type\":\"ListItem\",\"position\":1,\"name\":\"Shop\",\"item\":\"https:\/\/shop.huppa.eu\/lt\/shop\/\"},{\"@type\":\"ListItem\",\"position\":2,\"name\":\"Mergaiti\u0161kas paltas WHITNEY (300g)\"}]},{\"@type\":\"WebSite\",\"@id\":\"https:\/\/shop.huppa.eu\/lt\/#website\",\"url\":\"https:\/\/shop.huppa.eu\/lt\/\",\"name\":\"Huppa LT\",\"description\":\"Huppa LT\",\"potentialAction\":[{\"@type\":\"SearchAction\",\"target\":{\"@type\":\"EntryPoint\",\"urlTemplate\":\"https:\/\/shop.huppa.eu\/lt\/?s={search_term_string}\"},\"query-input\":{\"@type\":\"PropertyValueSpecification\",\"valueRequired\":true,\"valueName\":\"search_term_string\"}}],\"inLanguage\":\"lt-LT\"}]}<\/script>\n<!-- \/ Yoast SEO plugin. -->","yoast_head_json":{"title":"Mergaiti\u0161kas paltas WHITNEY (300g) - Huppa LT","robots":{"index":"index","follow":"follow","max-snippet":"max-snippet:-1","max-image-preview":"max-image-preview:large","max-video-preview":"max-video-preview:-1"},"canonical":"https:\/\/shop.huppa.eu\/lt\/product\/whitney-300g-2\/","og_locale":"lt_LT","og_type":"article","og_title":"Mergaiti\u0161kas paltas WHITNEY (300g) - Huppa LT","og_description":"Mergai\u010di\u0173 \u017eiemos striuk\u0117 su 300g pa\u0161iltinimu. Vir\u0161utinis audinys kv\u0117puojantis ir atsparus orui. Viduje mink\u0161tas taftos pamu\u0161alas. Elastin\u0117s vidin\u0117s apyrank\u0117s rankov\u0117se. Striuk\u0117 su \u0161vies\u0105 atspindin\u010diais elementais. Nuimamas kapi\u0161onas tvirtinamas spaud\u017eiamomis sagomis, jo kailio kra\u0161tas taip pat nuimamas. Striuk\u0117 su priekin\u0117mis ki\u0161en\u0117mis su u\u017etrauktukais.","og_url":"https:\/\/shop.huppa.eu\/lt\/product\/whitney-300g-2\/","og_site_name":"Huppa LT","article_modified_time":"2026-04-15T03:14:05+00:00","og_image":[{"width":1200,"height":1200,"url":"https:\/\/huppashop-prod.s3.eu-north-1.amazonaws.com\/wp-content\/uploads\/sites\/5\/2024\/09\/04031242\/12460030-91663-WHITNEY_f.jpg","type":"image\/jpeg"}],"twitter_card":"summary_large_image","schema":{"@context":"https:\/\/schema.org","@graph":[{"@type":"WebPage","@id":"https:\/\/shop.huppa.eu\/lt\/product\/whitney-300g-2\/","url":"https:\/\/shop.huppa.eu\/lt\/product\/whitney-300g-2\/","name":"Mergaiti\u0161kas paltas WHITNEY (300g) - Huppa LT","isPartOf":{"@id":"https:\/\/shop.huppa.eu\/lt\/#website"},"primaryImageOfPage":{"@id":"https:\/\/shop.huppa.eu\/lt\/product\/whitney-300g-2\/#primaryimage"},"image":{"@id":"https:\/\/shop.huppa.eu\/lt\/product\/whitney-300g-2\/#primaryimage"},"thumbnailUrl":"https:\/\/huppashop-prod.s3.eu-north-1.amazonaws.com\/wp-content\/uploads\/sites\/5\/2024\/09\/04031242\/12460030-91663-WHITNEY_f.jpg","datePublished":"2025-11-24T14:26:29+00:00","dateModified":"2026-04-15T03:14:05+00:00","breadcrumb":{"@id":"https:\/\/shop.huppa.eu\/lt\/product\/whitney-300g-2\/#breadcrumb"},"inLanguage":"lt-LT","potentialAction":[{"@type":"ReadAction","target":["https:\/\/shop.huppa.eu\/lt\/product\/whitney-300g-2\/"]}]},{"@type":"ImageObject","inLanguage":"lt-LT","@id":"https:\/\/shop.huppa.eu\/lt\/product\/whitney-300g-2\/#primaryimage","url":"https:\/\/huppashop-prod.s3.eu-north-1.amazonaws.com\/wp-content\/uploads\/sites\/5\/2024\/09\/04031242\/12460030-91663-WHITNEY_f.jpg","contentUrl":"https:\/\/huppashop-prod.s3.eu-north-1.amazonaws.com\/wp-content\/uploads\/sites\/5\/2024\/09\/04031242\/12460030-91663-WHITNEY_f.jpg","width":1200,"height":1200},{"@type":"BreadcrumbList","@id":"https:\/\/shop.huppa.eu\/lt\/product\/whitney-300g-2\/#breadcrumb","itemListElement":[{"@type":"ListItem","position":1,"name":"Shop","item":"https:\/\/shop.huppa.eu\/lt\/shop\/"},{"@type":"ListItem","position":2,"name":"Mergaiti\u0161kas paltas WHITNEY (300g)"}]},{"@type":"WebSite","@id":"https:\/\/shop.huppa.eu\/lt\/#website","url":"https:\/\/shop.huppa.eu\/lt\/","name":"Huppa LT","description":"Huppa LT","potentialAction":[{"@type":"SearchAction","target":{"@type":"EntryPoint","urlTemplate":"https:\/\/shop.huppa.eu\/lt\/?s={search_term_string}"},"query-input":{"@type":"PropertyValueSpecification","valueRequired":true,"valueName":"search_term_string"}}],"inLanguage":"lt-LT"}]}},"_links":{"self":[{"href":"https:\/\/shop.huppa.eu\/lt\/wp-json\/wp\/v2\/product\/516503","targetHints":{"allow":["GET"]}}],"collection":[{"href":"https:\/\/shop.huppa.eu\/lt\/wp-json\/wp\/v2\/product"}],"about":[{"href":"https:\/\/shop.huppa.eu\/lt\/wp-json\/wp\/v2\/types\/product"}],"wp:featuredmedia":[{"embeddable":true,"href":"https:\/\/shop.huppa.eu\/lt\/wp-json\/wp\/v2\/media\/503816"}],"wp:attachment":[{"href":"https:\/\/shop.huppa.eu\/lt\/wp-json\/wp\/v2\/media?parent=516503"}],"wp:term":[{"taxonomy":"product_brand","embeddable":true,"href":"https:\/\/shop.huppa.eu\/lt\/wp-json\/wp\/v2\/product_brand?post=516503"},{"taxonomy":"product_cat","embeddable":true,"href":"https:\/\/shop.huppa.eu\/lt\/wp-json\/wp\/v2\/product_cat?post=516503"},{"taxonomy":"product_tag","embeddable":true,"href":"https:\/\/shop.huppa.eu\/lt\/wp-json\/wp\/v2\/product_tag?post=516503"}],"curies":[{"name":"wp","href":"https:\/\/api.w.org\/{rel}","templated":true}]}}