{"id":516523,"date":"2025-11-24T16:26:49","date_gmt":"2025-11-24T14:26:49","guid":{"rendered":"https:\/\/shop.huppa.eu\/lt\/product\/parish-down-3\/"},"modified":"2026-04-16T05:11:07","modified_gmt":"2026-04-16T03:11:07","slug":"parish-down-3","status":"publish","type":"product","link":"https:\/\/shop.huppa.eu\/lt\/product\/parish-down-3\/","title":{"rendered":"Mergai\u010di\u0173 \u017eieminis paltas PARISH (DOWN)"},"content":{"rendered":"<p>Vaiki\u0161ka neper\u0161lampanti ir v\u0117jui atspari p\u016bkinis paltas. Kv\u0117puojantis audinys. Viduje mink\u0161tas pamu\u0161alas. P\u016bk\u0173 ir plunksn\u0173 u\u017epildas. Nuimamas kapi\u0161onas su spaud\u017eiamomis sagomis. Elastin\u0117s rankov\u0117s rankovi\u0173 galuose. Su u\u017etrauktutu. Priekyje ki\u0161en\u0117s su u\u017etrauktukais. \u0160oniniai ply\u0161iai su u\u017etrauktukais apatiniame kra\u0161te. Nuimamas nat\u016bralus kailis ant kapi\u0161ono. \u0160vies\u0105 atspindintys elementai ant audinio.<\/p>\n","protected":false},"excerpt":{"rendered":"<p>Vaiki\u0161ka neper\u0161lampanti ir v\u0117jui atspari p\u016bkinis paltas. Kv\u0117puojantis audinys. Viduje mink\u0161tas pamu\u0161alas. P\u016bk\u0173 ir plunksn\u0173 u\u017epildas. Nuimamas kapi\u0161onas su spaud\u017eiamomis sagomis. Elastin\u0117s rankov\u0117s rankovi\u0173 galuose. Su u\u017etrauktutu. Priekyje ki\u0161en\u0117s su u\u017etrauktukais. \u0160oniniai ply\u0161iai su u\u017etrauktukais apatiniame kra\u0161te. Nuimamas nat\u016bralus kailis ant kapi\u0161ono. \u0160vies\u0105 atspindintys elementai ant audinio.<\/p>\n","protected":false},"featured_media":516527,"template":"","meta":{"_acf_changed":false},"product_brand":[],"product_cat":[102,133,134,116,19],"product_tag":[],"class_list":{"0":"post-516523","1":"product","2":"type-product","3":"status-publish","4":"has-post-thumbnail","6":"product_cat-mergaiciu","7":"product_cat-paltai-vaikai","8":"product_cat-paltai-mergaiciu","9":"product_cat-paltai","10":"product_cat-vaikai","11":"pa_amzius-vaikai","12":"pa_atsparumas-vandeniui-5000mm","13":"pa_dydis-93","14":"pa_dydis-96","15":"pa_dydis-97","16":"pa_izoliacijos-svoris-down","17":"pa_kolekcija-nr-w20-21","18":"pa_kolekcijos-dalis-down","19":"pa_lytis-mergaiciu","20":"pa_oro-pralaidumas-5000g-m-24h","21":"pa_prekes-artikulas-12470055-01718","22":"pa_uzpildas-down","24":"first","25":"instock","26":"sale","27":"taxable","28":"shipping-taxable","29":"purchasable","30":"product-type-variable"},"acf":[],"yoast_head":"<!-- This site is optimized with the Yoast SEO plugin v26.8 - https:\/\/yoast.com\/product\/yoast-seo-wordpress\/ -->\n<title>Mergai\u010di\u0173 \u017eieminis paltas PARISH (DOWN) - Huppa LT<\/title>\n<meta name=\"robots\" content=\"index, follow, max-snippet:-1, max-image-preview:large, max-video-preview:-1\" \/>\n<link rel=\"canonical\" href=\"https:\/\/shop.huppa.eu\/lt\/product\/parish-down-3\/\" \/>\n<meta property=\"og:locale\" content=\"lt_LT\" \/>\n<meta property=\"og:type\" content=\"article\" \/>\n<meta property=\"og:title\" content=\"Mergai\u010di\u0173 \u017eieminis paltas PARISH (DOWN) - Huppa LT\" \/>\n<meta property=\"og:description\" content=\"Vaiki\u0161ka neper\u0161lampanti ir v\u0117jui atspari p\u016bkinis paltas. Kv\u0117puojantis audinys. Viduje mink\u0161tas pamu\u0161alas. P\u016bk\u0173 ir plunksn\u0173 u\u017epildas. Nuimamas kapi\u0161onas su spaud\u017eiamomis sagomis. Elastin\u0117s rankov\u0117s rankovi\u0173 galuose. Su u\u017etrauktutu. Priekyje ki\u0161en\u0117s su u\u017etrauktukais. \u0160oniniai ply\u0161iai su u\u017etrauktukais apatiniame kra\u0161te. Nuimamas nat\u016bralus kailis ant kapi\u0161ono. \u0160vies\u0105 atspindintys elementai ant audinio.\" \/>\n<meta property=\"og:url\" content=\"https:\/\/shop.huppa.eu\/lt\/product\/parish-down-3\/\" \/>\n<meta property=\"og:site_name\" content=\"Huppa LT\" \/>\n<meta property=\"article:modified_time\" content=\"2026-04-16T03:11:07+00:00\" \/>\n<meta property=\"og:image\" content=\"https:\/\/huppashop-prod.s3.eu-north-1.amazonaws.com\/wp-content\/uploads\/sites\/5\/2025\/11\/24162651\/12470055-01718-PARISH_f.jpg\" \/>\n\t<meta property=\"og:image:width\" content=\"1200\" \/>\n\t<meta property=\"og:image:height\" content=\"1200\" \/>\n\t<meta property=\"og:image:type\" content=\"image\/jpeg\" \/>\n<meta name=\"twitter:card\" content=\"summary_large_image\" \/>\n<script type=\"application\/ld+json\" class=\"yoast-schema-graph\">{\"@context\":\"https:\/\/schema.org\",\"@graph\":[{\"@type\":\"WebPage\",\"@id\":\"https:\/\/shop.huppa.eu\/lt\/product\/parish-down-3\/\",\"url\":\"https:\/\/shop.huppa.eu\/lt\/product\/parish-down-3\/\",\"name\":\"Mergai\u010di\u0173 \u017eieminis paltas PARISH (DOWN) - Huppa LT\",\"isPartOf\":{\"@id\":\"https:\/\/shop.huppa.eu\/lt\/#website\"},\"primaryImageOfPage\":{\"@id\":\"https:\/\/shop.huppa.eu\/lt\/product\/parish-down-3\/#primaryimage\"},\"image\":{\"@id\":\"https:\/\/shop.huppa.eu\/lt\/product\/parish-down-3\/#primaryimage\"},\"thumbnailUrl\":\"https:\/\/huppashop-prod.s3.eu-north-1.amazonaws.com\/wp-content\/uploads\/sites\/5\/2025\/11\/24162651\/12470055-01718-PARISH_f.jpg\",\"datePublished\":\"2025-11-24T14:26:49+00:00\",\"dateModified\":\"2026-04-16T03:11:07+00:00\",\"breadcrumb\":{\"@id\":\"https:\/\/shop.huppa.eu\/lt\/product\/parish-down-3\/#breadcrumb\"},\"inLanguage\":\"lt-LT\",\"potentialAction\":[{\"@type\":\"ReadAction\",\"target\":[\"https:\/\/shop.huppa.eu\/lt\/product\/parish-down-3\/\"]}]},{\"@type\":\"ImageObject\",\"inLanguage\":\"lt-LT\",\"@id\":\"https:\/\/shop.huppa.eu\/lt\/product\/parish-down-3\/#primaryimage\",\"url\":\"https:\/\/huppashop-prod.s3.eu-north-1.amazonaws.com\/wp-content\/uploads\/sites\/5\/2025\/11\/24162651\/12470055-01718-PARISH_f.jpg\",\"contentUrl\":\"https:\/\/huppashop-prod.s3.eu-north-1.amazonaws.com\/wp-content\/uploads\/sites\/5\/2025\/11\/24162651\/12470055-01718-PARISH_f.jpg\",\"width\":1200,\"height\":1200},{\"@type\":\"BreadcrumbList\",\"@id\":\"https:\/\/shop.huppa.eu\/lt\/product\/parish-down-3\/#breadcrumb\",\"itemListElement\":[{\"@type\":\"ListItem\",\"position\":1,\"name\":\"Shop\",\"item\":\"https:\/\/shop.huppa.eu\/lt\/shop\/\"},{\"@type\":\"ListItem\",\"position\":2,\"name\":\"Mergai\u010di\u0173 \u017eieminis paltas PARISH (DOWN)\"}]},{\"@type\":\"WebSite\",\"@id\":\"https:\/\/shop.huppa.eu\/lt\/#website\",\"url\":\"https:\/\/shop.huppa.eu\/lt\/\",\"name\":\"Huppa LT\",\"description\":\"Huppa LT\",\"potentialAction\":[{\"@type\":\"SearchAction\",\"target\":{\"@type\":\"EntryPoint\",\"urlTemplate\":\"https:\/\/shop.huppa.eu\/lt\/?s={search_term_string}\"},\"query-input\":{\"@type\":\"PropertyValueSpecification\",\"valueRequired\":true,\"valueName\":\"search_term_string\"}}],\"inLanguage\":\"lt-LT\"}]}<\/script>\n<!-- \/ Yoast SEO plugin. -->","yoast_head_json":{"title":"Mergai\u010di\u0173 \u017eieminis paltas PARISH (DOWN) - Huppa LT","robots":{"index":"index","follow":"follow","max-snippet":"max-snippet:-1","max-image-preview":"max-image-preview:large","max-video-preview":"max-video-preview:-1"},"canonical":"https:\/\/shop.huppa.eu\/lt\/product\/parish-down-3\/","og_locale":"lt_LT","og_type":"article","og_title":"Mergai\u010di\u0173 \u017eieminis paltas PARISH (DOWN) - Huppa LT","og_description":"Vaiki\u0161ka neper\u0161lampanti ir v\u0117jui atspari p\u016bkinis paltas. Kv\u0117puojantis audinys. Viduje mink\u0161tas pamu\u0161alas. P\u016bk\u0173 ir plunksn\u0173 u\u017epildas. Nuimamas kapi\u0161onas su spaud\u017eiamomis sagomis. Elastin\u0117s rankov\u0117s rankovi\u0173 galuose. Su u\u017etrauktutu. Priekyje ki\u0161en\u0117s su u\u017etrauktukais. \u0160oniniai ply\u0161iai su u\u017etrauktukais apatiniame kra\u0161te. Nuimamas nat\u016bralus kailis ant kapi\u0161ono. \u0160vies\u0105 atspindintys elementai ant audinio.","og_url":"https:\/\/shop.huppa.eu\/lt\/product\/parish-down-3\/","og_site_name":"Huppa LT","article_modified_time":"2026-04-16T03:11:07+00:00","og_image":[{"width":1200,"height":1200,"url":"https:\/\/huppashop-prod.s3.eu-north-1.amazonaws.com\/wp-content\/uploads\/sites\/5\/2025\/11\/24162651\/12470055-01718-PARISH_f.jpg","type":"image\/jpeg"}],"twitter_card":"summary_large_image","schema":{"@context":"https:\/\/schema.org","@graph":[{"@type":"WebPage","@id":"https:\/\/shop.huppa.eu\/lt\/product\/parish-down-3\/","url":"https:\/\/shop.huppa.eu\/lt\/product\/parish-down-3\/","name":"Mergai\u010di\u0173 \u017eieminis paltas PARISH (DOWN) - Huppa LT","isPartOf":{"@id":"https:\/\/shop.huppa.eu\/lt\/#website"},"primaryImageOfPage":{"@id":"https:\/\/shop.huppa.eu\/lt\/product\/parish-down-3\/#primaryimage"},"image":{"@id":"https:\/\/shop.huppa.eu\/lt\/product\/parish-down-3\/#primaryimage"},"thumbnailUrl":"https:\/\/huppashop-prod.s3.eu-north-1.amazonaws.com\/wp-content\/uploads\/sites\/5\/2025\/11\/24162651\/12470055-01718-PARISH_f.jpg","datePublished":"2025-11-24T14:26:49+00:00","dateModified":"2026-04-16T03:11:07+00:00","breadcrumb":{"@id":"https:\/\/shop.huppa.eu\/lt\/product\/parish-down-3\/#breadcrumb"},"inLanguage":"lt-LT","potentialAction":[{"@type":"ReadAction","target":["https:\/\/shop.huppa.eu\/lt\/product\/parish-down-3\/"]}]},{"@type":"ImageObject","inLanguage":"lt-LT","@id":"https:\/\/shop.huppa.eu\/lt\/product\/parish-down-3\/#primaryimage","url":"https:\/\/huppashop-prod.s3.eu-north-1.amazonaws.com\/wp-content\/uploads\/sites\/5\/2025\/11\/24162651\/12470055-01718-PARISH_f.jpg","contentUrl":"https:\/\/huppashop-prod.s3.eu-north-1.amazonaws.com\/wp-content\/uploads\/sites\/5\/2025\/11\/24162651\/12470055-01718-PARISH_f.jpg","width":1200,"height":1200},{"@type":"BreadcrumbList","@id":"https:\/\/shop.huppa.eu\/lt\/product\/parish-down-3\/#breadcrumb","itemListElement":[{"@type":"ListItem","position":1,"name":"Shop","item":"https:\/\/shop.huppa.eu\/lt\/shop\/"},{"@type":"ListItem","position":2,"name":"Mergai\u010di\u0173 \u017eieminis paltas PARISH (DOWN)"}]},{"@type":"WebSite","@id":"https:\/\/shop.huppa.eu\/lt\/#website","url":"https:\/\/shop.huppa.eu\/lt\/","name":"Huppa LT","description":"Huppa LT","potentialAction":[{"@type":"SearchAction","target":{"@type":"EntryPoint","urlTemplate":"https:\/\/shop.huppa.eu\/lt\/?s={search_term_string}"},"query-input":{"@type":"PropertyValueSpecification","valueRequired":true,"valueName":"search_term_string"}}],"inLanguage":"lt-LT"}]}},"_links":{"self":[{"href":"https:\/\/shop.huppa.eu\/lt\/wp-json\/wp\/v2\/product\/516523","targetHints":{"allow":["GET"]}}],"collection":[{"href":"https:\/\/shop.huppa.eu\/lt\/wp-json\/wp\/v2\/product"}],"about":[{"href":"https:\/\/shop.huppa.eu\/lt\/wp-json\/wp\/v2\/types\/product"}],"wp:featuredmedia":[{"embeddable":true,"href":"https:\/\/shop.huppa.eu\/lt\/wp-json\/wp\/v2\/media\/516527"}],"wp:attachment":[{"href":"https:\/\/shop.huppa.eu\/lt\/wp-json\/wp\/v2\/media?parent=516523"}],"wp:term":[{"taxonomy":"product_brand","embeddable":true,"href":"https:\/\/shop.huppa.eu\/lt\/wp-json\/wp\/v2\/product_brand?post=516523"},{"taxonomy":"product_cat","embeddable":true,"href":"https:\/\/shop.huppa.eu\/lt\/wp-json\/wp\/v2\/product_cat?post=516523"},{"taxonomy":"product_tag","embeddable":true,"href":"https:\/\/shop.huppa.eu\/lt\/wp-json\/wp\/v2\/product_tag?post=516523"}],"curies":[{"name":"wp","href":"https:\/\/api.w.org\/{rel}","templated":true}]}}