{"id":516532,"date":"2025-11-24T16:27:00","date_gmt":"2025-11-24T14:27:00","guid":{"rendered":"https:\/\/shop.huppa.eu\/lt\/product\/parish-down-4\/"},"modified":"2026-04-16T05:11:07","modified_gmt":"2026-04-16T03:11:07","slug":"parish-down-4","status":"publish","type":"product","link":"https:\/\/shop.huppa.eu\/lt\/product\/parish-down-4\/","title":{"rendered":"Mergai\u010di\u0173 \u017eieminis paltas PARISH (DOWN)"},"content":{"rendered":"<p>Vaik\u0173 vandeniui ir v\u0117jui atsparus p\u016bkinis paltas. Kv\u0117puojantis audinys. Mink\u0161tas pamu\u0161alas viduje. P\u016bk\u0173 ir plunksn\u0173 pildymas. Nuimamas spaustukinis gobtuvas. Rievotos rankovi\u0173 u\u017ebaigimas. Su u\u017etrauktuku. U\u017etrauktukin\u0117s ki\u0161en\u0117s priekyje. U\u017etrauktukin\u0117s \u0161onin\u0117s ply\u0161ys apatiniame kra\u0161te. Nuimamas nat\u016bralaus kailio apvadas ant gobtuvo. At\u0161vaitu elementai ant audinio.<\/p>\n","protected":false},"excerpt":{"rendered":"<p>Vaik\u0173 vandeniui ir v\u0117jui atsparus p\u016bkinis paltas. Kv\u0117puojantis audinys. Mink\u0161tas pamu\u0161alas viduje. P\u016bk\u0173 ir plunksn\u0173 pildymas. Nuimamas spaustukinis gobtuvas. Rievotos rankovi\u0173 u\u017ebaigimas. Su u\u017etrauktuku. U\u017etrauktukin\u0117s ki\u0161en\u0117s priekyje. U\u017etrauktukin\u0117s \u0161onin\u0117s ply\u0161ys apatiniame kra\u0161te. Nuimamas nat\u016bralaus kailio apvadas ant gobtuvo. At\u0161vaitu elementai ant audinio.<\/p>\n","protected":false},"featured_media":516534,"template":"","meta":{"_acf_changed":false},"product_brand":[],"product_cat":[102,133,134,116,19],"product_tag":[],"class_list":{"0":"post-516532","1":"product","2":"type-product","3":"status-publish","4":"has-post-thumbnail","6":"product_cat-mergaiciu","7":"product_cat-paltai-vaikai","8":"product_cat-paltai-mergaiciu","9":"product_cat-paltai","10":"product_cat-vaikai","11":"pa_amzius-vaikai","12":"pa_atsparumas-vandeniui-5000mm","13":"pa_dydis-93","14":"pa_izoliacijos-svoris-down","15":"pa_kolekcija-nr-w20-21","16":"pa_kolekcijos-dalis-down","17":"pa_lytis-mergaiciu","18":"pa_oro-pralaidumas-5000g-m-24h","19":"pa_prekes-artikulas-12470055-01766","20":"pa_uzpildas-down","22":"first","23":"instock","24":"sale","25":"taxable","26":"shipping-taxable","27":"purchasable","28":"product-type-variable"},"acf":[],"yoast_head":"<!-- This site is optimized with the Yoast SEO plugin v26.8 - https:\/\/yoast.com\/product\/yoast-seo-wordpress\/ -->\n<title>Mergai\u010di\u0173 \u017eieminis paltas PARISH (DOWN) - Huppa LT<\/title>\n<meta name=\"robots\" content=\"index, follow, max-snippet:-1, max-image-preview:large, max-video-preview:-1\" \/>\n<link rel=\"canonical\" href=\"https:\/\/shop.huppa.eu\/lt\/product\/parish-down-4\/\" \/>\n<meta property=\"og:locale\" content=\"lt_LT\" \/>\n<meta property=\"og:type\" content=\"article\" \/>\n<meta property=\"og:title\" content=\"Mergai\u010di\u0173 \u017eieminis paltas PARISH (DOWN) - Huppa LT\" \/>\n<meta property=\"og:description\" content=\"Vaik\u0173 vandeniui ir v\u0117jui atsparus p\u016bkinis paltas. Kv\u0117puojantis audinys. Mink\u0161tas pamu\u0161alas viduje. P\u016bk\u0173 ir plunksn\u0173 pildymas. Nuimamas spaustukinis gobtuvas. Rievotos rankovi\u0173 u\u017ebaigimas. Su u\u017etrauktuku. U\u017etrauktukin\u0117s ki\u0161en\u0117s priekyje. U\u017etrauktukin\u0117s \u0161onin\u0117s ply\u0161ys apatiniame kra\u0161te. Nuimamas nat\u016bralaus kailio apvadas ant gobtuvo. At\u0161vaitu elementai ant audinio.\" \/>\n<meta property=\"og:url\" content=\"https:\/\/shop.huppa.eu\/lt\/product\/parish-down-4\/\" \/>\n<meta property=\"og:site_name\" content=\"Huppa LT\" \/>\n<meta property=\"article:modified_time\" content=\"2026-04-16T03:11:07+00:00\" \/>\n<meta property=\"og:image\" content=\"https:\/\/huppashop-prod.s3.eu-north-1.amazonaws.com\/wp-content\/uploads\/sites\/5\/2025\/11\/24162702\/12470055-01766-PARISH_f.jpg\" \/>\n\t<meta property=\"og:image:width\" content=\"1200\" \/>\n\t<meta property=\"og:image:height\" content=\"1200\" \/>\n\t<meta property=\"og:image:type\" content=\"image\/jpeg\" \/>\n<meta name=\"twitter:card\" content=\"summary_large_image\" \/>\n<script type=\"application\/ld+json\" class=\"yoast-schema-graph\">{\"@context\":\"https:\/\/schema.org\",\"@graph\":[{\"@type\":\"WebPage\",\"@id\":\"https:\/\/shop.huppa.eu\/lt\/product\/parish-down-4\/\",\"url\":\"https:\/\/shop.huppa.eu\/lt\/product\/parish-down-4\/\",\"name\":\"Mergai\u010di\u0173 \u017eieminis paltas PARISH (DOWN) - Huppa LT\",\"isPartOf\":{\"@id\":\"https:\/\/shop.huppa.eu\/lt\/#website\"},\"primaryImageOfPage\":{\"@id\":\"https:\/\/shop.huppa.eu\/lt\/product\/parish-down-4\/#primaryimage\"},\"image\":{\"@id\":\"https:\/\/shop.huppa.eu\/lt\/product\/parish-down-4\/#primaryimage\"},\"thumbnailUrl\":\"https:\/\/huppashop-prod.s3.eu-north-1.amazonaws.com\/wp-content\/uploads\/sites\/5\/2025\/11\/24162702\/12470055-01766-PARISH_f.jpg\",\"datePublished\":\"2025-11-24T14:27:00+00:00\",\"dateModified\":\"2026-04-16T03:11:07+00:00\",\"breadcrumb\":{\"@id\":\"https:\/\/shop.huppa.eu\/lt\/product\/parish-down-4\/#breadcrumb\"},\"inLanguage\":\"lt-LT\",\"potentialAction\":[{\"@type\":\"ReadAction\",\"target\":[\"https:\/\/shop.huppa.eu\/lt\/product\/parish-down-4\/\"]}]},{\"@type\":\"ImageObject\",\"inLanguage\":\"lt-LT\",\"@id\":\"https:\/\/shop.huppa.eu\/lt\/product\/parish-down-4\/#primaryimage\",\"url\":\"https:\/\/huppashop-prod.s3.eu-north-1.amazonaws.com\/wp-content\/uploads\/sites\/5\/2025\/11\/24162702\/12470055-01766-PARISH_f.jpg\",\"contentUrl\":\"https:\/\/huppashop-prod.s3.eu-north-1.amazonaws.com\/wp-content\/uploads\/sites\/5\/2025\/11\/24162702\/12470055-01766-PARISH_f.jpg\",\"width\":1200,\"height\":1200},{\"@type\":\"BreadcrumbList\",\"@id\":\"https:\/\/shop.huppa.eu\/lt\/product\/parish-down-4\/#breadcrumb\",\"itemListElement\":[{\"@type\":\"ListItem\",\"position\":1,\"name\":\"Shop\",\"item\":\"https:\/\/shop.huppa.eu\/lt\/shop\/\"},{\"@type\":\"ListItem\",\"position\":2,\"name\":\"Mergai\u010di\u0173 \u017eieminis paltas PARISH (DOWN)\"}]},{\"@type\":\"WebSite\",\"@id\":\"https:\/\/shop.huppa.eu\/lt\/#website\",\"url\":\"https:\/\/shop.huppa.eu\/lt\/\",\"name\":\"Huppa LT\",\"description\":\"Huppa LT\",\"potentialAction\":[{\"@type\":\"SearchAction\",\"target\":{\"@type\":\"EntryPoint\",\"urlTemplate\":\"https:\/\/shop.huppa.eu\/lt\/?s={search_term_string}\"},\"query-input\":{\"@type\":\"PropertyValueSpecification\",\"valueRequired\":true,\"valueName\":\"search_term_string\"}}],\"inLanguage\":\"lt-LT\"}]}<\/script>\n<!-- \/ Yoast SEO plugin. -->","yoast_head_json":{"title":"Mergai\u010di\u0173 \u017eieminis paltas PARISH (DOWN) - Huppa LT","robots":{"index":"index","follow":"follow","max-snippet":"max-snippet:-1","max-image-preview":"max-image-preview:large","max-video-preview":"max-video-preview:-1"},"canonical":"https:\/\/shop.huppa.eu\/lt\/product\/parish-down-4\/","og_locale":"lt_LT","og_type":"article","og_title":"Mergai\u010di\u0173 \u017eieminis paltas PARISH (DOWN) - Huppa LT","og_description":"Vaik\u0173 vandeniui ir v\u0117jui atsparus p\u016bkinis paltas. Kv\u0117puojantis audinys. Mink\u0161tas pamu\u0161alas viduje. P\u016bk\u0173 ir plunksn\u0173 pildymas. Nuimamas spaustukinis gobtuvas. Rievotos rankovi\u0173 u\u017ebaigimas. Su u\u017etrauktuku. U\u017etrauktukin\u0117s ki\u0161en\u0117s priekyje. U\u017etrauktukin\u0117s \u0161onin\u0117s ply\u0161ys apatiniame kra\u0161te. Nuimamas nat\u016bralaus kailio apvadas ant gobtuvo. At\u0161vaitu elementai ant audinio.","og_url":"https:\/\/shop.huppa.eu\/lt\/product\/parish-down-4\/","og_site_name":"Huppa LT","article_modified_time":"2026-04-16T03:11:07+00:00","og_image":[{"width":1200,"height":1200,"url":"https:\/\/huppashop-prod.s3.eu-north-1.amazonaws.com\/wp-content\/uploads\/sites\/5\/2025\/11\/24162702\/12470055-01766-PARISH_f.jpg","type":"image\/jpeg"}],"twitter_card":"summary_large_image","schema":{"@context":"https:\/\/schema.org","@graph":[{"@type":"WebPage","@id":"https:\/\/shop.huppa.eu\/lt\/product\/parish-down-4\/","url":"https:\/\/shop.huppa.eu\/lt\/product\/parish-down-4\/","name":"Mergai\u010di\u0173 \u017eieminis paltas PARISH (DOWN) - Huppa LT","isPartOf":{"@id":"https:\/\/shop.huppa.eu\/lt\/#website"},"primaryImageOfPage":{"@id":"https:\/\/shop.huppa.eu\/lt\/product\/parish-down-4\/#primaryimage"},"image":{"@id":"https:\/\/shop.huppa.eu\/lt\/product\/parish-down-4\/#primaryimage"},"thumbnailUrl":"https:\/\/huppashop-prod.s3.eu-north-1.amazonaws.com\/wp-content\/uploads\/sites\/5\/2025\/11\/24162702\/12470055-01766-PARISH_f.jpg","datePublished":"2025-11-24T14:27:00+00:00","dateModified":"2026-04-16T03:11:07+00:00","breadcrumb":{"@id":"https:\/\/shop.huppa.eu\/lt\/product\/parish-down-4\/#breadcrumb"},"inLanguage":"lt-LT","potentialAction":[{"@type":"ReadAction","target":["https:\/\/shop.huppa.eu\/lt\/product\/parish-down-4\/"]}]},{"@type":"ImageObject","inLanguage":"lt-LT","@id":"https:\/\/shop.huppa.eu\/lt\/product\/parish-down-4\/#primaryimage","url":"https:\/\/huppashop-prod.s3.eu-north-1.amazonaws.com\/wp-content\/uploads\/sites\/5\/2025\/11\/24162702\/12470055-01766-PARISH_f.jpg","contentUrl":"https:\/\/huppashop-prod.s3.eu-north-1.amazonaws.com\/wp-content\/uploads\/sites\/5\/2025\/11\/24162702\/12470055-01766-PARISH_f.jpg","width":1200,"height":1200},{"@type":"BreadcrumbList","@id":"https:\/\/shop.huppa.eu\/lt\/product\/parish-down-4\/#breadcrumb","itemListElement":[{"@type":"ListItem","position":1,"name":"Shop","item":"https:\/\/shop.huppa.eu\/lt\/shop\/"},{"@type":"ListItem","position":2,"name":"Mergai\u010di\u0173 \u017eieminis paltas PARISH (DOWN)"}]},{"@type":"WebSite","@id":"https:\/\/shop.huppa.eu\/lt\/#website","url":"https:\/\/shop.huppa.eu\/lt\/","name":"Huppa LT","description":"Huppa LT","potentialAction":[{"@type":"SearchAction","target":{"@type":"EntryPoint","urlTemplate":"https:\/\/shop.huppa.eu\/lt\/?s={search_term_string}"},"query-input":{"@type":"PropertyValueSpecification","valueRequired":true,"valueName":"search_term_string"}}],"inLanguage":"lt-LT"}]}},"_links":{"self":[{"href":"https:\/\/shop.huppa.eu\/lt\/wp-json\/wp\/v2\/product\/516532","targetHints":{"allow":["GET"]}}],"collection":[{"href":"https:\/\/shop.huppa.eu\/lt\/wp-json\/wp\/v2\/product"}],"about":[{"href":"https:\/\/shop.huppa.eu\/lt\/wp-json\/wp\/v2\/types\/product"}],"wp:featuredmedia":[{"embeddable":true,"href":"https:\/\/shop.huppa.eu\/lt\/wp-json\/wp\/v2\/media\/516534"}],"wp:attachment":[{"href":"https:\/\/shop.huppa.eu\/lt\/wp-json\/wp\/v2\/media?parent=516532"}],"wp:term":[{"taxonomy":"product_brand","embeddable":true,"href":"https:\/\/shop.huppa.eu\/lt\/wp-json\/wp\/v2\/product_brand?post=516532"},{"taxonomy":"product_cat","embeddable":true,"href":"https:\/\/shop.huppa.eu\/lt\/wp-json\/wp\/v2\/product_cat?post=516532"},{"taxonomy":"product_tag","embeddable":true,"href":"https:\/\/shop.huppa.eu\/lt\/wp-json\/wp\/v2\/product_tag?post=516532"}],"curies":[{"name":"wp","href":"https:\/\/api.w.org\/{rel}","templated":true}]}}