{"id":516564,"date":"2025-11-24T16:27:48","date_gmt":"2025-11-24T14:27:48","guid":{"rendered":"https:\/\/shop.huppa.eu\/lt\/product\/parish-down-9\/"},"modified":"2026-04-16T05:11:09","modified_gmt":"2026-04-16T03:11:09","slug":"parish-down-9","status":"publish","type":"product","link":"https:\/\/shop.huppa.eu\/lt\/product\/parish-down-9\/","title":{"rendered":"Mergai\u010di\u0173 \u017eieminis paltas PARISH (DOWN)"},"content":{"rendered":"<p>P\u016bkinis paltas dideli\u0173 mergai\u010di\u0173 su raukinukais yra asmeni\u0161kas ir patogus! V\u0117jo ir vandeniui atsparus palto i\u0161orinis audinys yra ypa\u010d mink\u0161tas, u\u017epildytas p\u016bkais ir plunksnomis.Mink\u0161to fliso  ir taftos pamu\u0161alas yra patogus ir \u0161iltas. Trikota\u017einiai vidiniai  rankogaliai leid\u017eia jums likti sausiems ir \u0161iltiems  net snieguotu oru. Geriausi\u0105 matomum\u0105 tamsoje u\u017etikrina at\u0161vaitai,  o rankov\u0117 papuo\u0161ta atspindin\u010dia \u0161viesa aplikacija. Nuimamas gaubtas yra tvirtas &#8211; jis pritvirtinamas spaustukais, o jo nat\u016bralus kailis  taip pat yra nuimamas. Palto priekin\u0117s ki\u0161en\u0117s yra su u\u017etrauktuku. Puo\u0161nus p\u016bkinis paltas mokyklai!<\/p>\n","protected":false},"excerpt":{"rendered":"<p>P\u016bkinis paltas dideli\u0173 mergai\u010di\u0173 su raukinukais yra asmeni\u0161kas ir patogus! V\u0117jo ir vandeniui atsparus palto i\u0161orinis audinys yra ypa\u010d mink\u0161tas, u\u017epildytas p\u016bkais ir plunksnomis.Mink\u0161to fliso ir taftos pamu\u0161alas yra patogus ir \u0161iltas. Trikota\u017einiai vidiniai rankogaliai leid\u017eia jums likti sausiems ir \u0161iltiems net snieguotu oru. Geriausi\u0105 matomum\u0105 tamsoje u\u017etikrina at\u0161vaitai, o rankov\u0117 papuo\u0161ta atspindin\u010dia \u0161viesa aplikacija. [&hellip;]<\/p>\n","protected":false},"featured_media":419619,"template":"","meta":{"_acf_changed":false},"product_brand":[],"product_cat":[102,133,134,116,19],"product_tag":[],"class_list":{"0":"post-516564","1":"product","2":"type-product","3":"status-publish","4":"has-post-thumbnail","6":"product_cat-mergaiciu","7":"product_cat-paltai-vaikai","8":"product_cat-paltai-mergaiciu","9":"product_cat-paltai","10":"product_cat-vaikai","11":"pa_amzius-vaikai","12":"pa_atsparumas-vandeniui-5000mm","13":"pa_dydis-93","14":"pa_dydis-96","15":"pa_dydis-97","16":"pa_dydis-98","17":"pa_dydis-100","18":"pa_izoliacijos-svoris-down","19":"pa_kolekcija-nr-w19-20","20":"pa_kolekcijos-dalis-down","21":"pa_lytis-mergaiciu","22":"pa_oro-pralaidumas-5000g-m-24h","23":"pa_prekes-artikulas-12470055-91820","24":"pa_uzpildas-down","26":"first","27":"instock","28":"sale","29":"taxable","30":"shipping-taxable","31":"purchasable","32":"product-type-variable"},"acf":[],"yoast_head":"<!-- This site is optimized with the Yoast SEO plugin v26.8 - https:\/\/yoast.com\/product\/yoast-seo-wordpress\/ -->\n<title>Mergai\u010di\u0173 \u017eieminis paltas PARISH (DOWN) - Huppa LT<\/title>\n<meta name=\"robots\" content=\"index, follow, max-snippet:-1, max-image-preview:large, max-video-preview:-1\" \/>\n<link rel=\"canonical\" href=\"https:\/\/shop.huppa.eu\/lt\/product\/parish-down-9\/\" \/>\n<meta property=\"og:locale\" content=\"lt_LT\" \/>\n<meta property=\"og:type\" content=\"article\" \/>\n<meta property=\"og:title\" content=\"Mergai\u010di\u0173 \u017eieminis paltas PARISH (DOWN) - Huppa LT\" \/>\n<meta property=\"og:description\" content=\"P\u016bkinis paltas dideli\u0173 mergai\u010di\u0173 su raukinukais yra asmeni\u0161kas ir patogus! V\u0117jo ir vandeniui atsparus palto i\u0161orinis audinys yra ypa\u010d mink\u0161tas, u\u017epildytas p\u016bkais ir plunksnomis.Mink\u0161to fliso ir taftos pamu\u0161alas yra patogus ir \u0161iltas. Trikota\u017einiai vidiniai rankogaliai leid\u017eia jums likti sausiems ir \u0161iltiems net snieguotu oru. Geriausi\u0105 matomum\u0105 tamsoje u\u017etikrina at\u0161vaitai, o rankov\u0117 papuo\u0161ta atspindin\u010dia \u0161viesa aplikacija. [&hellip;]\" \/>\n<meta property=\"og:url\" content=\"https:\/\/shop.huppa.eu\/lt\/product\/parish-down-9\/\" \/>\n<meta property=\"og:site_name\" content=\"Huppa LT\" \/>\n<meta property=\"article:modified_time\" content=\"2026-04-16T03:11:09+00:00\" \/>\n<meta property=\"og:image\" content=\"https:\/\/huppashop-prod.s3.eu-north-1.amazonaws.com\/wp-content\/uploads\/sites\/3\/2021\/06\/02232417\/12470055-91820-PARISHf.jpg\" \/>\n\t<meta property=\"og:image:width\" content=\"1200\" \/>\n\t<meta property=\"og:image:height\" content=\"1200\" \/>\n\t<meta property=\"og:image:type\" content=\"image\/jpeg\" \/>\n<meta name=\"twitter:card\" content=\"summary_large_image\" \/>\n<meta name=\"twitter:label1\" content=\"Est. reading time\" \/>\n\t<meta name=\"twitter:data1\" content=\"1 minut\u0117\" \/>\n<script type=\"application\/ld+json\" class=\"yoast-schema-graph\">{\"@context\":\"https:\/\/schema.org\",\"@graph\":[{\"@type\":\"WebPage\",\"@id\":\"https:\/\/shop.huppa.eu\/lt\/product\/parish-down-9\/\",\"url\":\"https:\/\/shop.huppa.eu\/lt\/product\/parish-down-9\/\",\"name\":\"Mergai\u010di\u0173 \u017eieminis paltas PARISH (DOWN) - Huppa LT\",\"isPartOf\":{\"@id\":\"https:\/\/shop.huppa.eu\/lt\/#website\"},\"primaryImageOfPage\":{\"@id\":\"https:\/\/shop.huppa.eu\/lt\/product\/parish-down-9\/#primaryimage\"},\"image\":{\"@id\":\"https:\/\/shop.huppa.eu\/lt\/product\/parish-down-9\/#primaryimage\"},\"thumbnailUrl\":\"https:\/\/huppashop-prod.s3.eu-north-1.amazonaws.com\/wp-content\/uploads\/sites\/3\/2021\/06\/02232417\/12470055-91820-PARISHf.jpg\",\"datePublished\":\"2025-11-24T14:27:48+00:00\",\"dateModified\":\"2026-04-16T03:11:09+00:00\",\"breadcrumb\":{\"@id\":\"https:\/\/shop.huppa.eu\/lt\/product\/parish-down-9\/#breadcrumb\"},\"inLanguage\":\"lt-LT\",\"potentialAction\":[{\"@type\":\"ReadAction\",\"target\":[\"https:\/\/shop.huppa.eu\/lt\/product\/parish-down-9\/\"]}]},{\"@type\":\"ImageObject\",\"inLanguage\":\"lt-LT\",\"@id\":\"https:\/\/shop.huppa.eu\/lt\/product\/parish-down-9\/#primaryimage\",\"url\":\"https:\/\/huppashop-prod.s3.eu-north-1.amazonaws.com\/wp-content\/uploads\/sites\/3\/2021\/06\/02232417\/12470055-91820-PARISHf.jpg\",\"contentUrl\":\"https:\/\/huppashop-prod.s3.eu-north-1.amazonaws.com\/wp-content\/uploads\/sites\/3\/2021\/06\/02232417\/12470055-91820-PARISHf.jpg\",\"width\":1200,\"height\":1200},{\"@type\":\"BreadcrumbList\",\"@id\":\"https:\/\/shop.huppa.eu\/lt\/product\/parish-down-9\/#breadcrumb\",\"itemListElement\":[{\"@type\":\"ListItem\",\"position\":1,\"name\":\"Shop\",\"item\":\"https:\/\/shop.huppa.eu\/lt\/shop\/\"},{\"@type\":\"ListItem\",\"position\":2,\"name\":\"Mergai\u010di\u0173 \u017eieminis paltas PARISH (DOWN)\"}]},{\"@type\":\"WebSite\",\"@id\":\"https:\/\/shop.huppa.eu\/lt\/#website\",\"url\":\"https:\/\/shop.huppa.eu\/lt\/\",\"name\":\"Huppa LT\",\"description\":\"Huppa LT\",\"potentialAction\":[{\"@type\":\"SearchAction\",\"target\":{\"@type\":\"EntryPoint\",\"urlTemplate\":\"https:\/\/shop.huppa.eu\/lt\/?s={search_term_string}\"},\"query-input\":{\"@type\":\"PropertyValueSpecification\",\"valueRequired\":true,\"valueName\":\"search_term_string\"}}],\"inLanguage\":\"lt-LT\"}]}<\/script>\n<!-- \/ Yoast SEO plugin. -->","yoast_head_json":{"title":"Mergai\u010di\u0173 \u017eieminis paltas PARISH (DOWN) - Huppa LT","robots":{"index":"index","follow":"follow","max-snippet":"max-snippet:-1","max-image-preview":"max-image-preview:large","max-video-preview":"max-video-preview:-1"},"canonical":"https:\/\/shop.huppa.eu\/lt\/product\/parish-down-9\/","og_locale":"lt_LT","og_type":"article","og_title":"Mergai\u010di\u0173 \u017eieminis paltas PARISH (DOWN) - Huppa LT","og_description":"P\u016bkinis paltas dideli\u0173 mergai\u010di\u0173 su raukinukais yra asmeni\u0161kas ir patogus! V\u0117jo ir vandeniui atsparus palto i\u0161orinis audinys yra ypa\u010d mink\u0161tas, u\u017epildytas p\u016bkais ir plunksnomis.Mink\u0161to fliso ir taftos pamu\u0161alas yra patogus ir \u0161iltas. Trikota\u017einiai vidiniai rankogaliai leid\u017eia jums likti sausiems ir \u0161iltiems net snieguotu oru. Geriausi\u0105 matomum\u0105 tamsoje u\u017etikrina at\u0161vaitai, o rankov\u0117 papuo\u0161ta atspindin\u010dia \u0161viesa aplikacija. [&hellip;]","og_url":"https:\/\/shop.huppa.eu\/lt\/product\/parish-down-9\/","og_site_name":"Huppa LT","article_modified_time":"2026-04-16T03:11:09+00:00","og_image":[{"width":1200,"height":1200,"url":"https:\/\/huppashop-prod.s3.eu-north-1.amazonaws.com\/wp-content\/uploads\/sites\/3\/2021\/06\/02232417\/12470055-91820-PARISHf.jpg","type":"image\/jpeg"}],"twitter_card":"summary_large_image","twitter_misc":{"Est. reading time":"1 minut\u0117"},"schema":{"@context":"https:\/\/schema.org","@graph":[{"@type":"WebPage","@id":"https:\/\/shop.huppa.eu\/lt\/product\/parish-down-9\/","url":"https:\/\/shop.huppa.eu\/lt\/product\/parish-down-9\/","name":"Mergai\u010di\u0173 \u017eieminis paltas PARISH (DOWN) - Huppa LT","isPartOf":{"@id":"https:\/\/shop.huppa.eu\/lt\/#website"},"primaryImageOfPage":{"@id":"https:\/\/shop.huppa.eu\/lt\/product\/parish-down-9\/#primaryimage"},"image":{"@id":"https:\/\/shop.huppa.eu\/lt\/product\/parish-down-9\/#primaryimage"},"thumbnailUrl":"https:\/\/huppashop-prod.s3.eu-north-1.amazonaws.com\/wp-content\/uploads\/sites\/3\/2021\/06\/02232417\/12470055-91820-PARISHf.jpg","datePublished":"2025-11-24T14:27:48+00:00","dateModified":"2026-04-16T03:11:09+00:00","breadcrumb":{"@id":"https:\/\/shop.huppa.eu\/lt\/product\/parish-down-9\/#breadcrumb"},"inLanguage":"lt-LT","potentialAction":[{"@type":"ReadAction","target":["https:\/\/shop.huppa.eu\/lt\/product\/parish-down-9\/"]}]},{"@type":"ImageObject","inLanguage":"lt-LT","@id":"https:\/\/shop.huppa.eu\/lt\/product\/parish-down-9\/#primaryimage","url":"https:\/\/huppashop-prod.s3.eu-north-1.amazonaws.com\/wp-content\/uploads\/sites\/3\/2021\/06\/02232417\/12470055-91820-PARISHf.jpg","contentUrl":"https:\/\/huppashop-prod.s3.eu-north-1.amazonaws.com\/wp-content\/uploads\/sites\/3\/2021\/06\/02232417\/12470055-91820-PARISHf.jpg","width":1200,"height":1200},{"@type":"BreadcrumbList","@id":"https:\/\/shop.huppa.eu\/lt\/product\/parish-down-9\/#breadcrumb","itemListElement":[{"@type":"ListItem","position":1,"name":"Shop","item":"https:\/\/shop.huppa.eu\/lt\/shop\/"},{"@type":"ListItem","position":2,"name":"Mergai\u010di\u0173 \u017eieminis paltas PARISH (DOWN)"}]},{"@type":"WebSite","@id":"https:\/\/shop.huppa.eu\/lt\/#website","url":"https:\/\/shop.huppa.eu\/lt\/","name":"Huppa LT","description":"Huppa LT","potentialAction":[{"@type":"SearchAction","target":{"@type":"EntryPoint","urlTemplate":"https:\/\/shop.huppa.eu\/lt\/?s={search_term_string}"},"query-input":{"@type":"PropertyValueSpecification","valueRequired":true,"valueName":"search_term_string"}}],"inLanguage":"lt-LT"}]}},"_links":{"self":[{"href":"https:\/\/shop.huppa.eu\/lt\/wp-json\/wp\/v2\/product\/516564","targetHints":{"allow":["GET"]}}],"collection":[{"href":"https:\/\/shop.huppa.eu\/lt\/wp-json\/wp\/v2\/product"}],"about":[{"href":"https:\/\/shop.huppa.eu\/lt\/wp-json\/wp\/v2\/types\/product"}],"wp:featuredmedia":[{"embeddable":true,"href":"https:\/\/shop.huppa.eu\/lt\/wp-json\/wp\/v2\/media\/419619"}],"wp:attachment":[{"href":"https:\/\/shop.huppa.eu\/lt\/wp-json\/wp\/v2\/media?parent=516564"}],"wp:term":[{"taxonomy":"product_brand","embeddable":true,"href":"https:\/\/shop.huppa.eu\/lt\/wp-json\/wp\/v2\/product_brand?post=516564"},{"taxonomy":"product_cat","embeddable":true,"href":"https:\/\/shop.huppa.eu\/lt\/wp-json\/wp\/v2\/product_cat?post=516564"},{"taxonomy":"product_tag","embeddable":true,"href":"https:\/\/shop.huppa.eu\/lt\/wp-json\/wp\/v2\/product_tag?post=516564"}],"curies":[{"name":"wp","href":"https:\/\/api.w.org\/{rel}","templated":true}]}}