{"id":516602,"date":"2025-11-24T16:29:05","date_gmt":"2025-11-24T14:29:05","guid":{"rendered":"https:\/\/shop.huppa.eu\/lt\/product\/vivian-200g-12\/"},"modified":"2026-04-15T05:16:15","modified_gmt":"2026-04-15T03:16:15","slug":"vivian-200g-12","status":"publish","type":"product","link":"https:\/\/shop.huppa.eu\/lt\/product\/vivian-200g-12\/","title":{"rendered":"Mergai\u010di\u0173 \u017eiemin\u0117 parka VIVIAN (200g)"},"content":{"rendered":"<p>Vaik\u0173 neper\u0161lampama ir v\u0117jui atspari \u017eiemos parka. Kv\u0117puojantis audinys. Mink\u0161tas audinys viduje. Dirbtinio avies kailio pamu\u0161alas nugaros vir\u0161uje ir kapi\u0161ono viduje. Reguliuojamas kapi\u0161onas. Riev\u0117ti man\u017eetai rankogaliuose. Dvikryptis u\u017etrauktukas u\u017edengiamas atlenkiamu kr\u016bmpli\u0173 klostuku priekyje. Magnetinis u\u017esegimas ki\u0161eni\u0173 klostukuose. Rai\u0161teli\u0173 tunelis su stoperiais liemenyje. Neper\u0161lampos suklijuotos si\u016bl\u0117s. Nuimamas dirbtinio kailio apvadas kapi\u0161one. At\u0161vaitai audinyje.<\/p>\n","protected":false},"excerpt":{"rendered":"<p>Vaik\u0173 neper\u0161lampama ir v\u0117jui atspari \u017eiemos parka. Kv\u0117puojantis audinys. Mink\u0161tas audinys viduje. Dirbtinio avies kailio pamu\u0161alas nugaros vir\u0161uje ir kapi\u0161ono viduje. Reguliuojamas kapi\u0161onas. Riev\u0117ti man\u017eetai rankogaliuose. Dvikryptis u\u017etrauktukas u\u017edengiamas atlenkiamu kr\u016bmpli\u0173 klostuku priekyje. Magnetinis u\u017esegimas ki\u0161eni\u0173 klostukuose. Rai\u0161teli\u0173 tunelis su stoperiais liemenyje. Neper\u0161lampos suklijuotos si\u016bl\u0117s. Nuimamas dirbtinio kailio apvadas kapi\u0161one. At\u0161vaitai audinyje.<\/p>\n","protected":false},"featured_media":488525,"template":"","meta":{"_acf_changed":false},"product_brand":[],"product_cat":[102,331,3318,3319,19],"product_tag":[],"class_list":{"0":"post-516602","1":"product","2":"type-product","3":"status-publish","4":"has-post-thumbnail","6":"product_cat-mergaiciu","7":"product_cat-parka","8":"product_cat-parka-vaikai","9":"product_cat-parka-mergaiciu","10":"product_cat-vaikai","11":"pa_amzius-vaikai","12":"pa_atsparumas-vandeniui-10000mm","13":"pa_dydis-99","14":"pa_dydis-100","15":"pa_izoliacijos-svoris-200g","16":"pa_kolekcija-nr-w19-20","17":"pa_kolekcijos-dalis-fashion","18":"pa_lytis-mergaiciu","19":"pa_oro-pralaidumas-10000g-m-24h","20":"pa_prekes-artikulas-12490020-90086","21":"pa_uzpildas-200g","23":"first","24":"instock","25":"sale","26":"taxable","27":"shipping-taxable","28":"purchasable","29":"product-type-variable"},"acf":[],"yoast_head":"<!-- This site is optimized with the Yoast SEO plugin v26.8 - https:\/\/yoast.com\/product\/yoast-seo-wordpress\/ -->\n<title>Mergai\u010di\u0173 \u017eiemin\u0117 parka VIVIAN (200g) - Huppa LT<\/title>\n<meta name=\"robots\" content=\"index, follow, max-snippet:-1, max-image-preview:large, max-video-preview:-1\" \/>\n<link rel=\"canonical\" href=\"https:\/\/shop.huppa.eu\/lt\/product\/vivian-200g-12\/\" \/>\n<meta property=\"og:locale\" content=\"lt_LT\" \/>\n<meta property=\"og:type\" content=\"article\" \/>\n<meta property=\"og:title\" content=\"Mergai\u010di\u0173 \u017eiemin\u0117 parka VIVIAN (200g) - Huppa LT\" \/>\n<meta property=\"og:description\" content=\"Vaik\u0173 neper\u0161lampama ir v\u0117jui atspari \u017eiemos parka. Kv\u0117puojantis audinys. Mink\u0161tas audinys viduje. Dirbtinio avies kailio pamu\u0161alas nugaros vir\u0161uje ir kapi\u0161ono viduje. Reguliuojamas kapi\u0161onas. Riev\u0117ti man\u017eetai rankogaliuose. Dvikryptis u\u017etrauktukas u\u017edengiamas atlenkiamu kr\u016bmpli\u0173 klostuku priekyje. Magnetinis u\u017esegimas ki\u0161eni\u0173 klostukuose. Rai\u0161teli\u0173 tunelis su stoperiais liemenyje. Neper\u0161lampos suklijuotos si\u016bl\u0117s. Nuimamas dirbtinio kailio apvadas kapi\u0161one. At\u0161vaitai audinyje.\" \/>\n<meta property=\"og:url\" content=\"https:\/\/shop.huppa.eu\/lt\/product\/vivian-200g-12\/\" \/>\n<meta property=\"og:site_name\" content=\"Huppa LT\" \/>\n<meta property=\"article:modified_time\" content=\"2026-04-15T03:16:15+00:00\" \/>\n<meta property=\"og:image\" content=\"https:\/\/huppashop-prod.s3.eu-north-1.amazonaws.com\/wp-content\/uploads\/sites\/5\/2022\/10\/12112608\/12490020-90086-VIVIANf.jpg\" \/>\n\t<meta property=\"og:image:width\" content=\"1200\" \/>\n\t<meta property=\"og:image:height\" content=\"1200\" \/>\n\t<meta property=\"og:image:type\" content=\"image\/jpeg\" \/>\n<meta name=\"twitter:card\" content=\"summary_large_image\" \/>\n<script type=\"application\/ld+json\" class=\"yoast-schema-graph\">{\"@context\":\"https:\/\/schema.org\",\"@graph\":[{\"@type\":\"WebPage\",\"@id\":\"https:\/\/shop.huppa.eu\/lt\/product\/vivian-200g-12\/\",\"url\":\"https:\/\/shop.huppa.eu\/lt\/product\/vivian-200g-12\/\",\"name\":\"Mergai\u010di\u0173 \u017eiemin\u0117 parka VIVIAN (200g) - Huppa LT\",\"isPartOf\":{\"@id\":\"https:\/\/shop.huppa.eu\/lt\/#website\"},\"primaryImageOfPage\":{\"@id\":\"https:\/\/shop.huppa.eu\/lt\/product\/vivian-200g-12\/#primaryimage\"},\"image\":{\"@id\":\"https:\/\/shop.huppa.eu\/lt\/product\/vivian-200g-12\/#primaryimage\"},\"thumbnailUrl\":\"https:\/\/huppashop-prod.s3.eu-north-1.amazonaws.com\/wp-content\/uploads\/sites\/5\/2022\/10\/12112608\/12490020-90086-VIVIANf.jpg\",\"datePublished\":\"2025-11-24T14:29:05+00:00\",\"dateModified\":\"2026-04-15T03:16:15+00:00\",\"breadcrumb\":{\"@id\":\"https:\/\/shop.huppa.eu\/lt\/product\/vivian-200g-12\/#breadcrumb\"},\"inLanguage\":\"lt-LT\",\"potentialAction\":[{\"@type\":\"ReadAction\",\"target\":[\"https:\/\/shop.huppa.eu\/lt\/product\/vivian-200g-12\/\"]}]},{\"@type\":\"ImageObject\",\"inLanguage\":\"lt-LT\",\"@id\":\"https:\/\/shop.huppa.eu\/lt\/product\/vivian-200g-12\/#primaryimage\",\"url\":\"https:\/\/huppashop-prod.s3.eu-north-1.amazonaws.com\/wp-content\/uploads\/sites\/5\/2022\/10\/12112608\/12490020-90086-VIVIANf.jpg\",\"contentUrl\":\"https:\/\/huppashop-prod.s3.eu-north-1.amazonaws.com\/wp-content\/uploads\/sites\/5\/2022\/10\/12112608\/12490020-90086-VIVIANf.jpg\",\"width\":1200,\"height\":1200},{\"@type\":\"BreadcrumbList\",\"@id\":\"https:\/\/shop.huppa.eu\/lt\/product\/vivian-200g-12\/#breadcrumb\",\"itemListElement\":[{\"@type\":\"ListItem\",\"position\":1,\"name\":\"Shop\",\"item\":\"https:\/\/shop.huppa.eu\/lt\/shop\/\"},{\"@type\":\"ListItem\",\"position\":2,\"name\":\"Mergai\u010di\u0173 \u017eiemin\u0117 parka VIVIAN (200g)\"}]},{\"@type\":\"WebSite\",\"@id\":\"https:\/\/shop.huppa.eu\/lt\/#website\",\"url\":\"https:\/\/shop.huppa.eu\/lt\/\",\"name\":\"Huppa LT\",\"description\":\"Huppa LT\",\"potentialAction\":[{\"@type\":\"SearchAction\",\"target\":{\"@type\":\"EntryPoint\",\"urlTemplate\":\"https:\/\/shop.huppa.eu\/lt\/?s={search_term_string}\"},\"query-input\":{\"@type\":\"PropertyValueSpecification\",\"valueRequired\":true,\"valueName\":\"search_term_string\"}}],\"inLanguage\":\"lt-LT\"}]}<\/script>\n<!-- \/ Yoast SEO plugin. -->","yoast_head_json":{"title":"Mergai\u010di\u0173 \u017eiemin\u0117 parka VIVIAN (200g) - Huppa LT","robots":{"index":"index","follow":"follow","max-snippet":"max-snippet:-1","max-image-preview":"max-image-preview:large","max-video-preview":"max-video-preview:-1"},"canonical":"https:\/\/shop.huppa.eu\/lt\/product\/vivian-200g-12\/","og_locale":"lt_LT","og_type":"article","og_title":"Mergai\u010di\u0173 \u017eiemin\u0117 parka VIVIAN (200g) - Huppa LT","og_description":"Vaik\u0173 neper\u0161lampama ir v\u0117jui atspari \u017eiemos parka. Kv\u0117puojantis audinys. Mink\u0161tas audinys viduje. Dirbtinio avies kailio pamu\u0161alas nugaros vir\u0161uje ir kapi\u0161ono viduje. Reguliuojamas kapi\u0161onas. Riev\u0117ti man\u017eetai rankogaliuose. Dvikryptis u\u017etrauktukas u\u017edengiamas atlenkiamu kr\u016bmpli\u0173 klostuku priekyje. Magnetinis u\u017esegimas ki\u0161eni\u0173 klostukuose. Rai\u0161teli\u0173 tunelis su stoperiais liemenyje. Neper\u0161lampos suklijuotos si\u016bl\u0117s. Nuimamas dirbtinio kailio apvadas kapi\u0161one. At\u0161vaitai audinyje.","og_url":"https:\/\/shop.huppa.eu\/lt\/product\/vivian-200g-12\/","og_site_name":"Huppa LT","article_modified_time":"2026-04-15T03:16:15+00:00","og_image":[{"width":1200,"height":1200,"url":"https:\/\/huppashop-prod.s3.eu-north-1.amazonaws.com\/wp-content\/uploads\/sites\/5\/2022\/10\/12112608\/12490020-90086-VIVIANf.jpg","type":"image\/jpeg"}],"twitter_card":"summary_large_image","schema":{"@context":"https:\/\/schema.org","@graph":[{"@type":"WebPage","@id":"https:\/\/shop.huppa.eu\/lt\/product\/vivian-200g-12\/","url":"https:\/\/shop.huppa.eu\/lt\/product\/vivian-200g-12\/","name":"Mergai\u010di\u0173 \u017eiemin\u0117 parka VIVIAN (200g) - Huppa LT","isPartOf":{"@id":"https:\/\/shop.huppa.eu\/lt\/#website"},"primaryImageOfPage":{"@id":"https:\/\/shop.huppa.eu\/lt\/product\/vivian-200g-12\/#primaryimage"},"image":{"@id":"https:\/\/shop.huppa.eu\/lt\/product\/vivian-200g-12\/#primaryimage"},"thumbnailUrl":"https:\/\/huppashop-prod.s3.eu-north-1.amazonaws.com\/wp-content\/uploads\/sites\/5\/2022\/10\/12112608\/12490020-90086-VIVIANf.jpg","datePublished":"2025-11-24T14:29:05+00:00","dateModified":"2026-04-15T03:16:15+00:00","breadcrumb":{"@id":"https:\/\/shop.huppa.eu\/lt\/product\/vivian-200g-12\/#breadcrumb"},"inLanguage":"lt-LT","potentialAction":[{"@type":"ReadAction","target":["https:\/\/shop.huppa.eu\/lt\/product\/vivian-200g-12\/"]}]},{"@type":"ImageObject","inLanguage":"lt-LT","@id":"https:\/\/shop.huppa.eu\/lt\/product\/vivian-200g-12\/#primaryimage","url":"https:\/\/huppashop-prod.s3.eu-north-1.amazonaws.com\/wp-content\/uploads\/sites\/5\/2022\/10\/12112608\/12490020-90086-VIVIANf.jpg","contentUrl":"https:\/\/huppashop-prod.s3.eu-north-1.amazonaws.com\/wp-content\/uploads\/sites\/5\/2022\/10\/12112608\/12490020-90086-VIVIANf.jpg","width":1200,"height":1200},{"@type":"BreadcrumbList","@id":"https:\/\/shop.huppa.eu\/lt\/product\/vivian-200g-12\/#breadcrumb","itemListElement":[{"@type":"ListItem","position":1,"name":"Shop","item":"https:\/\/shop.huppa.eu\/lt\/shop\/"},{"@type":"ListItem","position":2,"name":"Mergai\u010di\u0173 \u017eiemin\u0117 parka VIVIAN (200g)"}]},{"@type":"WebSite","@id":"https:\/\/shop.huppa.eu\/lt\/#website","url":"https:\/\/shop.huppa.eu\/lt\/","name":"Huppa LT","description":"Huppa LT","potentialAction":[{"@type":"SearchAction","target":{"@type":"EntryPoint","urlTemplate":"https:\/\/shop.huppa.eu\/lt\/?s={search_term_string}"},"query-input":{"@type":"PropertyValueSpecification","valueRequired":true,"valueName":"search_term_string"}}],"inLanguage":"lt-LT"}]}},"_links":{"self":[{"href":"https:\/\/shop.huppa.eu\/lt\/wp-json\/wp\/v2\/product\/516602","targetHints":{"allow":["GET"]}}],"collection":[{"href":"https:\/\/shop.huppa.eu\/lt\/wp-json\/wp\/v2\/product"}],"about":[{"href":"https:\/\/shop.huppa.eu\/lt\/wp-json\/wp\/v2\/types\/product"}],"wp:featuredmedia":[{"embeddable":true,"href":"https:\/\/shop.huppa.eu\/lt\/wp-json\/wp\/v2\/media\/488525"}],"wp:attachment":[{"href":"https:\/\/shop.huppa.eu\/lt\/wp-json\/wp\/v2\/media?parent=516602"}],"wp:term":[{"taxonomy":"product_brand","embeddable":true,"href":"https:\/\/shop.huppa.eu\/lt\/wp-json\/wp\/v2\/product_brand?post=516602"},{"taxonomy":"product_cat","embeddable":true,"href":"https:\/\/shop.huppa.eu\/lt\/wp-json\/wp\/v2\/product_cat?post=516602"},{"taxonomy":"product_tag","embeddable":true,"href":"https:\/\/shop.huppa.eu\/lt\/wp-json\/wp\/v2\/product_tag?post=516602"}],"curies":[{"name":"wp","href":"https:\/\/api.w.org\/{rel}","templated":true}]}}