{"id":516704,"date":"2025-11-24T16:32:06","date_gmt":"2025-11-24T14:32:06","guid":{"rendered":"https:\/\/shop.huppa.eu\/lt\/product\/patrice-artificial-down-2\/"},"modified":"2026-04-16T05:16:06","modified_gmt":"2026-04-16T03:16:06","slug":"patrice-artificial-down-2","status":"publish","type":"product","link":"https:\/\/shop.huppa.eu\/lt\/product\/patrice-artificial-down-2\/","title":{"rendered":"Moter\u0173 \u017eieminis paltas PATRICE (ARTIFICIAL DOWN)"},"content":{"rendered":"<p>Vaiki\u0161ka neper\u0161lampanti ir v\u0117jui atspari dygsniuota \u017eiemos striuk\u0117. Kv\u0117puojantis audinys. Viduje mink\u0161tas pamu\u0161alas. Nuimamas kapi\u0161onas su spaud\u017eiamomis sagomis. Striuk\u0117 u\u017epildyta inovatyviu perdirbtu materialu, imituojan\u010diu plunksn\u0173 u\u017epildo savybes. Med\u017eiaga \u0161ilta, greitai d\u017ei\u016bsta ir nesusivelia po skalbimo. Puiki alternatyva nat\u016braliam plunksn\u0173 u\u017epildui. Nuimamas dirbtinis kailis ant kapi\u0161ono. Dvi ki\u0161en\u0117s su u\u017etrauktukais priekyje pir\u0161tin\u0117ms ar kitiems b\u016btiniems daiktams laikyti. \u0160vies\u0105 atspindintys elementai ant audinio.<\/p>\n","protected":false},"excerpt":{"rendered":"<p>Vaiki\u0161ka neper\u0161lampanti ir v\u0117jui atspari dygsniuota \u017eiemos striuk\u0117. Kv\u0117puojantis audinys. Viduje mink\u0161tas pamu\u0161alas. Nuimamas kapi\u0161onas su spaud\u017eiamomis sagomis. Striuk\u0117 u\u017epildyta inovatyviu perdirbtu materialu, imituojan\u010diu plunksn\u0173 u\u017epildo savybes. Med\u017eiaga \u0161ilta, greitai d\u017ei\u016bsta ir nesusivelia po skalbimo. Puiki alternatyva nat\u016braliam plunksn\u0173 u\u017epildui. Nuimamas dirbtinis kailis ant kapi\u0161ono. Dvi ki\u0161en\u0117s su u\u017etrauktukais priekyje pir\u0161tin\u0117ms ar kitiems b\u016btiniems daiktams [&hellip;]<\/p>\n","protected":false},"featured_media":516709,"template":"","meta":{"_acf_changed":false},"product_brand":[],"product_cat":[102,133,134,116,19],"product_tag":[],"class_list":{"0":"post-516704","1":"product","2":"type-product","3":"status-publish","4":"has-post-thumbnail","6":"product_cat-mergaiciu","7":"product_cat-paltai-vaikai","8":"product_cat-paltai-mergaiciu","9":"product_cat-paltai","10":"product_cat-vaikai","11":"pa_amzius-vaikai","12":"pa_atsparumas-vandeniui-5000mm","13":"pa_dydis-97","14":"pa_dydis-98","15":"pa_dydis-100","16":"pa_dydis-101","17":"pa_izoliacijos-svoris-artificial-down","18":"pa_kolekcija-nr-w19-20","19":"pa_kolekcijos-dalis-down","20":"pa_lytis-mergaiciu","21":"pa_oro-pralaidumas-5000g-m-24h","22":"pa_prekes-artikulas-12520055-90086","23":"pa_uzpildas-artificial-down","25":"first","26":"instock","27":"sale","28":"taxable","29":"shipping-taxable","30":"purchasable","31":"product-type-variable"},"acf":[],"yoast_head":"<!-- This site is optimized with the Yoast SEO plugin v26.8 - https:\/\/yoast.com\/product\/yoast-seo-wordpress\/ -->\n<title>Moter\u0173 \u017eieminis paltas PATRICE (ARTIFICIAL DOWN) - Huppa LT<\/title>\n<meta name=\"robots\" content=\"index, follow, max-snippet:-1, max-image-preview:large, max-video-preview:-1\" \/>\n<link rel=\"canonical\" href=\"https:\/\/shop.huppa.eu\/lt\/product\/patrice-artificial-down-2\/\" \/>\n<meta property=\"og:locale\" content=\"lt_LT\" \/>\n<meta property=\"og:type\" content=\"article\" \/>\n<meta property=\"og:title\" content=\"Moter\u0173 \u017eieminis paltas PATRICE (ARTIFICIAL DOWN) - Huppa LT\" \/>\n<meta property=\"og:description\" content=\"Vaiki\u0161ka neper\u0161lampanti ir v\u0117jui atspari dygsniuota \u017eiemos striuk\u0117. Kv\u0117puojantis audinys. Viduje mink\u0161tas pamu\u0161alas. Nuimamas kapi\u0161onas su spaud\u017eiamomis sagomis. Striuk\u0117 u\u017epildyta inovatyviu perdirbtu materialu, imituojan\u010diu plunksn\u0173 u\u017epildo savybes. Med\u017eiaga \u0161ilta, greitai d\u017ei\u016bsta ir nesusivelia po skalbimo. Puiki alternatyva nat\u016braliam plunksn\u0173 u\u017epildui. Nuimamas dirbtinis kailis ant kapi\u0161ono. Dvi ki\u0161en\u0117s su u\u017etrauktukais priekyje pir\u0161tin\u0117ms ar kitiems b\u016btiniems daiktams [&hellip;]\" \/>\n<meta property=\"og:url\" content=\"https:\/\/shop.huppa.eu\/lt\/product\/patrice-artificial-down-2\/\" \/>\n<meta property=\"og:site_name\" content=\"Huppa LT\" \/>\n<meta property=\"article:modified_time\" content=\"2026-04-16T03:16:06+00:00\" \/>\n<meta property=\"og:image\" content=\"https:\/\/huppashop-prod.s3.eu-north-1.amazonaws.com\/wp-content\/uploads\/sites\/5\/2025\/11\/24163209\/12520055-90086-PATRICE_f.jpg\" \/>\n\t<meta property=\"og:image:width\" content=\"1200\" \/>\n\t<meta property=\"og:image:height\" content=\"1200\" \/>\n\t<meta property=\"og:image:type\" content=\"image\/jpeg\" \/>\n<meta name=\"twitter:card\" content=\"summary_large_image\" \/>\n<script type=\"application\/ld+json\" class=\"yoast-schema-graph\">{\"@context\":\"https:\/\/schema.org\",\"@graph\":[{\"@type\":\"WebPage\",\"@id\":\"https:\/\/shop.huppa.eu\/lt\/product\/patrice-artificial-down-2\/\",\"url\":\"https:\/\/shop.huppa.eu\/lt\/product\/patrice-artificial-down-2\/\",\"name\":\"Moter\u0173 \u017eieminis paltas PATRICE (ARTIFICIAL DOWN) - Huppa LT\",\"isPartOf\":{\"@id\":\"https:\/\/shop.huppa.eu\/lt\/#website\"},\"primaryImageOfPage\":{\"@id\":\"https:\/\/shop.huppa.eu\/lt\/product\/patrice-artificial-down-2\/#primaryimage\"},\"image\":{\"@id\":\"https:\/\/shop.huppa.eu\/lt\/product\/patrice-artificial-down-2\/#primaryimage\"},\"thumbnailUrl\":\"https:\/\/huppashop-prod.s3.eu-north-1.amazonaws.com\/wp-content\/uploads\/sites\/5\/2025\/11\/24163209\/12520055-90086-PATRICE_f.jpg\",\"datePublished\":\"2025-11-24T14:32:06+00:00\",\"dateModified\":\"2026-04-16T03:16:06+00:00\",\"breadcrumb\":{\"@id\":\"https:\/\/shop.huppa.eu\/lt\/product\/patrice-artificial-down-2\/#breadcrumb\"},\"inLanguage\":\"lt-LT\",\"potentialAction\":[{\"@type\":\"ReadAction\",\"target\":[\"https:\/\/shop.huppa.eu\/lt\/product\/patrice-artificial-down-2\/\"]}]},{\"@type\":\"ImageObject\",\"inLanguage\":\"lt-LT\",\"@id\":\"https:\/\/shop.huppa.eu\/lt\/product\/patrice-artificial-down-2\/#primaryimage\",\"url\":\"https:\/\/huppashop-prod.s3.eu-north-1.amazonaws.com\/wp-content\/uploads\/sites\/5\/2025\/11\/24163209\/12520055-90086-PATRICE_f.jpg\",\"contentUrl\":\"https:\/\/huppashop-prod.s3.eu-north-1.amazonaws.com\/wp-content\/uploads\/sites\/5\/2025\/11\/24163209\/12520055-90086-PATRICE_f.jpg\",\"width\":1200,\"height\":1200},{\"@type\":\"BreadcrumbList\",\"@id\":\"https:\/\/shop.huppa.eu\/lt\/product\/patrice-artificial-down-2\/#breadcrumb\",\"itemListElement\":[{\"@type\":\"ListItem\",\"position\":1,\"name\":\"Shop\",\"item\":\"https:\/\/shop.huppa.eu\/lt\/shop\/\"},{\"@type\":\"ListItem\",\"position\":2,\"name\":\"Moter\u0173 \u017eieminis paltas PATRICE (ARTIFICIAL DOWN)\"}]},{\"@type\":\"WebSite\",\"@id\":\"https:\/\/shop.huppa.eu\/lt\/#website\",\"url\":\"https:\/\/shop.huppa.eu\/lt\/\",\"name\":\"Huppa LT\",\"description\":\"Huppa LT\",\"potentialAction\":[{\"@type\":\"SearchAction\",\"target\":{\"@type\":\"EntryPoint\",\"urlTemplate\":\"https:\/\/shop.huppa.eu\/lt\/?s={search_term_string}\"},\"query-input\":{\"@type\":\"PropertyValueSpecification\",\"valueRequired\":true,\"valueName\":\"search_term_string\"}}],\"inLanguage\":\"lt-LT\"}]}<\/script>\n<!-- \/ Yoast SEO plugin. -->","yoast_head_json":{"title":"Moter\u0173 \u017eieminis paltas PATRICE (ARTIFICIAL DOWN) - Huppa LT","robots":{"index":"index","follow":"follow","max-snippet":"max-snippet:-1","max-image-preview":"max-image-preview:large","max-video-preview":"max-video-preview:-1"},"canonical":"https:\/\/shop.huppa.eu\/lt\/product\/patrice-artificial-down-2\/","og_locale":"lt_LT","og_type":"article","og_title":"Moter\u0173 \u017eieminis paltas PATRICE (ARTIFICIAL DOWN) - Huppa LT","og_description":"Vaiki\u0161ka neper\u0161lampanti ir v\u0117jui atspari dygsniuota \u017eiemos striuk\u0117. Kv\u0117puojantis audinys. Viduje mink\u0161tas pamu\u0161alas. Nuimamas kapi\u0161onas su spaud\u017eiamomis sagomis. Striuk\u0117 u\u017epildyta inovatyviu perdirbtu materialu, imituojan\u010diu plunksn\u0173 u\u017epildo savybes. Med\u017eiaga \u0161ilta, greitai d\u017ei\u016bsta ir nesusivelia po skalbimo. Puiki alternatyva nat\u016braliam plunksn\u0173 u\u017epildui. Nuimamas dirbtinis kailis ant kapi\u0161ono. Dvi ki\u0161en\u0117s su u\u017etrauktukais priekyje pir\u0161tin\u0117ms ar kitiems b\u016btiniems daiktams [&hellip;]","og_url":"https:\/\/shop.huppa.eu\/lt\/product\/patrice-artificial-down-2\/","og_site_name":"Huppa LT","article_modified_time":"2026-04-16T03:16:06+00:00","og_image":[{"width":1200,"height":1200,"url":"https:\/\/huppashop-prod.s3.eu-north-1.amazonaws.com\/wp-content\/uploads\/sites\/5\/2025\/11\/24163209\/12520055-90086-PATRICE_f.jpg","type":"image\/jpeg"}],"twitter_card":"summary_large_image","schema":{"@context":"https:\/\/schema.org","@graph":[{"@type":"WebPage","@id":"https:\/\/shop.huppa.eu\/lt\/product\/patrice-artificial-down-2\/","url":"https:\/\/shop.huppa.eu\/lt\/product\/patrice-artificial-down-2\/","name":"Moter\u0173 \u017eieminis paltas PATRICE (ARTIFICIAL DOWN) - Huppa LT","isPartOf":{"@id":"https:\/\/shop.huppa.eu\/lt\/#website"},"primaryImageOfPage":{"@id":"https:\/\/shop.huppa.eu\/lt\/product\/patrice-artificial-down-2\/#primaryimage"},"image":{"@id":"https:\/\/shop.huppa.eu\/lt\/product\/patrice-artificial-down-2\/#primaryimage"},"thumbnailUrl":"https:\/\/huppashop-prod.s3.eu-north-1.amazonaws.com\/wp-content\/uploads\/sites\/5\/2025\/11\/24163209\/12520055-90086-PATRICE_f.jpg","datePublished":"2025-11-24T14:32:06+00:00","dateModified":"2026-04-16T03:16:06+00:00","breadcrumb":{"@id":"https:\/\/shop.huppa.eu\/lt\/product\/patrice-artificial-down-2\/#breadcrumb"},"inLanguage":"lt-LT","potentialAction":[{"@type":"ReadAction","target":["https:\/\/shop.huppa.eu\/lt\/product\/patrice-artificial-down-2\/"]}]},{"@type":"ImageObject","inLanguage":"lt-LT","@id":"https:\/\/shop.huppa.eu\/lt\/product\/patrice-artificial-down-2\/#primaryimage","url":"https:\/\/huppashop-prod.s3.eu-north-1.amazonaws.com\/wp-content\/uploads\/sites\/5\/2025\/11\/24163209\/12520055-90086-PATRICE_f.jpg","contentUrl":"https:\/\/huppashop-prod.s3.eu-north-1.amazonaws.com\/wp-content\/uploads\/sites\/5\/2025\/11\/24163209\/12520055-90086-PATRICE_f.jpg","width":1200,"height":1200},{"@type":"BreadcrumbList","@id":"https:\/\/shop.huppa.eu\/lt\/product\/patrice-artificial-down-2\/#breadcrumb","itemListElement":[{"@type":"ListItem","position":1,"name":"Shop","item":"https:\/\/shop.huppa.eu\/lt\/shop\/"},{"@type":"ListItem","position":2,"name":"Moter\u0173 \u017eieminis paltas PATRICE (ARTIFICIAL DOWN)"}]},{"@type":"WebSite","@id":"https:\/\/shop.huppa.eu\/lt\/#website","url":"https:\/\/shop.huppa.eu\/lt\/","name":"Huppa LT","description":"Huppa LT","potentialAction":[{"@type":"SearchAction","target":{"@type":"EntryPoint","urlTemplate":"https:\/\/shop.huppa.eu\/lt\/?s={search_term_string}"},"query-input":{"@type":"PropertyValueSpecification","valueRequired":true,"valueName":"search_term_string"}}],"inLanguage":"lt-LT"}]}},"_links":{"self":[{"href":"https:\/\/shop.huppa.eu\/lt\/wp-json\/wp\/v2\/product\/516704","targetHints":{"allow":["GET"]}}],"collection":[{"href":"https:\/\/shop.huppa.eu\/lt\/wp-json\/wp\/v2\/product"}],"about":[{"href":"https:\/\/shop.huppa.eu\/lt\/wp-json\/wp\/v2\/types\/product"}],"wp:featuredmedia":[{"embeddable":true,"href":"https:\/\/shop.huppa.eu\/lt\/wp-json\/wp\/v2\/media\/516709"}],"wp:attachment":[{"href":"https:\/\/shop.huppa.eu\/lt\/wp-json\/wp\/v2\/media?parent=516704"}],"wp:term":[{"taxonomy":"product_brand","embeddable":true,"href":"https:\/\/shop.huppa.eu\/lt\/wp-json\/wp\/v2\/product_brand?post=516704"},{"taxonomy":"product_cat","embeddable":true,"href":"https:\/\/shop.huppa.eu\/lt\/wp-json\/wp\/v2\/product_cat?post=516704"},{"taxonomy":"product_tag","embeddable":true,"href":"https:\/\/shop.huppa.eu\/lt\/wp-json\/wp\/v2\/product_tag?post=516704"}],"curies":[{"name":"wp","href":"https:\/\/api.w.org\/{rel}","templated":true}]}}