{"id":516766,"date":"2025-11-24T16:33:34","date_gmt":"2025-11-24T14:33:34","guid":{"rendered":"https:\/\/shop.huppa.eu\/lt\/product\/yessica-down-7\/"},"modified":"2026-04-16T05:16:10","modified_gmt":"2026-04-16T03:16:10","slug":"yessica-down-7","status":"publish","type":"product","link":"https:\/\/shop.huppa.eu\/lt\/product\/yessica-down-7\/","title":{"rendered":"Women\u00b4s winter coat YESSICA (DOWN)"},"content":{"rendered":"<p>V\u0117jo ir vandens nepraleid\u017eiantis p\u016bkinis paltas  moterims. I\u0161orinis audinys yra mink\u0161tas, u\u017epildas &#8211; p\u016bkai ir plunksnos. Palto vidus pagamintas i\u0161 taftos pamu\u0161alo. Vidiniai rankogaliai rankov\u0117se i\u0161laiko \u0161ilum\u0105 ir sausum\u0105. \u0160vies\u0105 atspindin\u010dios detal\u0117s ant i\u0161orinio audinio. Nuimamas gobtuvas pritvirtinamas prie apykakl\u0117s spaud\u0117mis, nat\u016bralaus kailio kra\u0161tas taip pat nuimamas.<\/p>\n","protected":false},"excerpt":{"rendered":"<p>V\u0117jo ir vandens nepraleid\u017eiantis p\u016bkinis paltas moterims. I\u0161orinis audinys yra mink\u0161tas, u\u017epildas &#8211; p\u016bkai ir plunksnos. Palto vidus pagamintas i\u0161 taftos pamu\u0161alo. Vidiniai rankogaliai rankov\u0117se i\u0161laiko \u0161ilum\u0105 ir sausum\u0105. \u0160vies\u0105 atspindin\u010dios detal\u0117s ant i\u0161orinio audinio. Nuimamas gobtuvas pritvirtinamas prie apykakl\u0117s spaud\u0117mis, nat\u016bralaus kailio kra\u0161tas taip pat nuimamas.<\/p>\n","protected":false},"featured_media":420287,"template":"","meta":{"_acf_changed":false},"product_brand":[],"product_cat":[18,129,130,116,128],"product_tag":[],"class_list":{"0":"post-516766","1":"product","2":"type-product","3":"status-publish","4":"has-post-thumbnail","6":"product_cat-moterys","7":"product_cat-paltai-suaugusieji","8":"product_cat-paltai-moterys","9":"product_cat-paltai","10":"product_cat-suaugusieji","11":"pa_amzius-suaugusieji","12":"pa_atsparumas-vandeniui-5000mm","13":"pa_dydis-xs","14":"pa_izoliacijos-svoris-down","15":"pa_kolekcija-nr-w22-23","16":"pa_kolekcijos-dalis-down","17":"pa_lytis-moterys","18":"pa_oro-pralaidumas-5000g-m-24h","19":"pa_prekes-artikulas-12548055-00086","20":"pa_rastuota-vienspalvis","21":"pa_sezonas-ziema","22":"pa_uzpildas-down","24":"first","25":"instock","26":"sale","27":"taxable","28":"shipping-taxable","29":"purchasable","30":"product-type-variable"},"acf":[],"yoast_head":"<!-- This site is optimized with the Yoast SEO plugin v26.8 - https:\/\/yoast.com\/product\/yoast-seo-wordpress\/ -->\n<title>Women\u00b4s winter coat YESSICA (DOWN) - Huppa LT<\/title>\n<meta name=\"robots\" content=\"index, follow, max-snippet:-1, max-image-preview:large, max-video-preview:-1\" \/>\n<link rel=\"canonical\" href=\"https:\/\/shop.huppa.eu\/lt\/product\/yessica-down-7\/\" \/>\n<meta property=\"og:locale\" content=\"lt_LT\" \/>\n<meta property=\"og:type\" content=\"article\" \/>\n<meta property=\"og:title\" content=\"Women\u00b4s winter coat YESSICA (DOWN) - Huppa LT\" \/>\n<meta property=\"og:description\" content=\"V\u0117jo ir vandens nepraleid\u017eiantis p\u016bkinis paltas moterims. I\u0161orinis audinys yra mink\u0161tas, u\u017epildas &#8211; p\u016bkai ir plunksnos. Palto vidus pagamintas i\u0161 taftos pamu\u0161alo. Vidiniai rankogaliai rankov\u0117se i\u0161laiko \u0161ilum\u0105 ir sausum\u0105. \u0160vies\u0105 atspindin\u010dios detal\u0117s ant i\u0161orinio audinio. Nuimamas gobtuvas pritvirtinamas prie apykakl\u0117s spaud\u0117mis, nat\u016bralaus kailio kra\u0161tas taip pat nuimamas.\" \/>\n<meta property=\"og:url\" content=\"https:\/\/shop.huppa.eu\/lt\/product\/yessica-down-7\/\" \/>\n<meta property=\"og:site_name\" content=\"Huppa LT\" \/>\n<meta property=\"article:modified_time\" content=\"2026-04-16T03:16:10+00:00\" \/>\n<meta property=\"og:image\" content=\"https:\/\/huppashop-prod.s3.eu-north-1.amazonaws.com\/wp-content\/uploads\/sites\/3\/2021\/06\/02234954\/12548055-00086-YESSICA_f.jpg\" \/>\n\t<meta property=\"og:image:width\" content=\"1200\" \/>\n\t<meta property=\"og:image:height\" content=\"1200\" \/>\n\t<meta property=\"og:image:type\" content=\"image\/jpeg\" \/>\n<meta name=\"twitter:card\" content=\"summary_large_image\" \/>\n<script type=\"application\/ld+json\" class=\"yoast-schema-graph\">{\"@context\":\"https:\/\/schema.org\",\"@graph\":[{\"@type\":\"WebPage\",\"@id\":\"https:\/\/shop.huppa.eu\/lt\/product\/yessica-down-7\/\",\"url\":\"https:\/\/shop.huppa.eu\/lt\/product\/yessica-down-7\/\",\"name\":\"Women\u00b4s winter coat YESSICA (DOWN) - Huppa LT\",\"isPartOf\":{\"@id\":\"https:\/\/shop.huppa.eu\/lt\/#website\"},\"primaryImageOfPage\":{\"@id\":\"https:\/\/shop.huppa.eu\/lt\/product\/yessica-down-7\/#primaryimage\"},\"image\":{\"@id\":\"https:\/\/shop.huppa.eu\/lt\/product\/yessica-down-7\/#primaryimage\"},\"thumbnailUrl\":\"https:\/\/huppashop-prod.s3.eu-north-1.amazonaws.com\/wp-content\/uploads\/sites\/3\/2021\/06\/02234954\/12548055-00086-YESSICA_f.jpg\",\"datePublished\":\"2025-11-24T14:33:34+00:00\",\"dateModified\":\"2026-04-16T03:16:10+00:00\",\"breadcrumb\":{\"@id\":\"https:\/\/shop.huppa.eu\/lt\/product\/yessica-down-7\/#breadcrumb\"},\"inLanguage\":\"lt-LT\",\"potentialAction\":[{\"@type\":\"ReadAction\",\"target\":[\"https:\/\/shop.huppa.eu\/lt\/product\/yessica-down-7\/\"]}]},{\"@type\":\"ImageObject\",\"inLanguage\":\"lt-LT\",\"@id\":\"https:\/\/shop.huppa.eu\/lt\/product\/yessica-down-7\/#primaryimage\",\"url\":\"https:\/\/huppashop-prod.s3.eu-north-1.amazonaws.com\/wp-content\/uploads\/sites\/3\/2021\/06\/02234954\/12548055-00086-YESSICA_f.jpg\",\"contentUrl\":\"https:\/\/huppashop-prod.s3.eu-north-1.amazonaws.com\/wp-content\/uploads\/sites\/3\/2021\/06\/02234954\/12548055-00086-YESSICA_f.jpg\",\"width\":1200,\"height\":1200},{\"@type\":\"BreadcrumbList\",\"@id\":\"https:\/\/shop.huppa.eu\/lt\/product\/yessica-down-7\/#breadcrumb\",\"itemListElement\":[{\"@type\":\"ListItem\",\"position\":1,\"name\":\"Shop\",\"item\":\"https:\/\/shop.huppa.eu\/lt\/shop\/\"},{\"@type\":\"ListItem\",\"position\":2,\"name\":\"Women\u00b4s winter coat YESSICA (DOWN)\"}]},{\"@type\":\"WebSite\",\"@id\":\"https:\/\/shop.huppa.eu\/lt\/#website\",\"url\":\"https:\/\/shop.huppa.eu\/lt\/\",\"name\":\"Huppa LT\",\"description\":\"Huppa LT\",\"potentialAction\":[{\"@type\":\"SearchAction\",\"target\":{\"@type\":\"EntryPoint\",\"urlTemplate\":\"https:\/\/shop.huppa.eu\/lt\/?s={search_term_string}\"},\"query-input\":{\"@type\":\"PropertyValueSpecification\",\"valueRequired\":true,\"valueName\":\"search_term_string\"}}],\"inLanguage\":\"lt-LT\"}]}<\/script>\n<!-- \/ Yoast SEO plugin. -->","yoast_head_json":{"title":"Women\u00b4s winter coat YESSICA (DOWN) - Huppa LT","robots":{"index":"index","follow":"follow","max-snippet":"max-snippet:-1","max-image-preview":"max-image-preview:large","max-video-preview":"max-video-preview:-1"},"canonical":"https:\/\/shop.huppa.eu\/lt\/product\/yessica-down-7\/","og_locale":"lt_LT","og_type":"article","og_title":"Women\u00b4s winter coat YESSICA (DOWN) - Huppa LT","og_description":"V\u0117jo ir vandens nepraleid\u017eiantis p\u016bkinis paltas moterims. I\u0161orinis audinys yra mink\u0161tas, u\u017epildas &#8211; p\u016bkai ir plunksnos. Palto vidus pagamintas i\u0161 taftos pamu\u0161alo. Vidiniai rankogaliai rankov\u0117se i\u0161laiko \u0161ilum\u0105 ir sausum\u0105. \u0160vies\u0105 atspindin\u010dios detal\u0117s ant i\u0161orinio audinio. Nuimamas gobtuvas pritvirtinamas prie apykakl\u0117s spaud\u0117mis, nat\u016bralaus kailio kra\u0161tas taip pat nuimamas.","og_url":"https:\/\/shop.huppa.eu\/lt\/product\/yessica-down-7\/","og_site_name":"Huppa LT","article_modified_time":"2026-04-16T03:16:10+00:00","og_image":[{"width":1200,"height":1200,"url":"https:\/\/huppashop-prod.s3.eu-north-1.amazonaws.com\/wp-content\/uploads\/sites\/3\/2021\/06\/02234954\/12548055-00086-YESSICA_f.jpg","type":"image\/jpeg"}],"twitter_card":"summary_large_image","schema":{"@context":"https:\/\/schema.org","@graph":[{"@type":"WebPage","@id":"https:\/\/shop.huppa.eu\/lt\/product\/yessica-down-7\/","url":"https:\/\/shop.huppa.eu\/lt\/product\/yessica-down-7\/","name":"Women\u00b4s winter coat YESSICA (DOWN) - Huppa LT","isPartOf":{"@id":"https:\/\/shop.huppa.eu\/lt\/#website"},"primaryImageOfPage":{"@id":"https:\/\/shop.huppa.eu\/lt\/product\/yessica-down-7\/#primaryimage"},"image":{"@id":"https:\/\/shop.huppa.eu\/lt\/product\/yessica-down-7\/#primaryimage"},"thumbnailUrl":"https:\/\/huppashop-prod.s3.eu-north-1.amazonaws.com\/wp-content\/uploads\/sites\/3\/2021\/06\/02234954\/12548055-00086-YESSICA_f.jpg","datePublished":"2025-11-24T14:33:34+00:00","dateModified":"2026-04-16T03:16:10+00:00","breadcrumb":{"@id":"https:\/\/shop.huppa.eu\/lt\/product\/yessica-down-7\/#breadcrumb"},"inLanguage":"lt-LT","potentialAction":[{"@type":"ReadAction","target":["https:\/\/shop.huppa.eu\/lt\/product\/yessica-down-7\/"]}]},{"@type":"ImageObject","inLanguage":"lt-LT","@id":"https:\/\/shop.huppa.eu\/lt\/product\/yessica-down-7\/#primaryimage","url":"https:\/\/huppashop-prod.s3.eu-north-1.amazonaws.com\/wp-content\/uploads\/sites\/3\/2021\/06\/02234954\/12548055-00086-YESSICA_f.jpg","contentUrl":"https:\/\/huppashop-prod.s3.eu-north-1.amazonaws.com\/wp-content\/uploads\/sites\/3\/2021\/06\/02234954\/12548055-00086-YESSICA_f.jpg","width":1200,"height":1200},{"@type":"BreadcrumbList","@id":"https:\/\/shop.huppa.eu\/lt\/product\/yessica-down-7\/#breadcrumb","itemListElement":[{"@type":"ListItem","position":1,"name":"Shop","item":"https:\/\/shop.huppa.eu\/lt\/shop\/"},{"@type":"ListItem","position":2,"name":"Women\u00b4s winter coat YESSICA (DOWN)"}]},{"@type":"WebSite","@id":"https:\/\/shop.huppa.eu\/lt\/#website","url":"https:\/\/shop.huppa.eu\/lt\/","name":"Huppa LT","description":"Huppa LT","potentialAction":[{"@type":"SearchAction","target":{"@type":"EntryPoint","urlTemplate":"https:\/\/shop.huppa.eu\/lt\/?s={search_term_string}"},"query-input":{"@type":"PropertyValueSpecification","valueRequired":true,"valueName":"search_term_string"}}],"inLanguage":"lt-LT"}]}},"_links":{"self":[{"href":"https:\/\/shop.huppa.eu\/lt\/wp-json\/wp\/v2\/product\/516766","targetHints":{"allow":["GET"]}}],"collection":[{"href":"https:\/\/shop.huppa.eu\/lt\/wp-json\/wp\/v2\/product"}],"about":[{"href":"https:\/\/shop.huppa.eu\/lt\/wp-json\/wp\/v2\/types\/product"}],"wp:featuredmedia":[{"embeddable":true,"href":"https:\/\/shop.huppa.eu\/lt\/wp-json\/wp\/v2\/media\/420287"}],"wp:attachment":[{"href":"https:\/\/shop.huppa.eu\/lt\/wp-json\/wp\/v2\/media?parent=516766"}],"wp:term":[{"taxonomy":"product_brand","embeddable":true,"href":"https:\/\/shop.huppa.eu\/lt\/wp-json\/wp\/v2\/product_brand?post=516766"},{"taxonomy":"product_cat","embeddable":true,"href":"https:\/\/shop.huppa.eu\/lt\/wp-json\/wp\/v2\/product_cat?post=516766"},{"taxonomy":"product_tag","embeddable":true,"href":"https:\/\/shop.huppa.eu\/lt\/wp-json\/wp\/v2\/product_tag?post=516766"}],"curies":[{"name":"wp","href":"https:\/\/api.w.org\/{rel}","templated":true}]}}