{"id":516774,"date":"2025-11-24T16:33:41","date_gmt":"2025-11-24T14:33:41","guid":{"rendered":"https:\/\/shop.huppa.eu\/lt\/product\/hedda-down\/"},"modified":"2026-04-16T05:16:10","modified_gmt":"2026-04-16T03:16:10","slug":"hedda-down","status":"publish","type":"product","link":"https:\/\/shop.huppa.eu\/lt\/product\/hedda-down\/","title":{"rendered":"Moter\u0173 \u017eieminis paltas HEDDA (DOWN)"},"content":{"rendered":"<p>\u0160iuolaikinis moter\u0173 neper\u0161lampantis ir v\u0117jui atsparus p\u016bkinis paltas. Kv\u0117puojantis audinys. Viduje mink\u0161tas pamu\u0161alas. P\u016bk\u0173 ir plunksn\u0173 u\u017epildas. Kapi\u0161onas paslepiamas apykakl\u0117je. Elastin\u0117s rankov\u0117s rankovi\u0173 galuose. Dvipusis u\u017etrauktukas su spaud\u017eiam\u0173 sag\u0173 dangteliu priekyje. \u0160onin\u0117s ki\u0161en\u0117s. \u0160vies\u0105 atspindintis logotipas ant rankov\u0117s.<\/p>\n","protected":false},"excerpt":{"rendered":"<p>\u0160iuolaikinis moter\u0173 neper\u0161lampantis ir v\u0117jui atsparus p\u016bkinis paltas. Kv\u0117puojantis audinys. Viduje mink\u0161tas pamu\u0161alas. P\u016bk\u0173 ir plunksn\u0173 u\u017epildas. Kapi\u0161onas paslepiamas apykakl\u0117je. Elastin\u0117s rankov\u0117s rankovi\u0173 galuose. Dvipusis u\u017etrauktukas su spaud\u017eiam\u0173 sag\u0173 dangteliu priekyje. \u0160onin\u0117s ki\u0161en\u0117s. \u0160vies\u0105 atspindintis logotipas ant rankov\u0117s.<\/p>\n","protected":false},"featured_media":516776,"template":"","meta":{"_acf_changed":false},"product_brand":[],"product_cat":[18,129,130,116,128],"product_tag":[],"class_list":{"0":"post-516774","1":"product","2":"type-product","3":"status-publish","4":"has-post-thumbnail","6":"product_cat-moterys","7":"product_cat-paltai-suaugusieji","8":"product_cat-paltai-moterys","9":"product_cat-paltai","10":"product_cat-suaugusieji","11":"pa_amzius-suaugusieji","12":"pa_atsparumas-vandeniui-10000mm","13":"pa_dydis-xs","14":"pa_izoliacijos-svoris-down","15":"pa_kolekcija-nr-w20-21","16":"pa_kolekcijos-dalis-down","17":"pa_lytis-moterys","18":"pa_oro-pralaidumas-10000g-m-24h","19":"pa_prekes-artikulas-12558055-04234","20":"pa_uzpildas-down","22":"first","23":"instock","24":"sale","25":"taxable","26":"shipping-taxable","27":"purchasable","28":"product-type-variable"},"acf":[],"yoast_head":"<!-- This site is optimized with the Yoast SEO plugin v26.8 - https:\/\/yoast.com\/product\/yoast-seo-wordpress\/ -->\n<title>Moter\u0173 \u017eieminis paltas HEDDA (DOWN) - Huppa LT<\/title>\n<meta name=\"robots\" content=\"index, follow, max-snippet:-1, max-image-preview:large, max-video-preview:-1\" \/>\n<link rel=\"canonical\" href=\"https:\/\/shop.huppa.eu\/lt\/product\/hedda-down\/\" \/>\n<meta property=\"og:locale\" content=\"lt_LT\" \/>\n<meta property=\"og:type\" content=\"article\" \/>\n<meta property=\"og:title\" content=\"Moter\u0173 \u017eieminis paltas HEDDA (DOWN) - Huppa LT\" \/>\n<meta property=\"og:description\" content=\"\u0160iuolaikinis moter\u0173 neper\u0161lampantis ir v\u0117jui atsparus p\u016bkinis paltas. Kv\u0117puojantis audinys. Viduje mink\u0161tas pamu\u0161alas. P\u016bk\u0173 ir plunksn\u0173 u\u017epildas. Kapi\u0161onas paslepiamas apykakl\u0117je. Elastin\u0117s rankov\u0117s rankovi\u0173 galuose. Dvipusis u\u017etrauktukas su spaud\u017eiam\u0173 sag\u0173 dangteliu priekyje. \u0160onin\u0117s ki\u0161en\u0117s. \u0160vies\u0105 atspindintis logotipas ant rankov\u0117s.\" \/>\n<meta property=\"og:url\" content=\"https:\/\/shop.huppa.eu\/lt\/product\/hedda-down\/\" \/>\n<meta property=\"og:site_name\" content=\"Huppa LT\" \/>\n<meta property=\"article:modified_time\" content=\"2026-04-16T03:16:10+00:00\" \/>\n<meta property=\"og:image\" content=\"https:\/\/huppashop-prod.s3.eu-north-1.amazonaws.com\/wp-content\/uploads\/sites\/5\/2025\/11\/24163343\/12558055-04234-HEDDA_f.jpg\" \/>\n\t<meta property=\"og:image:width\" content=\"1200\" \/>\n\t<meta property=\"og:image:height\" content=\"1200\" \/>\n\t<meta property=\"og:image:type\" content=\"image\/jpeg\" \/>\n<meta name=\"twitter:card\" content=\"summary_large_image\" \/>\n<script type=\"application\/ld+json\" class=\"yoast-schema-graph\">{\"@context\":\"https:\/\/schema.org\",\"@graph\":[{\"@type\":\"WebPage\",\"@id\":\"https:\/\/shop.huppa.eu\/lt\/product\/hedda-down\/\",\"url\":\"https:\/\/shop.huppa.eu\/lt\/product\/hedda-down\/\",\"name\":\"Moter\u0173 \u017eieminis paltas HEDDA (DOWN) - Huppa LT\",\"isPartOf\":{\"@id\":\"https:\/\/shop.huppa.eu\/lt\/#website\"},\"primaryImageOfPage\":{\"@id\":\"https:\/\/shop.huppa.eu\/lt\/product\/hedda-down\/#primaryimage\"},\"image\":{\"@id\":\"https:\/\/shop.huppa.eu\/lt\/product\/hedda-down\/#primaryimage\"},\"thumbnailUrl\":\"https:\/\/huppashop-prod.s3.eu-north-1.amazonaws.com\/wp-content\/uploads\/sites\/5\/2025\/11\/24163343\/12558055-04234-HEDDA_f.jpg\",\"datePublished\":\"2025-11-24T14:33:41+00:00\",\"dateModified\":\"2026-04-16T03:16:10+00:00\",\"breadcrumb\":{\"@id\":\"https:\/\/shop.huppa.eu\/lt\/product\/hedda-down\/#breadcrumb\"},\"inLanguage\":\"lt-LT\",\"potentialAction\":[{\"@type\":\"ReadAction\",\"target\":[\"https:\/\/shop.huppa.eu\/lt\/product\/hedda-down\/\"]}]},{\"@type\":\"ImageObject\",\"inLanguage\":\"lt-LT\",\"@id\":\"https:\/\/shop.huppa.eu\/lt\/product\/hedda-down\/#primaryimage\",\"url\":\"https:\/\/huppashop-prod.s3.eu-north-1.amazonaws.com\/wp-content\/uploads\/sites\/5\/2025\/11\/24163343\/12558055-04234-HEDDA_f.jpg\",\"contentUrl\":\"https:\/\/huppashop-prod.s3.eu-north-1.amazonaws.com\/wp-content\/uploads\/sites\/5\/2025\/11\/24163343\/12558055-04234-HEDDA_f.jpg\",\"width\":1200,\"height\":1200},{\"@type\":\"BreadcrumbList\",\"@id\":\"https:\/\/shop.huppa.eu\/lt\/product\/hedda-down\/#breadcrumb\",\"itemListElement\":[{\"@type\":\"ListItem\",\"position\":1,\"name\":\"Shop\",\"item\":\"https:\/\/shop.huppa.eu\/lt\/shop\/\"},{\"@type\":\"ListItem\",\"position\":2,\"name\":\"Moter\u0173 \u017eieminis paltas HEDDA (DOWN)\"}]},{\"@type\":\"WebSite\",\"@id\":\"https:\/\/shop.huppa.eu\/lt\/#website\",\"url\":\"https:\/\/shop.huppa.eu\/lt\/\",\"name\":\"Huppa LT\",\"description\":\"Huppa LT\",\"potentialAction\":[{\"@type\":\"SearchAction\",\"target\":{\"@type\":\"EntryPoint\",\"urlTemplate\":\"https:\/\/shop.huppa.eu\/lt\/?s={search_term_string}\"},\"query-input\":{\"@type\":\"PropertyValueSpecification\",\"valueRequired\":true,\"valueName\":\"search_term_string\"}}],\"inLanguage\":\"lt-LT\"}]}<\/script>\n<!-- \/ Yoast SEO plugin. -->","yoast_head_json":{"title":"Moter\u0173 \u017eieminis paltas HEDDA (DOWN) - Huppa LT","robots":{"index":"index","follow":"follow","max-snippet":"max-snippet:-1","max-image-preview":"max-image-preview:large","max-video-preview":"max-video-preview:-1"},"canonical":"https:\/\/shop.huppa.eu\/lt\/product\/hedda-down\/","og_locale":"lt_LT","og_type":"article","og_title":"Moter\u0173 \u017eieminis paltas HEDDA (DOWN) - Huppa LT","og_description":"\u0160iuolaikinis moter\u0173 neper\u0161lampantis ir v\u0117jui atsparus p\u016bkinis paltas. Kv\u0117puojantis audinys. Viduje mink\u0161tas pamu\u0161alas. P\u016bk\u0173 ir plunksn\u0173 u\u017epildas. Kapi\u0161onas paslepiamas apykakl\u0117je. Elastin\u0117s rankov\u0117s rankovi\u0173 galuose. Dvipusis u\u017etrauktukas su spaud\u017eiam\u0173 sag\u0173 dangteliu priekyje. \u0160onin\u0117s ki\u0161en\u0117s. \u0160vies\u0105 atspindintis logotipas ant rankov\u0117s.","og_url":"https:\/\/shop.huppa.eu\/lt\/product\/hedda-down\/","og_site_name":"Huppa LT","article_modified_time":"2026-04-16T03:16:10+00:00","og_image":[{"width":1200,"height":1200,"url":"https:\/\/huppashop-prod.s3.eu-north-1.amazonaws.com\/wp-content\/uploads\/sites\/5\/2025\/11\/24163343\/12558055-04234-HEDDA_f.jpg","type":"image\/jpeg"}],"twitter_card":"summary_large_image","schema":{"@context":"https:\/\/schema.org","@graph":[{"@type":"WebPage","@id":"https:\/\/shop.huppa.eu\/lt\/product\/hedda-down\/","url":"https:\/\/shop.huppa.eu\/lt\/product\/hedda-down\/","name":"Moter\u0173 \u017eieminis paltas HEDDA (DOWN) - Huppa LT","isPartOf":{"@id":"https:\/\/shop.huppa.eu\/lt\/#website"},"primaryImageOfPage":{"@id":"https:\/\/shop.huppa.eu\/lt\/product\/hedda-down\/#primaryimage"},"image":{"@id":"https:\/\/shop.huppa.eu\/lt\/product\/hedda-down\/#primaryimage"},"thumbnailUrl":"https:\/\/huppashop-prod.s3.eu-north-1.amazonaws.com\/wp-content\/uploads\/sites\/5\/2025\/11\/24163343\/12558055-04234-HEDDA_f.jpg","datePublished":"2025-11-24T14:33:41+00:00","dateModified":"2026-04-16T03:16:10+00:00","breadcrumb":{"@id":"https:\/\/shop.huppa.eu\/lt\/product\/hedda-down\/#breadcrumb"},"inLanguage":"lt-LT","potentialAction":[{"@type":"ReadAction","target":["https:\/\/shop.huppa.eu\/lt\/product\/hedda-down\/"]}]},{"@type":"ImageObject","inLanguage":"lt-LT","@id":"https:\/\/shop.huppa.eu\/lt\/product\/hedda-down\/#primaryimage","url":"https:\/\/huppashop-prod.s3.eu-north-1.amazonaws.com\/wp-content\/uploads\/sites\/5\/2025\/11\/24163343\/12558055-04234-HEDDA_f.jpg","contentUrl":"https:\/\/huppashop-prod.s3.eu-north-1.amazonaws.com\/wp-content\/uploads\/sites\/5\/2025\/11\/24163343\/12558055-04234-HEDDA_f.jpg","width":1200,"height":1200},{"@type":"BreadcrumbList","@id":"https:\/\/shop.huppa.eu\/lt\/product\/hedda-down\/#breadcrumb","itemListElement":[{"@type":"ListItem","position":1,"name":"Shop","item":"https:\/\/shop.huppa.eu\/lt\/shop\/"},{"@type":"ListItem","position":2,"name":"Moter\u0173 \u017eieminis paltas HEDDA (DOWN)"}]},{"@type":"WebSite","@id":"https:\/\/shop.huppa.eu\/lt\/#website","url":"https:\/\/shop.huppa.eu\/lt\/","name":"Huppa LT","description":"Huppa LT","potentialAction":[{"@type":"SearchAction","target":{"@type":"EntryPoint","urlTemplate":"https:\/\/shop.huppa.eu\/lt\/?s={search_term_string}"},"query-input":{"@type":"PropertyValueSpecification","valueRequired":true,"valueName":"search_term_string"}}],"inLanguage":"lt-LT"}]}},"_links":{"self":[{"href":"https:\/\/shop.huppa.eu\/lt\/wp-json\/wp\/v2\/product\/516774","targetHints":{"allow":["GET"]}}],"collection":[{"href":"https:\/\/shop.huppa.eu\/lt\/wp-json\/wp\/v2\/product"}],"about":[{"href":"https:\/\/shop.huppa.eu\/lt\/wp-json\/wp\/v2\/types\/product"}],"wp:featuredmedia":[{"embeddable":true,"href":"https:\/\/shop.huppa.eu\/lt\/wp-json\/wp\/v2\/media\/516776"}],"wp:attachment":[{"href":"https:\/\/shop.huppa.eu\/lt\/wp-json\/wp\/v2\/media?parent=516774"}],"wp:term":[{"taxonomy":"product_brand","embeddable":true,"href":"https:\/\/shop.huppa.eu\/lt\/wp-json\/wp\/v2\/product_brand?post=516774"},{"taxonomy":"product_cat","embeddable":true,"href":"https:\/\/shop.huppa.eu\/lt\/wp-json\/wp\/v2\/product_cat?post=516774"},{"taxonomy":"product_tag","embeddable":true,"href":"https:\/\/shop.huppa.eu\/lt\/wp-json\/wp\/v2\/product_tag?post=516774"}],"curies":[{"name":"wp","href":"https:\/\/api.w.org\/{rel}","templated":true}]}}