{"id":517052,"date":"2025-11-24T16:43:18","date_gmt":"2025-11-24T14:43:18","guid":{"rendered":"https:\/\/shop.huppa.eu\/lt\/product\/celestine-3\/"},"modified":"2026-04-15T05:29:04","modified_gmt":"2026-04-15T03:29:04","slug":"celestine-3","status":"publish","type":"product","link":"https:\/\/shop.huppa.eu\/lt\/product\/celestine-3\/","title":{"rendered":"Mergai\u010di\u0173 striuk\u0117 CELESTINE"},"content":{"rendered":"<p>A quilted jacket for toddlers made of soft fabric with a thick padding for winter walks. The jacket is lined with comfortable &#8222;Coral-fleece&#8221; in the body and taffeta lining in the sleeves for easier hand slipping.  The hood, which can be removed with snaps, protects against cold wind, the elastic cuffs protect against snow, and plenty of reflective details add safety when moving around in the dark.<\/p>\n","protected":false},"excerpt":{"rendered":"<p>A quilted jacket for toddlers made of soft fabric with a thick padding for winter walks. The jacket is lined with comfortable &#8222;Coral-fleece&#8221; in the body and taffeta lining in the sleeves for easier hand slipping. The hood, which can be removed with snaps, protects against cold wind, the elastic cuffs protect against snow, and [&hellip;]<\/p>\n","protected":false},"featured_media":517054,"template":"","meta":{"_acf_changed":false},"product_brand":[],"product_cat":[102,89,103,88,19],"product_tag":[],"class_list":{"0":"post-517052","1":"product","2":"type-product","3":"status-publish","4":"has-post-thumbnail","6":"product_cat-mergaiciu","7":"product_cat-striukes-2","8":"product_cat-striukes-mergaiciu","9":"product_cat-striukes","10":"product_cat-vaikai","11":"pa_amzius-vaikai","12":"pa_atsparumas-vandeniui-5000mm","13":"pa_dydis-412","14":"pa_kolekcija-nr-w14-15","15":"pa_kolekcijos-dalis-fashion","16":"pa_lytis-mergaiciu","17":"pa_oro-pralaidumas-5000g-m-24h","18":"pa_prekes-artikulas-1710bw14-262","20":"first","21":"instock","22":"sale","23":"taxable","24":"shipping-taxable","25":"purchasable","26":"product-type-variable"},"acf":[],"yoast_head":"<!-- This site is optimized with the Yoast SEO plugin v26.8 - https:\/\/yoast.com\/product\/yoast-seo-wordpress\/ -->\n<title>Mergai\u010di\u0173 striuk\u0117 CELESTINE - Huppa LT<\/title>\n<meta name=\"robots\" content=\"index, follow, max-snippet:-1, max-image-preview:large, max-video-preview:-1\" \/>\n<link rel=\"canonical\" href=\"https:\/\/shop.huppa.eu\/lt\/product\/celestine-3\/\" \/>\n<meta property=\"og:locale\" content=\"lt_LT\" \/>\n<meta property=\"og:type\" content=\"article\" \/>\n<meta property=\"og:title\" content=\"Mergai\u010di\u0173 striuk\u0117 CELESTINE - Huppa LT\" \/>\n<meta property=\"og:description\" content=\"A quilted jacket for toddlers made of soft fabric with a thick padding for winter walks. The jacket is lined with comfortable &#8222;Coral-fleece&#8221; in the body and taffeta lining in the sleeves for easier hand slipping. The hood, which can be removed with snaps, protects against cold wind, the elastic cuffs protect against snow, and [&hellip;]\" \/>\n<meta property=\"og:url\" content=\"https:\/\/shop.huppa.eu\/lt\/product\/celestine-3\/\" \/>\n<meta property=\"og:site_name\" content=\"Huppa LT\" \/>\n<meta property=\"article:modified_time\" content=\"2026-04-15T03:29:04+00:00\" \/>\n<meta property=\"og:image\" content=\"https:\/\/huppashop-prod.s3.eu-north-1.amazonaws.com\/wp-content\/uploads\/sites\/5\/2025\/11\/24164319\/CELESTINE-1710BW14-262.jpg\" \/>\n\t<meta property=\"og:image:width\" content=\"800\" \/>\n\t<meta property=\"og:image:height\" content=\"800\" \/>\n\t<meta property=\"og:image:type\" content=\"image\/jpeg\" \/>\n<meta name=\"twitter:card\" content=\"summary_large_image\" \/>\n<script type=\"application\/ld+json\" class=\"yoast-schema-graph\">{\"@context\":\"https:\/\/schema.org\",\"@graph\":[{\"@type\":\"WebPage\",\"@id\":\"https:\/\/shop.huppa.eu\/lt\/product\/celestine-3\/\",\"url\":\"https:\/\/shop.huppa.eu\/lt\/product\/celestine-3\/\",\"name\":\"Mergai\u010di\u0173 striuk\u0117 CELESTINE - Huppa LT\",\"isPartOf\":{\"@id\":\"https:\/\/shop.huppa.eu\/lt\/#website\"},\"primaryImageOfPage\":{\"@id\":\"https:\/\/shop.huppa.eu\/lt\/product\/celestine-3\/#primaryimage\"},\"image\":{\"@id\":\"https:\/\/shop.huppa.eu\/lt\/product\/celestine-3\/#primaryimage\"},\"thumbnailUrl\":\"https:\/\/huppashop-prod.s3.eu-north-1.amazonaws.com\/wp-content\/uploads\/sites\/5\/2025\/11\/24164319\/CELESTINE-1710BW14-262.jpg\",\"datePublished\":\"2025-11-24T14:43:18+00:00\",\"dateModified\":\"2026-04-15T03:29:04+00:00\",\"breadcrumb\":{\"@id\":\"https:\/\/shop.huppa.eu\/lt\/product\/celestine-3\/#breadcrumb\"},\"inLanguage\":\"lt-LT\",\"potentialAction\":[{\"@type\":\"ReadAction\",\"target\":[\"https:\/\/shop.huppa.eu\/lt\/product\/celestine-3\/\"]}]},{\"@type\":\"ImageObject\",\"inLanguage\":\"lt-LT\",\"@id\":\"https:\/\/shop.huppa.eu\/lt\/product\/celestine-3\/#primaryimage\",\"url\":\"https:\/\/huppashop-prod.s3.eu-north-1.amazonaws.com\/wp-content\/uploads\/sites\/5\/2025\/11\/24164319\/CELESTINE-1710BW14-262.jpg\",\"contentUrl\":\"https:\/\/huppashop-prod.s3.eu-north-1.amazonaws.com\/wp-content\/uploads\/sites\/5\/2025\/11\/24164319\/CELESTINE-1710BW14-262.jpg\",\"width\":800,\"height\":800},{\"@type\":\"BreadcrumbList\",\"@id\":\"https:\/\/shop.huppa.eu\/lt\/product\/celestine-3\/#breadcrumb\",\"itemListElement\":[{\"@type\":\"ListItem\",\"position\":1,\"name\":\"Shop\",\"item\":\"https:\/\/shop.huppa.eu\/lt\/shop\/\"},{\"@type\":\"ListItem\",\"position\":2,\"name\":\"Mergai\u010di\u0173 striuk\u0117 CELESTINE\"}]},{\"@type\":\"WebSite\",\"@id\":\"https:\/\/shop.huppa.eu\/lt\/#website\",\"url\":\"https:\/\/shop.huppa.eu\/lt\/\",\"name\":\"Huppa LT\",\"description\":\"Huppa LT\",\"potentialAction\":[{\"@type\":\"SearchAction\",\"target\":{\"@type\":\"EntryPoint\",\"urlTemplate\":\"https:\/\/shop.huppa.eu\/lt\/?s={search_term_string}\"},\"query-input\":{\"@type\":\"PropertyValueSpecification\",\"valueRequired\":true,\"valueName\":\"search_term_string\"}}],\"inLanguage\":\"lt-LT\"}]}<\/script>\n<!-- \/ Yoast SEO plugin. -->","yoast_head_json":{"title":"Mergai\u010di\u0173 striuk\u0117 CELESTINE - Huppa LT","robots":{"index":"index","follow":"follow","max-snippet":"max-snippet:-1","max-image-preview":"max-image-preview:large","max-video-preview":"max-video-preview:-1"},"canonical":"https:\/\/shop.huppa.eu\/lt\/product\/celestine-3\/","og_locale":"lt_LT","og_type":"article","og_title":"Mergai\u010di\u0173 striuk\u0117 CELESTINE - Huppa LT","og_description":"A quilted jacket for toddlers made of soft fabric with a thick padding for winter walks. The jacket is lined with comfortable &#8222;Coral-fleece&#8221; in the body and taffeta lining in the sleeves for easier hand slipping. The hood, which can be removed with snaps, protects against cold wind, the elastic cuffs protect against snow, and [&hellip;]","og_url":"https:\/\/shop.huppa.eu\/lt\/product\/celestine-3\/","og_site_name":"Huppa LT","article_modified_time":"2026-04-15T03:29:04+00:00","og_image":[{"width":800,"height":800,"url":"https:\/\/huppashop-prod.s3.eu-north-1.amazonaws.com\/wp-content\/uploads\/sites\/5\/2025\/11\/24164319\/CELESTINE-1710BW14-262.jpg","type":"image\/jpeg"}],"twitter_card":"summary_large_image","schema":{"@context":"https:\/\/schema.org","@graph":[{"@type":"WebPage","@id":"https:\/\/shop.huppa.eu\/lt\/product\/celestine-3\/","url":"https:\/\/shop.huppa.eu\/lt\/product\/celestine-3\/","name":"Mergai\u010di\u0173 striuk\u0117 CELESTINE - Huppa LT","isPartOf":{"@id":"https:\/\/shop.huppa.eu\/lt\/#website"},"primaryImageOfPage":{"@id":"https:\/\/shop.huppa.eu\/lt\/product\/celestine-3\/#primaryimage"},"image":{"@id":"https:\/\/shop.huppa.eu\/lt\/product\/celestine-3\/#primaryimage"},"thumbnailUrl":"https:\/\/huppashop-prod.s3.eu-north-1.amazonaws.com\/wp-content\/uploads\/sites\/5\/2025\/11\/24164319\/CELESTINE-1710BW14-262.jpg","datePublished":"2025-11-24T14:43:18+00:00","dateModified":"2026-04-15T03:29:04+00:00","breadcrumb":{"@id":"https:\/\/shop.huppa.eu\/lt\/product\/celestine-3\/#breadcrumb"},"inLanguage":"lt-LT","potentialAction":[{"@type":"ReadAction","target":["https:\/\/shop.huppa.eu\/lt\/product\/celestine-3\/"]}]},{"@type":"ImageObject","inLanguage":"lt-LT","@id":"https:\/\/shop.huppa.eu\/lt\/product\/celestine-3\/#primaryimage","url":"https:\/\/huppashop-prod.s3.eu-north-1.amazonaws.com\/wp-content\/uploads\/sites\/5\/2025\/11\/24164319\/CELESTINE-1710BW14-262.jpg","contentUrl":"https:\/\/huppashop-prod.s3.eu-north-1.amazonaws.com\/wp-content\/uploads\/sites\/5\/2025\/11\/24164319\/CELESTINE-1710BW14-262.jpg","width":800,"height":800},{"@type":"BreadcrumbList","@id":"https:\/\/shop.huppa.eu\/lt\/product\/celestine-3\/#breadcrumb","itemListElement":[{"@type":"ListItem","position":1,"name":"Shop","item":"https:\/\/shop.huppa.eu\/lt\/shop\/"},{"@type":"ListItem","position":2,"name":"Mergai\u010di\u0173 striuk\u0117 CELESTINE"}]},{"@type":"WebSite","@id":"https:\/\/shop.huppa.eu\/lt\/#website","url":"https:\/\/shop.huppa.eu\/lt\/","name":"Huppa LT","description":"Huppa LT","potentialAction":[{"@type":"SearchAction","target":{"@type":"EntryPoint","urlTemplate":"https:\/\/shop.huppa.eu\/lt\/?s={search_term_string}"},"query-input":{"@type":"PropertyValueSpecification","valueRequired":true,"valueName":"search_term_string"}}],"inLanguage":"lt-LT"}]}},"_links":{"self":[{"href":"https:\/\/shop.huppa.eu\/lt\/wp-json\/wp\/v2\/product\/517052","targetHints":{"allow":["GET"]}}],"collection":[{"href":"https:\/\/shop.huppa.eu\/lt\/wp-json\/wp\/v2\/product"}],"about":[{"href":"https:\/\/shop.huppa.eu\/lt\/wp-json\/wp\/v2\/types\/product"}],"wp:featuredmedia":[{"embeddable":true,"href":"https:\/\/shop.huppa.eu\/lt\/wp-json\/wp\/v2\/media\/517054"}],"wp:attachment":[{"href":"https:\/\/shop.huppa.eu\/lt\/wp-json\/wp\/v2\/media?parent=517052"}],"wp:term":[{"taxonomy":"product_brand","embeddable":true,"href":"https:\/\/shop.huppa.eu\/lt\/wp-json\/wp\/v2\/product_brand?post=517052"},{"taxonomy":"product_cat","embeddable":true,"href":"https:\/\/shop.huppa.eu\/lt\/wp-json\/wp\/v2\/product_cat?post=517052"},{"taxonomy":"product_tag","embeddable":true,"href":"https:\/\/shop.huppa.eu\/lt\/wp-json\/wp\/v2\/product_tag?post=517052"}],"curies":[{"name":"wp","href":"https:\/\/api.w.org\/{rel}","templated":true}]}}