{"id":517146,"date":"2025-11-24T16:45:23","date_gmt":"2025-11-24T14:45:23","guid":{"rendered":"https:\/\/shop.huppa.eu\/lt\/product\/marinel-300g-15\/"},"modified":"2026-04-15T05:29:10","modified_gmt":"2026-04-15T03:29:10","slug":"marinel-300g-15","status":"publish","type":"product","link":"https:\/\/shop.huppa.eu\/lt\/product\/marinel-300g-15\/","title":{"rendered":"Berniuk\u0173 \u017eiemin\u0117 striuk\u0117 MARINEL (300g)"},"content":{"rendered":"<p>Vaiki\u0161ka neper\u0161lampanti ir v\u0117jui atspari striuk\u0117. Kv\u0117puojantis audinys. Viduje mink\u0161tas pamu\u0161alas. Nuimamas kapi\u0161onas su spaud\u017eiamomis sagomis. Elastin\u0117 juosta rankovi\u0173 galuose. U\u017etrauktukas su spaud\u017eiam\u0173 sag\u0173 dangteliu priekyje. Priekyje ki\u0161en\u0117s. Dirbtinis kailis ant kapi\u0161ono. \u0160vies\u0105 atspindintys elementai ant audinio.<\/p>\n","protected":false},"excerpt":{"rendered":"<p>Vaiki\u0161ka neper\u0161lampanti ir v\u0117jui atspari striuk\u0117. Kv\u0117puojantis audinys. Viduje mink\u0161tas pamu\u0161alas. Nuimamas kapi\u0161onas su spaud\u017eiamomis sagomis. Elastin\u0117 juosta rankovi\u0173 galuose. U\u017etrauktukas su spaud\u017eiam\u0173 sag\u0173 dangteliu priekyje. Priekyje ki\u0161en\u0117s. Dirbtinis kailis ant kapi\u0161ono. \u0160vies\u0105 atspindintys elementai ant audinio.<\/p>\n","protected":false},"featured_media":488772,"template":"","meta":{"_acf_changed":false},"product_brand":[],"product_cat":[90,89,91,88,19],"product_tag":[],"class_list":{"0":"post-517146","1":"product","2":"type-product","3":"status-publish","4":"has-post-thumbnail","6":"product_cat-berniuku","7":"product_cat-striukes-2","8":"product_cat-striukes-berniuku","9":"product_cat-striukes","10":"product_cat-vaikai","11":"pa_amzius-vaikai","12":"pa_atsparumas-vandeniui-10000mm","13":"pa_dydis-411","14":"pa_dydis-412","15":"pa_izoliacijos-svoris-300g","16":"pa_kolekcija-nr-w19-20","17":"pa_kolekcijos-dalis-classic","18":"pa_lytis-berniuku","19":"pa_oro-pralaidumas-10000g-m-24h","20":"pa_prekes-artikulas-17200030-92886","21":"pa_uzpildas-300g","23":"first","24":"instock","25":"sale","26":"taxable","27":"shipping-taxable","28":"purchasable","29":"product-type-variable"},"acf":[],"yoast_head":"<!-- This site is optimized with the Yoast SEO plugin v26.8 - https:\/\/yoast.com\/product\/yoast-seo-wordpress\/ -->\n<title>Berniuk\u0173 \u017eiemin\u0117 striuk\u0117 MARINEL (300g) - Huppa LT<\/title>\n<meta name=\"robots\" content=\"index, follow, max-snippet:-1, max-image-preview:large, max-video-preview:-1\" \/>\n<link rel=\"canonical\" href=\"https:\/\/shop.huppa.eu\/lt\/product\/marinel-300g-15\/\" \/>\n<meta property=\"og:locale\" content=\"lt_LT\" \/>\n<meta property=\"og:type\" content=\"article\" \/>\n<meta property=\"og:title\" content=\"Berniuk\u0173 \u017eiemin\u0117 striuk\u0117 MARINEL (300g) - Huppa LT\" \/>\n<meta property=\"og:description\" content=\"Vaiki\u0161ka neper\u0161lampanti ir v\u0117jui atspari striuk\u0117. Kv\u0117puojantis audinys. Viduje mink\u0161tas pamu\u0161alas. Nuimamas kapi\u0161onas su spaud\u017eiamomis sagomis. Elastin\u0117 juosta rankovi\u0173 galuose. U\u017etrauktukas su spaud\u017eiam\u0173 sag\u0173 dangteliu priekyje. Priekyje ki\u0161en\u0117s. Dirbtinis kailis ant kapi\u0161ono. \u0160vies\u0105 atspindintys elementai ant audinio.\" \/>\n<meta property=\"og:url\" content=\"https:\/\/shop.huppa.eu\/lt\/product\/marinel-300g-15\/\" \/>\n<meta property=\"og:site_name\" content=\"Huppa LT\" \/>\n<meta property=\"article:modified_time\" content=\"2026-04-15T03:29:10+00:00\" \/>\n<meta property=\"og:image\" content=\"https:\/\/huppashop-prod.s3.eu-north-1.amazonaws.com\/wp-content\/uploads\/sites\/5\/2022\/10\/12131159\/17200030-92886-MARINELf.jpg\" \/>\n\t<meta property=\"og:image:width\" content=\"1200\" \/>\n\t<meta property=\"og:image:height\" content=\"1200\" \/>\n\t<meta property=\"og:image:type\" content=\"image\/jpeg\" \/>\n<meta name=\"twitter:card\" content=\"summary_large_image\" \/>\n<script type=\"application\/ld+json\" class=\"yoast-schema-graph\">{\"@context\":\"https:\/\/schema.org\",\"@graph\":[{\"@type\":\"WebPage\",\"@id\":\"https:\/\/shop.huppa.eu\/lt\/product\/marinel-300g-15\/\",\"url\":\"https:\/\/shop.huppa.eu\/lt\/product\/marinel-300g-15\/\",\"name\":\"Berniuk\u0173 \u017eiemin\u0117 striuk\u0117 MARINEL (300g) - Huppa LT\",\"isPartOf\":{\"@id\":\"https:\/\/shop.huppa.eu\/lt\/#website\"},\"primaryImageOfPage\":{\"@id\":\"https:\/\/shop.huppa.eu\/lt\/product\/marinel-300g-15\/#primaryimage\"},\"image\":{\"@id\":\"https:\/\/shop.huppa.eu\/lt\/product\/marinel-300g-15\/#primaryimage\"},\"thumbnailUrl\":\"https:\/\/huppashop-prod.s3.eu-north-1.amazonaws.com\/wp-content\/uploads\/sites\/5\/2022\/10\/12131159\/17200030-92886-MARINELf.jpg\",\"datePublished\":\"2025-11-24T14:45:23+00:00\",\"dateModified\":\"2026-04-15T03:29:10+00:00\",\"breadcrumb\":{\"@id\":\"https:\/\/shop.huppa.eu\/lt\/product\/marinel-300g-15\/#breadcrumb\"},\"inLanguage\":\"lt-LT\",\"potentialAction\":[{\"@type\":\"ReadAction\",\"target\":[\"https:\/\/shop.huppa.eu\/lt\/product\/marinel-300g-15\/\"]}]},{\"@type\":\"ImageObject\",\"inLanguage\":\"lt-LT\",\"@id\":\"https:\/\/shop.huppa.eu\/lt\/product\/marinel-300g-15\/#primaryimage\",\"url\":\"https:\/\/huppashop-prod.s3.eu-north-1.amazonaws.com\/wp-content\/uploads\/sites\/5\/2022\/10\/12131159\/17200030-92886-MARINELf.jpg\",\"contentUrl\":\"https:\/\/huppashop-prod.s3.eu-north-1.amazonaws.com\/wp-content\/uploads\/sites\/5\/2022\/10\/12131159\/17200030-92886-MARINELf.jpg\",\"width\":1200,\"height\":1200},{\"@type\":\"BreadcrumbList\",\"@id\":\"https:\/\/shop.huppa.eu\/lt\/product\/marinel-300g-15\/#breadcrumb\",\"itemListElement\":[{\"@type\":\"ListItem\",\"position\":1,\"name\":\"Shop\",\"item\":\"https:\/\/shop.huppa.eu\/lt\/shop\/\"},{\"@type\":\"ListItem\",\"position\":2,\"name\":\"Berniuk\u0173 \u017eiemin\u0117 striuk\u0117 MARINEL (300g)\"}]},{\"@type\":\"WebSite\",\"@id\":\"https:\/\/shop.huppa.eu\/lt\/#website\",\"url\":\"https:\/\/shop.huppa.eu\/lt\/\",\"name\":\"Huppa LT\",\"description\":\"Huppa LT\",\"potentialAction\":[{\"@type\":\"SearchAction\",\"target\":{\"@type\":\"EntryPoint\",\"urlTemplate\":\"https:\/\/shop.huppa.eu\/lt\/?s={search_term_string}\"},\"query-input\":{\"@type\":\"PropertyValueSpecification\",\"valueRequired\":true,\"valueName\":\"search_term_string\"}}],\"inLanguage\":\"lt-LT\"}]}<\/script>\n<!-- \/ Yoast SEO plugin. -->","yoast_head_json":{"title":"Berniuk\u0173 \u017eiemin\u0117 striuk\u0117 MARINEL (300g) - Huppa LT","robots":{"index":"index","follow":"follow","max-snippet":"max-snippet:-1","max-image-preview":"max-image-preview:large","max-video-preview":"max-video-preview:-1"},"canonical":"https:\/\/shop.huppa.eu\/lt\/product\/marinel-300g-15\/","og_locale":"lt_LT","og_type":"article","og_title":"Berniuk\u0173 \u017eiemin\u0117 striuk\u0117 MARINEL (300g) - Huppa LT","og_description":"Vaiki\u0161ka neper\u0161lampanti ir v\u0117jui atspari striuk\u0117. Kv\u0117puojantis audinys. Viduje mink\u0161tas pamu\u0161alas. Nuimamas kapi\u0161onas su spaud\u017eiamomis sagomis. Elastin\u0117 juosta rankovi\u0173 galuose. U\u017etrauktukas su spaud\u017eiam\u0173 sag\u0173 dangteliu priekyje. Priekyje ki\u0161en\u0117s. Dirbtinis kailis ant kapi\u0161ono. \u0160vies\u0105 atspindintys elementai ant audinio.","og_url":"https:\/\/shop.huppa.eu\/lt\/product\/marinel-300g-15\/","og_site_name":"Huppa LT","article_modified_time":"2026-04-15T03:29:10+00:00","og_image":[{"width":1200,"height":1200,"url":"https:\/\/huppashop-prod.s3.eu-north-1.amazonaws.com\/wp-content\/uploads\/sites\/5\/2022\/10\/12131159\/17200030-92886-MARINELf.jpg","type":"image\/jpeg"}],"twitter_card":"summary_large_image","schema":{"@context":"https:\/\/schema.org","@graph":[{"@type":"WebPage","@id":"https:\/\/shop.huppa.eu\/lt\/product\/marinel-300g-15\/","url":"https:\/\/shop.huppa.eu\/lt\/product\/marinel-300g-15\/","name":"Berniuk\u0173 \u017eiemin\u0117 striuk\u0117 MARINEL (300g) - Huppa LT","isPartOf":{"@id":"https:\/\/shop.huppa.eu\/lt\/#website"},"primaryImageOfPage":{"@id":"https:\/\/shop.huppa.eu\/lt\/product\/marinel-300g-15\/#primaryimage"},"image":{"@id":"https:\/\/shop.huppa.eu\/lt\/product\/marinel-300g-15\/#primaryimage"},"thumbnailUrl":"https:\/\/huppashop-prod.s3.eu-north-1.amazonaws.com\/wp-content\/uploads\/sites\/5\/2022\/10\/12131159\/17200030-92886-MARINELf.jpg","datePublished":"2025-11-24T14:45:23+00:00","dateModified":"2026-04-15T03:29:10+00:00","breadcrumb":{"@id":"https:\/\/shop.huppa.eu\/lt\/product\/marinel-300g-15\/#breadcrumb"},"inLanguage":"lt-LT","potentialAction":[{"@type":"ReadAction","target":["https:\/\/shop.huppa.eu\/lt\/product\/marinel-300g-15\/"]}]},{"@type":"ImageObject","inLanguage":"lt-LT","@id":"https:\/\/shop.huppa.eu\/lt\/product\/marinel-300g-15\/#primaryimage","url":"https:\/\/huppashop-prod.s3.eu-north-1.amazonaws.com\/wp-content\/uploads\/sites\/5\/2022\/10\/12131159\/17200030-92886-MARINELf.jpg","contentUrl":"https:\/\/huppashop-prod.s3.eu-north-1.amazonaws.com\/wp-content\/uploads\/sites\/5\/2022\/10\/12131159\/17200030-92886-MARINELf.jpg","width":1200,"height":1200},{"@type":"BreadcrumbList","@id":"https:\/\/shop.huppa.eu\/lt\/product\/marinel-300g-15\/#breadcrumb","itemListElement":[{"@type":"ListItem","position":1,"name":"Shop","item":"https:\/\/shop.huppa.eu\/lt\/shop\/"},{"@type":"ListItem","position":2,"name":"Berniuk\u0173 \u017eiemin\u0117 striuk\u0117 MARINEL (300g)"}]},{"@type":"WebSite","@id":"https:\/\/shop.huppa.eu\/lt\/#website","url":"https:\/\/shop.huppa.eu\/lt\/","name":"Huppa LT","description":"Huppa LT","potentialAction":[{"@type":"SearchAction","target":{"@type":"EntryPoint","urlTemplate":"https:\/\/shop.huppa.eu\/lt\/?s={search_term_string}"},"query-input":{"@type":"PropertyValueSpecification","valueRequired":true,"valueName":"search_term_string"}}],"inLanguage":"lt-LT"}]}},"_links":{"self":[{"href":"https:\/\/shop.huppa.eu\/lt\/wp-json\/wp\/v2\/product\/517146","targetHints":{"allow":["GET"]}}],"collection":[{"href":"https:\/\/shop.huppa.eu\/lt\/wp-json\/wp\/v2\/product"}],"about":[{"href":"https:\/\/shop.huppa.eu\/lt\/wp-json\/wp\/v2\/types\/product"}],"wp:featuredmedia":[{"embeddable":true,"href":"https:\/\/shop.huppa.eu\/lt\/wp-json\/wp\/v2\/media\/488772"}],"wp:attachment":[{"href":"https:\/\/shop.huppa.eu\/lt\/wp-json\/wp\/v2\/media?parent=517146"}],"wp:term":[{"taxonomy":"product_brand","embeddable":true,"href":"https:\/\/shop.huppa.eu\/lt\/wp-json\/wp\/v2\/product_brand?post=517146"},{"taxonomy":"product_cat","embeddable":true,"href":"https:\/\/shop.huppa.eu\/lt\/wp-json\/wp\/v2\/product_cat?post=517146"},{"taxonomy":"product_tag","embeddable":true,"href":"https:\/\/shop.huppa.eu\/lt\/wp-json\/wp\/v2\/product_tag?post=517146"}],"curies":[{"name":"wp","href":"https:\/\/api.w.org\/{rel}","templated":true}]}}