{"id":517252,"date":"2025-11-24T16:46:52","date_gmt":"2025-11-24T14:46:52","guid":{"rendered":"https:\/\/shop.huppa.eu\/lt\/product\/virgo-300g-15\/"},"modified":"2026-04-15T05:31:03","modified_gmt":"2026-04-15T03:31:03","slug":"virgo-300g-15","status":"publish","type":"product","link":"https:\/\/shop.huppa.eu\/lt\/product\/virgo-300g-15\/","title":{"rendered":"Vaik\u0173 \u017eiemin\u0117 striuk\u0117 VIRGO (300g)"},"content":{"rendered":"<p>Klasikin\u0117 vaik\u0173 \u017eiemin\u0117 striuk\u0117 su 300g u\u017epildu. Striuk\u0117 turi patog\u0173 medviln\u0117s pamu\u0161al\u0105 ir kv\u0117puojant\u012f bei nepralaid\u0173 vandeniui vir\u0161utin\u012f audin\u012f, kuris puikiai tinka m\u016bs\u0173 klimatui. Patogesniam ne\u0161iojimui striuk\u0117 turi nuimam\u0105 kailio kapi\u0161on\u0105, elastines mans\u017eetes ir dvi puikias ki\u0161enes radini\u0173 saugojimui. At\u0161vaitiniai elementai i\u0161kirpimuose.<\/p>\n","protected":false},"excerpt":{"rendered":"<p>Klasikin\u0117 vaik\u0173 \u017eiemin\u0117 striuk\u0117 su 300g u\u017epildu. Striuk\u0117 turi patog\u0173 medviln\u0117s pamu\u0161al\u0105 ir kv\u0117puojant\u012f bei nepralaid\u0173 vandeniui vir\u0161utin\u012f audin\u012f, kuris puikiai tinka m\u016bs\u0173 klimatui. Patogesniam ne\u0161iojimui striuk\u0117 turi nuimam\u0105 kailio kapi\u0161on\u0105, elastines mans\u017eetes ir dvi puikias ki\u0161enes radini\u0173 saugojimui. At\u0161vaitiniai elementai i\u0161kirpimuose.<\/p>\n","protected":false},"featured_media":517254,"template":"","meta":{"_acf_changed":false},"product_brand":[],"product_cat":[102,103,88,89,19],"product_tag":[],"class_list":{"0":"post-517252","1":"product","2":"type-product","3":"status-publish","4":"has-post-thumbnail","6":"product_cat-mergaiciu","7":"product_cat-striukes-mergaiciu","8":"product_cat-striukes","9":"product_cat-striukes-2","10":"product_cat-vaikai","11":"pa_amzius-vaikai","12":"pa_atsparumas-vandeniui-5000mm","13":"pa_dydis-410","14":"pa_izoliacijos-svoris-300g","15":"pa_kolekcija-nr-w17-18","16":"pa_kolekcijos-dalis-classic","17":"pa_lytis-mergaiciu","18":"pa_oro-pralaidumas-5000g-m-24h","19":"pa_prekes-artikulas-17210030-61173","20":"pa_uzpildas-300g","22":"first","23":"instock","24":"sale","25":"taxable","26":"shipping-taxable","27":"purchasable","28":"product-type-variable"},"acf":[],"yoast_head":"<!-- This site is optimized with the Yoast SEO plugin v26.8 - https:\/\/yoast.com\/product\/yoast-seo-wordpress\/ -->\n<title>Vaik\u0173 \u017eiemin\u0117 striuk\u0117 VIRGO (300g) - Huppa LT<\/title>\n<meta name=\"robots\" content=\"index, follow, max-snippet:-1, max-image-preview:large, max-video-preview:-1\" \/>\n<link rel=\"canonical\" href=\"https:\/\/shop.huppa.eu\/lt\/product\/virgo-300g-15\/\" \/>\n<meta property=\"og:locale\" content=\"lt_LT\" \/>\n<meta property=\"og:type\" content=\"article\" \/>\n<meta property=\"og:title\" content=\"Vaik\u0173 \u017eiemin\u0117 striuk\u0117 VIRGO (300g) - Huppa LT\" \/>\n<meta property=\"og:description\" content=\"Klasikin\u0117 vaik\u0173 \u017eiemin\u0117 striuk\u0117 su 300g u\u017epildu. Striuk\u0117 turi patog\u0173 medviln\u0117s pamu\u0161al\u0105 ir kv\u0117puojant\u012f bei nepralaid\u0173 vandeniui vir\u0161utin\u012f audin\u012f, kuris puikiai tinka m\u016bs\u0173 klimatui. Patogesniam ne\u0161iojimui striuk\u0117 turi nuimam\u0105 kailio kapi\u0161on\u0105, elastines mans\u017eetes ir dvi puikias ki\u0161enes radini\u0173 saugojimui. At\u0161vaitiniai elementai i\u0161kirpimuose.\" \/>\n<meta property=\"og:url\" content=\"https:\/\/shop.huppa.eu\/lt\/product\/virgo-300g-15\/\" \/>\n<meta property=\"og:site_name\" content=\"Huppa LT\" \/>\n<meta property=\"article:modified_time\" content=\"2026-04-15T03:31:03+00:00\" \/>\n<meta property=\"og:image\" content=\"https:\/\/huppashop-prod.s3.eu-north-1.amazonaws.com\/wp-content\/uploads\/sites\/5\/2025\/11\/24164654\/17210030-61173-VIRGOf.jpg\" \/>\n\t<meta property=\"og:image:width\" content=\"800\" \/>\n\t<meta property=\"og:image:height\" content=\"800\" \/>\n\t<meta property=\"og:image:type\" content=\"image\/jpeg\" \/>\n<meta name=\"twitter:card\" content=\"summary_large_image\" \/>\n<script type=\"application\/ld+json\" class=\"yoast-schema-graph\">{\"@context\":\"https:\/\/schema.org\",\"@graph\":[{\"@type\":\"WebPage\",\"@id\":\"https:\/\/shop.huppa.eu\/lt\/product\/virgo-300g-15\/\",\"url\":\"https:\/\/shop.huppa.eu\/lt\/product\/virgo-300g-15\/\",\"name\":\"Vaik\u0173 \u017eiemin\u0117 striuk\u0117 VIRGO (300g) - Huppa LT\",\"isPartOf\":{\"@id\":\"https:\/\/shop.huppa.eu\/lt\/#website\"},\"primaryImageOfPage\":{\"@id\":\"https:\/\/shop.huppa.eu\/lt\/product\/virgo-300g-15\/#primaryimage\"},\"image\":{\"@id\":\"https:\/\/shop.huppa.eu\/lt\/product\/virgo-300g-15\/#primaryimage\"},\"thumbnailUrl\":\"https:\/\/huppashop-prod.s3.eu-north-1.amazonaws.com\/wp-content\/uploads\/sites\/5\/2025\/11\/24164654\/17210030-61173-VIRGOf.jpg\",\"datePublished\":\"2025-11-24T14:46:52+00:00\",\"dateModified\":\"2026-04-15T03:31:03+00:00\",\"breadcrumb\":{\"@id\":\"https:\/\/shop.huppa.eu\/lt\/product\/virgo-300g-15\/#breadcrumb\"},\"inLanguage\":\"lt-LT\",\"potentialAction\":[{\"@type\":\"ReadAction\",\"target\":[\"https:\/\/shop.huppa.eu\/lt\/product\/virgo-300g-15\/\"]}]},{\"@type\":\"ImageObject\",\"inLanguage\":\"lt-LT\",\"@id\":\"https:\/\/shop.huppa.eu\/lt\/product\/virgo-300g-15\/#primaryimage\",\"url\":\"https:\/\/huppashop-prod.s3.eu-north-1.amazonaws.com\/wp-content\/uploads\/sites\/5\/2025\/11\/24164654\/17210030-61173-VIRGOf.jpg\",\"contentUrl\":\"https:\/\/huppashop-prod.s3.eu-north-1.amazonaws.com\/wp-content\/uploads\/sites\/5\/2025\/11\/24164654\/17210030-61173-VIRGOf.jpg\",\"width\":800,\"height\":800},{\"@type\":\"BreadcrumbList\",\"@id\":\"https:\/\/shop.huppa.eu\/lt\/product\/virgo-300g-15\/#breadcrumb\",\"itemListElement\":[{\"@type\":\"ListItem\",\"position\":1,\"name\":\"Shop\",\"item\":\"https:\/\/shop.huppa.eu\/lt\/shop\/\"},{\"@type\":\"ListItem\",\"position\":2,\"name\":\"Vaik\u0173 \u017eiemin\u0117 striuk\u0117 VIRGO (300g)\"}]},{\"@type\":\"WebSite\",\"@id\":\"https:\/\/shop.huppa.eu\/lt\/#website\",\"url\":\"https:\/\/shop.huppa.eu\/lt\/\",\"name\":\"Huppa LT\",\"description\":\"Huppa LT\",\"potentialAction\":[{\"@type\":\"SearchAction\",\"target\":{\"@type\":\"EntryPoint\",\"urlTemplate\":\"https:\/\/shop.huppa.eu\/lt\/?s={search_term_string}\"},\"query-input\":{\"@type\":\"PropertyValueSpecification\",\"valueRequired\":true,\"valueName\":\"search_term_string\"}}],\"inLanguage\":\"lt-LT\"}]}<\/script>\n<!-- \/ Yoast SEO plugin. -->","yoast_head_json":{"title":"Vaik\u0173 \u017eiemin\u0117 striuk\u0117 VIRGO (300g) - Huppa LT","robots":{"index":"index","follow":"follow","max-snippet":"max-snippet:-1","max-image-preview":"max-image-preview:large","max-video-preview":"max-video-preview:-1"},"canonical":"https:\/\/shop.huppa.eu\/lt\/product\/virgo-300g-15\/","og_locale":"lt_LT","og_type":"article","og_title":"Vaik\u0173 \u017eiemin\u0117 striuk\u0117 VIRGO (300g) - Huppa LT","og_description":"Klasikin\u0117 vaik\u0173 \u017eiemin\u0117 striuk\u0117 su 300g u\u017epildu. Striuk\u0117 turi patog\u0173 medviln\u0117s pamu\u0161al\u0105 ir kv\u0117puojant\u012f bei nepralaid\u0173 vandeniui vir\u0161utin\u012f audin\u012f, kuris puikiai tinka m\u016bs\u0173 klimatui. Patogesniam ne\u0161iojimui striuk\u0117 turi nuimam\u0105 kailio kapi\u0161on\u0105, elastines mans\u017eetes ir dvi puikias ki\u0161enes radini\u0173 saugojimui. At\u0161vaitiniai elementai i\u0161kirpimuose.","og_url":"https:\/\/shop.huppa.eu\/lt\/product\/virgo-300g-15\/","og_site_name":"Huppa LT","article_modified_time":"2026-04-15T03:31:03+00:00","og_image":[{"width":800,"height":800,"url":"https:\/\/huppashop-prod.s3.eu-north-1.amazonaws.com\/wp-content\/uploads\/sites\/5\/2025\/11\/24164654\/17210030-61173-VIRGOf.jpg","type":"image\/jpeg"}],"twitter_card":"summary_large_image","schema":{"@context":"https:\/\/schema.org","@graph":[{"@type":"WebPage","@id":"https:\/\/shop.huppa.eu\/lt\/product\/virgo-300g-15\/","url":"https:\/\/shop.huppa.eu\/lt\/product\/virgo-300g-15\/","name":"Vaik\u0173 \u017eiemin\u0117 striuk\u0117 VIRGO (300g) - Huppa LT","isPartOf":{"@id":"https:\/\/shop.huppa.eu\/lt\/#website"},"primaryImageOfPage":{"@id":"https:\/\/shop.huppa.eu\/lt\/product\/virgo-300g-15\/#primaryimage"},"image":{"@id":"https:\/\/shop.huppa.eu\/lt\/product\/virgo-300g-15\/#primaryimage"},"thumbnailUrl":"https:\/\/huppashop-prod.s3.eu-north-1.amazonaws.com\/wp-content\/uploads\/sites\/5\/2025\/11\/24164654\/17210030-61173-VIRGOf.jpg","datePublished":"2025-11-24T14:46:52+00:00","dateModified":"2026-04-15T03:31:03+00:00","breadcrumb":{"@id":"https:\/\/shop.huppa.eu\/lt\/product\/virgo-300g-15\/#breadcrumb"},"inLanguage":"lt-LT","potentialAction":[{"@type":"ReadAction","target":["https:\/\/shop.huppa.eu\/lt\/product\/virgo-300g-15\/"]}]},{"@type":"ImageObject","inLanguage":"lt-LT","@id":"https:\/\/shop.huppa.eu\/lt\/product\/virgo-300g-15\/#primaryimage","url":"https:\/\/huppashop-prod.s3.eu-north-1.amazonaws.com\/wp-content\/uploads\/sites\/5\/2025\/11\/24164654\/17210030-61173-VIRGOf.jpg","contentUrl":"https:\/\/huppashop-prod.s3.eu-north-1.amazonaws.com\/wp-content\/uploads\/sites\/5\/2025\/11\/24164654\/17210030-61173-VIRGOf.jpg","width":800,"height":800},{"@type":"BreadcrumbList","@id":"https:\/\/shop.huppa.eu\/lt\/product\/virgo-300g-15\/#breadcrumb","itemListElement":[{"@type":"ListItem","position":1,"name":"Shop","item":"https:\/\/shop.huppa.eu\/lt\/shop\/"},{"@type":"ListItem","position":2,"name":"Vaik\u0173 \u017eiemin\u0117 striuk\u0117 VIRGO (300g)"}]},{"@type":"WebSite","@id":"https:\/\/shop.huppa.eu\/lt\/#website","url":"https:\/\/shop.huppa.eu\/lt\/","name":"Huppa LT","description":"Huppa LT","potentialAction":[{"@type":"SearchAction","target":{"@type":"EntryPoint","urlTemplate":"https:\/\/shop.huppa.eu\/lt\/?s={search_term_string}"},"query-input":{"@type":"PropertyValueSpecification","valueRequired":true,"valueName":"search_term_string"}}],"inLanguage":"lt-LT"}]}},"_links":{"self":[{"href":"https:\/\/shop.huppa.eu\/lt\/wp-json\/wp\/v2\/product\/517252","targetHints":{"allow":["GET"]}}],"collection":[{"href":"https:\/\/shop.huppa.eu\/lt\/wp-json\/wp\/v2\/product"}],"about":[{"href":"https:\/\/shop.huppa.eu\/lt\/wp-json\/wp\/v2\/types\/product"}],"wp:featuredmedia":[{"embeddable":true,"href":"https:\/\/shop.huppa.eu\/lt\/wp-json\/wp\/v2\/media\/517254"}],"wp:attachment":[{"href":"https:\/\/shop.huppa.eu\/lt\/wp-json\/wp\/v2\/media?parent=517252"}],"wp:term":[{"taxonomy":"product_brand","embeddable":true,"href":"https:\/\/shop.huppa.eu\/lt\/wp-json\/wp\/v2\/product_brand?post=517252"},{"taxonomy":"product_cat","embeddable":true,"href":"https:\/\/shop.huppa.eu\/lt\/wp-json\/wp\/v2\/product_cat?post=517252"},{"taxonomy":"product_tag","embeddable":true,"href":"https:\/\/shop.huppa.eu\/lt\/wp-json\/wp\/v2\/product_tag?post=517252"}],"curies":[{"name":"wp","href":"https:\/\/api.w.org\/{rel}","templated":true}]}}