{"id":517272,"date":"2025-11-24T16:47:15","date_gmt":"2025-11-24T14:47:15","guid":{"rendered":"https:\/\/shop.huppa.eu\/lt\/product\/virgo-300g-20\/"},"modified":"2026-04-15T05:31:04","modified_gmt":"2026-04-15T03:31:04","slug":"virgo-300g-20","status":"publish","type":"product","link":"https:\/\/shop.huppa.eu\/lt\/product\/virgo-300g-20\/","title":{"rendered":"Vaik\u0173 \u017eiemin\u0117 striuk\u0117 VIRGO (300g)"},"content":{"rendered":"<p>Klasikin\u0117 vaik\u0173 \u017eiemin\u0117 striuk\u0117 su 300g \u0161iltinimu. Striuk\u0117 turi patog\u0173 medviln\u0117s pamu\u0161al\u0105 ir kv\u0117puojam\u0105 bei nepermirkstant\u012f i\u0161orin\u012f audin\u012f, gerai pritaikyt\u0105 m\u016bs\u0173 klimatui. Patogesniam ne\u0161iojimui striuk\u0117 turi nuimam\u0105 kailio gobtuvas, elastingus rie\u0161inius ir dvi puikias ki\u0161enes radini\u0173 saugojimui. At\u0161vaitiniai detal\u0117s i\u0161pjovose.<\/p>\n","protected":false},"excerpt":{"rendered":"<p>Klasikin\u0117 vaik\u0173 \u017eiemin\u0117 striuk\u0117 su 300g \u0161iltinimu. Striuk\u0117 turi patog\u0173 medviln\u0117s pamu\u0161al\u0105 ir kv\u0117puojam\u0105 bei nepermirkstant\u012f i\u0161orin\u012f audin\u012f, gerai pritaikyt\u0105 m\u016bs\u0173 klimatui. Patogesniam ne\u0161iojimui striuk\u0117 turi nuimam\u0105 kailio gobtuvas, elastingus rie\u0161inius ir dvi puikias ki\u0161enes radini\u0173 saugojimui. At\u0161vaitiniai detal\u0117s i\u0161pjovose.<\/p>\n","protected":false},"featured_media":470171,"template":"","meta":{"_acf_changed":false},"product_brand":[],"product_cat":[102,103,88,89,19],"product_tag":[],"class_list":{"0":"post-517272","1":"product","2":"type-product","3":"status-publish","4":"has-post-thumbnail","6":"product_cat-mergaiciu","7":"product_cat-striukes-mergaiciu","8":"product_cat-striukes","9":"product_cat-striukes-2","10":"product_cat-vaikai","11":"pa_amzius-vaikai","12":"pa_atsparumas-vandeniui-10000mm","13":"pa_dydis-409","14":"pa_izoliacijos-svoris-300g","15":"pa_kolekcija-nr-w17-18","16":"pa_kolekcijos-dalis-classic","17":"pa_lytis-mergaiciu","18":"pa_oro-pralaidumas-10000g-m-24h","19":"pa_prekes-artikulas-17210030-71563","20":"pa_uzpildas-300g","22":"first","23":"instock","24":"sale","25":"taxable","26":"shipping-taxable","27":"purchasable","28":"product-type-variable"},"acf":[],"yoast_head":"<!-- This site is optimized with the Yoast SEO plugin v26.8 - https:\/\/yoast.com\/product\/yoast-seo-wordpress\/ -->\n<title>Vaik\u0173 \u017eiemin\u0117 striuk\u0117 VIRGO (300g) - Huppa LT<\/title>\n<meta name=\"robots\" content=\"index, follow, max-snippet:-1, max-image-preview:large, max-video-preview:-1\" \/>\n<link rel=\"canonical\" href=\"https:\/\/shop.huppa.eu\/lt\/product\/virgo-300g-20\/\" \/>\n<meta property=\"og:locale\" content=\"lt_LT\" \/>\n<meta property=\"og:type\" content=\"article\" \/>\n<meta property=\"og:title\" content=\"Vaik\u0173 \u017eiemin\u0117 striuk\u0117 VIRGO (300g) - Huppa LT\" \/>\n<meta property=\"og:description\" content=\"Klasikin\u0117 vaik\u0173 \u017eiemin\u0117 striuk\u0117 su 300g \u0161iltinimu. Striuk\u0117 turi patog\u0173 medviln\u0117s pamu\u0161al\u0105 ir kv\u0117puojam\u0105 bei nepermirkstant\u012f i\u0161orin\u012f audin\u012f, gerai pritaikyt\u0105 m\u016bs\u0173 klimatui. Patogesniam ne\u0161iojimui striuk\u0117 turi nuimam\u0105 kailio gobtuvas, elastingus rie\u0161inius ir dvi puikias ki\u0161enes radini\u0173 saugojimui. At\u0161vaitiniai detal\u0117s i\u0161pjovose.\" \/>\n<meta property=\"og:url\" content=\"https:\/\/shop.huppa.eu\/lt\/product\/virgo-300g-20\/\" \/>\n<meta property=\"og:site_name\" content=\"Huppa LT\" \/>\n<meta property=\"article:modified_time\" content=\"2026-04-15T03:31:04+00:00\" \/>\n<meta property=\"og:image\" content=\"https:\/\/huppashop-prod.s3.eu-north-1.amazonaws.com\/wp-content\/uploads\/sites\/5\/2022\/05\/05075023\/17210030-71563-VIRGOf.jpg\" \/>\n\t<meta property=\"og:image:width\" content=\"800\" \/>\n\t<meta property=\"og:image:height\" content=\"800\" \/>\n\t<meta property=\"og:image:type\" content=\"image\/jpeg\" \/>\n<meta name=\"twitter:card\" content=\"summary_large_image\" \/>\n<script type=\"application\/ld+json\" class=\"yoast-schema-graph\">{\"@context\":\"https:\/\/schema.org\",\"@graph\":[{\"@type\":\"WebPage\",\"@id\":\"https:\/\/shop.huppa.eu\/lt\/product\/virgo-300g-20\/\",\"url\":\"https:\/\/shop.huppa.eu\/lt\/product\/virgo-300g-20\/\",\"name\":\"Vaik\u0173 \u017eiemin\u0117 striuk\u0117 VIRGO (300g) - Huppa LT\",\"isPartOf\":{\"@id\":\"https:\/\/shop.huppa.eu\/lt\/#website\"},\"primaryImageOfPage\":{\"@id\":\"https:\/\/shop.huppa.eu\/lt\/product\/virgo-300g-20\/#primaryimage\"},\"image\":{\"@id\":\"https:\/\/shop.huppa.eu\/lt\/product\/virgo-300g-20\/#primaryimage\"},\"thumbnailUrl\":\"https:\/\/huppashop-prod.s3.eu-north-1.amazonaws.com\/wp-content\/uploads\/sites\/5\/2022\/05\/05075023\/17210030-71563-VIRGOf.jpg\",\"datePublished\":\"2025-11-24T14:47:15+00:00\",\"dateModified\":\"2026-04-15T03:31:04+00:00\",\"breadcrumb\":{\"@id\":\"https:\/\/shop.huppa.eu\/lt\/product\/virgo-300g-20\/#breadcrumb\"},\"inLanguage\":\"lt-LT\",\"potentialAction\":[{\"@type\":\"ReadAction\",\"target\":[\"https:\/\/shop.huppa.eu\/lt\/product\/virgo-300g-20\/\"]}]},{\"@type\":\"ImageObject\",\"inLanguage\":\"lt-LT\",\"@id\":\"https:\/\/shop.huppa.eu\/lt\/product\/virgo-300g-20\/#primaryimage\",\"url\":\"https:\/\/huppashop-prod.s3.eu-north-1.amazonaws.com\/wp-content\/uploads\/sites\/5\/2022\/05\/05075023\/17210030-71563-VIRGOf.jpg\",\"contentUrl\":\"https:\/\/huppashop-prod.s3.eu-north-1.amazonaws.com\/wp-content\/uploads\/sites\/5\/2022\/05\/05075023\/17210030-71563-VIRGOf.jpg\",\"width\":800,\"height\":800},{\"@type\":\"BreadcrumbList\",\"@id\":\"https:\/\/shop.huppa.eu\/lt\/product\/virgo-300g-20\/#breadcrumb\",\"itemListElement\":[{\"@type\":\"ListItem\",\"position\":1,\"name\":\"Shop\",\"item\":\"https:\/\/shop.huppa.eu\/lt\/shop\/\"},{\"@type\":\"ListItem\",\"position\":2,\"name\":\"Vaik\u0173 \u017eiemin\u0117 striuk\u0117 VIRGO (300g)\"}]},{\"@type\":\"WebSite\",\"@id\":\"https:\/\/shop.huppa.eu\/lt\/#website\",\"url\":\"https:\/\/shop.huppa.eu\/lt\/\",\"name\":\"Huppa LT\",\"description\":\"Huppa LT\",\"potentialAction\":[{\"@type\":\"SearchAction\",\"target\":{\"@type\":\"EntryPoint\",\"urlTemplate\":\"https:\/\/shop.huppa.eu\/lt\/?s={search_term_string}\"},\"query-input\":{\"@type\":\"PropertyValueSpecification\",\"valueRequired\":true,\"valueName\":\"search_term_string\"}}],\"inLanguage\":\"lt-LT\"}]}<\/script>\n<!-- \/ Yoast SEO plugin. -->","yoast_head_json":{"title":"Vaik\u0173 \u017eiemin\u0117 striuk\u0117 VIRGO (300g) - Huppa LT","robots":{"index":"index","follow":"follow","max-snippet":"max-snippet:-1","max-image-preview":"max-image-preview:large","max-video-preview":"max-video-preview:-1"},"canonical":"https:\/\/shop.huppa.eu\/lt\/product\/virgo-300g-20\/","og_locale":"lt_LT","og_type":"article","og_title":"Vaik\u0173 \u017eiemin\u0117 striuk\u0117 VIRGO (300g) - Huppa LT","og_description":"Klasikin\u0117 vaik\u0173 \u017eiemin\u0117 striuk\u0117 su 300g \u0161iltinimu. Striuk\u0117 turi patog\u0173 medviln\u0117s pamu\u0161al\u0105 ir kv\u0117puojam\u0105 bei nepermirkstant\u012f i\u0161orin\u012f audin\u012f, gerai pritaikyt\u0105 m\u016bs\u0173 klimatui. Patogesniam ne\u0161iojimui striuk\u0117 turi nuimam\u0105 kailio gobtuvas, elastingus rie\u0161inius ir dvi puikias ki\u0161enes radini\u0173 saugojimui. At\u0161vaitiniai detal\u0117s i\u0161pjovose.","og_url":"https:\/\/shop.huppa.eu\/lt\/product\/virgo-300g-20\/","og_site_name":"Huppa LT","article_modified_time":"2026-04-15T03:31:04+00:00","og_image":[{"width":800,"height":800,"url":"https:\/\/huppashop-prod.s3.eu-north-1.amazonaws.com\/wp-content\/uploads\/sites\/5\/2022\/05\/05075023\/17210030-71563-VIRGOf.jpg","type":"image\/jpeg"}],"twitter_card":"summary_large_image","schema":{"@context":"https:\/\/schema.org","@graph":[{"@type":"WebPage","@id":"https:\/\/shop.huppa.eu\/lt\/product\/virgo-300g-20\/","url":"https:\/\/shop.huppa.eu\/lt\/product\/virgo-300g-20\/","name":"Vaik\u0173 \u017eiemin\u0117 striuk\u0117 VIRGO (300g) - Huppa LT","isPartOf":{"@id":"https:\/\/shop.huppa.eu\/lt\/#website"},"primaryImageOfPage":{"@id":"https:\/\/shop.huppa.eu\/lt\/product\/virgo-300g-20\/#primaryimage"},"image":{"@id":"https:\/\/shop.huppa.eu\/lt\/product\/virgo-300g-20\/#primaryimage"},"thumbnailUrl":"https:\/\/huppashop-prod.s3.eu-north-1.amazonaws.com\/wp-content\/uploads\/sites\/5\/2022\/05\/05075023\/17210030-71563-VIRGOf.jpg","datePublished":"2025-11-24T14:47:15+00:00","dateModified":"2026-04-15T03:31:04+00:00","breadcrumb":{"@id":"https:\/\/shop.huppa.eu\/lt\/product\/virgo-300g-20\/#breadcrumb"},"inLanguage":"lt-LT","potentialAction":[{"@type":"ReadAction","target":["https:\/\/shop.huppa.eu\/lt\/product\/virgo-300g-20\/"]}]},{"@type":"ImageObject","inLanguage":"lt-LT","@id":"https:\/\/shop.huppa.eu\/lt\/product\/virgo-300g-20\/#primaryimage","url":"https:\/\/huppashop-prod.s3.eu-north-1.amazonaws.com\/wp-content\/uploads\/sites\/5\/2022\/05\/05075023\/17210030-71563-VIRGOf.jpg","contentUrl":"https:\/\/huppashop-prod.s3.eu-north-1.amazonaws.com\/wp-content\/uploads\/sites\/5\/2022\/05\/05075023\/17210030-71563-VIRGOf.jpg","width":800,"height":800},{"@type":"BreadcrumbList","@id":"https:\/\/shop.huppa.eu\/lt\/product\/virgo-300g-20\/#breadcrumb","itemListElement":[{"@type":"ListItem","position":1,"name":"Shop","item":"https:\/\/shop.huppa.eu\/lt\/shop\/"},{"@type":"ListItem","position":2,"name":"Vaik\u0173 \u017eiemin\u0117 striuk\u0117 VIRGO (300g)"}]},{"@type":"WebSite","@id":"https:\/\/shop.huppa.eu\/lt\/#website","url":"https:\/\/shop.huppa.eu\/lt\/","name":"Huppa LT","description":"Huppa LT","potentialAction":[{"@type":"SearchAction","target":{"@type":"EntryPoint","urlTemplate":"https:\/\/shop.huppa.eu\/lt\/?s={search_term_string}"},"query-input":{"@type":"PropertyValueSpecification","valueRequired":true,"valueName":"search_term_string"}}],"inLanguage":"lt-LT"}]}},"_links":{"self":[{"href":"https:\/\/shop.huppa.eu\/lt\/wp-json\/wp\/v2\/product\/517272","targetHints":{"allow":["GET"]}}],"collection":[{"href":"https:\/\/shop.huppa.eu\/lt\/wp-json\/wp\/v2\/product"}],"about":[{"href":"https:\/\/shop.huppa.eu\/lt\/wp-json\/wp\/v2\/types\/product"}],"wp:featuredmedia":[{"embeddable":true,"href":"https:\/\/shop.huppa.eu\/lt\/wp-json\/wp\/v2\/media\/470171"}],"wp:attachment":[{"href":"https:\/\/shop.huppa.eu\/lt\/wp-json\/wp\/v2\/media?parent=517272"}],"wp:term":[{"taxonomy":"product_brand","embeddable":true,"href":"https:\/\/shop.huppa.eu\/lt\/wp-json\/wp\/v2\/product_brand?post=517272"},{"taxonomy":"product_cat","embeddable":true,"href":"https:\/\/shop.huppa.eu\/lt\/wp-json\/wp\/v2\/product_cat?post=517272"},{"taxonomy":"product_tag","embeddable":true,"href":"https:\/\/shop.huppa.eu\/lt\/wp-json\/wp\/v2\/product_tag?post=517272"}],"curies":[{"name":"wp","href":"https:\/\/api.w.org\/{rel}","templated":true}]}}