{"id":517500,"date":"2025-11-24T16:51:24","date_gmt":"2025-11-24T14:51:24","guid":{"rendered":"https:\/\/shop.huppa.eu\/lt\/product\/vesper-300g-4\/"},"modified":"2026-04-15T05:33:03","modified_gmt":"2026-04-15T03:33:03","slug":"vesper-300g-4","status":"publish","type":"product","link":"https:\/\/shop.huppa.eu\/lt\/product\/vesper-300g-4\/","title":{"rendered":"Berniuk\u0173 \u017eiemin\u0117 parka VESPER (300g)"},"content":{"rendered":"<p>Berniuk\u0173 parkas su 300 g \u0161iltinimu. I\u0161orinis audinys yra neperpu\u010diamas ir nepermirkstantis. Klijuotos si\u016bl\u0117s, briaunuoti vidiniai apvadai rankov\u0117se ir reguliuojamas juosmuo bei apa\u010dia i\u0161laiko \u0161ilum\u0105 ir sausum\u0105. At\u0161vaitiniai elementai i\u0161oriniame audinyje. Nuimamas kapi\u0161onas tvirtinamas prie apykakl\u0117s spaudukais, o jo nat\u016bralaus kailio apdaila taip pat nuimama. Parke yra kr\u016btin\u0117s ki\u0161en\u0117s su u\u017etrauktukais ir priekin\u0117s ki\u0161en\u0117s su spaudukais.<\/p>\n","protected":false},"excerpt":{"rendered":"<p>Berniuk\u0173 parkas su 300 g \u0161iltinimu. I\u0161orinis audinys yra neperpu\u010diamas ir nepermirkstantis. Klijuotos si\u016bl\u0117s, briaunuoti vidiniai apvadai rankov\u0117se ir reguliuojamas juosmuo bei apa\u010dia i\u0161laiko \u0161ilum\u0105 ir sausum\u0105. At\u0161vaitiniai elementai i\u0161oriniame audinyje. Nuimamas kapi\u0161onas tvirtinamas prie apykakl\u0117s spaudukais, o jo nat\u016bralaus kailio apdaila taip pat nuimama. Parke yra kr\u016btin\u0117s ki\u0161en\u0117s su u\u017etrauktukais ir priekin\u0117s ki\u0161en\u0117s su [&hellip;]<\/p>\n","protected":false},"featured_media":488898,"template":"","meta":{"_acf_changed":false},"product_brand":[],"product_cat":[4559,90,3318,331,19],"product_tag":[],"class_list":{"0":"post-517500","1":"product","2":"type-product","3":"status-publish","4":"has-post-thumbnail","6":"product_cat-parka-berniuku","7":"product_cat-berniuku","8":"product_cat-parka-vaikai","9":"product_cat-parka","10":"product_cat-vaikai","11":"pa_amzius-vaikai","12":"pa_atsparumas-vandeniui-10000mm","13":"pa_dydis-93","14":"pa_izoliacijos-svoris-300g","15":"pa_kolekcija-nr-w19-20","16":"pa_kolekcijos-dalis-fashion","17":"pa_lytis-berniuku","18":"pa_oro-pralaidumas-10000g-m-24h","19":"pa_prekes-artikulas-17480030-92518","20":"pa_uzpildas-300g","22":"first","23":"instock","24":"sale","25":"taxable","26":"shipping-taxable","27":"purchasable","28":"product-type-variable"},"acf":[],"yoast_head":"<!-- This site is optimized with the Yoast SEO plugin v26.8 - https:\/\/yoast.com\/product\/yoast-seo-wordpress\/ -->\n<title>Berniuk\u0173 \u017eiemin\u0117 parka VESPER (300g) - Huppa LT<\/title>\n<meta name=\"robots\" content=\"index, follow, max-snippet:-1, max-image-preview:large, max-video-preview:-1\" \/>\n<link rel=\"canonical\" href=\"https:\/\/shop.huppa.eu\/lt\/product\/vesper-300g-4\/\" \/>\n<meta property=\"og:locale\" content=\"lt_LT\" \/>\n<meta property=\"og:type\" content=\"article\" \/>\n<meta property=\"og:title\" content=\"Berniuk\u0173 \u017eiemin\u0117 parka VESPER (300g) - Huppa LT\" \/>\n<meta property=\"og:description\" content=\"Berniuk\u0173 parkas su 300 g \u0161iltinimu. I\u0161orinis audinys yra neperpu\u010diamas ir nepermirkstantis. Klijuotos si\u016bl\u0117s, briaunuoti vidiniai apvadai rankov\u0117se ir reguliuojamas juosmuo bei apa\u010dia i\u0161laiko \u0161ilum\u0105 ir sausum\u0105. At\u0161vaitiniai elementai i\u0161oriniame audinyje. Nuimamas kapi\u0161onas tvirtinamas prie apykakl\u0117s spaudukais, o jo nat\u016bralaus kailio apdaila taip pat nuimama. Parke yra kr\u016btin\u0117s ki\u0161en\u0117s su u\u017etrauktukais ir priekin\u0117s ki\u0161en\u0117s su [&hellip;]\" \/>\n<meta property=\"og:url\" content=\"https:\/\/shop.huppa.eu\/lt\/product\/vesper-300g-4\/\" \/>\n<meta property=\"og:site_name\" content=\"Huppa LT\" \/>\n<meta property=\"article:modified_time\" content=\"2026-04-15T03:33:03+00:00\" \/>\n<meta property=\"og:image\" content=\"https:\/\/huppashop-prod.s3.eu-north-1.amazonaws.com\/wp-content\/uploads\/sites\/5\/2022\/10\/12142037\/17480030-92518-VESPERf.jpg\" \/>\n\t<meta property=\"og:image:width\" content=\"1200\" \/>\n\t<meta property=\"og:image:height\" content=\"1200\" \/>\n\t<meta property=\"og:image:type\" content=\"image\/jpeg\" \/>\n<meta name=\"twitter:card\" content=\"summary_large_image\" \/>\n<script type=\"application\/ld+json\" class=\"yoast-schema-graph\">{\"@context\":\"https:\/\/schema.org\",\"@graph\":[{\"@type\":\"WebPage\",\"@id\":\"https:\/\/shop.huppa.eu\/lt\/product\/vesper-300g-4\/\",\"url\":\"https:\/\/shop.huppa.eu\/lt\/product\/vesper-300g-4\/\",\"name\":\"Berniuk\u0173 \u017eiemin\u0117 parka VESPER (300g) - Huppa LT\",\"isPartOf\":{\"@id\":\"https:\/\/shop.huppa.eu\/lt\/#website\"},\"primaryImageOfPage\":{\"@id\":\"https:\/\/shop.huppa.eu\/lt\/product\/vesper-300g-4\/#primaryimage\"},\"image\":{\"@id\":\"https:\/\/shop.huppa.eu\/lt\/product\/vesper-300g-4\/#primaryimage\"},\"thumbnailUrl\":\"https:\/\/huppashop-prod.s3.eu-north-1.amazonaws.com\/wp-content\/uploads\/sites\/5\/2022\/10\/12142037\/17480030-92518-VESPERf.jpg\",\"datePublished\":\"2025-11-24T14:51:24+00:00\",\"dateModified\":\"2026-04-15T03:33:03+00:00\",\"breadcrumb\":{\"@id\":\"https:\/\/shop.huppa.eu\/lt\/product\/vesper-300g-4\/#breadcrumb\"},\"inLanguage\":\"lt-LT\",\"potentialAction\":[{\"@type\":\"ReadAction\",\"target\":[\"https:\/\/shop.huppa.eu\/lt\/product\/vesper-300g-4\/\"]}]},{\"@type\":\"ImageObject\",\"inLanguage\":\"lt-LT\",\"@id\":\"https:\/\/shop.huppa.eu\/lt\/product\/vesper-300g-4\/#primaryimage\",\"url\":\"https:\/\/huppashop-prod.s3.eu-north-1.amazonaws.com\/wp-content\/uploads\/sites\/5\/2022\/10\/12142037\/17480030-92518-VESPERf.jpg\",\"contentUrl\":\"https:\/\/huppashop-prod.s3.eu-north-1.amazonaws.com\/wp-content\/uploads\/sites\/5\/2022\/10\/12142037\/17480030-92518-VESPERf.jpg\",\"width\":1200,\"height\":1200},{\"@type\":\"BreadcrumbList\",\"@id\":\"https:\/\/shop.huppa.eu\/lt\/product\/vesper-300g-4\/#breadcrumb\",\"itemListElement\":[{\"@type\":\"ListItem\",\"position\":1,\"name\":\"Shop\",\"item\":\"https:\/\/shop.huppa.eu\/lt\/shop\/\"},{\"@type\":\"ListItem\",\"position\":2,\"name\":\"Berniuk\u0173 \u017eiemin\u0117 parka VESPER (300g)\"}]},{\"@type\":\"WebSite\",\"@id\":\"https:\/\/shop.huppa.eu\/lt\/#website\",\"url\":\"https:\/\/shop.huppa.eu\/lt\/\",\"name\":\"Huppa LT\",\"description\":\"Huppa LT\",\"potentialAction\":[{\"@type\":\"SearchAction\",\"target\":{\"@type\":\"EntryPoint\",\"urlTemplate\":\"https:\/\/shop.huppa.eu\/lt\/?s={search_term_string}\"},\"query-input\":{\"@type\":\"PropertyValueSpecification\",\"valueRequired\":true,\"valueName\":\"search_term_string\"}}],\"inLanguage\":\"lt-LT\"}]}<\/script>\n<!-- \/ Yoast SEO plugin. -->","yoast_head_json":{"title":"Berniuk\u0173 \u017eiemin\u0117 parka VESPER (300g) - Huppa LT","robots":{"index":"index","follow":"follow","max-snippet":"max-snippet:-1","max-image-preview":"max-image-preview:large","max-video-preview":"max-video-preview:-1"},"canonical":"https:\/\/shop.huppa.eu\/lt\/product\/vesper-300g-4\/","og_locale":"lt_LT","og_type":"article","og_title":"Berniuk\u0173 \u017eiemin\u0117 parka VESPER (300g) - Huppa LT","og_description":"Berniuk\u0173 parkas su 300 g \u0161iltinimu. I\u0161orinis audinys yra neperpu\u010diamas ir nepermirkstantis. Klijuotos si\u016bl\u0117s, briaunuoti vidiniai apvadai rankov\u0117se ir reguliuojamas juosmuo bei apa\u010dia i\u0161laiko \u0161ilum\u0105 ir sausum\u0105. At\u0161vaitiniai elementai i\u0161oriniame audinyje. Nuimamas kapi\u0161onas tvirtinamas prie apykakl\u0117s spaudukais, o jo nat\u016bralaus kailio apdaila taip pat nuimama. Parke yra kr\u016btin\u0117s ki\u0161en\u0117s su u\u017etrauktukais ir priekin\u0117s ki\u0161en\u0117s su [&hellip;]","og_url":"https:\/\/shop.huppa.eu\/lt\/product\/vesper-300g-4\/","og_site_name":"Huppa LT","article_modified_time":"2026-04-15T03:33:03+00:00","og_image":[{"width":1200,"height":1200,"url":"https:\/\/huppashop-prod.s3.eu-north-1.amazonaws.com\/wp-content\/uploads\/sites\/5\/2022\/10\/12142037\/17480030-92518-VESPERf.jpg","type":"image\/jpeg"}],"twitter_card":"summary_large_image","schema":{"@context":"https:\/\/schema.org","@graph":[{"@type":"WebPage","@id":"https:\/\/shop.huppa.eu\/lt\/product\/vesper-300g-4\/","url":"https:\/\/shop.huppa.eu\/lt\/product\/vesper-300g-4\/","name":"Berniuk\u0173 \u017eiemin\u0117 parka VESPER (300g) - Huppa LT","isPartOf":{"@id":"https:\/\/shop.huppa.eu\/lt\/#website"},"primaryImageOfPage":{"@id":"https:\/\/shop.huppa.eu\/lt\/product\/vesper-300g-4\/#primaryimage"},"image":{"@id":"https:\/\/shop.huppa.eu\/lt\/product\/vesper-300g-4\/#primaryimage"},"thumbnailUrl":"https:\/\/huppashop-prod.s3.eu-north-1.amazonaws.com\/wp-content\/uploads\/sites\/5\/2022\/10\/12142037\/17480030-92518-VESPERf.jpg","datePublished":"2025-11-24T14:51:24+00:00","dateModified":"2026-04-15T03:33:03+00:00","breadcrumb":{"@id":"https:\/\/shop.huppa.eu\/lt\/product\/vesper-300g-4\/#breadcrumb"},"inLanguage":"lt-LT","potentialAction":[{"@type":"ReadAction","target":["https:\/\/shop.huppa.eu\/lt\/product\/vesper-300g-4\/"]}]},{"@type":"ImageObject","inLanguage":"lt-LT","@id":"https:\/\/shop.huppa.eu\/lt\/product\/vesper-300g-4\/#primaryimage","url":"https:\/\/huppashop-prod.s3.eu-north-1.amazonaws.com\/wp-content\/uploads\/sites\/5\/2022\/10\/12142037\/17480030-92518-VESPERf.jpg","contentUrl":"https:\/\/huppashop-prod.s3.eu-north-1.amazonaws.com\/wp-content\/uploads\/sites\/5\/2022\/10\/12142037\/17480030-92518-VESPERf.jpg","width":1200,"height":1200},{"@type":"BreadcrumbList","@id":"https:\/\/shop.huppa.eu\/lt\/product\/vesper-300g-4\/#breadcrumb","itemListElement":[{"@type":"ListItem","position":1,"name":"Shop","item":"https:\/\/shop.huppa.eu\/lt\/shop\/"},{"@type":"ListItem","position":2,"name":"Berniuk\u0173 \u017eiemin\u0117 parka VESPER (300g)"}]},{"@type":"WebSite","@id":"https:\/\/shop.huppa.eu\/lt\/#website","url":"https:\/\/shop.huppa.eu\/lt\/","name":"Huppa LT","description":"Huppa LT","potentialAction":[{"@type":"SearchAction","target":{"@type":"EntryPoint","urlTemplate":"https:\/\/shop.huppa.eu\/lt\/?s={search_term_string}"},"query-input":{"@type":"PropertyValueSpecification","valueRequired":true,"valueName":"search_term_string"}}],"inLanguage":"lt-LT"}]}},"_links":{"self":[{"href":"https:\/\/shop.huppa.eu\/lt\/wp-json\/wp\/v2\/product\/517500","targetHints":{"allow":["GET"]}}],"collection":[{"href":"https:\/\/shop.huppa.eu\/lt\/wp-json\/wp\/v2\/product"}],"about":[{"href":"https:\/\/shop.huppa.eu\/lt\/wp-json\/wp\/v2\/types\/product"}],"wp:featuredmedia":[{"embeddable":true,"href":"https:\/\/shop.huppa.eu\/lt\/wp-json\/wp\/v2\/media\/488898"}],"wp:attachment":[{"href":"https:\/\/shop.huppa.eu\/lt\/wp-json\/wp\/v2\/media?parent=517500"}],"wp:term":[{"taxonomy":"product_brand","embeddable":true,"href":"https:\/\/shop.huppa.eu\/lt\/wp-json\/wp\/v2\/product_brand?post=517500"},{"taxonomy":"product_cat","embeddable":true,"href":"https:\/\/shop.huppa.eu\/lt\/wp-json\/wp\/v2\/product_cat?post=517500"},{"taxonomy":"product_tag","embeddable":true,"href":"https:\/\/shop.huppa.eu\/lt\/wp-json\/wp\/v2\/product_tag?post=517500"}],"curies":[{"name":"wp","href":"https:\/\/api.w.org\/{rel}","templated":true}]}}