{"id":517609,"date":"2025-11-24T16:55:02","date_gmt":"2025-11-24T14:55:02","guid":{"rendered":"https:\/\/shop.huppa.eu\/lt\/product\/alex-1-300g-2\/"},"modified":"2026-04-16T05:33:09","modified_gmt":"2026-04-16T03:33:09","slug":"alex-1-300g-2","status":"publish","type":"product","link":"https:\/\/shop.huppa.eu\/lt\/product\/alex-1-300g-2\/","title":{"rendered":"Berniuk\u0173 striuk\u0117 ALEX 1 (300g)"},"content":{"rendered":"<p>Vaiki\u0161ka vanden\u012f ir v\u0117j\u0105 sulaikanti striuk\u0117. Orui laidi i\u0161orin\u0117 med\u017eiaga. Vidin\u0117 striuk\u0117s dalis i\u0161 mink\u0161to pamu\u0161alinio audinio. Nuimamas gobtuvas prie apykakl\u0117s prisegamas kibiu lipduku. Gaubtuvo kra\u0161te \u012fsi\u016bta gumin\u0117 juostel\u0117. Rankovi\u0173 apa\u010dioje tamprus rankogalis. Rankovi\u0173 apa\u010dia reguliuojama. Priekyje kibia juostele dengtas u\u017etrauktukas. Priekyje \u012fsi\u016btos ki\u0161en\u0117s su u\u017etrauktuku. Vir\u0161utinis audinys su \u0161vies\u0105 atspindin\u010diomis detal\u0117mis.<\/p>\n","protected":false},"excerpt":{"rendered":"<p>Vaiki\u0161ka vanden\u012f ir v\u0117j\u0105 sulaikanti striuk\u0117. Orui laidi i\u0161orin\u0117 med\u017eiaga. Vidin\u0117 striuk\u0117s dalis i\u0161 mink\u0161to pamu\u0161alinio audinio. Nuimamas gobtuvas prie apykakl\u0117s prisegamas kibiu lipduku. Gaubtuvo kra\u0161te \u012fsi\u016bta gumin\u0117 juostel\u0117. Rankovi\u0173 apa\u010dioje tamprus rankogalis. Rankovi\u0173 apa\u010dia reguliuojama. Priekyje kibia juostele dengtas u\u017etrauktukas. Priekyje \u012fsi\u016btos ki\u0161en\u0117s su u\u017etrauktuku. Vir\u0161utinis audinys su \u0161vies\u0105 atspindin\u010diomis detal\u0117mis.<\/p>\n","protected":false},"featured_media":517611,"template":"","meta":{"_acf_changed":false},"product_brand":[],"product_cat":[90,91,88,89,19],"product_tag":[],"class_list":{"0":"post-517609","1":"product","2":"type-product","3":"status-publish","4":"has-post-thumbnail","6":"product_cat-berniuku","7":"product_cat-striukes-berniuku","8":"product_cat-striukes","9":"product_cat-striukes-2","10":"product_cat-vaikai","11":"pa_amzius-vaikai","12":"pa_atsparumas-vandeniui-10000mm","13":"pa_dydis-96","14":"pa_izoliacijos-svoris-300g","15":"pa_kolekcija-nr-w19-20","16":"pa_kolekcijos-dalis-fashion","17":"pa_lytis-berniuku","18":"pa_oro-pralaidumas-10000g-m-24h","19":"pa_prekes-artikulas-17800130-92509","20":"pa_uzpildas-300g","22":"first","23":"instock","24":"sale","25":"taxable","26":"shipping-taxable","27":"purchasable","28":"product-type-variable"},"acf":[],"yoast_head":"<!-- This site is optimized with the Yoast SEO plugin v26.8 - https:\/\/yoast.com\/product\/yoast-seo-wordpress\/ -->\n<title>Berniuk\u0173 striuk\u0117 ALEX 1 (300g) - Huppa LT<\/title>\n<meta name=\"robots\" content=\"index, follow, max-snippet:-1, max-image-preview:large, max-video-preview:-1\" \/>\n<link rel=\"canonical\" href=\"https:\/\/shop.huppa.eu\/lt\/product\/alex-1-300g-2\/\" \/>\n<meta property=\"og:locale\" content=\"lt_LT\" \/>\n<meta property=\"og:type\" content=\"article\" \/>\n<meta property=\"og:title\" content=\"Berniuk\u0173 striuk\u0117 ALEX 1 (300g) - Huppa LT\" \/>\n<meta property=\"og:description\" content=\"Vaiki\u0161ka vanden\u012f ir v\u0117j\u0105 sulaikanti striuk\u0117. Orui laidi i\u0161orin\u0117 med\u017eiaga. Vidin\u0117 striuk\u0117s dalis i\u0161 mink\u0161to pamu\u0161alinio audinio. Nuimamas gobtuvas prie apykakl\u0117s prisegamas kibiu lipduku. Gaubtuvo kra\u0161te \u012fsi\u016bta gumin\u0117 juostel\u0117. Rankovi\u0173 apa\u010dioje tamprus rankogalis. Rankovi\u0173 apa\u010dia reguliuojama. Priekyje kibia juostele dengtas u\u017etrauktukas. Priekyje \u012fsi\u016btos ki\u0161en\u0117s su u\u017etrauktuku. Vir\u0161utinis audinys su \u0161vies\u0105 atspindin\u010diomis detal\u0117mis.\" \/>\n<meta property=\"og:url\" content=\"https:\/\/shop.huppa.eu\/lt\/product\/alex-1-300g-2\/\" \/>\n<meta property=\"og:site_name\" content=\"Huppa LT\" \/>\n<meta property=\"article:modified_time\" content=\"2026-04-16T03:33:09+00:00\" \/>\n<meta property=\"og:image\" content=\"https:\/\/huppashop-prod.s3.eu-north-1.amazonaws.com\/wp-content\/uploads\/sites\/5\/2025\/11\/24165504\/17800130-92509-ALEX1_f.jpg\" \/>\n\t<meta property=\"og:image:width\" content=\"1200\" \/>\n\t<meta property=\"og:image:height\" content=\"1200\" \/>\n\t<meta property=\"og:image:type\" content=\"image\/jpeg\" \/>\n<meta name=\"twitter:card\" content=\"summary_large_image\" \/>\n<script type=\"application\/ld+json\" class=\"yoast-schema-graph\">{\"@context\":\"https:\/\/schema.org\",\"@graph\":[{\"@type\":\"WebPage\",\"@id\":\"https:\/\/shop.huppa.eu\/lt\/product\/alex-1-300g-2\/\",\"url\":\"https:\/\/shop.huppa.eu\/lt\/product\/alex-1-300g-2\/\",\"name\":\"Berniuk\u0173 striuk\u0117 ALEX 1 (300g) - Huppa LT\",\"isPartOf\":{\"@id\":\"https:\/\/shop.huppa.eu\/lt\/#website\"},\"primaryImageOfPage\":{\"@id\":\"https:\/\/shop.huppa.eu\/lt\/product\/alex-1-300g-2\/#primaryimage\"},\"image\":{\"@id\":\"https:\/\/shop.huppa.eu\/lt\/product\/alex-1-300g-2\/#primaryimage\"},\"thumbnailUrl\":\"https:\/\/huppashop-prod.s3.eu-north-1.amazonaws.com\/wp-content\/uploads\/sites\/5\/2025\/11\/24165504\/17800130-92509-ALEX1_f.jpg\",\"datePublished\":\"2025-11-24T14:55:02+00:00\",\"dateModified\":\"2026-04-16T03:33:09+00:00\",\"breadcrumb\":{\"@id\":\"https:\/\/shop.huppa.eu\/lt\/product\/alex-1-300g-2\/#breadcrumb\"},\"inLanguage\":\"lt-LT\",\"potentialAction\":[{\"@type\":\"ReadAction\",\"target\":[\"https:\/\/shop.huppa.eu\/lt\/product\/alex-1-300g-2\/\"]}]},{\"@type\":\"ImageObject\",\"inLanguage\":\"lt-LT\",\"@id\":\"https:\/\/shop.huppa.eu\/lt\/product\/alex-1-300g-2\/#primaryimage\",\"url\":\"https:\/\/huppashop-prod.s3.eu-north-1.amazonaws.com\/wp-content\/uploads\/sites\/5\/2025\/11\/24165504\/17800130-92509-ALEX1_f.jpg\",\"contentUrl\":\"https:\/\/huppashop-prod.s3.eu-north-1.amazonaws.com\/wp-content\/uploads\/sites\/5\/2025\/11\/24165504\/17800130-92509-ALEX1_f.jpg\",\"width\":1200,\"height\":1200},{\"@type\":\"BreadcrumbList\",\"@id\":\"https:\/\/shop.huppa.eu\/lt\/product\/alex-1-300g-2\/#breadcrumb\",\"itemListElement\":[{\"@type\":\"ListItem\",\"position\":1,\"name\":\"Shop\",\"item\":\"https:\/\/shop.huppa.eu\/lt\/shop\/\"},{\"@type\":\"ListItem\",\"position\":2,\"name\":\"Berniuk\u0173 striuk\u0117 ALEX 1 (300g)\"}]},{\"@type\":\"WebSite\",\"@id\":\"https:\/\/shop.huppa.eu\/lt\/#website\",\"url\":\"https:\/\/shop.huppa.eu\/lt\/\",\"name\":\"Huppa LT\",\"description\":\"Huppa LT\",\"potentialAction\":[{\"@type\":\"SearchAction\",\"target\":{\"@type\":\"EntryPoint\",\"urlTemplate\":\"https:\/\/shop.huppa.eu\/lt\/?s={search_term_string}\"},\"query-input\":{\"@type\":\"PropertyValueSpecification\",\"valueRequired\":true,\"valueName\":\"search_term_string\"}}],\"inLanguage\":\"lt-LT\"}]}<\/script>\n<!-- \/ Yoast SEO plugin. -->","yoast_head_json":{"title":"Berniuk\u0173 striuk\u0117 ALEX 1 (300g) - Huppa LT","robots":{"index":"index","follow":"follow","max-snippet":"max-snippet:-1","max-image-preview":"max-image-preview:large","max-video-preview":"max-video-preview:-1"},"canonical":"https:\/\/shop.huppa.eu\/lt\/product\/alex-1-300g-2\/","og_locale":"lt_LT","og_type":"article","og_title":"Berniuk\u0173 striuk\u0117 ALEX 1 (300g) - Huppa LT","og_description":"Vaiki\u0161ka vanden\u012f ir v\u0117j\u0105 sulaikanti striuk\u0117. Orui laidi i\u0161orin\u0117 med\u017eiaga. Vidin\u0117 striuk\u0117s dalis i\u0161 mink\u0161to pamu\u0161alinio audinio. Nuimamas gobtuvas prie apykakl\u0117s prisegamas kibiu lipduku. Gaubtuvo kra\u0161te \u012fsi\u016bta gumin\u0117 juostel\u0117. Rankovi\u0173 apa\u010dioje tamprus rankogalis. Rankovi\u0173 apa\u010dia reguliuojama. Priekyje kibia juostele dengtas u\u017etrauktukas. Priekyje \u012fsi\u016btos ki\u0161en\u0117s su u\u017etrauktuku. Vir\u0161utinis audinys su \u0161vies\u0105 atspindin\u010diomis detal\u0117mis.","og_url":"https:\/\/shop.huppa.eu\/lt\/product\/alex-1-300g-2\/","og_site_name":"Huppa LT","article_modified_time":"2026-04-16T03:33:09+00:00","og_image":[{"width":1200,"height":1200,"url":"https:\/\/huppashop-prod.s3.eu-north-1.amazonaws.com\/wp-content\/uploads\/sites\/5\/2025\/11\/24165504\/17800130-92509-ALEX1_f.jpg","type":"image\/jpeg"}],"twitter_card":"summary_large_image","schema":{"@context":"https:\/\/schema.org","@graph":[{"@type":"WebPage","@id":"https:\/\/shop.huppa.eu\/lt\/product\/alex-1-300g-2\/","url":"https:\/\/shop.huppa.eu\/lt\/product\/alex-1-300g-2\/","name":"Berniuk\u0173 striuk\u0117 ALEX 1 (300g) - Huppa LT","isPartOf":{"@id":"https:\/\/shop.huppa.eu\/lt\/#website"},"primaryImageOfPage":{"@id":"https:\/\/shop.huppa.eu\/lt\/product\/alex-1-300g-2\/#primaryimage"},"image":{"@id":"https:\/\/shop.huppa.eu\/lt\/product\/alex-1-300g-2\/#primaryimage"},"thumbnailUrl":"https:\/\/huppashop-prod.s3.eu-north-1.amazonaws.com\/wp-content\/uploads\/sites\/5\/2025\/11\/24165504\/17800130-92509-ALEX1_f.jpg","datePublished":"2025-11-24T14:55:02+00:00","dateModified":"2026-04-16T03:33:09+00:00","breadcrumb":{"@id":"https:\/\/shop.huppa.eu\/lt\/product\/alex-1-300g-2\/#breadcrumb"},"inLanguage":"lt-LT","potentialAction":[{"@type":"ReadAction","target":["https:\/\/shop.huppa.eu\/lt\/product\/alex-1-300g-2\/"]}]},{"@type":"ImageObject","inLanguage":"lt-LT","@id":"https:\/\/shop.huppa.eu\/lt\/product\/alex-1-300g-2\/#primaryimage","url":"https:\/\/huppashop-prod.s3.eu-north-1.amazonaws.com\/wp-content\/uploads\/sites\/5\/2025\/11\/24165504\/17800130-92509-ALEX1_f.jpg","contentUrl":"https:\/\/huppashop-prod.s3.eu-north-1.amazonaws.com\/wp-content\/uploads\/sites\/5\/2025\/11\/24165504\/17800130-92509-ALEX1_f.jpg","width":1200,"height":1200},{"@type":"BreadcrumbList","@id":"https:\/\/shop.huppa.eu\/lt\/product\/alex-1-300g-2\/#breadcrumb","itemListElement":[{"@type":"ListItem","position":1,"name":"Shop","item":"https:\/\/shop.huppa.eu\/lt\/shop\/"},{"@type":"ListItem","position":2,"name":"Berniuk\u0173 striuk\u0117 ALEX 1 (300g)"}]},{"@type":"WebSite","@id":"https:\/\/shop.huppa.eu\/lt\/#website","url":"https:\/\/shop.huppa.eu\/lt\/","name":"Huppa LT","description":"Huppa LT","potentialAction":[{"@type":"SearchAction","target":{"@type":"EntryPoint","urlTemplate":"https:\/\/shop.huppa.eu\/lt\/?s={search_term_string}"},"query-input":{"@type":"PropertyValueSpecification","valueRequired":true,"valueName":"search_term_string"}}],"inLanguage":"lt-LT"}]}},"_links":{"self":[{"href":"https:\/\/shop.huppa.eu\/lt\/wp-json\/wp\/v2\/product\/517609","targetHints":{"allow":["GET"]}}],"collection":[{"href":"https:\/\/shop.huppa.eu\/lt\/wp-json\/wp\/v2\/product"}],"about":[{"href":"https:\/\/shop.huppa.eu\/lt\/wp-json\/wp\/v2\/types\/product"}],"wp:featuredmedia":[{"embeddable":true,"href":"https:\/\/shop.huppa.eu\/lt\/wp-json\/wp\/v2\/media\/517611"}],"wp:attachment":[{"href":"https:\/\/shop.huppa.eu\/lt\/wp-json\/wp\/v2\/media?parent=517609"}],"wp:term":[{"taxonomy":"product_brand","embeddable":true,"href":"https:\/\/shop.huppa.eu\/lt\/wp-json\/wp\/v2\/product_brand?post=517609"},{"taxonomy":"product_cat","embeddable":true,"href":"https:\/\/shop.huppa.eu\/lt\/wp-json\/wp\/v2\/product_cat?post=517609"},{"taxonomy":"product_tag","embeddable":true,"href":"https:\/\/shop.huppa.eu\/lt\/wp-json\/wp\/v2\/product_tag?post=517609"}],"curies":[{"name":"wp","href":"https:\/\/api.w.org\/{rel}","templated":true}]}}