{"id":517964,"date":"2025-11-24T17:01:19","date_gmt":"2025-11-24T15:01:19","guid":{"rendered":"https:\/\/shop.huppa.eu\/lt\/product\/janelle-140g-5\/"},"modified":"2026-04-16T05:40:02","modified_gmt":"2026-04-16T03:40:02","slug":"janelle-140g-5","status":"publish","type":"product","link":"https:\/\/shop.huppa.eu\/lt\/product\/janelle-140g-5\/","title":{"rendered":"Mergai\u010di\u0173 pavasario-rudens parka JANELLE (140g)"},"content":{"rendered":"<p>Vaik\u0173 vandeniui ir v\u0117jui atspari tarpinio sezono parka. Kv\u0117puojantis vir\u0161utinis audinys. Parkos vidus pagamintas i\u0161 mink\u0161to pamu\u0161alo audinio. Guma gobtuvo kra\u0161te. Reguliuojami rankovi\u0173 galai. Gumin\u0117s virvel\u0117s tunelis su stabdytuvais juosmens linijoje. Parka turi vandeniui atspar\u016bs u\u017eklijuoti pa\u017easties ir kaklo, gobtuvo bei pe\u010di\u0173 si\u016bl\u0117s. At\u0161vaitin\u0117s detal\u0117s ant vir\u0161utinio audinio.<\/p>\n","protected":false},"excerpt":{"rendered":"<p>Vaik\u0173 vandeniui ir v\u0117jui atspari tarpinio sezono parka. Kv\u0117puojantis vir\u0161utinis audinys. Parkos vidus pagamintas i\u0161 mink\u0161to pamu\u0161alo audinio. Guma gobtuvo kra\u0161te. Reguliuojami rankovi\u0173 galai. Gumin\u0117s virvel\u0117s tunelis su stabdytuvais juosmens linijoje. Parka turi vandeniui atspar\u016bs u\u017eklijuoti pa\u017easties ir kaklo, gobtuvo bei pe\u010di\u0173 si\u016bl\u0117s. At\u0161vaitin\u0117s detal\u0117s ant vir\u0161utinio audinio.<\/p>\n","protected":false},"featured_media":517966,"template":"","meta":{"_acf_changed":false},"product_brand":[],"product_cat":[102,3318,3319,331,19],"product_tag":[],"class_list":{"0":"post-517964","1":"product","2":"type-product","3":"status-publish","4":"has-post-thumbnail","6":"product_cat-mergaiciu","7":"product_cat-parka-vaikai","8":"product_cat-parka-mergaiciu","9":"product_cat-parka","10":"product_cat-vaikai","11":"pa_amzius-vaikai","12":"pa_atsparumas-vandeniui-10-000mm","13":"pa_dydis-97","14":"pa_izoliacijos-svoris-140g","15":"pa_kolekcija-nr-sa2021","16":"pa_kolekcijos-dalis-spring-autumn","17":"pa_lytis-mergaiciu","18":"pa_oro-pralaidumas-10-000g-m-24h","19":"pa_prekes-artikulas-18020014-10060","20":"pa_rastuota-vienspalvis","21":"pa_sezonas-pavaris-ruduo","22":"pa_uzpildas-140g","24":"first","25":"instock","26":"sale","27":"taxable","28":"shipping-taxable","29":"purchasable","30":"product-type-variable"},"acf":[],"yoast_head":"<!-- This site is optimized with the Yoast SEO plugin v26.8 - https:\/\/yoast.com\/product\/yoast-seo-wordpress\/ -->\n<title>Mergai\u010di\u0173 pavasario-rudens parka JANELLE (140g) - Huppa LT<\/title>\n<meta name=\"robots\" content=\"index, follow, max-snippet:-1, max-image-preview:large, max-video-preview:-1\" \/>\n<link rel=\"canonical\" href=\"https:\/\/shop.huppa.eu\/lt\/product\/janelle-140g-5\/\" \/>\n<meta property=\"og:locale\" content=\"lt_LT\" \/>\n<meta property=\"og:type\" content=\"article\" \/>\n<meta property=\"og:title\" content=\"Mergai\u010di\u0173 pavasario-rudens parka JANELLE (140g) - Huppa LT\" \/>\n<meta property=\"og:description\" content=\"Vaik\u0173 vandeniui ir v\u0117jui atspari tarpinio sezono parka. Kv\u0117puojantis vir\u0161utinis audinys. Parkos vidus pagamintas i\u0161 mink\u0161to pamu\u0161alo audinio. Guma gobtuvo kra\u0161te. Reguliuojami rankovi\u0173 galai. Gumin\u0117s virvel\u0117s tunelis su stabdytuvais juosmens linijoje. Parka turi vandeniui atspar\u016bs u\u017eklijuoti pa\u017easties ir kaklo, gobtuvo bei pe\u010di\u0173 si\u016bl\u0117s. At\u0161vaitin\u0117s detal\u0117s ant vir\u0161utinio audinio.\" \/>\n<meta property=\"og:url\" content=\"https:\/\/shop.huppa.eu\/lt\/product\/janelle-140g-5\/\" \/>\n<meta property=\"og:site_name\" content=\"Huppa LT\" \/>\n<meta property=\"article:modified_time\" content=\"2026-04-16T03:40:02+00:00\" \/>\n<meta property=\"og:image\" content=\"https:\/\/huppashop-prod.s3.eu-north-1.amazonaws.com\/wp-content\/uploads\/sites\/5\/2025\/11\/24170129\/18020014-10060-JANELLE_f.jpg\" \/>\n\t<meta property=\"og:image:width\" content=\"1200\" \/>\n\t<meta property=\"og:image:height\" content=\"1200\" \/>\n\t<meta property=\"og:image:type\" content=\"image\/png\" \/>\n<meta name=\"twitter:card\" content=\"summary_large_image\" \/>\n<script type=\"application\/ld+json\" class=\"yoast-schema-graph\">{\"@context\":\"https:\/\/schema.org\",\"@graph\":[{\"@type\":\"WebPage\",\"@id\":\"https:\/\/shop.huppa.eu\/lt\/product\/janelle-140g-5\/\",\"url\":\"https:\/\/shop.huppa.eu\/lt\/product\/janelle-140g-5\/\",\"name\":\"Mergai\u010di\u0173 pavasario-rudens parka JANELLE (140g) - Huppa LT\",\"isPartOf\":{\"@id\":\"https:\/\/shop.huppa.eu\/lt\/#website\"},\"primaryImageOfPage\":{\"@id\":\"https:\/\/shop.huppa.eu\/lt\/product\/janelle-140g-5\/#primaryimage\"},\"image\":{\"@id\":\"https:\/\/shop.huppa.eu\/lt\/product\/janelle-140g-5\/#primaryimage\"},\"thumbnailUrl\":\"https:\/\/huppashop-prod.s3.eu-north-1.amazonaws.com\/wp-content\/uploads\/sites\/5\/2025\/11\/24170129\/18020014-10060-JANELLE_f.jpg\",\"datePublished\":\"2025-11-24T15:01:19+00:00\",\"dateModified\":\"2026-04-16T03:40:02+00:00\",\"breadcrumb\":{\"@id\":\"https:\/\/shop.huppa.eu\/lt\/product\/janelle-140g-5\/#breadcrumb\"},\"inLanguage\":\"lt-LT\",\"potentialAction\":[{\"@type\":\"ReadAction\",\"target\":[\"https:\/\/shop.huppa.eu\/lt\/product\/janelle-140g-5\/\"]}]},{\"@type\":\"ImageObject\",\"inLanguage\":\"lt-LT\",\"@id\":\"https:\/\/shop.huppa.eu\/lt\/product\/janelle-140g-5\/#primaryimage\",\"url\":\"https:\/\/huppashop-prod.s3.eu-north-1.amazonaws.com\/wp-content\/uploads\/sites\/5\/2025\/11\/24170129\/18020014-10060-JANELLE_f.jpg\",\"contentUrl\":\"https:\/\/huppashop-prod.s3.eu-north-1.amazonaws.com\/wp-content\/uploads\/sites\/5\/2025\/11\/24170129\/18020014-10060-JANELLE_f.jpg\",\"width\":1200,\"height\":1200},{\"@type\":\"BreadcrumbList\",\"@id\":\"https:\/\/shop.huppa.eu\/lt\/product\/janelle-140g-5\/#breadcrumb\",\"itemListElement\":[{\"@type\":\"ListItem\",\"position\":1,\"name\":\"Shop\",\"item\":\"https:\/\/shop.huppa.eu\/lt\/shop\/\"},{\"@type\":\"ListItem\",\"position\":2,\"name\":\"Mergai\u010di\u0173 pavasario-rudens parka JANELLE (140g)\"}]},{\"@type\":\"WebSite\",\"@id\":\"https:\/\/shop.huppa.eu\/lt\/#website\",\"url\":\"https:\/\/shop.huppa.eu\/lt\/\",\"name\":\"Huppa LT\",\"description\":\"Huppa LT\",\"potentialAction\":[{\"@type\":\"SearchAction\",\"target\":{\"@type\":\"EntryPoint\",\"urlTemplate\":\"https:\/\/shop.huppa.eu\/lt\/?s={search_term_string}\"},\"query-input\":{\"@type\":\"PropertyValueSpecification\",\"valueRequired\":true,\"valueName\":\"search_term_string\"}}],\"inLanguage\":\"lt-LT\"}]}<\/script>\n<!-- \/ Yoast SEO plugin. -->","yoast_head_json":{"title":"Mergai\u010di\u0173 pavasario-rudens parka JANELLE (140g) - Huppa LT","robots":{"index":"index","follow":"follow","max-snippet":"max-snippet:-1","max-image-preview":"max-image-preview:large","max-video-preview":"max-video-preview:-1"},"canonical":"https:\/\/shop.huppa.eu\/lt\/product\/janelle-140g-5\/","og_locale":"lt_LT","og_type":"article","og_title":"Mergai\u010di\u0173 pavasario-rudens parka JANELLE (140g) - Huppa LT","og_description":"Vaik\u0173 vandeniui ir v\u0117jui atspari tarpinio sezono parka. Kv\u0117puojantis vir\u0161utinis audinys. Parkos vidus pagamintas i\u0161 mink\u0161to pamu\u0161alo audinio. Guma gobtuvo kra\u0161te. Reguliuojami rankovi\u0173 galai. Gumin\u0117s virvel\u0117s tunelis su stabdytuvais juosmens linijoje. Parka turi vandeniui atspar\u016bs u\u017eklijuoti pa\u017easties ir kaklo, gobtuvo bei pe\u010di\u0173 si\u016bl\u0117s. At\u0161vaitin\u0117s detal\u0117s ant vir\u0161utinio audinio.","og_url":"https:\/\/shop.huppa.eu\/lt\/product\/janelle-140g-5\/","og_site_name":"Huppa LT","article_modified_time":"2026-04-16T03:40:02+00:00","og_image":[{"width":1200,"height":1200,"url":"https:\/\/huppashop-prod.s3.eu-north-1.amazonaws.com\/wp-content\/uploads\/sites\/5\/2025\/11\/24170129\/18020014-10060-JANELLE_f.jpg","type":"image\/png"}],"twitter_card":"summary_large_image","schema":{"@context":"https:\/\/schema.org","@graph":[{"@type":"WebPage","@id":"https:\/\/shop.huppa.eu\/lt\/product\/janelle-140g-5\/","url":"https:\/\/shop.huppa.eu\/lt\/product\/janelle-140g-5\/","name":"Mergai\u010di\u0173 pavasario-rudens parka JANELLE (140g) - Huppa LT","isPartOf":{"@id":"https:\/\/shop.huppa.eu\/lt\/#website"},"primaryImageOfPage":{"@id":"https:\/\/shop.huppa.eu\/lt\/product\/janelle-140g-5\/#primaryimage"},"image":{"@id":"https:\/\/shop.huppa.eu\/lt\/product\/janelle-140g-5\/#primaryimage"},"thumbnailUrl":"https:\/\/huppashop-prod.s3.eu-north-1.amazonaws.com\/wp-content\/uploads\/sites\/5\/2025\/11\/24170129\/18020014-10060-JANELLE_f.jpg","datePublished":"2025-11-24T15:01:19+00:00","dateModified":"2026-04-16T03:40:02+00:00","breadcrumb":{"@id":"https:\/\/shop.huppa.eu\/lt\/product\/janelle-140g-5\/#breadcrumb"},"inLanguage":"lt-LT","potentialAction":[{"@type":"ReadAction","target":["https:\/\/shop.huppa.eu\/lt\/product\/janelle-140g-5\/"]}]},{"@type":"ImageObject","inLanguage":"lt-LT","@id":"https:\/\/shop.huppa.eu\/lt\/product\/janelle-140g-5\/#primaryimage","url":"https:\/\/huppashop-prod.s3.eu-north-1.amazonaws.com\/wp-content\/uploads\/sites\/5\/2025\/11\/24170129\/18020014-10060-JANELLE_f.jpg","contentUrl":"https:\/\/huppashop-prod.s3.eu-north-1.amazonaws.com\/wp-content\/uploads\/sites\/5\/2025\/11\/24170129\/18020014-10060-JANELLE_f.jpg","width":1200,"height":1200},{"@type":"BreadcrumbList","@id":"https:\/\/shop.huppa.eu\/lt\/product\/janelle-140g-5\/#breadcrumb","itemListElement":[{"@type":"ListItem","position":1,"name":"Shop","item":"https:\/\/shop.huppa.eu\/lt\/shop\/"},{"@type":"ListItem","position":2,"name":"Mergai\u010di\u0173 pavasario-rudens parka JANELLE (140g)"}]},{"@type":"WebSite","@id":"https:\/\/shop.huppa.eu\/lt\/#website","url":"https:\/\/shop.huppa.eu\/lt\/","name":"Huppa LT","description":"Huppa LT","potentialAction":[{"@type":"SearchAction","target":{"@type":"EntryPoint","urlTemplate":"https:\/\/shop.huppa.eu\/lt\/?s={search_term_string}"},"query-input":{"@type":"PropertyValueSpecification","valueRequired":true,"valueName":"search_term_string"}}],"inLanguage":"lt-LT"}]}},"_links":{"self":[{"href":"https:\/\/shop.huppa.eu\/lt\/wp-json\/wp\/v2\/product\/517964","targetHints":{"allow":["GET"]}}],"collection":[{"href":"https:\/\/shop.huppa.eu\/lt\/wp-json\/wp\/v2\/product"}],"about":[{"href":"https:\/\/shop.huppa.eu\/lt\/wp-json\/wp\/v2\/types\/product"}],"wp:featuredmedia":[{"embeddable":true,"href":"https:\/\/shop.huppa.eu\/lt\/wp-json\/wp\/v2\/media\/517966"}],"wp:attachment":[{"href":"https:\/\/shop.huppa.eu\/lt\/wp-json\/wp\/v2\/media?parent=517964"}],"wp:term":[{"taxonomy":"product_brand","embeddable":true,"href":"https:\/\/shop.huppa.eu\/lt\/wp-json\/wp\/v2\/product_brand?post=517964"},{"taxonomy":"product_cat","embeddable":true,"href":"https:\/\/shop.huppa.eu\/lt\/wp-json\/wp\/v2\/product_cat?post=517964"},{"taxonomy":"product_tag","embeddable":true,"href":"https:\/\/shop.huppa.eu\/lt\/wp-json\/wp\/v2\/product_tag?post=517964"}],"curies":[{"name":"wp","href":"https:\/\/api.w.org\/{rel}","templated":true}]}}