{"id":517983,"date":"2025-11-24T17:02:18","date_gmt":"2025-11-24T15:02:18","guid":{"rendered":"https:\/\/shop.huppa.eu\/lt\/product\/janelle-140g-8\/"},"modified":"2026-04-16T05:40:02","modified_gmt":"2026-04-16T03:40:02","slug":"janelle-140g-8","status":"publish","type":"product","link":"https:\/\/shop.huppa.eu\/lt\/product\/janelle-140g-8\/","title":{"rendered":"Mergai\u010di\u0173 pavasario-rudens parka JANELLE (140g)"},"content":{"rendered":"<p>Vaiki\u0161ka neper\u0161lampanti ir v\u0117jui atspari demisezonin\u0117 parka. Kv\u0117puojantis vir\u0161utinis audinys. Parkos vidus i\u0161 mink\u0161to pamu\u0161alo. Elastin\u0117 juosta kapi\u0161ono kra\u0161te. Reguliuojami rankovi\u0173 galai. Elastin\u0117 virvut\u0117 liemens srityje. Parka su vandeniui atspari\u0173 u\u017elydytomis pa\u017east\u0173, kaklo, kapi\u0161ono ir pe\u010di\u0173 si\u016bl\u0117mis. \u0160vies\u0105 atspindintys elementai ant vir\u0161utinio audinio.<\/p>\n","protected":false},"excerpt":{"rendered":"<p>Vaiki\u0161ka neper\u0161lampanti ir v\u0117jui atspari demisezonin\u0117 parka. Kv\u0117puojantis vir\u0161utinis audinys. Parkos vidus i\u0161 mink\u0161to pamu\u0161alo. Elastin\u0117 juosta kapi\u0161ono kra\u0161te. Reguliuojami rankovi\u0173 galai. Elastin\u0117 virvut\u0117 liemens srityje. Parka su vandeniui atspari\u0173 u\u017elydytomis pa\u017east\u0173, kaklo, kapi\u0161ono ir pe\u010di\u0173 si\u016bl\u0117mis. \u0160vies\u0105 atspindintys elementai ant vir\u0161utinio audinio.<\/p>\n","protected":false},"featured_media":517990,"template":"","meta":{"_acf_changed":false},"product_brand":[],"product_cat":[102,3318,3319,331,19],"product_tag":[],"class_list":{"0":"post-517983","1":"product","2":"type-product","3":"status-publish","4":"has-post-thumbnail","6":"product_cat-mergaiciu","7":"product_cat-parka-vaikai","8":"product_cat-parka-mergaiciu","9":"product_cat-parka","10":"product_cat-vaikai","11":"pa_amzius-vaikai","12":"pa_atsparumas-vandeniui-10000mm","13":"pa_dydis-96","14":"pa_dydis-97","15":"pa_dydis-98","16":"pa_dydis-99","17":"pa_dydis-101","18":"pa_dydis-142","19":"pa_izoliacijos-svoris-140g","20":"pa_kolekcija-nr-w20-21","21":"pa_kolekcijos-dalis-fashion","22":"pa_lytis-mergaiciu","23":"pa_oro-pralaidumas-10000g-m-24h","24":"pa_prekes-artikulas-18020014-70035","25":"pa_uzpildas-140g","27":"first","28":"instock","29":"sale","30":"taxable","31":"shipping-taxable","32":"purchasable","33":"product-type-variable"},"acf":[],"yoast_head":"<!-- This site is optimized with the Yoast SEO plugin v26.8 - https:\/\/yoast.com\/product\/yoast-seo-wordpress\/ -->\n<title>Mergai\u010di\u0173 pavasario-rudens parka JANELLE (140g) - Huppa LT<\/title>\n<meta name=\"robots\" content=\"index, follow, max-snippet:-1, max-image-preview:large, max-video-preview:-1\" \/>\n<link rel=\"canonical\" href=\"https:\/\/shop.huppa.eu\/lt\/product\/janelle-140g-8\/\" \/>\n<meta property=\"og:locale\" content=\"lt_LT\" \/>\n<meta property=\"og:type\" content=\"article\" \/>\n<meta property=\"og:title\" content=\"Mergai\u010di\u0173 pavasario-rudens parka JANELLE (140g) - Huppa LT\" \/>\n<meta property=\"og:description\" content=\"Vaiki\u0161ka neper\u0161lampanti ir v\u0117jui atspari demisezonin\u0117 parka. Kv\u0117puojantis vir\u0161utinis audinys. Parkos vidus i\u0161 mink\u0161to pamu\u0161alo. Elastin\u0117 juosta kapi\u0161ono kra\u0161te. Reguliuojami rankovi\u0173 galai. Elastin\u0117 virvut\u0117 liemens srityje. Parka su vandeniui atspari\u0173 u\u017elydytomis pa\u017east\u0173, kaklo, kapi\u0161ono ir pe\u010di\u0173 si\u016bl\u0117mis. \u0160vies\u0105 atspindintys elementai ant vir\u0161utinio audinio.\" \/>\n<meta property=\"og:url\" content=\"https:\/\/shop.huppa.eu\/lt\/product\/janelle-140g-8\/\" \/>\n<meta property=\"og:site_name\" content=\"Huppa LT\" \/>\n<meta property=\"article:modified_time\" content=\"2026-04-16T03:40:02+00:00\" \/>\n<meta property=\"og:image\" content=\"https:\/\/huppashop-prod.s3.eu-north-1.amazonaws.com\/wp-content\/uploads\/sites\/5\/2025\/11\/24170221\/18020014-70035-JANELLE_f.jpg\" \/>\n\t<meta property=\"og:image:width\" content=\"1200\" \/>\n\t<meta property=\"og:image:height\" content=\"1200\" \/>\n\t<meta property=\"og:image:type\" content=\"image\/jpeg\" \/>\n<meta name=\"twitter:card\" content=\"summary_large_image\" \/>\n<script type=\"application\/ld+json\" class=\"yoast-schema-graph\">{\"@context\":\"https:\/\/schema.org\",\"@graph\":[{\"@type\":\"WebPage\",\"@id\":\"https:\/\/shop.huppa.eu\/lt\/product\/janelle-140g-8\/\",\"url\":\"https:\/\/shop.huppa.eu\/lt\/product\/janelle-140g-8\/\",\"name\":\"Mergai\u010di\u0173 pavasario-rudens parka JANELLE (140g) - Huppa LT\",\"isPartOf\":{\"@id\":\"https:\/\/shop.huppa.eu\/lt\/#website\"},\"primaryImageOfPage\":{\"@id\":\"https:\/\/shop.huppa.eu\/lt\/product\/janelle-140g-8\/#primaryimage\"},\"image\":{\"@id\":\"https:\/\/shop.huppa.eu\/lt\/product\/janelle-140g-8\/#primaryimage\"},\"thumbnailUrl\":\"https:\/\/huppashop-prod.s3.eu-north-1.amazonaws.com\/wp-content\/uploads\/sites\/5\/2025\/11\/24170221\/18020014-70035-JANELLE_f.jpg\",\"datePublished\":\"2025-11-24T15:02:18+00:00\",\"dateModified\":\"2026-04-16T03:40:02+00:00\",\"breadcrumb\":{\"@id\":\"https:\/\/shop.huppa.eu\/lt\/product\/janelle-140g-8\/#breadcrumb\"},\"inLanguage\":\"lt-LT\",\"potentialAction\":[{\"@type\":\"ReadAction\",\"target\":[\"https:\/\/shop.huppa.eu\/lt\/product\/janelle-140g-8\/\"]}]},{\"@type\":\"ImageObject\",\"inLanguage\":\"lt-LT\",\"@id\":\"https:\/\/shop.huppa.eu\/lt\/product\/janelle-140g-8\/#primaryimage\",\"url\":\"https:\/\/huppashop-prod.s3.eu-north-1.amazonaws.com\/wp-content\/uploads\/sites\/5\/2025\/11\/24170221\/18020014-70035-JANELLE_f.jpg\",\"contentUrl\":\"https:\/\/huppashop-prod.s3.eu-north-1.amazonaws.com\/wp-content\/uploads\/sites\/5\/2025\/11\/24170221\/18020014-70035-JANELLE_f.jpg\",\"width\":1200,\"height\":1200},{\"@type\":\"BreadcrumbList\",\"@id\":\"https:\/\/shop.huppa.eu\/lt\/product\/janelle-140g-8\/#breadcrumb\",\"itemListElement\":[{\"@type\":\"ListItem\",\"position\":1,\"name\":\"Shop\",\"item\":\"https:\/\/shop.huppa.eu\/lt\/shop\/\"},{\"@type\":\"ListItem\",\"position\":2,\"name\":\"Mergai\u010di\u0173 pavasario-rudens parka JANELLE (140g)\"}]},{\"@type\":\"WebSite\",\"@id\":\"https:\/\/shop.huppa.eu\/lt\/#website\",\"url\":\"https:\/\/shop.huppa.eu\/lt\/\",\"name\":\"Huppa LT\",\"description\":\"Huppa LT\",\"potentialAction\":[{\"@type\":\"SearchAction\",\"target\":{\"@type\":\"EntryPoint\",\"urlTemplate\":\"https:\/\/shop.huppa.eu\/lt\/?s={search_term_string}\"},\"query-input\":{\"@type\":\"PropertyValueSpecification\",\"valueRequired\":true,\"valueName\":\"search_term_string\"}}],\"inLanguage\":\"lt-LT\"}]}<\/script>\n<!-- \/ Yoast SEO plugin. -->","yoast_head_json":{"title":"Mergai\u010di\u0173 pavasario-rudens parka JANELLE (140g) - Huppa LT","robots":{"index":"index","follow":"follow","max-snippet":"max-snippet:-1","max-image-preview":"max-image-preview:large","max-video-preview":"max-video-preview:-1"},"canonical":"https:\/\/shop.huppa.eu\/lt\/product\/janelle-140g-8\/","og_locale":"lt_LT","og_type":"article","og_title":"Mergai\u010di\u0173 pavasario-rudens parka JANELLE (140g) - Huppa LT","og_description":"Vaiki\u0161ka neper\u0161lampanti ir v\u0117jui atspari demisezonin\u0117 parka. Kv\u0117puojantis vir\u0161utinis audinys. Parkos vidus i\u0161 mink\u0161to pamu\u0161alo. Elastin\u0117 juosta kapi\u0161ono kra\u0161te. Reguliuojami rankovi\u0173 galai. Elastin\u0117 virvut\u0117 liemens srityje. Parka su vandeniui atspari\u0173 u\u017elydytomis pa\u017east\u0173, kaklo, kapi\u0161ono ir pe\u010di\u0173 si\u016bl\u0117mis. \u0160vies\u0105 atspindintys elementai ant vir\u0161utinio audinio.","og_url":"https:\/\/shop.huppa.eu\/lt\/product\/janelle-140g-8\/","og_site_name":"Huppa LT","article_modified_time":"2026-04-16T03:40:02+00:00","og_image":[{"width":1200,"height":1200,"url":"https:\/\/huppashop-prod.s3.eu-north-1.amazonaws.com\/wp-content\/uploads\/sites\/5\/2025\/11\/24170221\/18020014-70035-JANELLE_f.jpg","type":"image\/jpeg"}],"twitter_card":"summary_large_image","schema":{"@context":"https:\/\/schema.org","@graph":[{"@type":"WebPage","@id":"https:\/\/shop.huppa.eu\/lt\/product\/janelle-140g-8\/","url":"https:\/\/shop.huppa.eu\/lt\/product\/janelle-140g-8\/","name":"Mergai\u010di\u0173 pavasario-rudens parka JANELLE (140g) - Huppa LT","isPartOf":{"@id":"https:\/\/shop.huppa.eu\/lt\/#website"},"primaryImageOfPage":{"@id":"https:\/\/shop.huppa.eu\/lt\/product\/janelle-140g-8\/#primaryimage"},"image":{"@id":"https:\/\/shop.huppa.eu\/lt\/product\/janelle-140g-8\/#primaryimage"},"thumbnailUrl":"https:\/\/huppashop-prod.s3.eu-north-1.amazonaws.com\/wp-content\/uploads\/sites\/5\/2025\/11\/24170221\/18020014-70035-JANELLE_f.jpg","datePublished":"2025-11-24T15:02:18+00:00","dateModified":"2026-04-16T03:40:02+00:00","breadcrumb":{"@id":"https:\/\/shop.huppa.eu\/lt\/product\/janelle-140g-8\/#breadcrumb"},"inLanguage":"lt-LT","potentialAction":[{"@type":"ReadAction","target":["https:\/\/shop.huppa.eu\/lt\/product\/janelle-140g-8\/"]}]},{"@type":"ImageObject","inLanguage":"lt-LT","@id":"https:\/\/shop.huppa.eu\/lt\/product\/janelle-140g-8\/#primaryimage","url":"https:\/\/huppashop-prod.s3.eu-north-1.amazonaws.com\/wp-content\/uploads\/sites\/5\/2025\/11\/24170221\/18020014-70035-JANELLE_f.jpg","contentUrl":"https:\/\/huppashop-prod.s3.eu-north-1.amazonaws.com\/wp-content\/uploads\/sites\/5\/2025\/11\/24170221\/18020014-70035-JANELLE_f.jpg","width":1200,"height":1200},{"@type":"BreadcrumbList","@id":"https:\/\/shop.huppa.eu\/lt\/product\/janelle-140g-8\/#breadcrumb","itemListElement":[{"@type":"ListItem","position":1,"name":"Shop","item":"https:\/\/shop.huppa.eu\/lt\/shop\/"},{"@type":"ListItem","position":2,"name":"Mergai\u010di\u0173 pavasario-rudens parka JANELLE (140g)"}]},{"@type":"WebSite","@id":"https:\/\/shop.huppa.eu\/lt\/#website","url":"https:\/\/shop.huppa.eu\/lt\/","name":"Huppa LT","description":"Huppa LT","potentialAction":[{"@type":"SearchAction","target":{"@type":"EntryPoint","urlTemplate":"https:\/\/shop.huppa.eu\/lt\/?s={search_term_string}"},"query-input":{"@type":"PropertyValueSpecification","valueRequired":true,"valueName":"search_term_string"}}],"inLanguage":"lt-LT"}]}},"_links":{"self":[{"href":"https:\/\/shop.huppa.eu\/lt\/wp-json\/wp\/v2\/product\/517983","targetHints":{"allow":["GET"]}}],"collection":[{"href":"https:\/\/shop.huppa.eu\/lt\/wp-json\/wp\/v2\/product"}],"about":[{"href":"https:\/\/shop.huppa.eu\/lt\/wp-json\/wp\/v2\/types\/product"}],"wp:featuredmedia":[{"embeddable":true,"href":"https:\/\/shop.huppa.eu\/lt\/wp-json\/wp\/v2\/media\/517990"}],"wp:attachment":[{"href":"https:\/\/shop.huppa.eu\/lt\/wp-json\/wp\/v2\/media?parent=517983"}],"wp:term":[{"taxonomy":"product_brand","embeddable":true,"href":"https:\/\/shop.huppa.eu\/lt\/wp-json\/wp\/v2\/product_brand?post=517983"},{"taxonomy":"product_cat","embeddable":true,"href":"https:\/\/shop.huppa.eu\/lt\/wp-json\/wp\/v2\/product_cat?post=517983"},{"taxonomy":"product_tag","embeddable":true,"href":"https:\/\/shop.huppa.eu\/lt\/wp-json\/wp\/v2\/product_tag?post=517983"}],"curies":[{"name":"wp","href":"https:\/\/api.w.org\/{rel}","templated":true}]}}