{"id":518012,"date":"2025-11-24T17:02:48","date_gmt":"2025-11-24T15:02:48","guid":{"rendered":"https:\/\/shop.huppa.eu\/lt\/product\/janelle-140g-10\/"},"modified":"2026-04-16T05:40:03","modified_gmt":"2026-04-16T03:40:03","slug":"janelle-140g-10","status":"publish","type":"product","link":"https:\/\/shop.huppa.eu\/lt\/product\/janelle-140g-10\/","title":{"rendered":"Moteri\u0161ka striuk\u0117 JANELLE (140g)"},"content":{"rendered":"<p>Parka su 140 g pa\u0161iltinimu moterims. Striuk\u0117 su vandeniui nelaid\u017eiomis klijuotomis si\u016bl\u0117mis rankov\u0117s dalyje, aplink kakl\u0105, gobtuve ir pe\u010di\u0173 juostoje. Parkos juosmenyje yra elastin\u0117 guma. Priekyje ki\u0161en\u0117s. Parka turi ir vidin\u0119 ki\u0161en\u0119 su u\u017etrauktuku. Priekinis parkos u\u017etrauktukas atsidaro dviem b\u016bdais, o tai savo ruo\u017etu palengvina s\u0117d\u0117jim\u0105.<\/p>\n","protected":false},"excerpt":{"rendered":"<p>Parka su 140 g pa\u0161iltinimu moterims. Striuk\u0117 su vandeniui nelaid\u017eiomis klijuotomis si\u016bl\u0117mis rankov\u0117s dalyje, aplink kakl\u0105, gobtuve ir pe\u010di\u0173 juostoje. Parkos juosmenyje yra elastin\u0117 guma. Priekyje ki\u0161en\u0117s. Parka turi ir vidin\u0119 ki\u0161en\u0119 su u\u017etrauktuku. Priekinis parkos u\u017etrauktukas atsidaro dviem b\u016bdais, o tai savo ruo\u017etu palengvina s\u0117d\u0117jim\u0105.<\/p>\n","protected":false},"featured_media":423418,"template":"","meta":{"_acf_changed":false},"product_brand":[],"product_cat":[18,3320,3321,331,128],"product_tag":[],"class_list":{"0":"post-518012","1":"product","2":"type-product","3":"status-publish","4":"has-post-thumbnail","6":"product_cat-moterys","7":"product_cat-parka-suaugusieji","8":"product_cat-parka-moterys","9":"product_cat-parka","10":"product_cat-suaugusieji","11":"pa_amzius-suaugusieji","12":"pa_atsparumas-vandeniui-10-000mm","13":"pa_dydis-xs","14":"pa_izoliacijos-svoris-140g","15":"pa_kolekcija-nr-sa2021","16":"pa_kolekcijos-dalis-spring-autumn","17":"pa_lytis-moterys","18":"pa_oro-pralaidumas-10-000g-m-24h","19":"pa_prekes-artikulas-18028014-00009","20":"pa_rastuota-vienspalvis","21":"pa_sezonas-pavaris-ruduo","22":"pa_uzpildas-140g","24":"first","25":"instock","26":"sale","27":"taxable","28":"shipping-taxable","29":"purchasable","30":"product-type-variable"},"acf":[],"yoast_head":"<!-- This site is optimized with the Yoast SEO plugin v26.8 - https:\/\/yoast.com\/product\/yoast-seo-wordpress\/ -->\n<title>Moteri\u0161ka striuk\u0117 JANELLE (140g) - Huppa LT<\/title>\n<meta name=\"robots\" content=\"index, follow, max-snippet:-1, max-image-preview:large, max-video-preview:-1\" \/>\n<link rel=\"canonical\" href=\"https:\/\/shop.huppa.eu\/lt\/product\/janelle-140g-10\/\" \/>\n<meta property=\"og:locale\" content=\"lt_LT\" \/>\n<meta property=\"og:type\" content=\"article\" \/>\n<meta property=\"og:title\" content=\"Moteri\u0161ka striuk\u0117 JANELLE (140g) - Huppa LT\" \/>\n<meta property=\"og:description\" content=\"Parka su 140 g pa\u0161iltinimu moterims. Striuk\u0117 su vandeniui nelaid\u017eiomis klijuotomis si\u016bl\u0117mis rankov\u0117s dalyje, aplink kakl\u0105, gobtuve ir pe\u010di\u0173 juostoje. Parkos juosmenyje yra elastin\u0117 guma. Priekyje ki\u0161en\u0117s. Parka turi ir vidin\u0119 ki\u0161en\u0119 su u\u017etrauktuku. Priekinis parkos u\u017etrauktukas atsidaro dviem b\u016bdais, o tai savo ruo\u017etu palengvina s\u0117d\u0117jim\u0105.\" \/>\n<meta property=\"og:url\" content=\"https:\/\/shop.huppa.eu\/lt\/product\/janelle-140g-10\/\" \/>\n<meta property=\"og:site_name\" content=\"Huppa LT\" \/>\n<meta property=\"article:modified_time\" content=\"2026-04-16T03:40:03+00:00\" \/>\n<meta property=\"og:image\" content=\"https:\/\/huppashop-prod.s3.eu-north-1.amazonaws.com\/wp-content\/uploads\/sites\/3\/2021\/06\/03013729\/18028014-00009-JANELLE_f.jpg\" \/>\n\t<meta property=\"og:image:width\" content=\"1200\" \/>\n\t<meta property=\"og:image:height\" content=\"1200\" \/>\n\t<meta property=\"og:image:type\" content=\"image\/jpeg\" \/>\n<meta name=\"twitter:card\" content=\"summary_large_image\" \/>\n<script type=\"application\/ld+json\" class=\"yoast-schema-graph\">{\"@context\":\"https:\/\/schema.org\",\"@graph\":[{\"@type\":\"WebPage\",\"@id\":\"https:\/\/shop.huppa.eu\/lt\/product\/janelle-140g-10\/\",\"url\":\"https:\/\/shop.huppa.eu\/lt\/product\/janelle-140g-10\/\",\"name\":\"Moteri\u0161ka striuk\u0117 JANELLE (140g) - Huppa LT\",\"isPartOf\":{\"@id\":\"https:\/\/shop.huppa.eu\/lt\/#website\"},\"primaryImageOfPage\":{\"@id\":\"https:\/\/shop.huppa.eu\/lt\/product\/janelle-140g-10\/#primaryimage\"},\"image\":{\"@id\":\"https:\/\/shop.huppa.eu\/lt\/product\/janelle-140g-10\/#primaryimage\"},\"thumbnailUrl\":\"https:\/\/huppashop-prod.s3.eu-north-1.amazonaws.com\/wp-content\/uploads\/sites\/3\/2021\/06\/03013729\/18028014-00009-JANELLE_f.jpg\",\"datePublished\":\"2025-11-24T15:02:48+00:00\",\"dateModified\":\"2026-04-16T03:40:03+00:00\",\"breadcrumb\":{\"@id\":\"https:\/\/shop.huppa.eu\/lt\/product\/janelle-140g-10\/#breadcrumb\"},\"inLanguage\":\"lt-LT\",\"potentialAction\":[{\"@type\":\"ReadAction\",\"target\":[\"https:\/\/shop.huppa.eu\/lt\/product\/janelle-140g-10\/\"]}]},{\"@type\":\"ImageObject\",\"inLanguage\":\"lt-LT\",\"@id\":\"https:\/\/shop.huppa.eu\/lt\/product\/janelle-140g-10\/#primaryimage\",\"url\":\"https:\/\/huppashop-prod.s3.eu-north-1.amazonaws.com\/wp-content\/uploads\/sites\/3\/2021\/06\/03013729\/18028014-00009-JANELLE_f.jpg\",\"contentUrl\":\"https:\/\/huppashop-prod.s3.eu-north-1.amazonaws.com\/wp-content\/uploads\/sites\/3\/2021\/06\/03013729\/18028014-00009-JANELLE_f.jpg\",\"width\":1200,\"height\":1200},{\"@type\":\"BreadcrumbList\",\"@id\":\"https:\/\/shop.huppa.eu\/lt\/product\/janelle-140g-10\/#breadcrumb\",\"itemListElement\":[{\"@type\":\"ListItem\",\"position\":1,\"name\":\"Shop\",\"item\":\"https:\/\/shop.huppa.eu\/lt\/shop\/\"},{\"@type\":\"ListItem\",\"position\":2,\"name\":\"Moteri\u0161ka striuk\u0117 JANELLE (140g)\"}]},{\"@type\":\"WebSite\",\"@id\":\"https:\/\/shop.huppa.eu\/lt\/#website\",\"url\":\"https:\/\/shop.huppa.eu\/lt\/\",\"name\":\"Huppa LT\",\"description\":\"Huppa LT\",\"potentialAction\":[{\"@type\":\"SearchAction\",\"target\":{\"@type\":\"EntryPoint\",\"urlTemplate\":\"https:\/\/shop.huppa.eu\/lt\/?s={search_term_string}\"},\"query-input\":{\"@type\":\"PropertyValueSpecification\",\"valueRequired\":true,\"valueName\":\"search_term_string\"}}],\"inLanguage\":\"lt-LT\"}]}<\/script>\n<!-- \/ Yoast SEO plugin. -->","yoast_head_json":{"title":"Moteri\u0161ka striuk\u0117 JANELLE (140g) - Huppa LT","robots":{"index":"index","follow":"follow","max-snippet":"max-snippet:-1","max-image-preview":"max-image-preview:large","max-video-preview":"max-video-preview:-1"},"canonical":"https:\/\/shop.huppa.eu\/lt\/product\/janelle-140g-10\/","og_locale":"lt_LT","og_type":"article","og_title":"Moteri\u0161ka striuk\u0117 JANELLE (140g) - Huppa LT","og_description":"Parka su 140 g pa\u0161iltinimu moterims. Striuk\u0117 su vandeniui nelaid\u017eiomis klijuotomis si\u016bl\u0117mis rankov\u0117s dalyje, aplink kakl\u0105, gobtuve ir pe\u010di\u0173 juostoje. Parkos juosmenyje yra elastin\u0117 guma. Priekyje ki\u0161en\u0117s. Parka turi ir vidin\u0119 ki\u0161en\u0119 su u\u017etrauktuku. Priekinis parkos u\u017etrauktukas atsidaro dviem b\u016bdais, o tai savo ruo\u017etu palengvina s\u0117d\u0117jim\u0105.","og_url":"https:\/\/shop.huppa.eu\/lt\/product\/janelle-140g-10\/","og_site_name":"Huppa LT","article_modified_time":"2026-04-16T03:40:03+00:00","og_image":[{"width":1200,"height":1200,"url":"https:\/\/huppashop-prod.s3.eu-north-1.amazonaws.com\/wp-content\/uploads\/sites\/3\/2021\/06\/03013729\/18028014-00009-JANELLE_f.jpg","type":"image\/jpeg"}],"twitter_card":"summary_large_image","schema":{"@context":"https:\/\/schema.org","@graph":[{"@type":"WebPage","@id":"https:\/\/shop.huppa.eu\/lt\/product\/janelle-140g-10\/","url":"https:\/\/shop.huppa.eu\/lt\/product\/janelle-140g-10\/","name":"Moteri\u0161ka striuk\u0117 JANELLE (140g) - Huppa LT","isPartOf":{"@id":"https:\/\/shop.huppa.eu\/lt\/#website"},"primaryImageOfPage":{"@id":"https:\/\/shop.huppa.eu\/lt\/product\/janelle-140g-10\/#primaryimage"},"image":{"@id":"https:\/\/shop.huppa.eu\/lt\/product\/janelle-140g-10\/#primaryimage"},"thumbnailUrl":"https:\/\/huppashop-prod.s3.eu-north-1.amazonaws.com\/wp-content\/uploads\/sites\/3\/2021\/06\/03013729\/18028014-00009-JANELLE_f.jpg","datePublished":"2025-11-24T15:02:48+00:00","dateModified":"2026-04-16T03:40:03+00:00","breadcrumb":{"@id":"https:\/\/shop.huppa.eu\/lt\/product\/janelle-140g-10\/#breadcrumb"},"inLanguage":"lt-LT","potentialAction":[{"@type":"ReadAction","target":["https:\/\/shop.huppa.eu\/lt\/product\/janelle-140g-10\/"]}]},{"@type":"ImageObject","inLanguage":"lt-LT","@id":"https:\/\/shop.huppa.eu\/lt\/product\/janelle-140g-10\/#primaryimage","url":"https:\/\/huppashop-prod.s3.eu-north-1.amazonaws.com\/wp-content\/uploads\/sites\/3\/2021\/06\/03013729\/18028014-00009-JANELLE_f.jpg","contentUrl":"https:\/\/huppashop-prod.s3.eu-north-1.amazonaws.com\/wp-content\/uploads\/sites\/3\/2021\/06\/03013729\/18028014-00009-JANELLE_f.jpg","width":1200,"height":1200},{"@type":"BreadcrumbList","@id":"https:\/\/shop.huppa.eu\/lt\/product\/janelle-140g-10\/#breadcrumb","itemListElement":[{"@type":"ListItem","position":1,"name":"Shop","item":"https:\/\/shop.huppa.eu\/lt\/shop\/"},{"@type":"ListItem","position":2,"name":"Moteri\u0161ka striuk\u0117 JANELLE (140g)"}]},{"@type":"WebSite","@id":"https:\/\/shop.huppa.eu\/lt\/#website","url":"https:\/\/shop.huppa.eu\/lt\/","name":"Huppa LT","description":"Huppa LT","potentialAction":[{"@type":"SearchAction","target":{"@type":"EntryPoint","urlTemplate":"https:\/\/shop.huppa.eu\/lt\/?s={search_term_string}"},"query-input":{"@type":"PropertyValueSpecification","valueRequired":true,"valueName":"search_term_string"}}],"inLanguage":"lt-LT"}]}},"_links":{"self":[{"href":"https:\/\/shop.huppa.eu\/lt\/wp-json\/wp\/v2\/product\/518012","targetHints":{"allow":["GET"]}}],"collection":[{"href":"https:\/\/shop.huppa.eu\/lt\/wp-json\/wp\/v2\/product"}],"about":[{"href":"https:\/\/shop.huppa.eu\/lt\/wp-json\/wp\/v2\/types\/product"}],"wp:featuredmedia":[{"embeddable":true,"href":"https:\/\/shop.huppa.eu\/lt\/wp-json\/wp\/v2\/media\/423418"}],"wp:attachment":[{"href":"https:\/\/shop.huppa.eu\/lt\/wp-json\/wp\/v2\/media?parent=518012"}],"wp:term":[{"taxonomy":"product_brand","embeddable":true,"href":"https:\/\/shop.huppa.eu\/lt\/wp-json\/wp\/v2\/product_brand?post=518012"},{"taxonomy":"product_cat","embeddable":true,"href":"https:\/\/shop.huppa.eu\/lt\/wp-json\/wp\/v2\/product_cat?post=518012"},{"taxonomy":"product_tag","embeddable":true,"href":"https:\/\/shop.huppa.eu\/lt\/wp-json\/wp\/v2\/product_tag?post=518012"}],"curies":[{"name":"wp","href":"https:\/\/api.w.org\/{rel}","templated":true}]}}