{"id":518034,"date":"2025-11-24T17:03:12","date_gmt":"2025-11-24T15:03:12","guid":{"rendered":"https:\/\/shop.huppa.eu\/lt\/product\/novally-300g-2\/"},"modified":"2026-04-16T05:40:05","modified_gmt":"2026-04-16T03:40:05","slug":"novally-300g-2","status":"publish","type":"product","link":"https:\/\/shop.huppa.eu\/lt\/product\/novally-300g-2\/","title":{"rendered":"Mergai\u010di\u0173 \u017eiemin\u0117 striuk\u0117 NOVALLY (300g)"},"content":{"rendered":"<p>Mergai\u010di\u0173 \u017eiemos striuk\u0117 su 300g \u0161iltinimu. Striuk\u0117s pamu\u0161alas yra mink\u0161ta medviln\u0117s flanel\u0117, o vir\u0161utinis audinys yra v\u0117jui ir vandeniui atsparus. Vidiniai rievotos rankovi\u0173 u\u017ebaigimas striuk\u0117s rankov\u0117se apsaugo vaik\u0105 nuo \u0161al\u010dio ir dr\u0117gm\u0117s. Siekiant u\u017etikrinti, kad vaikas b\u016bt\u0173 matomas net tamsoje, striuk\u0117 yra apr\u016bpinta at\u0161vaitu detal\u0117mis, o kr\u016btin\u0117s priekis yra papuo\u0161tas at\u0161vaitu detale. Nuimamas gobtuvas yra saugus \u017eaidimams lauke &#8211; jis tvirtinamas spaustukais, kad neu\u017esikabint\u0173, ir jo kailio kra\u0161tas taip pat yra nuimamas.<\/p>\n","protected":false},"excerpt":{"rendered":"<p>Mergai\u010di\u0173 \u017eiemos striuk\u0117 su 300g \u0161iltinimu. Striuk\u0117s pamu\u0161alas yra mink\u0161ta medviln\u0117s flanel\u0117, o vir\u0161utinis audinys yra v\u0117jui ir vandeniui atsparus. Vidiniai rievotos rankovi\u0173 u\u017ebaigimas striuk\u0117s rankov\u0117se apsaugo vaik\u0105 nuo \u0161al\u010dio ir dr\u0117gm\u0117s. Siekiant u\u017etikrinti, kad vaikas b\u016bt\u0173 matomas net tamsoje, striuk\u0117 yra apr\u016bpinta at\u0161vaitu detal\u0117mis, o kr\u016btin\u0117s priekis yra papuo\u0161tas at\u0161vaitu detale. Nuimamas gobtuvas yra [&hellip;]<\/p>\n","protected":false},"featured_media":518036,"template":"","meta":{"_acf_changed":false},"product_brand":[],"product_cat":[102,103,88,89,19],"product_tag":[],"class_list":{"0":"post-518034","1":"product","2":"type-product","3":"status-publish","4":"has-post-thumbnail","6":"product_cat-mergaiciu","7":"product_cat-striukes-mergaiciu","8":"product_cat-striukes","9":"product_cat-striukes-2","10":"product_cat-vaikai","11":"pa_amzius-vaikai","12":"pa_atsparumas-vandeniui-10000mm","13":"pa_dydis-409","14":"pa_izoliacijos-svoris-300g","15":"pa_kolekcija-nr-w18-19","16":"pa_kolekcijos-dalis-fashion","17":"pa_lytis-mergaiciu","18":"pa_oro-pralaidumas-10000g-m-24h","19":"pa_prekes-artikulas-18050030-81720","20":"pa_uzpildas-300g","22":"first","23":"instock","24":"sale","25":"taxable","26":"shipping-taxable","27":"purchasable","28":"product-type-variable"},"acf":[],"yoast_head":"<!-- This site is optimized with the Yoast SEO plugin v26.8 - https:\/\/yoast.com\/product\/yoast-seo-wordpress\/ -->\n<title>Mergai\u010di\u0173 \u017eiemin\u0117 striuk\u0117 NOVALLY (300g) - Huppa LT<\/title>\n<meta name=\"robots\" content=\"index, follow, max-snippet:-1, max-image-preview:large, max-video-preview:-1\" \/>\n<link rel=\"canonical\" href=\"https:\/\/shop.huppa.eu\/lt\/product\/novally-300g-2\/\" \/>\n<meta property=\"og:locale\" content=\"lt_LT\" \/>\n<meta property=\"og:type\" content=\"article\" \/>\n<meta property=\"og:title\" content=\"Mergai\u010di\u0173 \u017eiemin\u0117 striuk\u0117 NOVALLY (300g) - Huppa LT\" \/>\n<meta property=\"og:description\" content=\"Mergai\u010di\u0173 \u017eiemos striuk\u0117 su 300g \u0161iltinimu. Striuk\u0117s pamu\u0161alas yra mink\u0161ta medviln\u0117s flanel\u0117, o vir\u0161utinis audinys yra v\u0117jui ir vandeniui atsparus. Vidiniai rievotos rankovi\u0173 u\u017ebaigimas striuk\u0117s rankov\u0117se apsaugo vaik\u0105 nuo \u0161al\u010dio ir dr\u0117gm\u0117s. Siekiant u\u017etikrinti, kad vaikas b\u016bt\u0173 matomas net tamsoje, striuk\u0117 yra apr\u016bpinta at\u0161vaitu detal\u0117mis, o kr\u016btin\u0117s priekis yra papuo\u0161tas at\u0161vaitu detale. Nuimamas gobtuvas yra [&hellip;]\" \/>\n<meta property=\"og:url\" content=\"https:\/\/shop.huppa.eu\/lt\/product\/novally-300g-2\/\" \/>\n<meta property=\"og:site_name\" content=\"Huppa LT\" \/>\n<meta property=\"article:modified_time\" content=\"2026-04-16T03:40:05+00:00\" \/>\n<meta property=\"og:image\" content=\"https:\/\/huppashop-prod.s3.eu-north-1.amazonaws.com\/wp-content\/uploads\/sites\/5\/2025\/11\/24170314\/18050030-81720-NOVALLYf.jpg\" \/>\n\t<meta property=\"og:image:width\" content=\"800\" \/>\n\t<meta property=\"og:image:height\" content=\"800\" \/>\n\t<meta property=\"og:image:type\" content=\"image\/jpeg\" \/>\n<meta name=\"twitter:card\" content=\"summary_large_image\" \/>\n<script type=\"application\/ld+json\" class=\"yoast-schema-graph\">{\"@context\":\"https:\/\/schema.org\",\"@graph\":[{\"@type\":\"WebPage\",\"@id\":\"https:\/\/shop.huppa.eu\/lt\/product\/novally-300g-2\/\",\"url\":\"https:\/\/shop.huppa.eu\/lt\/product\/novally-300g-2\/\",\"name\":\"Mergai\u010di\u0173 \u017eiemin\u0117 striuk\u0117 NOVALLY (300g) - Huppa LT\",\"isPartOf\":{\"@id\":\"https:\/\/shop.huppa.eu\/lt\/#website\"},\"primaryImageOfPage\":{\"@id\":\"https:\/\/shop.huppa.eu\/lt\/product\/novally-300g-2\/#primaryimage\"},\"image\":{\"@id\":\"https:\/\/shop.huppa.eu\/lt\/product\/novally-300g-2\/#primaryimage\"},\"thumbnailUrl\":\"https:\/\/huppashop-prod.s3.eu-north-1.amazonaws.com\/wp-content\/uploads\/sites\/5\/2025\/11\/24170314\/18050030-81720-NOVALLYf.jpg\",\"datePublished\":\"2025-11-24T15:03:12+00:00\",\"dateModified\":\"2026-04-16T03:40:05+00:00\",\"breadcrumb\":{\"@id\":\"https:\/\/shop.huppa.eu\/lt\/product\/novally-300g-2\/#breadcrumb\"},\"inLanguage\":\"lt-LT\",\"potentialAction\":[{\"@type\":\"ReadAction\",\"target\":[\"https:\/\/shop.huppa.eu\/lt\/product\/novally-300g-2\/\"]}]},{\"@type\":\"ImageObject\",\"inLanguage\":\"lt-LT\",\"@id\":\"https:\/\/shop.huppa.eu\/lt\/product\/novally-300g-2\/#primaryimage\",\"url\":\"https:\/\/huppashop-prod.s3.eu-north-1.amazonaws.com\/wp-content\/uploads\/sites\/5\/2025\/11\/24170314\/18050030-81720-NOVALLYf.jpg\",\"contentUrl\":\"https:\/\/huppashop-prod.s3.eu-north-1.amazonaws.com\/wp-content\/uploads\/sites\/5\/2025\/11\/24170314\/18050030-81720-NOVALLYf.jpg\",\"width\":800,\"height\":800},{\"@type\":\"BreadcrumbList\",\"@id\":\"https:\/\/shop.huppa.eu\/lt\/product\/novally-300g-2\/#breadcrumb\",\"itemListElement\":[{\"@type\":\"ListItem\",\"position\":1,\"name\":\"Shop\",\"item\":\"https:\/\/shop.huppa.eu\/lt\/shop\/\"},{\"@type\":\"ListItem\",\"position\":2,\"name\":\"Mergai\u010di\u0173 \u017eiemin\u0117 striuk\u0117 NOVALLY (300g)\"}]},{\"@type\":\"WebSite\",\"@id\":\"https:\/\/shop.huppa.eu\/lt\/#website\",\"url\":\"https:\/\/shop.huppa.eu\/lt\/\",\"name\":\"Huppa LT\",\"description\":\"Huppa LT\",\"potentialAction\":[{\"@type\":\"SearchAction\",\"target\":{\"@type\":\"EntryPoint\",\"urlTemplate\":\"https:\/\/shop.huppa.eu\/lt\/?s={search_term_string}\"},\"query-input\":{\"@type\":\"PropertyValueSpecification\",\"valueRequired\":true,\"valueName\":\"search_term_string\"}}],\"inLanguage\":\"lt-LT\"}]}<\/script>\n<!-- \/ Yoast SEO plugin. -->","yoast_head_json":{"title":"Mergai\u010di\u0173 \u017eiemin\u0117 striuk\u0117 NOVALLY (300g) - Huppa LT","robots":{"index":"index","follow":"follow","max-snippet":"max-snippet:-1","max-image-preview":"max-image-preview:large","max-video-preview":"max-video-preview:-1"},"canonical":"https:\/\/shop.huppa.eu\/lt\/product\/novally-300g-2\/","og_locale":"lt_LT","og_type":"article","og_title":"Mergai\u010di\u0173 \u017eiemin\u0117 striuk\u0117 NOVALLY (300g) - Huppa LT","og_description":"Mergai\u010di\u0173 \u017eiemos striuk\u0117 su 300g \u0161iltinimu. Striuk\u0117s pamu\u0161alas yra mink\u0161ta medviln\u0117s flanel\u0117, o vir\u0161utinis audinys yra v\u0117jui ir vandeniui atsparus. Vidiniai rievotos rankovi\u0173 u\u017ebaigimas striuk\u0117s rankov\u0117se apsaugo vaik\u0105 nuo \u0161al\u010dio ir dr\u0117gm\u0117s. Siekiant u\u017etikrinti, kad vaikas b\u016bt\u0173 matomas net tamsoje, striuk\u0117 yra apr\u016bpinta at\u0161vaitu detal\u0117mis, o kr\u016btin\u0117s priekis yra papuo\u0161tas at\u0161vaitu detale. Nuimamas gobtuvas yra [&hellip;]","og_url":"https:\/\/shop.huppa.eu\/lt\/product\/novally-300g-2\/","og_site_name":"Huppa LT","article_modified_time":"2026-04-16T03:40:05+00:00","og_image":[{"width":800,"height":800,"url":"https:\/\/huppashop-prod.s3.eu-north-1.amazonaws.com\/wp-content\/uploads\/sites\/5\/2025\/11\/24170314\/18050030-81720-NOVALLYf.jpg","type":"image\/jpeg"}],"twitter_card":"summary_large_image","schema":{"@context":"https:\/\/schema.org","@graph":[{"@type":"WebPage","@id":"https:\/\/shop.huppa.eu\/lt\/product\/novally-300g-2\/","url":"https:\/\/shop.huppa.eu\/lt\/product\/novally-300g-2\/","name":"Mergai\u010di\u0173 \u017eiemin\u0117 striuk\u0117 NOVALLY (300g) - Huppa LT","isPartOf":{"@id":"https:\/\/shop.huppa.eu\/lt\/#website"},"primaryImageOfPage":{"@id":"https:\/\/shop.huppa.eu\/lt\/product\/novally-300g-2\/#primaryimage"},"image":{"@id":"https:\/\/shop.huppa.eu\/lt\/product\/novally-300g-2\/#primaryimage"},"thumbnailUrl":"https:\/\/huppashop-prod.s3.eu-north-1.amazonaws.com\/wp-content\/uploads\/sites\/5\/2025\/11\/24170314\/18050030-81720-NOVALLYf.jpg","datePublished":"2025-11-24T15:03:12+00:00","dateModified":"2026-04-16T03:40:05+00:00","breadcrumb":{"@id":"https:\/\/shop.huppa.eu\/lt\/product\/novally-300g-2\/#breadcrumb"},"inLanguage":"lt-LT","potentialAction":[{"@type":"ReadAction","target":["https:\/\/shop.huppa.eu\/lt\/product\/novally-300g-2\/"]}]},{"@type":"ImageObject","inLanguage":"lt-LT","@id":"https:\/\/shop.huppa.eu\/lt\/product\/novally-300g-2\/#primaryimage","url":"https:\/\/huppashop-prod.s3.eu-north-1.amazonaws.com\/wp-content\/uploads\/sites\/5\/2025\/11\/24170314\/18050030-81720-NOVALLYf.jpg","contentUrl":"https:\/\/huppashop-prod.s3.eu-north-1.amazonaws.com\/wp-content\/uploads\/sites\/5\/2025\/11\/24170314\/18050030-81720-NOVALLYf.jpg","width":800,"height":800},{"@type":"BreadcrumbList","@id":"https:\/\/shop.huppa.eu\/lt\/product\/novally-300g-2\/#breadcrumb","itemListElement":[{"@type":"ListItem","position":1,"name":"Shop","item":"https:\/\/shop.huppa.eu\/lt\/shop\/"},{"@type":"ListItem","position":2,"name":"Mergai\u010di\u0173 \u017eiemin\u0117 striuk\u0117 NOVALLY (300g)"}]},{"@type":"WebSite","@id":"https:\/\/shop.huppa.eu\/lt\/#website","url":"https:\/\/shop.huppa.eu\/lt\/","name":"Huppa LT","description":"Huppa LT","potentialAction":[{"@type":"SearchAction","target":{"@type":"EntryPoint","urlTemplate":"https:\/\/shop.huppa.eu\/lt\/?s={search_term_string}"},"query-input":{"@type":"PropertyValueSpecification","valueRequired":true,"valueName":"search_term_string"}}],"inLanguage":"lt-LT"}]}},"_links":{"self":[{"href":"https:\/\/shop.huppa.eu\/lt\/wp-json\/wp\/v2\/product\/518034","targetHints":{"allow":["GET"]}}],"collection":[{"href":"https:\/\/shop.huppa.eu\/lt\/wp-json\/wp\/v2\/product"}],"about":[{"href":"https:\/\/shop.huppa.eu\/lt\/wp-json\/wp\/v2\/types\/product"}],"wp:featuredmedia":[{"embeddable":true,"href":"https:\/\/shop.huppa.eu\/lt\/wp-json\/wp\/v2\/media\/518036"}],"wp:attachment":[{"href":"https:\/\/shop.huppa.eu\/lt\/wp-json\/wp\/v2\/media?parent=518034"}],"wp:term":[{"taxonomy":"product_brand","embeddable":true,"href":"https:\/\/shop.huppa.eu\/lt\/wp-json\/wp\/v2\/product_brand?post=518034"},{"taxonomy":"product_cat","embeddable":true,"href":"https:\/\/shop.huppa.eu\/lt\/wp-json\/wp\/v2\/product_cat?post=518034"},{"taxonomy":"product_tag","embeddable":true,"href":"https:\/\/shop.huppa.eu\/lt\/wp-json\/wp\/v2\/product_tag?post=518034"}],"curies":[{"name":"wp","href":"https:\/\/api.w.org\/{rel}","templated":true}]}}