{"id":518060,"date":"2025-11-24T17:03:44","date_gmt":"2025-11-24T15:03:44","guid":{"rendered":"https:\/\/shop.huppa.eu\/lt\/product\/missy-artificial-down-3\/"},"modified":"2026-04-16T05:40:05","modified_gmt":"2026-04-16T03:40:05","slug":"missy-artificial-down-3","status":"publish","type":"product","link":"https:\/\/shop.huppa.eu\/lt\/product\/missy-artificial-down-3\/","title":{"rendered":"Mergai\u010di\u0173 \u017eiemin\u0117 striuk\u0117 MISSY (ARTIFICIAL DOWN)"},"content":{"rendered":"<p>Ilgesn\u0117 \u017eiemos striuk\u0117 ma\u017eai mergaitei. Jos taftos pamu\u0161alas maloniai mink\u0161tas, o vir\u0161utinis audinys kv\u0117puojantis ir atspar\u016bs oro s\u0105lygoms. Striuk\u0117 u\u017epildyta sintetiniu p\u016bku. Rauk\u0161l\u0117tos vidinio rie\u0161o u\u017elaidos rankov\u0117se i\u0161laiko vaik\u0105 \u0161ilt\u0105 ir saus\u0105. Kad vaikas b\u016bt\u0173 matomas net tamsoje, striuk\u0117 turi at\u0161vaitines detales ir snaig\u0117s formos at\u0161vaitin\u0119 aplikacij\u0105 ant rankos. Nuimama gobtuva yra saugi &#8211; ji tvirtinama spaud\u017eiamais segikliais, kad neprikli\u016bt\u0173, jos kailio kra\u0161tas taip pat nuimamas.<\/p>\n","protected":false},"excerpt":{"rendered":"<p>Ilgesn\u0117 \u017eiemos striuk\u0117 ma\u017eai mergaitei. Jos taftos pamu\u0161alas maloniai mink\u0161tas, o vir\u0161utinis audinys kv\u0117puojantis ir atspar\u016bs oro s\u0105lygoms. Striuk\u0117 u\u017epildyta sintetiniu p\u016bku. Rauk\u0161l\u0117tos vidinio rie\u0161o u\u017elaidos rankov\u0117se i\u0161laiko vaik\u0105 \u0161ilt\u0105 ir saus\u0105. Kad vaikas b\u016bt\u0173 matomas net tamsoje, striuk\u0117 turi at\u0161vaitines detales ir snaig\u0117s formos at\u0161vaitin\u0119 aplikacij\u0105 ant rankos. Nuimama gobtuva yra saugi &#8211; ji [&hellip;]<\/p>\n","protected":false},"featured_media":518062,"template":"","meta":{"_acf_changed":false},"product_brand":[],"product_cat":[102,103,88,89,19],"product_tag":[],"class_list":{"0":"post-518060","1":"product","2":"type-product","3":"status-publish","4":"has-post-thumbnail","6":"product_cat-mergaiciu","7":"product_cat-striukes-mergaiciu","8":"product_cat-striukes","9":"product_cat-striukes-2","10":"product_cat-vaikai","11":"pa_amzius-vaikai","12":"pa_atsparumas-vandeniui-5000mm","13":"pa_dydis-93","14":"pa_izoliacijos-svoris-artificial-down","15":"pa_kolekcija-nr-w18-19","16":"pa_kolekcijos-dalis-down","17":"pa_lytis-mergaiciu","18":"pa_oro-pralaidumas-5000g-m-24h","19":"pa_prekes-artikulas-18060055-80034","20":"pa_uzpildas-artificial-down","22":"first","23":"instock","24":"sale","25":"taxable","26":"shipping-taxable","27":"purchasable","28":"product-type-variable"},"acf":[],"yoast_head":"<!-- This site is optimized with the Yoast SEO plugin v26.8 - https:\/\/yoast.com\/product\/yoast-seo-wordpress\/ -->\n<title>Mergai\u010di\u0173 \u017eiemin\u0117 striuk\u0117 MISSY (ARTIFICIAL DOWN) - Huppa LT<\/title>\n<meta name=\"robots\" content=\"index, follow, max-snippet:-1, max-image-preview:large, max-video-preview:-1\" \/>\n<link rel=\"canonical\" href=\"https:\/\/shop.huppa.eu\/lt\/product\/missy-artificial-down-3\/\" \/>\n<meta property=\"og:locale\" content=\"lt_LT\" \/>\n<meta property=\"og:type\" content=\"article\" \/>\n<meta property=\"og:title\" content=\"Mergai\u010di\u0173 \u017eiemin\u0117 striuk\u0117 MISSY (ARTIFICIAL DOWN) - Huppa LT\" \/>\n<meta property=\"og:description\" content=\"Ilgesn\u0117 \u017eiemos striuk\u0117 ma\u017eai mergaitei. Jos taftos pamu\u0161alas maloniai mink\u0161tas, o vir\u0161utinis audinys kv\u0117puojantis ir atspar\u016bs oro s\u0105lygoms. Striuk\u0117 u\u017epildyta sintetiniu p\u016bku. Rauk\u0161l\u0117tos vidinio rie\u0161o u\u017elaidos rankov\u0117se i\u0161laiko vaik\u0105 \u0161ilt\u0105 ir saus\u0105. Kad vaikas b\u016bt\u0173 matomas net tamsoje, striuk\u0117 turi at\u0161vaitines detales ir snaig\u0117s formos at\u0161vaitin\u0119 aplikacij\u0105 ant rankos. Nuimama gobtuva yra saugi &#8211; ji [&hellip;]\" \/>\n<meta property=\"og:url\" content=\"https:\/\/shop.huppa.eu\/lt\/product\/missy-artificial-down-3\/\" \/>\n<meta property=\"og:site_name\" content=\"Huppa LT\" \/>\n<meta property=\"article:modified_time\" content=\"2026-04-16T03:40:05+00:00\" \/>\n<meta property=\"og:image\" content=\"https:\/\/huppashop-prod.s3.eu-north-1.amazonaws.com\/wp-content\/uploads\/sites\/5\/2025\/11\/24170346\/18060055-80034-MISSYf.jpg\" \/>\n\t<meta property=\"og:image:width\" content=\"800\" \/>\n\t<meta property=\"og:image:height\" content=\"800\" \/>\n\t<meta property=\"og:image:type\" content=\"image\/jpeg\" \/>\n<meta name=\"twitter:card\" content=\"summary_large_image\" \/>\n<script type=\"application\/ld+json\" class=\"yoast-schema-graph\">{\"@context\":\"https:\/\/schema.org\",\"@graph\":[{\"@type\":\"WebPage\",\"@id\":\"https:\/\/shop.huppa.eu\/lt\/product\/missy-artificial-down-3\/\",\"url\":\"https:\/\/shop.huppa.eu\/lt\/product\/missy-artificial-down-3\/\",\"name\":\"Mergai\u010di\u0173 \u017eiemin\u0117 striuk\u0117 MISSY (ARTIFICIAL DOWN) - Huppa LT\",\"isPartOf\":{\"@id\":\"https:\/\/shop.huppa.eu\/lt\/#website\"},\"primaryImageOfPage\":{\"@id\":\"https:\/\/shop.huppa.eu\/lt\/product\/missy-artificial-down-3\/#primaryimage\"},\"image\":{\"@id\":\"https:\/\/shop.huppa.eu\/lt\/product\/missy-artificial-down-3\/#primaryimage\"},\"thumbnailUrl\":\"https:\/\/huppashop-prod.s3.eu-north-1.amazonaws.com\/wp-content\/uploads\/sites\/5\/2025\/11\/24170346\/18060055-80034-MISSYf.jpg\",\"datePublished\":\"2025-11-24T15:03:44+00:00\",\"dateModified\":\"2026-04-16T03:40:05+00:00\",\"breadcrumb\":{\"@id\":\"https:\/\/shop.huppa.eu\/lt\/product\/missy-artificial-down-3\/#breadcrumb\"},\"inLanguage\":\"lt-LT\",\"potentialAction\":[{\"@type\":\"ReadAction\",\"target\":[\"https:\/\/shop.huppa.eu\/lt\/product\/missy-artificial-down-3\/\"]}]},{\"@type\":\"ImageObject\",\"inLanguage\":\"lt-LT\",\"@id\":\"https:\/\/shop.huppa.eu\/lt\/product\/missy-artificial-down-3\/#primaryimage\",\"url\":\"https:\/\/huppashop-prod.s3.eu-north-1.amazonaws.com\/wp-content\/uploads\/sites\/5\/2025\/11\/24170346\/18060055-80034-MISSYf.jpg\",\"contentUrl\":\"https:\/\/huppashop-prod.s3.eu-north-1.amazonaws.com\/wp-content\/uploads\/sites\/5\/2025\/11\/24170346\/18060055-80034-MISSYf.jpg\",\"width\":800,\"height\":800},{\"@type\":\"BreadcrumbList\",\"@id\":\"https:\/\/shop.huppa.eu\/lt\/product\/missy-artificial-down-3\/#breadcrumb\",\"itemListElement\":[{\"@type\":\"ListItem\",\"position\":1,\"name\":\"Shop\",\"item\":\"https:\/\/shop.huppa.eu\/lt\/shop\/\"},{\"@type\":\"ListItem\",\"position\":2,\"name\":\"Mergai\u010di\u0173 \u017eiemin\u0117 striuk\u0117 MISSY (ARTIFICIAL DOWN)\"}]},{\"@type\":\"WebSite\",\"@id\":\"https:\/\/shop.huppa.eu\/lt\/#website\",\"url\":\"https:\/\/shop.huppa.eu\/lt\/\",\"name\":\"Huppa LT\",\"description\":\"Huppa LT\",\"potentialAction\":[{\"@type\":\"SearchAction\",\"target\":{\"@type\":\"EntryPoint\",\"urlTemplate\":\"https:\/\/shop.huppa.eu\/lt\/?s={search_term_string}\"},\"query-input\":{\"@type\":\"PropertyValueSpecification\",\"valueRequired\":true,\"valueName\":\"search_term_string\"}}],\"inLanguage\":\"lt-LT\"}]}<\/script>\n<!-- \/ Yoast SEO plugin. -->","yoast_head_json":{"title":"Mergai\u010di\u0173 \u017eiemin\u0117 striuk\u0117 MISSY (ARTIFICIAL DOWN) - Huppa LT","robots":{"index":"index","follow":"follow","max-snippet":"max-snippet:-1","max-image-preview":"max-image-preview:large","max-video-preview":"max-video-preview:-1"},"canonical":"https:\/\/shop.huppa.eu\/lt\/product\/missy-artificial-down-3\/","og_locale":"lt_LT","og_type":"article","og_title":"Mergai\u010di\u0173 \u017eiemin\u0117 striuk\u0117 MISSY (ARTIFICIAL DOWN) - Huppa LT","og_description":"Ilgesn\u0117 \u017eiemos striuk\u0117 ma\u017eai mergaitei. Jos taftos pamu\u0161alas maloniai mink\u0161tas, o vir\u0161utinis audinys kv\u0117puojantis ir atspar\u016bs oro s\u0105lygoms. Striuk\u0117 u\u017epildyta sintetiniu p\u016bku. Rauk\u0161l\u0117tos vidinio rie\u0161o u\u017elaidos rankov\u0117se i\u0161laiko vaik\u0105 \u0161ilt\u0105 ir saus\u0105. Kad vaikas b\u016bt\u0173 matomas net tamsoje, striuk\u0117 turi at\u0161vaitines detales ir snaig\u0117s formos at\u0161vaitin\u0119 aplikacij\u0105 ant rankos. Nuimama gobtuva yra saugi &#8211; ji [&hellip;]","og_url":"https:\/\/shop.huppa.eu\/lt\/product\/missy-artificial-down-3\/","og_site_name":"Huppa LT","article_modified_time":"2026-04-16T03:40:05+00:00","og_image":[{"width":800,"height":800,"url":"https:\/\/huppashop-prod.s3.eu-north-1.amazonaws.com\/wp-content\/uploads\/sites\/5\/2025\/11\/24170346\/18060055-80034-MISSYf.jpg","type":"image\/jpeg"}],"twitter_card":"summary_large_image","schema":{"@context":"https:\/\/schema.org","@graph":[{"@type":"WebPage","@id":"https:\/\/shop.huppa.eu\/lt\/product\/missy-artificial-down-3\/","url":"https:\/\/shop.huppa.eu\/lt\/product\/missy-artificial-down-3\/","name":"Mergai\u010di\u0173 \u017eiemin\u0117 striuk\u0117 MISSY (ARTIFICIAL DOWN) - Huppa LT","isPartOf":{"@id":"https:\/\/shop.huppa.eu\/lt\/#website"},"primaryImageOfPage":{"@id":"https:\/\/shop.huppa.eu\/lt\/product\/missy-artificial-down-3\/#primaryimage"},"image":{"@id":"https:\/\/shop.huppa.eu\/lt\/product\/missy-artificial-down-3\/#primaryimage"},"thumbnailUrl":"https:\/\/huppashop-prod.s3.eu-north-1.amazonaws.com\/wp-content\/uploads\/sites\/5\/2025\/11\/24170346\/18060055-80034-MISSYf.jpg","datePublished":"2025-11-24T15:03:44+00:00","dateModified":"2026-04-16T03:40:05+00:00","breadcrumb":{"@id":"https:\/\/shop.huppa.eu\/lt\/product\/missy-artificial-down-3\/#breadcrumb"},"inLanguage":"lt-LT","potentialAction":[{"@type":"ReadAction","target":["https:\/\/shop.huppa.eu\/lt\/product\/missy-artificial-down-3\/"]}]},{"@type":"ImageObject","inLanguage":"lt-LT","@id":"https:\/\/shop.huppa.eu\/lt\/product\/missy-artificial-down-3\/#primaryimage","url":"https:\/\/huppashop-prod.s3.eu-north-1.amazonaws.com\/wp-content\/uploads\/sites\/5\/2025\/11\/24170346\/18060055-80034-MISSYf.jpg","contentUrl":"https:\/\/huppashop-prod.s3.eu-north-1.amazonaws.com\/wp-content\/uploads\/sites\/5\/2025\/11\/24170346\/18060055-80034-MISSYf.jpg","width":800,"height":800},{"@type":"BreadcrumbList","@id":"https:\/\/shop.huppa.eu\/lt\/product\/missy-artificial-down-3\/#breadcrumb","itemListElement":[{"@type":"ListItem","position":1,"name":"Shop","item":"https:\/\/shop.huppa.eu\/lt\/shop\/"},{"@type":"ListItem","position":2,"name":"Mergai\u010di\u0173 \u017eiemin\u0117 striuk\u0117 MISSY (ARTIFICIAL DOWN)"}]},{"@type":"WebSite","@id":"https:\/\/shop.huppa.eu\/lt\/#website","url":"https:\/\/shop.huppa.eu\/lt\/","name":"Huppa LT","description":"Huppa LT","potentialAction":[{"@type":"SearchAction","target":{"@type":"EntryPoint","urlTemplate":"https:\/\/shop.huppa.eu\/lt\/?s={search_term_string}"},"query-input":{"@type":"PropertyValueSpecification","valueRequired":true,"valueName":"search_term_string"}}],"inLanguage":"lt-LT"}]}},"_links":{"self":[{"href":"https:\/\/shop.huppa.eu\/lt\/wp-json\/wp\/v2\/product\/518060","targetHints":{"allow":["GET"]}}],"collection":[{"href":"https:\/\/shop.huppa.eu\/lt\/wp-json\/wp\/v2\/product"}],"about":[{"href":"https:\/\/shop.huppa.eu\/lt\/wp-json\/wp\/v2\/types\/product"}],"wp:featuredmedia":[{"embeddable":true,"href":"https:\/\/shop.huppa.eu\/lt\/wp-json\/wp\/v2\/media\/518062"}],"wp:attachment":[{"href":"https:\/\/shop.huppa.eu\/lt\/wp-json\/wp\/v2\/media?parent=518060"}],"wp:term":[{"taxonomy":"product_brand","embeddable":true,"href":"https:\/\/shop.huppa.eu\/lt\/wp-json\/wp\/v2\/product_brand?post=518060"},{"taxonomy":"product_cat","embeddable":true,"href":"https:\/\/shop.huppa.eu\/lt\/wp-json\/wp\/v2\/product_cat?post=518060"},{"taxonomy":"product_tag","embeddable":true,"href":"https:\/\/shop.huppa.eu\/lt\/wp-json\/wp\/v2\/product_tag?post=518060"}],"curies":[{"name":"wp","href":"https:\/\/api.w.org\/{rel}","templated":true}]}}