{"id":518066,"date":"2025-11-24T17:03:52","date_gmt":"2025-11-24T15:03:52","guid":{"rendered":"https:\/\/shop.huppa.eu\/lt\/product\/ross-300g-2\/"},"modified":"2026-04-16T05:40:05","modified_gmt":"2026-04-16T03:40:05","slug":"ross-300g-2","status":"publish","type":"product","link":"https:\/\/shop.huppa.eu\/lt\/product\/ross-300g-2\/","title":{"rendered":"Berniuk\u0173 \u017eiemin\u0117 striuk\u0117 ROSS (300g)"},"content":{"rendered":"<p>Ma\u017eyli\u0173 \u017eiemos striuk\u0117 su 300g pa\u0161iltinimu. Striuk\u0117s pamu\u0161alas mink\u0161tas medviln\u0117s flanelis, vir\u0161utinis audinys v\u0117jui ir vandeniui atspar\u016bs. U\u017elydytos si\u016bl\u0117s ir elastin\u0117s vidin\u0117s apyrank\u0117s rankov\u0117se i\u0161laiko vaik\u0105 \u0161ilt\u0105 ir saus\u0105. Kad vaikas b\u016bt\u0173 matomas net tamsoje, striuk\u0117 su \u0161vies\u0105 atspindin\u010diais elementais, o priekis papuo\u0161tas \u0161vies\u0105 atspindin\u010diu elementu. Nuimamas kapi\u0161onas saugus \u017eaidimams lauke &#8211; tvirtinamas spaud\u017eiamomis sagomis, kad ne\u012fstrigt\u0173, jo kailio kra\u0161tas taip pat nuimamas.<\/p>\n","protected":false},"excerpt":{"rendered":"<p>Ma\u017eyli\u0173 \u017eiemos striuk\u0117 su 300g pa\u0161iltinimu. Striuk\u0117s pamu\u0161alas mink\u0161tas medviln\u0117s flanelis, vir\u0161utinis audinys v\u0117jui ir vandeniui atspar\u016bs. U\u017elydytos si\u016bl\u0117s ir elastin\u0117s vidin\u0117s apyrank\u0117s rankov\u0117se i\u0161laiko vaik\u0105 \u0161ilt\u0105 ir saus\u0105. Kad vaikas b\u016bt\u0173 matomas net tamsoje, striuk\u0117 su \u0161vies\u0105 atspindin\u010diais elementais, o priekis papuo\u0161tas \u0161vies\u0105 atspindin\u010diu elementu. Nuimamas kapi\u0161onas saugus \u017eaidimams lauke &#8211; tvirtinamas spaud\u017eiamomis sagomis, [&hellip;]<\/p>\n","protected":false},"featured_media":518071,"template":"","meta":{"_acf_changed":false},"product_brand":[],"product_cat":[90,91,88,89,19],"product_tag":[],"class_list":{"0":"post-518066","1":"product","2":"type-product","3":"status-publish","4":"has-post-thumbnail","6":"product_cat-berniuku","7":"product_cat-striukes-berniuku","8":"product_cat-striukes","9":"product_cat-striukes-2","10":"product_cat-vaikai","11":"pa_amzius-vaikai","12":"pa_atsparumas-vandeniui-10000mm","13":"pa_dydis-409","14":"pa_dydis-410","15":"pa_dydis-411","16":"pa_dydis-412","17":"pa_izoliacijos-svoris-300g","18":"pa_kolekcija-nr-w18-19","19":"pa_kolekcijos-dalis-fashion","20":"pa_lytis-berniuku","21":"pa_oro-pralaidumas-10000g-m-24h","22":"pa_prekes-artikulas-18070030-00135","23":"pa_uzpildas-300g","25":"first","26":"instock","27":"sale","28":"taxable","29":"shipping-taxable","30":"purchasable","31":"product-type-variable"},"acf":[],"yoast_head":"<!-- This site is optimized with the Yoast SEO plugin v26.8 - https:\/\/yoast.com\/product\/yoast-seo-wordpress\/ -->\n<title>Berniuk\u0173 \u017eiemin\u0117 striuk\u0117 ROSS (300g) - Huppa LT<\/title>\n<meta name=\"robots\" content=\"index, follow, max-snippet:-1, max-image-preview:large, max-video-preview:-1\" \/>\n<link rel=\"canonical\" href=\"https:\/\/shop.huppa.eu\/lt\/product\/ross-300g-2\/\" \/>\n<meta property=\"og:locale\" content=\"lt_LT\" \/>\n<meta property=\"og:type\" content=\"article\" \/>\n<meta property=\"og:title\" content=\"Berniuk\u0173 \u017eiemin\u0117 striuk\u0117 ROSS (300g) - Huppa LT\" \/>\n<meta property=\"og:description\" content=\"Ma\u017eyli\u0173 \u017eiemos striuk\u0117 su 300g pa\u0161iltinimu. Striuk\u0117s pamu\u0161alas mink\u0161tas medviln\u0117s flanelis, vir\u0161utinis audinys v\u0117jui ir vandeniui atspar\u016bs. U\u017elydytos si\u016bl\u0117s ir elastin\u0117s vidin\u0117s apyrank\u0117s rankov\u0117se i\u0161laiko vaik\u0105 \u0161ilt\u0105 ir saus\u0105. Kad vaikas b\u016bt\u0173 matomas net tamsoje, striuk\u0117 su \u0161vies\u0105 atspindin\u010diais elementais, o priekis papuo\u0161tas \u0161vies\u0105 atspindin\u010diu elementu. Nuimamas kapi\u0161onas saugus \u017eaidimams lauke &#8211; tvirtinamas spaud\u017eiamomis sagomis, [&hellip;]\" \/>\n<meta property=\"og:url\" content=\"https:\/\/shop.huppa.eu\/lt\/product\/ross-300g-2\/\" \/>\n<meta property=\"og:site_name\" content=\"Huppa LT\" \/>\n<meta property=\"article:modified_time\" content=\"2026-04-16T03:40:05+00:00\" \/>\n<meta property=\"og:image\" content=\"https:\/\/huppashop-prod.s3.eu-north-1.amazonaws.com\/wp-content\/uploads\/sites\/5\/2025\/11\/24170354\/18070030-00135-ROSSf.jpg\" \/>\n\t<meta property=\"og:image:width\" content=\"800\" \/>\n\t<meta property=\"og:image:height\" content=\"800\" \/>\n\t<meta property=\"og:image:type\" content=\"image\/jpeg\" \/>\n<meta name=\"twitter:card\" content=\"summary_large_image\" \/>\n<script type=\"application\/ld+json\" class=\"yoast-schema-graph\">{\"@context\":\"https:\/\/schema.org\",\"@graph\":[{\"@type\":\"WebPage\",\"@id\":\"https:\/\/shop.huppa.eu\/lt\/product\/ross-300g-2\/\",\"url\":\"https:\/\/shop.huppa.eu\/lt\/product\/ross-300g-2\/\",\"name\":\"Berniuk\u0173 \u017eiemin\u0117 striuk\u0117 ROSS (300g) - Huppa LT\",\"isPartOf\":{\"@id\":\"https:\/\/shop.huppa.eu\/lt\/#website\"},\"primaryImageOfPage\":{\"@id\":\"https:\/\/shop.huppa.eu\/lt\/product\/ross-300g-2\/#primaryimage\"},\"image\":{\"@id\":\"https:\/\/shop.huppa.eu\/lt\/product\/ross-300g-2\/#primaryimage\"},\"thumbnailUrl\":\"https:\/\/huppashop-prod.s3.eu-north-1.amazonaws.com\/wp-content\/uploads\/sites\/5\/2025\/11\/24170354\/18070030-00135-ROSSf.jpg\",\"datePublished\":\"2025-11-24T15:03:52+00:00\",\"dateModified\":\"2026-04-16T03:40:05+00:00\",\"breadcrumb\":{\"@id\":\"https:\/\/shop.huppa.eu\/lt\/product\/ross-300g-2\/#breadcrumb\"},\"inLanguage\":\"lt-LT\",\"potentialAction\":[{\"@type\":\"ReadAction\",\"target\":[\"https:\/\/shop.huppa.eu\/lt\/product\/ross-300g-2\/\"]}]},{\"@type\":\"ImageObject\",\"inLanguage\":\"lt-LT\",\"@id\":\"https:\/\/shop.huppa.eu\/lt\/product\/ross-300g-2\/#primaryimage\",\"url\":\"https:\/\/huppashop-prod.s3.eu-north-1.amazonaws.com\/wp-content\/uploads\/sites\/5\/2025\/11\/24170354\/18070030-00135-ROSSf.jpg\",\"contentUrl\":\"https:\/\/huppashop-prod.s3.eu-north-1.amazonaws.com\/wp-content\/uploads\/sites\/5\/2025\/11\/24170354\/18070030-00135-ROSSf.jpg\",\"width\":800,\"height\":800},{\"@type\":\"BreadcrumbList\",\"@id\":\"https:\/\/shop.huppa.eu\/lt\/product\/ross-300g-2\/#breadcrumb\",\"itemListElement\":[{\"@type\":\"ListItem\",\"position\":1,\"name\":\"Shop\",\"item\":\"https:\/\/shop.huppa.eu\/lt\/shop\/\"},{\"@type\":\"ListItem\",\"position\":2,\"name\":\"Berniuk\u0173 \u017eiemin\u0117 striuk\u0117 ROSS (300g)\"}]},{\"@type\":\"WebSite\",\"@id\":\"https:\/\/shop.huppa.eu\/lt\/#website\",\"url\":\"https:\/\/shop.huppa.eu\/lt\/\",\"name\":\"Huppa LT\",\"description\":\"Huppa LT\",\"potentialAction\":[{\"@type\":\"SearchAction\",\"target\":{\"@type\":\"EntryPoint\",\"urlTemplate\":\"https:\/\/shop.huppa.eu\/lt\/?s={search_term_string}\"},\"query-input\":{\"@type\":\"PropertyValueSpecification\",\"valueRequired\":true,\"valueName\":\"search_term_string\"}}],\"inLanguage\":\"lt-LT\"}]}<\/script>\n<!-- \/ Yoast SEO plugin. -->","yoast_head_json":{"title":"Berniuk\u0173 \u017eiemin\u0117 striuk\u0117 ROSS (300g) - Huppa LT","robots":{"index":"index","follow":"follow","max-snippet":"max-snippet:-1","max-image-preview":"max-image-preview:large","max-video-preview":"max-video-preview:-1"},"canonical":"https:\/\/shop.huppa.eu\/lt\/product\/ross-300g-2\/","og_locale":"lt_LT","og_type":"article","og_title":"Berniuk\u0173 \u017eiemin\u0117 striuk\u0117 ROSS (300g) - Huppa LT","og_description":"Ma\u017eyli\u0173 \u017eiemos striuk\u0117 su 300g pa\u0161iltinimu. Striuk\u0117s pamu\u0161alas mink\u0161tas medviln\u0117s flanelis, vir\u0161utinis audinys v\u0117jui ir vandeniui atspar\u016bs. U\u017elydytos si\u016bl\u0117s ir elastin\u0117s vidin\u0117s apyrank\u0117s rankov\u0117se i\u0161laiko vaik\u0105 \u0161ilt\u0105 ir saus\u0105. Kad vaikas b\u016bt\u0173 matomas net tamsoje, striuk\u0117 su \u0161vies\u0105 atspindin\u010diais elementais, o priekis papuo\u0161tas \u0161vies\u0105 atspindin\u010diu elementu. Nuimamas kapi\u0161onas saugus \u017eaidimams lauke &#8211; tvirtinamas spaud\u017eiamomis sagomis, [&hellip;]","og_url":"https:\/\/shop.huppa.eu\/lt\/product\/ross-300g-2\/","og_site_name":"Huppa LT","article_modified_time":"2026-04-16T03:40:05+00:00","og_image":[{"width":800,"height":800,"url":"https:\/\/huppashop-prod.s3.eu-north-1.amazonaws.com\/wp-content\/uploads\/sites\/5\/2025\/11\/24170354\/18070030-00135-ROSSf.jpg","type":"image\/jpeg"}],"twitter_card":"summary_large_image","schema":{"@context":"https:\/\/schema.org","@graph":[{"@type":"WebPage","@id":"https:\/\/shop.huppa.eu\/lt\/product\/ross-300g-2\/","url":"https:\/\/shop.huppa.eu\/lt\/product\/ross-300g-2\/","name":"Berniuk\u0173 \u017eiemin\u0117 striuk\u0117 ROSS (300g) - Huppa LT","isPartOf":{"@id":"https:\/\/shop.huppa.eu\/lt\/#website"},"primaryImageOfPage":{"@id":"https:\/\/shop.huppa.eu\/lt\/product\/ross-300g-2\/#primaryimage"},"image":{"@id":"https:\/\/shop.huppa.eu\/lt\/product\/ross-300g-2\/#primaryimage"},"thumbnailUrl":"https:\/\/huppashop-prod.s3.eu-north-1.amazonaws.com\/wp-content\/uploads\/sites\/5\/2025\/11\/24170354\/18070030-00135-ROSSf.jpg","datePublished":"2025-11-24T15:03:52+00:00","dateModified":"2026-04-16T03:40:05+00:00","breadcrumb":{"@id":"https:\/\/shop.huppa.eu\/lt\/product\/ross-300g-2\/#breadcrumb"},"inLanguage":"lt-LT","potentialAction":[{"@type":"ReadAction","target":["https:\/\/shop.huppa.eu\/lt\/product\/ross-300g-2\/"]}]},{"@type":"ImageObject","inLanguage":"lt-LT","@id":"https:\/\/shop.huppa.eu\/lt\/product\/ross-300g-2\/#primaryimage","url":"https:\/\/huppashop-prod.s3.eu-north-1.amazonaws.com\/wp-content\/uploads\/sites\/5\/2025\/11\/24170354\/18070030-00135-ROSSf.jpg","contentUrl":"https:\/\/huppashop-prod.s3.eu-north-1.amazonaws.com\/wp-content\/uploads\/sites\/5\/2025\/11\/24170354\/18070030-00135-ROSSf.jpg","width":800,"height":800},{"@type":"BreadcrumbList","@id":"https:\/\/shop.huppa.eu\/lt\/product\/ross-300g-2\/#breadcrumb","itemListElement":[{"@type":"ListItem","position":1,"name":"Shop","item":"https:\/\/shop.huppa.eu\/lt\/shop\/"},{"@type":"ListItem","position":2,"name":"Berniuk\u0173 \u017eiemin\u0117 striuk\u0117 ROSS (300g)"}]},{"@type":"WebSite","@id":"https:\/\/shop.huppa.eu\/lt\/#website","url":"https:\/\/shop.huppa.eu\/lt\/","name":"Huppa LT","description":"Huppa LT","potentialAction":[{"@type":"SearchAction","target":{"@type":"EntryPoint","urlTemplate":"https:\/\/shop.huppa.eu\/lt\/?s={search_term_string}"},"query-input":{"@type":"PropertyValueSpecification","valueRequired":true,"valueName":"search_term_string"}}],"inLanguage":"lt-LT"}]}},"_links":{"self":[{"href":"https:\/\/shop.huppa.eu\/lt\/wp-json\/wp\/v2\/product\/518066","targetHints":{"allow":["GET"]}}],"collection":[{"href":"https:\/\/shop.huppa.eu\/lt\/wp-json\/wp\/v2\/product"}],"about":[{"href":"https:\/\/shop.huppa.eu\/lt\/wp-json\/wp\/v2\/types\/product"}],"wp:featuredmedia":[{"embeddable":true,"href":"https:\/\/shop.huppa.eu\/lt\/wp-json\/wp\/v2\/media\/518071"}],"wp:attachment":[{"href":"https:\/\/shop.huppa.eu\/lt\/wp-json\/wp\/v2\/media?parent=518066"}],"wp:term":[{"taxonomy":"product_brand","embeddable":true,"href":"https:\/\/shop.huppa.eu\/lt\/wp-json\/wp\/v2\/product_brand?post=518066"},{"taxonomy":"product_cat","embeddable":true,"href":"https:\/\/shop.huppa.eu\/lt\/wp-json\/wp\/v2\/product_cat?post=518066"},{"taxonomy":"product_tag","embeddable":true,"href":"https:\/\/shop.huppa.eu\/lt\/wp-json\/wp\/v2\/product_tag?post=518066"}],"curies":[{"name":"wp","href":"https:\/\/api.w.org\/{rel}","templated":true}]}}