{"id":518077,"date":"2025-11-24T17:04:02","date_gmt":"2025-11-24T15:04:02","guid":{"rendered":"https:\/\/shop.huppa.eu\/lt\/product\/marten-1-300g\/"},"modified":"2026-04-16T05:40:06","modified_gmt":"2026-04-16T03:40:06","slug":"marten-1-300g","status":"publish","type":"product","link":"https:\/\/shop.huppa.eu\/lt\/product\/marten-1-300g\/","title":{"rendered":"Berniuk\u0173 \u017eiemin\u0117 striuk\u0117 MARTEN 1 (300g)"},"content":{"rendered":"<p>Berniuk\u0173 \u017eiemos striuk\u0117 su 300g \u0161iluminiu pildymu. Nepralaidus v\u0117jui ir vandeniui audinys su geriausiais techniniais parametrais. Klijuotos si\u016bl\u0117s, rie\u0161in\u0117s rankov\u0117se, reguliuojami rankovi\u0173 galai ir reguliuojamas apa\u010dios kra\u0161tas palaiko \u0161ilum\u0105 ir sausum\u0105 net sportuojant \u017eiem\u0105. Geriausiam matomumui tamsoje striuk\u0117je prid\u0117ti atspindintys elementai, o kr\u016btin\u0117s priekyje papuo\u0161ta atspoind\u017eiu aplikacija. Nusegamas kapi\u0161onas saugus &#8211; tvirtinamas spaud\u017eiamaisiais u\u017esegtukais, kad nesikabint\u0173, o jo kailinis kra\u0161tas taip pat nusegamas. Striuk\u0117 turi priekines ki\u0161enes bei kr\u016btin\u0117s ir peties ki\u0161en\u0119, visos su u\u017etrauktukais.<\/p>\n","protected":false},"excerpt":{"rendered":"<p>Berniuk\u0173 \u017eiemos striuk\u0117 su 300g \u0161iluminiu pildymu. Nepralaidus v\u0117jui ir vandeniui audinys su geriausiais techniniais parametrais. Klijuotos si\u016bl\u0117s, rie\u0161in\u0117s rankov\u0117se, reguliuojami rankovi\u0173 galai ir reguliuojamas apa\u010dios kra\u0161tas palaiko \u0161ilum\u0105 ir sausum\u0105 net sportuojant \u017eiem\u0105. Geriausiam matomumui tamsoje striuk\u0117je prid\u0117ti atspindintys elementai, o kr\u016btin\u0117s priekyje papuo\u0161ta atspoind\u017eiu aplikacija. Nusegamas kapi\u0161onas saugus &#8211; tvirtinamas spaud\u017eiamaisiais u\u017esegtukais, kad [&hellip;]<\/p>\n","protected":false},"featured_media":468032,"template":"","meta":{"_acf_changed":false},"product_brand":[],"product_cat":[90,91,88,89,19],"product_tag":[],"class_list":{"0":"post-518077","1":"product","2":"type-product","3":"status-publish","4":"has-post-thumbnail","6":"product_cat-berniuku","7":"product_cat-striukes-berniuku","8":"product_cat-striukes","9":"product_cat-striukes-2","10":"product_cat-vaikai","11":"pa_amzius-vaikai","12":"pa_atsparumas-vandeniui-10000mm","13":"pa_dydis-93","14":"pa_izoliacijos-svoris-300g","15":"pa_kolekcija-nr-w20-21","16":"pa_kolekcijos-dalis-fashion","17":"pa_lytis-berniuku","18":"pa_oro-pralaidumas-10000g-m-24h","19":"pa_prekes-artikulas-18110130-00086","20":"pa_rastuota-vienspalvis","21":"pa_uzpildas-300g","23":"first","24":"instock","25":"sale","26":"taxable","27":"shipping-taxable","28":"purchasable","29":"product-type-variable"},"acf":[],"yoast_head":"<!-- This site is optimized with the Yoast SEO plugin v26.8 - https:\/\/yoast.com\/product\/yoast-seo-wordpress\/ -->\n<title>Berniuk\u0173 \u017eiemin\u0117 striuk\u0117 MARTEN 1 (300g) - Huppa LT<\/title>\n<meta name=\"robots\" content=\"index, follow, max-snippet:-1, max-image-preview:large, max-video-preview:-1\" \/>\n<link rel=\"canonical\" href=\"https:\/\/shop.huppa.eu\/lt\/product\/marten-1-300g\/\" \/>\n<meta property=\"og:locale\" content=\"lt_LT\" \/>\n<meta property=\"og:type\" content=\"article\" \/>\n<meta property=\"og:title\" content=\"Berniuk\u0173 \u017eiemin\u0117 striuk\u0117 MARTEN 1 (300g) - Huppa LT\" \/>\n<meta property=\"og:description\" content=\"Berniuk\u0173 \u017eiemos striuk\u0117 su 300g \u0161iluminiu pildymu. Nepralaidus v\u0117jui ir vandeniui audinys su geriausiais techniniais parametrais. Klijuotos si\u016bl\u0117s, rie\u0161in\u0117s rankov\u0117se, reguliuojami rankovi\u0173 galai ir reguliuojamas apa\u010dios kra\u0161tas palaiko \u0161ilum\u0105 ir sausum\u0105 net sportuojant \u017eiem\u0105. Geriausiam matomumui tamsoje striuk\u0117je prid\u0117ti atspindintys elementai, o kr\u016btin\u0117s priekyje papuo\u0161ta atspoind\u017eiu aplikacija. Nusegamas kapi\u0161onas saugus &#8211; tvirtinamas spaud\u017eiamaisiais u\u017esegtukais, kad [&hellip;]\" \/>\n<meta property=\"og:url\" content=\"https:\/\/shop.huppa.eu\/lt\/product\/marten-1-300g\/\" \/>\n<meta property=\"og:site_name\" content=\"Huppa LT\" \/>\n<meta property=\"article:modified_time\" content=\"2026-04-16T03:40:06+00:00\" \/>\n<meta property=\"og:image\" content=\"https:\/\/huppashop-prod.s3.eu-north-1.amazonaws.com\/wp-content\/uploads\/sites\/5\/2022\/04\/01131714\/18110130-00086-MARTEN1f.jpg\" \/>\n\t<meta property=\"og:image:width\" content=\"1200\" \/>\n\t<meta property=\"og:image:height\" content=\"1200\" \/>\n\t<meta property=\"og:image:type\" content=\"image\/jpeg\" \/>\n<meta name=\"twitter:card\" content=\"summary_large_image\" \/>\n<script type=\"application\/ld+json\" class=\"yoast-schema-graph\">{\"@context\":\"https:\/\/schema.org\",\"@graph\":[{\"@type\":\"WebPage\",\"@id\":\"https:\/\/shop.huppa.eu\/lt\/product\/marten-1-300g\/\",\"url\":\"https:\/\/shop.huppa.eu\/lt\/product\/marten-1-300g\/\",\"name\":\"Berniuk\u0173 \u017eiemin\u0117 striuk\u0117 MARTEN 1 (300g) - Huppa LT\",\"isPartOf\":{\"@id\":\"https:\/\/shop.huppa.eu\/lt\/#website\"},\"primaryImageOfPage\":{\"@id\":\"https:\/\/shop.huppa.eu\/lt\/product\/marten-1-300g\/#primaryimage\"},\"image\":{\"@id\":\"https:\/\/shop.huppa.eu\/lt\/product\/marten-1-300g\/#primaryimage\"},\"thumbnailUrl\":\"https:\/\/huppashop-prod.s3.eu-north-1.amazonaws.com\/wp-content\/uploads\/sites\/5\/2022\/04\/01131714\/18110130-00086-MARTEN1f.jpg\",\"datePublished\":\"2025-11-24T15:04:02+00:00\",\"dateModified\":\"2026-04-16T03:40:06+00:00\",\"breadcrumb\":{\"@id\":\"https:\/\/shop.huppa.eu\/lt\/product\/marten-1-300g\/#breadcrumb\"},\"inLanguage\":\"lt-LT\",\"potentialAction\":[{\"@type\":\"ReadAction\",\"target\":[\"https:\/\/shop.huppa.eu\/lt\/product\/marten-1-300g\/\"]}]},{\"@type\":\"ImageObject\",\"inLanguage\":\"lt-LT\",\"@id\":\"https:\/\/shop.huppa.eu\/lt\/product\/marten-1-300g\/#primaryimage\",\"url\":\"https:\/\/huppashop-prod.s3.eu-north-1.amazonaws.com\/wp-content\/uploads\/sites\/5\/2022\/04\/01131714\/18110130-00086-MARTEN1f.jpg\",\"contentUrl\":\"https:\/\/huppashop-prod.s3.eu-north-1.amazonaws.com\/wp-content\/uploads\/sites\/5\/2022\/04\/01131714\/18110130-00086-MARTEN1f.jpg\",\"width\":1200,\"height\":1200},{\"@type\":\"BreadcrumbList\",\"@id\":\"https:\/\/shop.huppa.eu\/lt\/product\/marten-1-300g\/#breadcrumb\",\"itemListElement\":[{\"@type\":\"ListItem\",\"position\":1,\"name\":\"Shop\",\"item\":\"https:\/\/shop.huppa.eu\/lt\/shop\/\"},{\"@type\":\"ListItem\",\"position\":2,\"name\":\"Berniuk\u0173 \u017eiemin\u0117 striuk\u0117 MARTEN 1 (300g)\"}]},{\"@type\":\"WebSite\",\"@id\":\"https:\/\/shop.huppa.eu\/lt\/#website\",\"url\":\"https:\/\/shop.huppa.eu\/lt\/\",\"name\":\"Huppa LT\",\"description\":\"Huppa LT\",\"potentialAction\":[{\"@type\":\"SearchAction\",\"target\":{\"@type\":\"EntryPoint\",\"urlTemplate\":\"https:\/\/shop.huppa.eu\/lt\/?s={search_term_string}\"},\"query-input\":{\"@type\":\"PropertyValueSpecification\",\"valueRequired\":true,\"valueName\":\"search_term_string\"}}],\"inLanguage\":\"lt-LT\"}]}<\/script>\n<!-- \/ Yoast SEO plugin. -->","yoast_head_json":{"title":"Berniuk\u0173 \u017eiemin\u0117 striuk\u0117 MARTEN 1 (300g) - Huppa LT","robots":{"index":"index","follow":"follow","max-snippet":"max-snippet:-1","max-image-preview":"max-image-preview:large","max-video-preview":"max-video-preview:-1"},"canonical":"https:\/\/shop.huppa.eu\/lt\/product\/marten-1-300g\/","og_locale":"lt_LT","og_type":"article","og_title":"Berniuk\u0173 \u017eiemin\u0117 striuk\u0117 MARTEN 1 (300g) - Huppa LT","og_description":"Berniuk\u0173 \u017eiemos striuk\u0117 su 300g \u0161iluminiu pildymu. Nepralaidus v\u0117jui ir vandeniui audinys su geriausiais techniniais parametrais. Klijuotos si\u016bl\u0117s, rie\u0161in\u0117s rankov\u0117se, reguliuojami rankovi\u0173 galai ir reguliuojamas apa\u010dios kra\u0161tas palaiko \u0161ilum\u0105 ir sausum\u0105 net sportuojant \u017eiem\u0105. Geriausiam matomumui tamsoje striuk\u0117je prid\u0117ti atspindintys elementai, o kr\u016btin\u0117s priekyje papuo\u0161ta atspoind\u017eiu aplikacija. Nusegamas kapi\u0161onas saugus &#8211; tvirtinamas spaud\u017eiamaisiais u\u017esegtukais, kad [&hellip;]","og_url":"https:\/\/shop.huppa.eu\/lt\/product\/marten-1-300g\/","og_site_name":"Huppa LT","article_modified_time":"2026-04-16T03:40:06+00:00","og_image":[{"width":1200,"height":1200,"url":"https:\/\/huppashop-prod.s3.eu-north-1.amazonaws.com\/wp-content\/uploads\/sites\/5\/2022\/04\/01131714\/18110130-00086-MARTEN1f.jpg","type":"image\/jpeg"}],"twitter_card":"summary_large_image","schema":{"@context":"https:\/\/schema.org","@graph":[{"@type":"WebPage","@id":"https:\/\/shop.huppa.eu\/lt\/product\/marten-1-300g\/","url":"https:\/\/shop.huppa.eu\/lt\/product\/marten-1-300g\/","name":"Berniuk\u0173 \u017eiemin\u0117 striuk\u0117 MARTEN 1 (300g) - Huppa LT","isPartOf":{"@id":"https:\/\/shop.huppa.eu\/lt\/#website"},"primaryImageOfPage":{"@id":"https:\/\/shop.huppa.eu\/lt\/product\/marten-1-300g\/#primaryimage"},"image":{"@id":"https:\/\/shop.huppa.eu\/lt\/product\/marten-1-300g\/#primaryimage"},"thumbnailUrl":"https:\/\/huppashop-prod.s3.eu-north-1.amazonaws.com\/wp-content\/uploads\/sites\/5\/2022\/04\/01131714\/18110130-00086-MARTEN1f.jpg","datePublished":"2025-11-24T15:04:02+00:00","dateModified":"2026-04-16T03:40:06+00:00","breadcrumb":{"@id":"https:\/\/shop.huppa.eu\/lt\/product\/marten-1-300g\/#breadcrumb"},"inLanguage":"lt-LT","potentialAction":[{"@type":"ReadAction","target":["https:\/\/shop.huppa.eu\/lt\/product\/marten-1-300g\/"]}]},{"@type":"ImageObject","inLanguage":"lt-LT","@id":"https:\/\/shop.huppa.eu\/lt\/product\/marten-1-300g\/#primaryimage","url":"https:\/\/huppashop-prod.s3.eu-north-1.amazonaws.com\/wp-content\/uploads\/sites\/5\/2022\/04\/01131714\/18110130-00086-MARTEN1f.jpg","contentUrl":"https:\/\/huppashop-prod.s3.eu-north-1.amazonaws.com\/wp-content\/uploads\/sites\/5\/2022\/04\/01131714\/18110130-00086-MARTEN1f.jpg","width":1200,"height":1200},{"@type":"BreadcrumbList","@id":"https:\/\/shop.huppa.eu\/lt\/product\/marten-1-300g\/#breadcrumb","itemListElement":[{"@type":"ListItem","position":1,"name":"Shop","item":"https:\/\/shop.huppa.eu\/lt\/shop\/"},{"@type":"ListItem","position":2,"name":"Berniuk\u0173 \u017eiemin\u0117 striuk\u0117 MARTEN 1 (300g)"}]},{"@type":"WebSite","@id":"https:\/\/shop.huppa.eu\/lt\/#website","url":"https:\/\/shop.huppa.eu\/lt\/","name":"Huppa LT","description":"Huppa LT","potentialAction":[{"@type":"SearchAction","target":{"@type":"EntryPoint","urlTemplate":"https:\/\/shop.huppa.eu\/lt\/?s={search_term_string}"},"query-input":{"@type":"PropertyValueSpecification","valueRequired":true,"valueName":"search_term_string"}}],"inLanguage":"lt-LT"}]}},"_links":{"self":[{"href":"https:\/\/shop.huppa.eu\/lt\/wp-json\/wp\/v2\/product\/518077","targetHints":{"allow":["GET"]}}],"collection":[{"href":"https:\/\/shop.huppa.eu\/lt\/wp-json\/wp\/v2\/product"}],"about":[{"href":"https:\/\/shop.huppa.eu\/lt\/wp-json\/wp\/v2\/types\/product"}],"wp:featuredmedia":[{"embeddable":true,"href":"https:\/\/shop.huppa.eu\/lt\/wp-json\/wp\/v2\/media\/468032"}],"wp:attachment":[{"href":"https:\/\/shop.huppa.eu\/lt\/wp-json\/wp\/v2\/media?parent=518077"}],"wp:term":[{"taxonomy":"product_brand","embeddable":true,"href":"https:\/\/shop.huppa.eu\/lt\/wp-json\/wp\/v2\/product_brand?post=518077"},{"taxonomy":"product_cat","embeddable":true,"href":"https:\/\/shop.huppa.eu\/lt\/wp-json\/wp\/v2\/product_cat?post=518077"},{"taxonomy":"product_tag","embeddable":true,"href":"https:\/\/shop.huppa.eu\/lt\/wp-json\/wp\/v2\/product_tag?post=518077"}],"curies":[{"name":"wp","href":"https:\/\/api.w.org\/{rel}","templated":true}]}}