{"id":518137,"date":"2025-11-24T17:05:21","date_gmt":"2025-11-24T15:05:21","guid":{"rendered":"https:\/\/shop.huppa.eu\/lt\/product\/marten-2-300g-10\/"},"modified":"2026-04-16T05:40:07","modified_gmt":"2026-04-16T03:40:07","slug":"marten-2-300g-10","status":"publish","type":"product","link":"https:\/\/shop.huppa.eu\/lt\/product\/marten-2-300g-10\/","title":{"rendered":"Vyr\u0173 \u017eiemin\u0117 striuk\u0117 MARTEN 2 (300g)"},"content":{"rendered":"<p>Vyr\u0173 \u017eiemos striuk\u0117 su 300g \u0161iltinimu. V\u0117jui ir vandeniui atsparus audinys su geriausiais techniniais parametrais. Sulytos si\u016bl\u0117s, briaunotos vidin\u0117s rankovi\u0173 u\u017emovos, reguliuojami rankovi\u0173 galai ir reguliuojamas apati\u0161kra\u0161is i\u0161laiko \u0161ilum\u0105 ir sausum\u0105 net sportuojant \u017eiem\u0105. Geriausiam matomumui tamsoje striuk\u0117je prid\u0117ti at\u0161vaitiniai elementai, o kr\u016btin\u0117s priekis papuo\u0161tas at\u0161vaitiniu akcentu. Nuimamas kapi\u0161onas yra saugus &#8211; tvirtinamas spaud\u017eiamaisiais guzikais, kad neu\u017esikabint\u0173, o jo kailinis kra\u0161tas taip pat nuimamas. Striuk\u0117je yra priekiniai ki\u0161en\u0117s bei kr\u016btin\u0117s ir peties ki\u0161en\u0117, visos u\u017etrauktukomis.<\/p>\n","protected":false},"excerpt":{"rendered":"<p>Vyr\u0173 \u017eiemos striuk\u0117 su 300g \u0161iltinimu. V\u0117jui ir vandeniui atsparus audinys su geriausiais techniniais parametrais. Sulytos si\u016bl\u0117s, briaunotos vidin\u0117s rankovi\u0173 u\u017emovos, reguliuojami rankovi\u0173 galai ir reguliuojamas apati\u0161kra\u0161is i\u0161laiko \u0161ilum\u0105 ir sausum\u0105 net sportuojant \u017eiem\u0105. Geriausiam matomumui tamsoje striuk\u0117je prid\u0117ti at\u0161vaitiniai elementai, o kr\u016btin\u0117s priekis papuo\u0161tas at\u0161vaitiniu akcentu. Nuimamas kapi\u0161onas yra saugus &#8211; tvirtinamas spaud\u017eiamaisiais guzikais, [&hellip;]<\/p>\n","protected":false},"featured_media":518140,"template":"","meta":{"_acf_changed":false},"product_brand":[],"product_cat":[560,561,89,128,17],"product_tag":[],"class_list":{"0":"post-518137","1":"product","2":"type-product","3":"status-publish","4":"has-post-thumbnail","6":"product_cat-striukes-suaugusieji","7":"product_cat-striukes-vyrai","8":"product_cat-striukes-2","9":"product_cat-suaugusieji","10":"product_cat-vyrai","11":"pa_amzius-suaugusieji","12":"pa_atsparumas-vandeniui-10-000mm","13":"pa_dydis-xs","14":"pa_dydis-s","15":"pa_izoliacijos-svoris-300g","16":"pa_kolekcija-nr-w21-22","17":"pa_kolekcijos-dalis-fashion","18":"pa_lytis-vyrai","19":"pa_oro-pralaidumas-10-000g-m-24h","20":"pa_prekes-artikulas-18118230-70031","21":"pa_uzpildas-300g","23":"first","24":"instock","25":"sale","26":"taxable","27":"shipping-taxable","28":"purchasable","29":"product-type-variable"},"acf":[],"yoast_head":"<!-- This site is optimized with the Yoast SEO plugin v26.8 - https:\/\/yoast.com\/product\/yoast-seo-wordpress\/ -->\n<title>Vyr\u0173 \u017eiemin\u0117 striuk\u0117 MARTEN 2 (300g) - Huppa LT<\/title>\n<meta name=\"robots\" content=\"index, follow, max-snippet:-1, max-image-preview:large, max-video-preview:-1\" \/>\n<link rel=\"canonical\" href=\"https:\/\/shop.huppa.eu\/lt\/product\/marten-2-300g-10\/\" \/>\n<meta property=\"og:locale\" content=\"lt_LT\" \/>\n<meta property=\"og:type\" content=\"article\" \/>\n<meta property=\"og:title\" content=\"Vyr\u0173 \u017eiemin\u0117 striuk\u0117 MARTEN 2 (300g) - Huppa LT\" \/>\n<meta property=\"og:description\" content=\"Vyr\u0173 \u017eiemos striuk\u0117 su 300g \u0161iltinimu. V\u0117jui ir vandeniui atsparus audinys su geriausiais techniniais parametrais. Sulytos si\u016bl\u0117s, briaunotos vidin\u0117s rankovi\u0173 u\u017emovos, reguliuojami rankovi\u0173 galai ir reguliuojamas apati\u0161kra\u0161is i\u0161laiko \u0161ilum\u0105 ir sausum\u0105 net sportuojant \u017eiem\u0105. Geriausiam matomumui tamsoje striuk\u0117je prid\u0117ti at\u0161vaitiniai elementai, o kr\u016btin\u0117s priekis papuo\u0161tas at\u0161vaitiniu akcentu. Nuimamas kapi\u0161onas yra saugus &#8211; tvirtinamas spaud\u017eiamaisiais guzikais, [&hellip;]\" \/>\n<meta property=\"og:url\" content=\"https:\/\/shop.huppa.eu\/lt\/product\/marten-2-300g-10\/\" \/>\n<meta property=\"og:site_name\" content=\"Huppa LT\" \/>\n<meta property=\"article:modified_time\" content=\"2026-04-16T03:40:07+00:00\" \/>\n<meta property=\"og:image\" content=\"https:\/\/huppashop-prod.s3.eu-north-1.amazonaws.com\/wp-content\/uploads\/sites\/5\/2025\/11\/24170523\/18118230-70031-MARTEN2_f.jpg\" \/>\n\t<meta property=\"og:image:width\" content=\"1200\" \/>\n\t<meta property=\"og:image:height\" content=\"1200\" \/>\n\t<meta property=\"og:image:type\" content=\"image\/jpeg\" \/>\n<meta name=\"twitter:card\" content=\"summary_large_image\" \/>\n<meta name=\"twitter:label1\" content=\"Est. reading time\" \/>\n\t<meta name=\"twitter:data1\" content=\"1 minut\u0117\" \/>\n<script type=\"application\/ld+json\" class=\"yoast-schema-graph\">{\"@context\":\"https:\/\/schema.org\",\"@graph\":[{\"@type\":\"WebPage\",\"@id\":\"https:\/\/shop.huppa.eu\/lt\/product\/marten-2-300g-10\/\",\"url\":\"https:\/\/shop.huppa.eu\/lt\/product\/marten-2-300g-10\/\",\"name\":\"Vyr\u0173 \u017eiemin\u0117 striuk\u0117 MARTEN 2 (300g) - Huppa LT\",\"isPartOf\":{\"@id\":\"https:\/\/shop.huppa.eu\/lt\/#website\"},\"primaryImageOfPage\":{\"@id\":\"https:\/\/shop.huppa.eu\/lt\/product\/marten-2-300g-10\/#primaryimage\"},\"image\":{\"@id\":\"https:\/\/shop.huppa.eu\/lt\/product\/marten-2-300g-10\/#primaryimage\"},\"thumbnailUrl\":\"https:\/\/huppashop-prod.s3.eu-north-1.amazonaws.com\/wp-content\/uploads\/sites\/5\/2025\/11\/24170523\/18118230-70031-MARTEN2_f.jpg\",\"datePublished\":\"2025-11-24T15:05:21+00:00\",\"dateModified\":\"2026-04-16T03:40:07+00:00\",\"breadcrumb\":{\"@id\":\"https:\/\/shop.huppa.eu\/lt\/product\/marten-2-300g-10\/#breadcrumb\"},\"inLanguage\":\"lt-LT\",\"potentialAction\":[{\"@type\":\"ReadAction\",\"target\":[\"https:\/\/shop.huppa.eu\/lt\/product\/marten-2-300g-10\/\"]}]},{\"@type\":\"ImageObject\",\"inLanguage\":\"lt-LT\",\"@id\":\"https:\/\/shop.huppa.eu\/lt\/product\/marten-2-300g-10\/#primaryimage\",\"url\":\"https:\/\/huppashop-prod.s3.eu-north-1.amazonaws.com\/wp-content\/uploads\/sites\/5\/2025\/11\/24170523\/18118230-70031-MARTEN2_f.jpg\",\"contentUrl\":\"https:\/\/huppashop-prod.s3.eu-north-1.amazonaws.com\/wp-content\/uploads\/sites\/5\/2025\/11\/24170523\/18118230-70031-MARTEN2_f.jpg\",\"width\":1200,\"height\":1200},{\"@type\":\"BreadcrumbList\",\"@id\":\"https:\/\/shop.huppa.eu\/lt\/product\/marten-2-300g-10\/#breadcrumb\",\"itemListElement\":[{\"@type\":\"ListItem\",\"position\":1,\"name\":\"Shop\",\"item\":\"https:\/\/shop.huppa.eu\/lt\/shop\/\"},{\"@type\":\"ListItem\",\"position\":2,\"name\":\"Vyr\u0173 \u017eiemin\u0117 striuk\u0117 MARTEN 2 (300g)\"}]},{\"@type\":\"WebSite\",\"@id\":\"https:\/\/shop.huppa.eu\/lt\/#website\",\"url\":\"https:\/\/shop.huppa.eu\/lt\/\",\"name\":\"Huppa LT\",\"description\":\"Huppa LT\",\"potentialAction\":[{\"@type\":\"SearchAction\",\"target\":{\"@type\":\"EntryPoint\",\"urlTemplate\":\"https:\/\/shop.huppa.eu\/lt\/?s={search_term_string}\"},\"query-input\":{\"@type\":\"PropertyValueSpecification\",\"valueRequired\":true,\"valueName\":\"search_term_string\"}}],\"inLanguage\":\"lt-LT\"}]}<\/script>\n<!-- \/ Yoast SEO plugin. -->","yoast_head_json":{"title":"Vyr\u0173 \u017eiemin\u0117 striuk\u0117 MARTEN 2 (300g) - Huppa LT","robots":{"index":"index","follow":"follow","max-snippet":"max-snippet:-1","max-image-preview":"max-image-preview:large","max-video-preview":"max-video-preview:-1"},"canonical":"https:\/\/shop.huppa.eu\/lt\/product\/marten-2-300g-10\/","og_locale":"lt_LT","og_type":"article","og_title":"Vyr\u0173 \u017eiemin\u0117 striuk\u0117 MARTEN 2 (300g) - Huppa LT","og_description":"Vyr\u0173 \u017eiemos striuk\u0117 su 300g \u0161iltinimu. V\u0117jui ir vandeniui atsparus audinys su geriausiais techniniais parametrais. Sulytos si\u016bl\u0117s, briaunotos vidin\u0117s rankovi\u0173 u\u017emovos, reguliuojami rankovi\u0173 galai ir reguliuojamas apati\u0161kra\u0161is i\u0161laiko \u0161ilum\u0105 ir sausum\u0105 net sportuojant \u017eiem\u0105. Geriausiam matomumui tamsoje striuk\u0117je prid\u0117ti at\u0161vaitiniai elementai, o kr\u016btin\u0117s priekis papuo\u0161tas at\u0161vaitiniu akcentu. Nuimamas kapi\u0161onas yra saugus &#8211; tvirtinamas spaud\u017eiamaisiais guzikais, [&hellip;]","og_url":"https:\/\/shop.huppa.eu\/lt\/product\/marten-2-300g-10\/","og_site_name":"Huppa LT","article_modified_time":"2026-04-16T03:40:07+00:00","og_image":[{"width":1200,"height":1200,"url":"https:\/\/huppashop-prod.s3.eu-north-1.amazonaws.com\/wp-content\/uploads\/sites\/5\/2025\/11\/24170523\/18118230-70031-MARTEN2_f.jpg","type":"image\/jpeg"}],"twitter_card":"summary_large_image","twitter_misc":{"Est. reading time":"1 minut\u0117"},"schema":{"@context":"https:\/\/schema.org","@graph":[{"@type":"WebPage","@id":"https:\/\/shop.huppa.eu\/lt\/product\/marten-2-300g-10\/","url":"https:\/\/shop.huppa.eu\/lt\/product\/marten-2-300g-10\/","name":"Vyr\u0173 \u017eiemin\u0117 striuk\u0117 MARTEN 2 (300g) - Huppa LT","isPartOf":{"@id":"https:\/\/shop.huppa.eu\/lt\/#website"},"primaryImageOfPage":{"@id":"https:\/\/shop.huppa.eu\/lt\/product\/marten-2-300g-10\/#primaryimage"},"image":{"@id":"https:\/\/shop.huppa.eu\/lt\/product\/marten-2-300g-10\/#primaryimage"},"thumbnailUrl":"https:\/\/huppashop-prod.s3.eu-north-1.amazonaws.com\/wp-content\/uploads\/sites\/5\/2025\/11\/24170523\/18118230-70031-MARTEN2_f.jpg","datePublished":"2025-11-24T15:05:21+00:00","dateModified":"2026-04-16T03:40:07+00:00","breadcrumb":{"@id":"https:\/\/shop.huppa.eu\/lt\/product\/marten-2-300g-10\/#breadcrumb"},"inLanguage":"lt-LT","potentialAction":[{"@type":"ReadAction","target":["https:\/\/shop.huppa.eu\/lt\/product\/marten-2-300g-10\/"]}]},{"@type":"ImageObject","inLanguage":"lt-LT","@id":"https:\/\/shop.huppa.eu\/lt\/product\/marten-2-300g-10\/#primaryimage","url":"https:\/\/huppashop-prod.s3.eu-north-1.amazonaws.com\/wp-content\/uploads\/sites\/5\/2025\/11\/24170523\/18118230-70031-MARTEN2_f.jpg","contentUrl":"https:\/\/huppashop-prod.s3.eu-north-1.amazonaws.com\/wp-content\/uploads\/sites\/5\/2025\/11\/24170523\/18118230-70031-MARTEN2_f.jpg","width":1200,"height":1200},{"@type":"BreadcrumbList","@id":"https:\/\/shop.huppa.eu\/lt\/product\/marten-2-300g-10\/#breadcrumb","itemListElement":[{"@type":"ListItem","position":1,"name":"Shop","item":"https:\/\/shop.huppa.eu\/lt\/shop\/"},{"@type":"ListItem","position":2,"name":"Vyr\u0173 \u017eiemin\u0117 striuk\u0117 MARTEN 2 (300g)"}]},{"@type":"WebSite","@id":"https:\/\/shop.huppa.eu\/lt\/#website","url":"https:\/\/shop.huppa.eu\/lt\/","name":"Huppa LT","description":"Huppa LT","potentialAction":[{"@type":"SearchAction","target":{"@type":"EntryPoint","urlTemplate":"https:\/\/shop.huppa.eu\/lt\/?s={search_term_string}"},"query-input":{"@type":"PropertyValueSpecification","valueRequired":true,"valueName":"search_term_string"}}],"inLanguage":"lt-LT"}]}},"_links":{"self":[{"href":"https:\/\/shop.huppa.eu\/lt\/wp-json\/wp\/v2\/product\/518137","targetHints":{"allow":["GET"]}}],"collection":[{"href":"https:\/\/shop.huppa.eu\/lt\/wp-json\/wp\/v2\/product"}],"about":[{"href":"https:\/\/shop.huppa.eu\/lt\/wp-json\/wp\/v2\/types\/product"}],"wp:featuredmedia":[{"embeddable":true,"href":"https:\/\/shop.huppa.eu\/lt\/wp-json\/wp\/v2\/media\/518140"}],"wp:attachment":[{"href":"https:\/\/shop.huppa.eu\/lt\/wp-json\/wp\/v2\/media?parent=518137"}],"wp:term":[{"taxonomy":"product_brand","embeddable":true,"href":"https:\/\/shop.huppa.eu\/lt\/wp-json\/wp\/v2\/product_brand?post=518137"},{"taxonomy":"product_cat","embeddable":true,"href":"https:\/\/shop.huppa.eu\/lt\/wp-json\/wp\/v2\/product_cat?post=518137"},{"taxonomy":"product_tag","embeddable":true,"href":"https:\/\/shop.huppa.eu\/lt\/wp-json\/wp\/v2\/product_tag?post=518137"}],"curies":[{"name":"wp","href":"https:\/\/api.w.org\/{rel}","templated":true}]}}