{"id":518275,"date":"2025-11-24T17:08:43","date_gmt":"2025-11-24T15:08:43","guid":{"rendered":"https:\/\/shop.huppa.eu\/lt\/product\/anne-200g-12\/"},"modified":"2026-04-15T05:42:10","modified_gmt":"2026-04-15T03:42:10","slug":"anne-200g-12","status":"publish","type":"product","link":"https:\/\/shop.huppa.eu\/lt\/product\/anne-200g-12\/","title":{"rendered":"Moter\u0173 \u017eiemin\u0117 striuk\u0117 ANNE (200g)"},"content":{"rendered":"<p>Moter\u0173 \u017eiemos striuk\u0117. Striuk\u0117s v\u0117jui ir vandeniui atspar\u016bs vir\u0161utinis audinys turi geriausias technines savybes, pa\u0161iltinimas 200g. Elastin\u0117s vidin\u0117s apyrank\u0117s striuk\u0117s rankov\u0117se ir sniego apsauga i\u0161laiko \u0161ilum\u0105 ir sausum\u0105 net sportuojant. Striuk\u0117 su \u0161ilum\u0105 atspindin\u010diu HUPPATEC audinio pamu\u0161alu.<\/p>\n","protected":false},"excerpt":{"rendered":"<p>Moter\u0173 \u017eiemos striuk\u0117. Striuk\u0117s v\u0117jui ir vandeniui atspar\u016bs vir\u0161utinis audinys turi geriausias technines savybes, pa\u0161iltinimas 200g. Elastin\u0117s vidin\u0117s apyrank\u0117s striuk\u0117s rankov\u0117se ir sniego apsauga i\u0161laiko \u0161ilum\u0105 ir sausum\u0105 net sportuojant. Striuk\u0117 su \u0161ilum\u0105 atspindin\u010diu HUPPATEC audinio pamu\u0161alu.<\/p>\n","protected":false},"featured_media":518279,"template":"","meta":{"_acf_changed":false},"product_brand":[],"product_cat":[18,560,681,89,128],"product_tag":[],"class_list":{"0":"post-518275","1":"product","2":"type-product","3":"status-publish","4":"has-post-thumbnail","6":"product_cat-moterys","7":"product_cat-striukes-suaugusieji","8":"product_cat-striukes-moterys","9":"product_cat-striukes-2","10":"product_cat-suaugusieji","11":"pa_amzius-suaugusieji","12":"pa_atsparumas-vandeniui-10000mm","13":"pa_dydis-xs","14":"pa_dydis-s","15":"pa_dydis-l","16":"pa_izoliacijos-svoris-200g","17":"pa_kolekcija-nr-w20-21","18":"pa_kolekcijos-dalis-huppatec","19":"pa_lytis-moterys","20":"pa_oro-pralaidumas-10000g-m-24h","21":"pa_prekes-artikulas-18188020-01034","22":"pa_uzpildas-200g","24":"first","25":"instock","26":"sale","27":"taxable","28":"shipping-taxable","29":"purchasable","30":"product-type-variable"},"acf":[],"yoast_head":"<!-- This site is optimized with the Yoast SEO plugin v26.8 - https:\/\/yoast.com\/product\/yoast-seo-wordpress\/ -->\n<title>Moter\u0173 \u017eiemin\u0117 striuk\u0117 ANNE (200g) - Huppa LT<\/title>\n<meta name=\"robots\" content=\"index, follow, max-snippet:-1, max-image-preview:large, max-video-preview:-1\" \/>\n<link rel=\"canonical\" href=\"https:\/\/shop.huppa.eu\/lt\/product\/anne-200g-12\/\" \/>\n<meta property=\"og:locale\" content=\"lt_LT\" \/>\n<meta property=\"og:type\" content=\"article\" \/>\n<meta property=\"og:title\" content=\"Moter\u0173 \u017eiemin\u0117 striuk\u0117 ANNE (200g) - Huppa LT\" \/>\n<meta property=\"og:description\" content=\"Moter\u0173 \u017eiemos striuk\u0117. Striuk\u0117s v\u0117jui ir vandeniui atspar\u016bs vir\u0161utinis audinys turi geriausias technines savybes, pa\u0161iltinimas 200g. Elastin\u0117s vidin\u0117s apyrank\u0117s striuk\u0117s rankov\u0117se ir sniego apsauga i\u0161laiko \u0161ilum\u0105 ir sausum\u0105 net sportuojant. Striuk\u0117 su \u0161ilum\u0105 atspindin\u010diu HUPPATEC audinio pamu\u0161alu.\" \/>\n<meta property=\"og:url\" content=\"https:\/\/shop.huppa.eu\/lt\/product\/anne-200g-12\/\" \/>\n<meta property=\"og:site_name\" content=\"Huppa LT\" \/>\n<meta property=\"article:modified_time\" content=\"2026-04-15T03:42:10+00:00\" \/>\n<meta property=\"og:image\" content=\"https:\/\/huppashop-prod.s3.eu-north-1.amazonaws.com\/wp-content\/uploads\/sites\/5\/2025\/11\/24170844\/18188020-01034-ANNE_f.jpg\" \/>\n\t<meta property=\"og:image:width\" content=\"1200\" \/>\n\t<meta property=\"og:image:height\" content=\"1200\" \/>\n\t<meta property=\"og:image:type\" content=\"image\/jpeg\" \/>\n<meta name=\"twitter:card\" content=\"summary_large_image\" \/>\n<script type=\"application\/ld+json\" class=\"yoast-schema-graph\">{\"@context\":\"https:\/\/schema.org\",\"@graph\":[{\"@type\":\"WebPage\",\"@id\":\"https:\/\/shop.huppa.eu\/lt\/product\/anne-200g-12\/\",\"url\":\"https:\/\/shop.huppa.eu\/lt\/product\/anne-200g-12\/\",\"name\":\"Moter\u0173 \u017eiemin\u0117 striuk\u0117 ANNE (200g) - Huppa LT\",\"isPartOf\":{\"@id\":\"https:\/\/shop.huppa.eu\/lt\/#website\"},\"primaryImageOfPage\":{\"@id\":\"https:\/\/shop.huppa.eu\/lt\/product\/anne-200g-12\/#primaryimage\"},\"image\":{\"@id\":\"https:\/\/shop.huppa.eu\/lt\/product\/anne-200g-12\/#primaryimage\"},\"thumbnailUrl\":\"https:\/\/huppashop-prod.s3.eu-north-1.amazonaws.com\/wp-content\/uploads\/sites\/5\/2025\/11\/24170844\/18188020-01034-ANNE_f.jpg\",\"datePublished\":\"2025-11-24T15:08:43+00:00\",\"dateModified\":\"2026-04-15T03:42:10+00:00\",\"breadcrumb\":{\"@id\":\"https:\/\/shop.huppa.eu\/lt\/product\/anne-200g-12\/#breadcrumb\"},\"inLanguage\":\"lt-LT\",\"potentialAction\":[{\"@type\":\"ReadAction\",\"target\":[\"https:\/\/shop.huppa.eu\/lt\/product\/anne-200g-12\/\"]}]},{\"@type\":\"ImageObject\",\"inLanguage\":\"lt-LT\",\"@id\":\"https:\/\/shop.huppa.eu\/lt\/product\/anne-200g-12\/#primaryimage\",\"url\":\"https:\/\/huppashop-prod.s3.eu-north-1.amazonaws.com\/wp-content\/uploads\/sites\/5\/2025\/11\/24170844\/18188020-01034-ANNE_f.jpg\",\"contentUrl\":\"https:\/\/huppashop-prod.s3.eu-north-1.amazonaws.com\/wp-content\/uploads\/sites\/5\/2025\/11\/24170844\/18188020-01034-ANNE_f.jpg\",\"width\":1200,\"height\":1200},{\"@type\":\"BreadcrumbList\",\"@id\":\"https:\/\/shop.huppa.eu\/lt\/product\/anne-200g-12\/#breadcrumb\",\"itemListElement\":[{\"@type\":\"ListItem\",\"position\":1,\"name\":\"Shop\",\"item\":\"https:\/\/shop.huppa.eu\/lt\/shop\/\"},{\"@type\":\"ListItem\",\"position\":2,\"name\":\"Moter\u0173 \u017eiemin\u0117 striuk\u0117 ANNE (200g)\"}]},{\"@type\":\"WebSite\",\"@id\":\"https:\/\/shop.huppa.eu\/lt\/#website\",\"url\":\"https:\/\/shop.huppa.eu\/lt\/\",\"name\":\"Huppa LT\",\"description\":\"Huppa LT\",\"potentialAction\":[{\"@type\":\"SearchAction\",\"target\":{\"@type\":\"EntryPoint\",\"urlTemplate\":\"https:\/\/shop.huppa.eu\/lt\/?s={search_term_string}\"},\"query-input\":{\"@type\":\"PropertyValueSpecification\",\"valueRequired\":true,\"valueName\":\"search_term_string\"}}],\"inLanguage\":\"lt-LT\"}]}<\/script>\n<!-- \/ Yoast SEO plugin. -->","yoast_head_json":{"title":"Moter\u0173 \u017eiemin\u0117 striuk\u0117 ANNE (200g) - Huppa LT","robots":{"index":"index","follow":"follow","max-snippet":"max-snippet:-1","max-image-preview":"max-image-preview:large","max-video-preview":"max-video-preview:-1"},"canonical":"https:\/\/shop.huppa.eu\/lt\/product\/anne-200g-12\/","og_locale":"lt_LT","og_type":"article","og_title":"Moter\u0173 \u017eiemin\u0117 striuk\u0117 ANNE (200g) - Huppa LT","og_description":"Moter\u0173 \u017eiemos striuk\u0117. Striuk\u0117s v\u0117jui ir vandeniui atspar\u016bs vir\u0161utinis audinys turi geriausias technines savybes, pa\u0161iltinimas 200g. Elastin\u0117s vidin\u0117s apyrank\u0117s striuk\u0117s rankov\u0117se ir sniego apsauga i\u0161laiko \u0161ilum\u0105 ir sausum\u0105 net sportuojant. Striuk\u0117 su \u0161ilum\u0105 atspindin\u010diu HUPPATEC audinio pamu\u0161alu.","og_url":"https:\/\/shop.huppa.eu\/lt\/product\/anne-200g-12\/","og_site_name":"Huppa LT","article_modified_time":"2026-04-15T03:42:10+00:00","og_image":[{"width":1200,"height":1200,"url":"https:\/\/huppashop-prod.s3.eu-north-1.amazonaws.com\/wp-content\/uploads\/sites\/5\/2025\/11\/24170844\/18188020-01034-ANNE_f.jpg","type":"image\/jpeg"}],"twitter_card":"summary_large_image","schema":{"@context":"https:\/\/schema.org","@graph":[{"@type":"WebPage","@id":"https:\/\/shop.huppa.eu\/lt\/product\/anne-200g-12\/","url":"https:\/\/shop.huppa.eu\/lt\/product\/anne-200g-12\/","name":"Moter\u0173 \u017eiemin\u0117 striuk\u0117 ANNE (200g) - Huppa LT","isPartOf":{"@id":"https:\/\/shop.huppa.eu\/lt\/#website"},"primaryImageOfPage":{"@id":"https:\/\/shop.huppa.eu\/lt\/product\/anne-200g-12\/#primaryimage"},"image":{"@id":"https:\/\/shop.huppa.eu\/lt\/product\/anne-200g-12\/#primaryimage"},"thumbnailUrl":"https:\/\/huppashop-prod.s3.eu-north-1.amazonaws.com\/wp-content\/uploads\/sites\/5\/2025\/11\/24170844\/18188020-01034-ANNE_f.jpg","datePublished":"2025-11-24T15:08:43+00:00","dateModified":"2026-04-15T03:42:10+00:00","breadcrumb":{"@id":"https:\/\/shop.huppa.eu\/lt\/product\/anne-200g-12\/#breadcrumb"},"inLanguage":"lt-LT","potentialAction":[{"@type":"ReadAction","target":["https:\/\/shop.huppa.eu\/lt\/product\/anne-200g-12\/"]}]},{"@type":"ImageObject","inLanguage":"lt-LT","@id":"https:\/\/shop.huppa.eu\/lt\/product\/anne-200g-12\/#primaryimage","url":"https:\/\/huppashop-prod.s3.eu-north-1.amazonaws.com\/wp-content\/uploads\/sites\/5\/2025\/11\/24170844\/18188020-01034-ANNE_f.jpg","contentUrl":"https:\/\/huppashop-prod.s3.eu-north-1.amazonaws.com\/wp-content\/uploads\/sites\/5\/2025\/11\/24170844\/18188020-01034-ANNE_f.jpg","width":1200,"height":1200},{"@type":"BreadcrumbList","@id":"https:\/\/shop.huppa.eu\/lt\/product\/anne-200g-12\/#breadcrumb","itemListElement":[{"@type":"ListItem","position":1,"name":"Shop","item":"https:\/\/shop.huppa.eu\/lt\/shop\/"},{"@type":"ListItem","position":2,"name":"Moter\u0173 \u017eiemin\u0117 striuk\u0117 ANNE (200g)"}]},{"@type":"WebSite","@id":"https:\/\/shop.huppa.eu\/lt\/#website","url":"https:\/\/shop.huppa.eu\/lt\/","name":"Huppa LT","description":"Huppa LT","potentialAction":[{"@type":"SearchAction","target":{"@type":"EntryPoint","urlTemplate":"https:\/\/shop.huppa.eu\/lt\/?s={search_term_string}"},"query-input":{"@type":"PropertyValueSpecification","valueRequired":true,"valueName":"search_term_string"}}],"inLanguage":"lt-LT"}]}},"_links":{"self":[{"href":"https:\/\/shop.huppa.eu\/lt\/wp-json\/wp\/v2\/product\/518275","targetHints":{"allow":["GET"]}}],"collection":[{"href":"https:\/\/shop.huppa.eu\/lt\/wp-json\/wp\/v2\/product"}],"about":[{"href":"https:\/\/shop.huppa.eu\/lt\/wp-json\/wp\/v2\/types\/product"}],"wp:featuredmedia":[{"embeddable":true,"href":"https:\/\/shop.huppa.eu\/lt\/wp-json\/wp\/v2\/media\/518279"}],"wp:attachment":[{"href":"https:\/\/shop.huppa.eu\/lt\/wp-json\/wp\/v2\/media?parent=518275"}],"wp:term":[{"taxonomy":"product_brand","embeddable":true,"href":"https:\/\/shop.huppa.eu\/lt\/wp-json\/wp\/v2\/product_brand?post=518275"},{"taxonomy":"product_cat","embeddable":true,"href":"https:\/\/shop.huppa.eu\/lt\/wp-json\/wp\/v2\/product_cat?post=518275"},{"taxonomy":"product_tag","embeddable":true,"href":"https:\/\/shop.huppa.eu\/lt\/wp-json\/wp\/v2\/product_tag?post=518275"}],"curies":[{"name":"wp","href":"https:\/\/api.w.org\/{rel}","templated":true}]}}