{"id":518310,"date":"2025-11-24T17:09:26","date_gmt":"2025-11-24T15:09:26","guid":{"rendered":"https:\/\/shop.huppa.eu\/lt\/product\/roice-200g\/"},"modified":"2026-04-15T05:42:10","modified_gmt":"2026-04-15T03:42:10","slug":"roice-200g","status":"publish","type":"product","link":"https:\/\/shop.huppa.eu\/lt\/product\/roice-200g\/","title":{"rendered":"Berniuk\u0173 \u017eiemin\u0117 striuk\u0117 ROICE (200g)"},"content":{"rendered":"<p>Berniuk\u0173 neper\u0161lampanti ir ypa\u010d patvar\u016bs HuppaTec striuk\u0117 su 200 g pa\u0161iltinimu. Visos striuk\u0117s si\u016bl\u0117s u\u017elydytos, o jos \u0161ilum\u0105 atspindintis HuppaTec pamu\u0161alas u\u017etikrina 30% geresn\u0119 produkto \u0161ilumin\u0119 izoliacij\u0105. D\u0117ka \u0161io pamu\u0161alo rengiantis galima naudoti plonus tarpinius sluoksnius, tod\u0117l aktyvus jud\u0117jimas be prakaitavimo daug malonesnis, o k\u016bnas i\u0161lieka \u0161iltas ir sausas net skub\u0117damas. Naudojimo patogum\u0105 didina elastin\u0117s apyrank\u0117s, lengvai nuimamas kapi\u0161onas su sagomis ir tikru kailio kra\u0161tu, sniego apsauga, ki\u0161en\u0117s su u\u017etrauktukais ir i\u0161manioji kortel\u0117s ki\u0161en\u0117. \u0160vies\u0105 atspindintys elementai u\u017etikrina saugum\u0105.<\/p>\n","protected":false},"excerpt":{"rendered":"<p>Berniuk\u0173 neper\u0161lampanti ir ypa\u010d patvar\u016bs HuppaTec striuk\u0117 su 200 g pa\u0161iltinimu. Visos striuk\u0117s si\u016bl\u0117s u\u017elydytos, o jos \u0161ilum\u0105 atspindintis HuppaTec pamu\u0161alas u\u017etikrina 30% geresn\u0119 produkto \u0161ilumin\u0119 izoliacij\u0105. D\u0117ka \u0161io pamu\u0161alo rengiantis galima naudoti plonus tarpinius sluoksnius, tod\u0117l aktyvus jud\u0117jimas be prakaitavimo daug malonesnis, o k\u016bnas i\u0161lieka \u0161iltas ir sausas net skub\u0117damas. Naudojimo patogum\u0105 didina elastin\u0117s [&hellip;]<\/p>\n","protected":false},"featured_media":518315,"template":"","meta":{"_acf_changed":false},"product_brand":[],"product_cat":[90,91,88,89,19],"product_tag":[],"class_list":{"0":"post-518310","1":"product","2":"type-product","3":"status-publish","4":"has-post-thumbnail","6":"product_cat-berniuku","7":"product_cat-striukes-berniuku","8":"product_cat-striukes","9":"product_cat-striukes-2","10":"product_cat-vaikai","11":"pa_amzius-vaikai","12":"pa_atsparumas-vandeniui-10000mm","13":"pa_dydis-98","14":"pa_dydis-99","15":"pa_dydis-100","16":"pa_dydis-101","17":"pa_izoliacijos-svoris-200g","18":"pa_kolekcija-nr-w19-20","19":"pa_kolekcijos-dalis-huppatec","20":"pa_lytis-berniuku","21":"pa_oro-pralaidumas-10000g-m-24h","22":"pa_prekes-artikulas-18190020-00018","23":"pa_uzpildas-200g","25":"first","26":"instock","27":"sale","28":"taxable","29":"shipping-taxable","30":"purchasable","31":"product-type-variable"},"acf":[],"yoast_head":"<!-- This site is optimized with the Yoast SEO plugin v26.8 - https:\/\/yoast.com\/product\/yoast-seo-wordpress\/ -->\n<title>Berniuk\u0173 \u017eiemin\u0117 striuk\u0117 ROICE (200g) - Huppa LT<\/title>\n<meta name=\"robots\" content=\"index, follow, max-snippet:-1, max-image-preview:large, max-video-preview:-1\" \/>\n<link rel=\"canonical\" href=\"https:\/\/shop.huppa.eu\/lt\/product\/roice-200g\/\" \/>\n<meta property=\"og:locale\" content=\"lt_LT\" \/>\n<meta property=\"og:type\" content=\"article\" \/>\n<meta property=\"og:title\" content=\"Berniuk\u0173 \u017eiemin\u0117 striuk\u0117 ROICE (200g) - Huppa LT\" \/>\n<meta property=\"og:description\" content=\"Berniuk\u0173 neper\u0161lampanti ir ypa\u010d patvar\u016bs HuppaTec striuk\u0117 su 200 g pa\u0161iltinimu. Visos striuk\u0117s si\u016bl\u0117s u\u017elydytos, o jos \u0161ilum\u0105 atspindintis HuppaTec pamu\u0161alas u\u017etikrina 30% geresn\u0119 produkto \u0161ilumin\u0119 izoliacij\u0105. D\u0117ka \u0161io pamu\u0161alo rengiantis galima naudoti plonus tarpinius sluoksnius, tod\u0117l aktyvus jud\u0117jimas be prakaitavimo daug malonesnis, o k\u016bnas i\u0161lieka \u0161iltas ir sausas net skub\u0117damas. Naudojimo patogum\u0105 didina elastin\u0117s [&hellip;]\" \/>\n<meta property=\"og:url\" content=\"https:\/\/shop.huppa.eu\/lt\/product\/roice-200g\/\" \/>\n<meta property=\"og:site_name\" content=\"Huppa LT\" \/>\n<meta property=\"article:modified_time\" content=\"2026-04-15T03:42:10+00:00\" \/>\n<meta property=\"og:image\" content=\"https:\/\/huppashop-prod.s3.eu-north-1.amazonaws.com\/wp-content\/uploads\/sites\/5\/2025\/11\/24170928\/18190020-00018-ROICE_f.jpg\" \/>\n\t<meta property=\"og:image:width\" content=\"1200\" \/>\n\t<meta property=\"og:image:height\" content=\"1200\" \/>\n\t<meta property=\"og:image:type\" content=\"image\/jpeg\" \/>\n<meta name=\"twitter:card\" content=\"summary_large_image\" \/>\n<meta name=\"twitter:label1\" content=\"Est. reading time\" \/>\n\t<meta name=\"twitter:data1\" content=\"1 minut\u0117\" \/>\n<script type=\"application\/ld+json\" class=\"yoast-schema-graph\">{\"@context\":\"https:\/\/schema.org\",\"@graph\":[{\"@type\":\"WebPage\",\"@id\":\"https:\/\/shop.huppa.eu\/lt\/product\/roice-200g\/\",\"url\":\"https:\/\/shop.huppa.eu\/lt\/product\/roice-200g\/\",\"name\":\"Berniuk\u0173 \u017eiemin\u0117 striuk\u0117 ROICE (200g) - Huppa LT\",\"isPartOf\":{\"@id\":\"https:\/\/shop.huppa.eu\/lt\/#website\"},\"primaryImageOfPage\":{\"@id\":\"https:\/\/shop.huppa.eu\/lt\/product\/roice-200g\/#primaryimage\"},\"image\":{\"@id\":\"https:\/\/shop.huppa.eu\/lt\/product\/roice-200g\/#primaryimage\"},\"thumbnailUrl\":\"https:\/\/huppashop-prod.s3.eu-north-1.amazonaws.com\/wp-content\/uploads\/sites\/5\/2025\/11\/24170928\/18190020-00018-ROICE_f.jpg\",\"datePublished\":\"2025-11-24T15:09:26+00:00\",\"dateModified\":\"2026-04-15T03:42:10+00:00\",\"breadcrumb\":{\"@id\":\"https:\/\/shop.huppa.eu\/lt\/product\/roice-200g\/#breadcrumb\"},\"inLanguage\":\"lt-LT\",\"potentialAction\":[{\"@type\":\"ReadAction\",\"target\":[\"https:\/\/shop.huppa.eu\/lt\/product\/roice-200g\/\"]}]},{\"@type\":\"ImageObject\",\"inLanguage\":\"lt-LT\",\"@id\":\"https:\/\/shop.huppa.eu\/lt\/product\/roice-200g\/#primaryimage\",\"url\":\"https:\/\/huppashop-prod.s3.eu-north-1.amazonaws.com\/wp-content\/uploads\/sites\/5\/2025\/11\/24170928\/18190020-00018-ROICE_f.jpg\",\"contentUrl\":\"https:\/\/huppashop-prod.s3.eu-north-1.amazonaws.com\/wp-content\/uploads\/sites\/5\/2025\/11\/24170928\/18190020-00018-ROICE_f.jpg\",\"width\":1200,\"height\":1200},{\"@type\":\"BreadcrumbList\",\"@id\":\"https:\/\/shop.huppa.eu\/lt\/product\/roice-200g\/#breadcrumb\",\"itemListElement\":[{\"@type\":\"ListItem\",\"position\":1,\"name\":\"Shop\",\"item\":\"https:\/\/shop.huppa.eu\/lt\/shop\/\"},{\"@type\":\"ListItem\",\"position\":2,\"name\":\"Berniuk\u0173 \u017eiemin\u0117 striuk\u0117 ROICE (200g)\"}]},{\"@type\":\"WebSite\",\"@id\":\"https:\/\/shop.huppa.eu\/lt\/#website\",\"url\":\"https:\/\/shop.huppa.eu\/lt\/\",\"name\":\"Huppa LT\",\"description\":\"Huppa LT\",\"potentialAction\":[{\"@type\":\"SearchAction\",\"target\":{\"@type\":\"EntryPoint\",\"urlTemplate\":\"https:\/\/shop.huppa.eu\/lt\/?s={search_term_string}\"},\"query-input\":{\"@type\":\"PropertyValueSpecification\",\"valueRequired\":true,\"valueName\":\"search_term_string\"}}],\"inLanguage\":\"lt-LT\"}]}<\/script>\n<!-- \/ Yoast SEO plugin. -->","yoast_head_json":{"title":"Berniuk\u0173 \u017eiemin\u0117 striuk\u0117 ROICE (200g) - Huppa LT","robots":{"index":"index","follow":"follow","max-snippet":"max-snippet:-1","max-image-preview":"max-image-preview:large","max-video-preview":"max-video-preview:-1"},"canonical":"https:\/\/shop.huppa.eu\/lt\/product\/roice-200g\/","og_locale":"lt_LT","og_type":"article","og_title":"Berniuk\u0173 \u017eiemin\u0117 striuk\u0117 ROICE (200g) - Huppa LT","og_description":"Berniuk\u0173 neper\u0161lampanti ir ypa\u010d patvar\u016bs HuppaTec striuk\u0117 su 200 g pa\u0161iltinimu. Visos striuk\u0117s si\u016bl\u0117s u\u017elydytos, o jos \u0161ilum\u0105 atspindintis HuppaTec pamu\u0161alas u\u017etikrina 30% geresn\u0119 produkto \u0161ilumin\u0119 izoliacij\u0105. D\u0117ka \u0161io pamu\u0161alo rengiantis galima naudoti plonus tarpinius sluoksnius, tod\u0117l aktyvus jud\u0117jimas be prakaitavimo daug malonesnis, o k\u016bnas i\u0161lieka \u0161iltas ir sausas net skub\u0117damas. Naudojimo patogum\u0105 didina elastin\u0117s [&hellip;]","og_url":"https:\/\/shop.huppa.eu\/lt\/product\/roice-200g\/","og_site_name":"Huppa LT","article_modified_time":"2026-04-15T03:42:10+00:00","og_image":[{"width":1200,"height":1200,"url":"https:\/\/huppashop-prod.s3.eu-north-1.amazonaws.com\/wp-content\/uploads\/sites\/5\/2025\/11\/24170928\/18190020-00018-ROICE_f.jpg","type":"image\/jpeg"}],"twitter_card":"summary_large_image","twitter_misc":{"Est. reading time":"1 minut\u0117"},"schema":{"@context":"https:\/\/schema.org","@graph":[{"@type":"WebPage","@id":"https:\/\/shop.huppa.eu\/lt\/product\/roice-200g\/","url":"https:\/\/shop.huppa.eu\/lt\/product\/roice-200g\/","name":"Berniuk\u0173 \u017eiemin\u0117 striuk\u0117 ROICE (200g) - Huppa LT","isPartOf":{"@id":"https:\/\/shop.huppa.eu\/lt\/#website"},"primaryImageOfPage":{"@id":"https:\/\/shop.huppa.eu\/lt\/product\/roice-200g\/#primaryimage"},"image":{"@id":"https:\/\/shop.huppa.eu\/lt\/product\/roice-200g\/#primaryimage"},"thumbnailUrl":"https:\/\/huppashop-prod.s3.eu-north-1.amazonaws.com\/wp-content\/uploads\/sites\/5\/2025\/11\/24170928\/18190020-00018-ROICE_f.jpg","datePublished":"2025-11-24T15:09:26+00:00","dateModified":"2026-04-15T03:42:10+00:00","breadcrumb":{"@id":"https:\/\/shop.huppa.eu\/lt\/product\/roice-200g\/#breadcrumb"},"inLanguage":"lt-LT","potentialAction":[{"@type":"ReadAction","target":["https:\/\/shop.huppa.eu\/lt\/product\/roice-200g\/"]}]},{"@type":"ImageObject","inLanguage":"lt-LT","@id":"https:\/\/shop.huppa.eu\/lt\/product\/roice-200g\/#primaryimage","url":"https:\/\/huppashop-prod.s3.eu-north-1.amazonaws.com\/wp-content\/uploads\/sites\/5\/2025\/11\/24170928\/18190020-00018-ROICE_f.jpg","contentUrl":"https:\/\/huppashop-prod.s3.eu-north-1.amazonaws.com\/wp-content\/uploads\/sites\/5\/2025\/11\/24170928\/18190020-00018-ROICE_f.jpg","width":1200,"height":1200},{"@type":"BreadcrumbList","@id":"https:\/\/shop.huppa.eu\/lt\/product\/roice-200g\/#breadcrumb","itemListElement":[{"@type":"ListItem","position":1,"name":"Shop","item":"https:\/\/shop.huppa.eu\/lt\/shop\/"},{"@type":"ListItem","position":2,"name":"Berniuk\u0173 \u017eiemin\u0117 striuk\u0117 ROICE (200g)"}]},{"@type":"WebSite","@id":"https:\/\/shop.huppa.eu\/lt\/#website","url":"https:\/\/shop.huppa.eu\/lt\/","name":"Huppa LT","description":"Huppa LT","potentialAction":[{"@type":"SearchAction","target":{"@type":"EntryPoint","urlTemplate":"https:\/\/shop.huppa.eu\/lt\/?s={search_term_string}"},"query-input":{"@type":"PropertyValueSpecification","valueRequired":true,"valueName":"search_term_string"}}],"inLanguage":"lt-LT"}]}},"_links":{"self":[{"href":"https:\/\/shop.huppa.eu\/lt\/wp-json\/wp\/v2\/product\/518310","targetHints":{"allow":["GET"]}}],"collection":[{"href":"https:\/\/shop.huppa.eu\/lt\/wp-json\/wp\/v2\/product"}],"about":[{"href":"https:\/\/shop.huppa.eu\/lt\/wp-json\/wp\/v2\/types\/product"}],"wp:featuredmedia":[{"embeddable":true,"href":"https:\/\/shop.huppa.eu\/lt\/wp-json\/wp\/v2\/media\/518315"}],"wp:attachment":[{"href":"https:\/\/shop.huppa.eu\/lt\/wp-json\/wp\/v2\/media?parent=518310"}],"wp:term":[{"taxonomy":"product_brand","embeddable":true,"href":"https:\/\/shop.huppa.eu\/lt\/wp-json\/wp\/v2\/product_brand?post=518310"},{"taxonomy":"product_cat","embeddable":true,"href":"https:\/\/shop.huppa.eu\/lt\/wp-json\/wp\/v2\/product_cat?post=518310"},{"taxonomy":"product_tag","embeddable":true,"href":"https:\/\/shop.huppa.eu\/lt\/wp-json\/wp\/v2\/product_tag?post=518310"}],"curies":[{"name":"wp","href":"https:\/\/api.w.org\/{rel}","templated":true}]}}