{"id":518404,"date":"2025-11-24T17:11:22","date_gmt":"2025-11-24T15:11:22","guid":{"rendered":"https:\/\/shop.huppa.eu\/lt\/product\/vincet-300g-3\/"},"modified":"2026-04-16T05:44:07","modified_gmt":"2026-04-16T03:44:07","slug":"vincet-300g-3","status":"publish","type":"product","link":"https:\/\/shop.huppa.eu\/lt\/product\/vincet-300g-3\/","title":{"rendered":"Berniuk\u0173 striuk\u0117 VINCET (300g)"},"content":{"rendered":"<p>Vaiki\u0161ka dygsniuota striuk\u0117 Lengvo blizgesio neperpu\u010diamas i\u0161orinis audinys Striuk\u0117s u\u017epildas i\u0161 naujovi\u0161kos perdirbtos, plunksn\u0173 u\u017epildo savybes imituojan\u010dios med\u017eiagos Med\u017eiaga \u0161ilta, greitai d\u017ei\u016bsta ir nesukrinta po skalbimo Puiki alternatyva nat\u016braliam plunksn\u0173 u\u017epildui<\/p>\n","protected":false},"excerpt":{"rendered":"<p>Vaiki\u0161ka dygsniuota striuk\u0117 Lengvo blizgesio neperpu\u010diamas i\u0161orinis audinys Striuk\u0117s u\u017epildas i\u0161 naujovi\u0161kos perdirbtos, plunksn\u0173 u\u017epildo savybes imituojan\u010dios med\u017eiagos Med\u017eiaga \u0161ilta, greitai d\u017ei\u016bsta ir nesukrinta po skalbimo Puiki alternatyva nat\u016braliam plunksn\u0173 u\u017epildui<\/p>\n","protected":false},"featured_media":424458,"template":"","meta":{"_acf_changed":false},"product_brand":[],"product_cat":[90,91,88,89,19],"product_tag":[],"class_list":{"0":"post-518404","1":"product","2":"type-product","3":"status-publish","4":"has-post-thumbnail","6":"product_cat-berniuku","7":"product_cat-striukes-berniuku","8":"product_cat-striukes","9":"product_cat-striukes-2","10":"product_cat-vaikai","11":"pa_amzius-vaikai","12":"pa_atsparumas-vandeniui-10-000mm","13":"pa_dydis-99","14":"pa_dydis-100","15":"pa_dydis-101","16":"pa_dydis-142","17":"pa_izoliacijos-svoris-300g","18":"pa_kolekcija-nr-w21-22","19":"pa_kolekcijos-dalis-fashion","20":"pa_lytis-berniuku","21":"pa_oro-pralaidumas-10000g-m-24h","22":"pa_prekes-artikulas-18260030-00009","23":"pa_rastuota-vienspalvis","24":"pa_sezonas-ziema","25":"pa_uzpildas-300g","27":"first","28":"instock","29":"sale","30":"taxable","31":"shipping-taxable","32":"purchasable","33":"product-type-variable"},"acf":[],"yoast_head":"<!-- This site is optimized with the Yoast SEO plugin v26.8 - https:\/\/yoast.com\/product\/yoast-seo-wordpress\/ -->\n<title>Berniuk\u0173 striuk\u0117 VINCET (300g) - Huppa LT<\/title>\n<meta name=\"robots\" content=\"index, follow, max-snippet:-1, max-image-preview:large, max-video-preview:-1\" \/>\n<link rel=\"canonical\" href=\"https:\/\/shop.huppa.eu\/lt\/product\/vincet-300g-3\/\" \/>\n<meta property=\"og:locale\" content=\"lt_LT\" \/>\n<meta property=\"og:type\" content=\"article\" \/>\n<meta property=\"og:title\" content=\"Berniuk\u0173 striuk\u0117 VINCET (300g) - Huppa LT\" \/>\n<meta property=\"og:description\" content=\"Vaiki\u0161ka dygsniuota striuk\u0117 Lengvo blizgesio neperpu\u010diamas i\u0161orinis audinys Striuk\u0117s u\u017epildas i\u0161 naujovi\u0161kos perdirbtos, plunksn\u0173 u\u017epildo savybes imituojan\u010dios med\u017eiagos Med\u017eiaga \u0161ilta, greitai d\u017ei\u016bsta ir nesukrinta po skalbimo Puiki alternatyva nat\u016braliam plunksn\u0173 u\u017epildui\" \/>\n<meta property=\"og:url\" content=\"https:\/\/shop.huppa.eu\/lt\/product\/vincet-300g-3\/\" \/>\n<meta property=\"og:site_name\" content=\"Huppa LT\" \/>\n<meta property=\"article:modified_time\" content=\"2026-04-16T03:44:07+00:00\" \/>\n<meta property=\"og:image\" content=\"https:\/\/huppashop-prod.s3.eu-north-1.amazonaws.com\/wp-content\/uploads\/sites\/3\/2021\/06\/03021051\/18260030-00009-VINCET_f.jpg\" \/>\n\t<meta property=\"og:image:width\" content=\"1200\" \/>\n\t<meta property=\"og:image:height\" content=\"1200\" \/>\n\t<meta property=\"og:image:type\" content=\"image\/jpeg\" \/>\n<meta name=\"twitter:card\" content=\"summary_large_image\" \/>\n<script type=\"application\/ld+json\" class=\"yoast-schema-graph\">{\"@context\":\"https:\/\/schema.org\",\"@graph\":[{\"@type\":\"WebPage\",\"@id\":\"https:\/\/shop.huppa.eu\/lt\/product\/vincet-300g-3\/\",\"url\":\"https:\/\/shop.huppa.eu\/lt\/product\/vincet-300g-3\/\",\"name\":\"Berniuk\u0173 striuk\u0117 VINCET (300g) - Huppa LT\",\"isPartOf\":{\"@id\":\"https:\/\/shop.huppa.eu\/lt\/#website\"},\"primaryImageOfPage\":{\"@id\":\"https:\/\/shop.huppa.eu\/lt\/product\/vincet-300g-3\/#primaryimage\"},\"image\":{\"@id\":\"https:\/\/shop.huppa.eu\/lt\/product\/vincet-300g-3\/#primaryimage\"},\"thumbnailUrl\":\"https:\/\/huppashop-prod.s3.eu-north-1.amazonaws.com\/wp-content\/uploads\/sites\/3\/2021\/06\/03021051\/18260030-00009-VINCET_f.jpg\",\"datePublished\":\"2025-11-24T15:11:22+00:00\",\"dateModified\":\"2026-04-16T03:44:07+00:00\",\"breadcrumb\":{\"@id\":\"https:\/\/shop.huppa.eu\/lt\/product\/vincet-300g-3\/#breadcrumb\"},\"inLanguage\":\"lt-LT\",\"potentialAction\":[{\"@type\":\"ReadAction\",\"target\":[\"https:\/\/shop.huppa.eu\/lt\/product\/vincet-300g-3\/\"]}]},{\"@type\":\"ImageObject\",\"inLanguage\":\"lt-LT\",\"@id\":\"https:\/\/shop.huppa.eu\/lt\/product\/vincet-300g-3\/#primaryimage\",\"url\":\"https:\/\/huppashop-prod.s3.eu-north-1.amazonaws.com\/wp-content\/uploads\/sites\/3\/2021\/06\/03021051\/18260030-00009-VINCET_f.jpg\",\"contentUrl\":\"https:\/\/huppashop-prod.s3.eu-north-1.amazonaws.com\/wp-content\/uploads\/sites\/3\/2021\/06\/03021051\/18260030-00009-VINCET_f.jpg\",\"width\":1200,\"height\":1200},{\"@type\":\"BreadcrumbList\",\"@id\":\"https:\/\/shop.huppa.eu\/lt\/product\/vincet-300g-3\/#breadcrumb\",\"itemListElement\":[{\"@type\":\"ListItem\",\"position\":1,\"name\":\"Shop\",\"item\":\"https:\/\/shop.huppa.eu\/lt\/shop\/\"},{\"@type\":\"ListItem\",\"position\":2,\"name\":\"Berniuk\u0173 striuk\u0117 VINCET (300g)\"}]},{\"@type\":\"WebSite\",\"@id\":\"https:\/\/shop.huppa.eu\/lt\/#website\",\"url\":\"https:\/\/shop.huppa.eu\/lt\/\",\"name\":\"Huppa LT\",\"description\":\"Huppa LT\",\"potentialAction\":[{\"@type\":\"SearchAction\",\"target\":{\"@type\":\"EntryPoint\",\"urlTemplate\":\"https:\/\/shop.huppa.eu\/lt\/?s={search_term_string}\"},\"query-input\":{\"@type\":\"PropertyValueSpecification\",\"valueRequired\":true,\"valueName\":\"search_term_string\"}}],\"inLanguage\":\"lt-LT\"}]}<\/script>\n<!-- \/ Yoast SEO plugin. -->","yoast_head_json":{"title":"Berniuk\u0173 striuk\u0117 VINCET (300g) - Huppa LT","robots":{"index":"index","follow":"follow","max-snippet":"max-snippet:-1","max-image-preview":"max-image-preview:large","max-video-preview":"max-video-preview:-1"},"canonical":"https:\/\/shop.huppa.eu\/lt\/product\/vincet-300g-3\/","og_locale":"lt_LT","og_type":"article","og_title":"Berniuk\u0173 striuk\u0117 VINCET (300g) - Huppa LT","og_description":"Vaiki\u0161ka dygsniuota striuk\u0117 Lengvo blizgesio neperpu\u010diamas i\u0161orinis audinys Striuk\u0117s u\u017epildas i\u0161 naujovi\u0161kos perdirbtos, plunksn\u0173 u\u017epildo savybes imituojan\u010dios med\u017eiagos Med\u017eiaga \u0161ilta, greitai d\u017ei\u016bsta ir nesukrinta po skalbimo Puiki alternatyva nat\u016braliam plunksn\u0173 u\u017epildui","og_url":"https:\/\/shop.huppa.eu\/lt\/product\/vincet-300g-3\/","og_site_name":"Huppa LT","article_modified_time":"2026-04-16T03:44:07+00:00","og_image":[{"width":1200,"height":1200,"url":"https:\/\/huppashop-prod.s3.eu-north-1.amazonaws.com\/wp-content\/uploads\/sites\/3\/2021\/06\/03021051\/18260030-00009-VINCET_f.jpg","type":"image\/jpeg"}],"twitter_card":"summary_large_image","schema":{"@context":"https:\/\/schema.org","@graph":[{"@type":"WebPage","@id":"https:\/\/shop.huppa.eu\/lt\/product\/vincet-300g-3\/","url":"https:\/\/shop.huppa.eu\/lt\/product\/vincet-300g-3\/","name":"Berniuk\u0173 striuk\u0117 VINCET (300g) - Huppa LT","isPartOf":{"@id":"https:\/\/shop.huppa.eu\/lt\/#website"},"primaryImageOfPage":{"@id":"https:\/\/shop.huppa.eu\/lt\/product\/vincet-300g-3\/#primaryimage"},"image":{"@id":"https:\/\/shop.huppa.eu\/lt\/product\/vincet-300g-3\/#primaryimage"},"thumbnailUrl":"https:\/\/huppashop-prod.s3.eu-north-1.amazonaws.com\/wp-content\/uploads\/sites\/3\/2021\/06\/03021051\/18260030-00009-VINCET_f.jpg","datePublished":"2025-11-24T15:11:22+00:00","dateModified":"2026-04-16T03:44:07+00:00","breadcrumb":{"@id":"https:\/\/shop.huppa.eu\/lt\/product\/vincet-300g-3\/#breadcrumb"},"inLanguage":"lt-LT","potentialAction":[{"@type":"ReadAction","target":["https:\/\/shop.huppa.eu\/lt\/product\/vincet-300g-3\/"]}]},{"@type":"ImageObject","inLanguage":"lt-LT","@id":"https:\/\/shop.huppa.eu\/lt\/product\/vincet-300g-3\/#primaryimage","url":"https:\/\/huppashop-prod.s3.eu-north-1.amazonaws.com\/wp-content\/uploads\/sites\/3\/2021\/06\/03021051\/18260030-00009-VINCET_f.jpg","contentUrl":"https:\/\/huppashop-prod.s3.eu-north-1.amazonaws.com\/wp-content\/uploads\/sites\/3\/2021\/06\/03021051\/18260030-00009-VINCET_f.jpg","width":1200,"height":1200},{"@type":"BreadcrumbList","@id":"https:\/\/shop.huppa.eu\/lt\/product\/vincet-300g-3\/#breadcrumb","itemListElement":[{"@type":"ListItem","position":1,"name":"Shop","item":"https:\/\/shop.huppa.eu\/lt\/shop\/"},{"@type":"ListItem","position":2,"name":"Berniuk\u0173 striuk\u0117 VINCET (300g)"}]},{"@type":"WebSite","@id":"https:\/\/shop.huppa.eu\/lt\/#website","url":"https:\/\/shop.huppa.eu\/lt\/","name":"Huppa LT","description":"Huppa LT","potentialAction":[{"@type":"SearchAction","target":{"@type":"EntryPoint","urlTemplate":"https:\/\/shop.huppa.eu\/lt\/?s={search_term_string}"},"query-input":{"@type":"PropertyValueSpecification","valueRequired":true,"valueName":"search_term_string"}}],"inLanguage":"lt-LT"}]}},"_links":{"self":[{"href":"https:\/\/shop.huppa.eu\/lt\/wp-json\/wp\/v2\/product\/518404","targetHints":{"allow":["GET"]}}],"collection":[{"href":"https:\/\/shop.huppa.eu\/lt\/wp-json\/wp\/v2\/product"}],"about":[{"href":"https:\/\/shop.huppa.eu\/lt\/wp-json\/wp\/v2\/types\/product"}],"wp:featuredmedia":[{"embeddable":true,"href":"https:\/\/shop.huppa.eu\/lt\/wp-json\/wp\/v2\/media\/424458"}],"wp:attachment":[{"href":"https:\/\/shop.huppa.eu\/lt\/wp-json\/wp\/v2\/media?parent=518404"}],"wp:term":[{"taxonomy":"product_brand","embeddable":true,"href":"https:\/\/shop.huppa.eu\/lt\/wp-json\/wp\/v2\/product_brand?post=518404"},{"taxonomy":"product_cat","embeddable":true,"href":"https:\/\/shop.huppa.eu\/lt\/wp-json\/wp\/v2\/product_cat?post=518404"},{"taxonomy":"product_tag","embeddable":true,"href":"https:\/\/shop.huppa.eu\/lt\/wp-json\/wp\/v2\/product_tag?post=518404"}],"curies":[{"name":"wp","href":"https:\/\/api.w.org\/{rel}","templated":true}]}}