{"id":518721,"date":"2025-11-24T17:18:20","date_gmt":"2025-11-24T15:18:20","guid":{"rendered":"https:\/\/shop.huppa.eu\/lt\/product\/rainer-200g-2\/"},"modified":"2026-04-15T05:48:05","modified_gmt":"2026-04-15T03:48:05","slug":"rainer-200g-2","status":"publish","type":"product","link":"https:\/\/shop.huppa.eu\/lt\/product\/rainer-200g-2\/","title":{"rendered":"Boys\u00b4 winter jacket RAINER (200g)"},"content":{"rendered":"<p>Vaiki\u0161ka neper\u0161lampama ir neperpu\u010diama striuk\u0117. Orui laidi i\u0161orin\u0117 med\u017eiaga. Vidin\u0117 striuk\u0117s dalis i\u0161 mink\u0161to pamu\u0161alinio audinio, su apsauga nuo sniego. Gobtuvo kra\u0161te ir gale \u012fsi\u016bta reguliuojama gumin\u0117 juostel\u0117. Priekis ir ki\u0161en\u0117s u\u017esegami vandeniui atspariu u\u017etrauktuku. Rankovi\u0173 apa\u010dia reguliuojama. Rankovi\u0173 apa\u010dioje rankogalis su anga nyk\u0161\u010diui. Vandeniui atsparios klijuotos si\u016bl\u0117s. Vir\u0161utinis audinys su \u0161vies\u0105 atspindin\u010diomis detal\u0117mis.<\/p>\n","protected":false},"excerpt":{"rendered":"<p>Vaiki\u0161ka neper\u0161lampama ir neperpu\u010diama striuk\u0117. Orui laidi i\u0161orin\u0117 med\u017eiaga. Vidin\u0117 striuk\u0117s dalis i\u0161 mink\u0161to pamu\u0161alinio audinio, su apsauga nuo sniego. Gobtuvo kra\u0161te ir gale \u012fsi\u016bta reguliuojama gumin\u0117 juostel\u0117. Priekis ir ki\u0161en\u0117s u\u017esegami vandeniui atspariu u\u017etrauktuku. Rankovi\u0173 apa\u010dia reguliuojama. Rankovi\u0173 apa\u010dioje rankogalis su anga nyk\u0161\u010diui. Vandeniui atsparios klijuotos si\u016bl\u0117s. Vir\u0161utinis audinys su \u0161vies\u0105 atspindin\u010diomis detal\u0117mis.<\/p>\n","protected":false},"featured_media":494897,"template":"","meta":{"_acf_changed":false},"product_brand":[],"product_cat":[90,89,91,88,19],"product_tag":[],"class_list":{"0":"post-518721","1":"product","2":"type-product","3":"status-publish","4":"has-post-thumbnail","6":"product_cat-berniuku","7":"product_cat-striukes-2","8":"product_cat-striukes-berniuku","9":"product_cat-striukes","10":"product_cat-vaikai","11":"pa_amzius-vaikai","12":"pa_atsparumas-vandeniui-10-000mm","13":"pa_dydis-100","14":"pa_izoliacijos-svoris-200g","15":"pa_kolekcija-nr-w22-23","16":"pa_kolekcijos-dalis-huppatec","17":"pa_lytis-berniuku","18":"pa_oro-pralaidumas-10000g-m-24h","19":"pa_prekes-artikulas-18520020-21218","20":"pa_rastuota-rastuota-spalva","21":"pa_sezonas-ziema","22":"pa_uzpildas-200g","24":"first","25":"instock","26":"sale","27":"taxable","28":"shipping-taxable","29":"purchasable","30":"product-type-variable"},"acf":[],"yoast_head":"<!-- This site is optimized with the Yoast SEO plugin v26.8 - https:\/\/yoast.com\/product\/yoast-seo-wordpress\/ -->\n<title>Boys\u00b4 winter jacket RAINER (200g) - Huppa LT<\/title>\n<meta name=\"robots\" content=\"index, follow, max-snippet:-1, max-image-preview:large, max-video-preview:-1\" \/>\n<link rel=\"canonical\" href=\"https:\/\/shop.huppa.eu\/lt\/product\/rainer-200g-2\/\" \/>\n<meta property=\"og:locale\" content=\"lt_LT\" \/>\n<meta property=\"og:type\" content=\"article\" \/>\n<meta property=\"og:title\" content=\"Boys\u00b4 winter jacket RAINER (200g) - Huppa LT\" \/>\n<meta property=\"og:description\" content=\"Vaiki\u0161ka neper\u0161lampama ir neperpu\u010diama striuk\u0117. Orui laidi i\u0161orin\u0117 med\u017eiaga. Vidin\u0117 striuk\u0117s dalis i\u0161 mink\u0161to pamu\u0161alinio audinio, su apsauga nuo sniego. Gobtuvo kra\u0161te ir gale \u012fsi\u016bta reguliuojama gumin\u0117 juostel\u0117. Priekis ir ki\u0161en\u0117s u\u017esegami vandeniui atspariu u\u017etrauktuku. Rankovi\u0173 apa\u010dia reguliuojama. Rankovi\u0173 apa\u010dioje rankogalis su anga nyk\u0161\u010diui. Vandeniui atsparios klijuotos si\u016bl\u0117s. Vir\u0161utinis audinys su \u0161vies\u0105 atspindin\u010diomis detal\u0117mis.\" \/>\n<meta property=\"og:url\" content=\"https:\/\/shop.huppa.eu\/lt\/product\/rainer-200g-2\/\" \/>\n<meta property=\"og:site_name\" content=\"Huppa LT\" \/>\n<meta property=\"article:modified_time\" content=\"2026-04-15T03:48:05+00:00\" \/>\n<meta property=\"og:image\" content=\"https:\/\/huppashop-prod.s3.eu-north-1.amazonaws.com\/wp-content\/uploads\/sites\/5\/2023\/08\/08030427\/18520020-21218-RAINER_kids_f.jpg\" \/>\n\t<meta property=\"og:image:width\" content=\"1200\" \/>\n\t<meta property=\"og:image:height\" content=\"1200\" \/>\n\t<meta property=\"og:image:type\" content=\"image\/jpeg\" \/>\n<meta name=\"twitter:card\" content=\"summary_large_image\" \/>\n<script type=\"application\/ld+json\" class=\"yoast-schema-graph\">{\"@context\":\"https:\/\/schema.org\",\"@graph\":[{\"@type\":\"WebPage\",\"@id\":\"https:\/\/shop.huppa.eu\/lt\/product\/rainer-200g-2\/\",\"url\":\"https:\/\/shop.huppa.eu\/lt\/product\/rainer-200g-2\/\",\"name\":\"Boys\u00b4 winter jacket RAINER (200g) - Huppa LT\",\"isPartOf\":{\"@id\":\"https:\/\/shop.huppa.eu\/lt\/#website\"},\"primaryImageOfPage\":{\"@id\":\"https:\/\/shop.huppa.eu\/lt\/product\/rainer-200g-2\/#primaryimage\"},\"image\":{\"@id\":\"https:\/\/shop.huppa.eu\/lt\/product\/rainer-200g-2\/#primaryimage\"},\"thumbnailUrl\":\"https:\/\/huppashop-prod.s3.eu-north-1.amazonaws.com\/wp-content\/uploads\/sites\/5\/2023\/08\/08030427\/18520020-21218-RAINER_kids_f.jpg\",\"datePublished\":\"2025-11-24T15:18:20+00:00\",\"dateModified\":\"2026-04-15T03:48:05+00:00\",\"breadcrumb\":{\"@id\":\"https:\/\/shop.huppa.eu\/lt\/product\/rainer-200g-2\/#breadcrumb\"},\"inLanguage\":\"lt-LT\",\"potentialAction\":[{\"@type\":\"ReadAction\",\"target\":[\"https:\/\/shop.huppa.eu\/lt\/product\/rainer-200g-2\/\"]}]},{\"@type\":\"ImageObject\",\"inLanguage\":\"lt-LT\",\"@id\":\"https:\/\/shop.huppa.eu\/lt\/product\/rainer-200g-2\/#primaryimage\",\"url\":\"https:\/\/huppashop-prod.s3.eu-north-1.amazonaws.com\/wp-content\/uploads\/sites\/5\/2023\/08\/08030427\/18520020-21218-RAINER_kids_f.jpg\",\"contentUrl\":\"https:\/\/huppashop-prod.s3.eu-north-1.amazonaws.com\/wp-content\/uploads\/sites\/5\/2023\/08\/08030427\/18520020-21218-RAINER_kids_f.jpg\",\"width\":1200,\"height\":1200},{\"@type\":\"BreadcrumbList\",\"@id\":\"https:\/\/shop.huppa.eu\/lt\/product\/rainer-200g-2\/#breadcrumb\",\"itemListElement\":[{\"@type\":\"ListItem\",\"position\":1,\"name\":\"Shop\",\"item\":\"https:\/\/shop.huppa.eu\/lt\/shop\/\"},{\"@type\":\"ListItem\",\"position\":2,\"name\":\"Boys\u00b4 winter jacket RAINER (200g)\"}]},{\"@type\":\"WebSite\",\"@id\":\"https:\/\/shop.huppa.eu\/lt\/#website\",\"url\":\"https:\/\/shop.huppa.eu\/lt\/\",\"name\":\"Huppa LT\",\"description\":\"Huppa LT\",\"potentialAction\":[{\"@type\":\"SearchAction\",\"target\":{\"@type\":\"EntryPoint\",\"urlTemplate\":\"https:\/\/shop.huppa.eu\/lt\/?s={search_term_string}\"},\"query-input\":{\"@type\":\"PropertyValueSpecification\",\"valueRequired\":true,\"valueName\":\"search_term_string\"}}],\"inLanguage\":\"lt-LT\"}]}<\/script>\n<!-- \/ Yoast SEO plugin. -->","yoast_head_json":{"title":"Boys\u00b4 winter jacket RAINER (200g) - Huppa LT","robots":{"index":"index","follow":"follow","max-snippet":"max-snippet:-1","max-image-preview":"max-image-preview:large","max-video-preview":"max-video-preview:-1"},"canonical":"https:\/\/shop.huppa.eu\/lt\/product\/rainer-200g-2\/","og_locale":"lt_LT","og_type":"article","og_title":"Boys\u00b4 winter jacket RAINER (200g) - Huppa LT","og_description":"Vaiki\u0161ka neper\u0161lampama ir neperpu\u010diama striuk\u0117. Orui laidi i\u0161orin\u0117 med\u017eiaga. Vidin\u0117 striuk\u0117s dalis i\u0161 mink\u0161to pamu\u0161alinio audinio, su apsauga nuo sniego. Gobtuvo kra\u0161te ir gale \u012fsi\u016bta reguliuojama gumin\u0117 juostel\u0117. Priekis ir ki\u0161en\u0117s u\u017esegami vandeniui atspariu u\u017etrauktuku. Rankovi\u0173 apa\u010dia reguliuojama. Rankovi\u0173 apa\u010dioje rankogalis su anga nyk\u0161\u010diui. Vandeniui atsparios klijuotos si\u016bl\u0117s. Vir\u0161utinis audinys su \u0161vies\u0105 atspindin\u010diomis detal\u0117mis.","og_url":"https:\/\/shop.huppa.eu\/lt\/product\/rainer-200g-2\/","og_site_name":"Huppa LT","article_modified_time":"2026-04-15T03:48:05+00:00","og_image":[{"width":1200,"height":1200,"url":"https:\/\/huppashop-prod.s3.eu-north-1.amazonaws.com\/wp-content\/uploads\/sites\/5\/2023\/08\/08030427\/18520020-21218-RAINER_kids_f.jpg","type":"image\/jpeg"}],"twitter_card":"summary_large_image","schema":{"@context":"https:\/\/schema.org","@graph":[{"@type":"WebPage","@id":"https:\/\/shop.huppa.eu\/lt\/product\/rainer-200g-2\/","url":"https:\/\/shop.huppa.eu\/lt\/product\/rainer-200g-2\/","name":"Boys\u00b4 winter jacket RAINER (200g) - Huppa LT","isPartOf":{"@id":"https:\/\/shop.huppa.eu\/lt\/#website"},"primaryImageOfPage":{"@id":"https:\/\/shop.huppa.eu\/lt\/product\/rainer-200g-2\/#primaryimage"},"image":{"@id":"https:\/\/shop.huppa.eu\/lt\/product\/rainer-200g-2\/#primaryimage"},"thumbnailUrl":"https:\/\/huppashop-prod.s3.eu-north-1.amazonaws.com\/wp-content\/uploads\/sites\/5\/2023\/08\/08030427\/18520020-21218-RAINER_kids_f.jpg","datePublished":"2025-11-24T15:18:20+00:00","dateModified":"2026-04-15T03:48:05+00:00","breadcrumb":{"@id":"https:\/\/shop.huppa.eu\/lt\/product\/rainer-200g-2\/#breadcrumb"},"inLanguage":"lt-LT","potentialAction":[{"@type":"ReadAction","target":["https:\/\/shop.huppa.eu\/lt\/product\/rainer-200g-2\/"]}]},{"@type":"ImageObject","inLanguage":"lt-LT","@id":"https:\/\/shop.huppa.eu\/lt\/product\/rainer-200g-2\/#primaryimage","url":"https:\/\/huppashop-prod.s3.eu-north-1.amazonaws.com\/wp-content\/uploads\/sites\/5\/2023\/08\/08030427\/18520020-21218-RAINER_kids_f.jpg","contentUrl":"https:\/\/huppashop-prod.s3.eu-north-1.amazonaws.com\/wp-content\/uploads\/sites\/5\/2023\/08\/08030427\/18520020-21218-RAINER_kids_f.jpg","width":1200,"height":1200},{"@type":"BreadcrumbList","@id":"https:\/\/shop.huppa.eu\/lt\/product\/rainer-200g-2\/#breadcrumb","itemListElement":[{"@type":"ListItem","position":1,"name":"Shop","item":"https:\/\/shop.huppa.eu\/lt\/shop\/"},{"@type":"ListItem","position":2,"name":"Boys\u00b4 winter jacket RAINER (200g)"}]},{"@type":"WebSite","@id":"https:\/\/shop.huppa.eu\/lt\/#website","url":"https:\/\/shop.huppa.eu\/lt\/","name":"Huppa LT","description":"Huppa LT","potentialAction":[{"@type":"SearchAction","target":{"@type":"EntryPoint","urlTemplate":"https:\/\/shop.huppa.eu\/lt\/?s={search_term_string}"},"query-input":{"@type":"PropertyValueSpecification","valueRequired":true,"valueName":"search_term_string"}}],"inLanguage":"lt-LT"}]}},"_links":{"self":[{"href":"https:\/\/shop.huppa.eu\/lt\/wp-json\/wp\/v2\/product\/518721","targetHints":{"allow":["GET"]}}],"collection":[{"href":"https:\/\/shop.huppa.eu\/lt\/wp-json\/wp\/v2\/product"}],"about":[{"href":"https:\/\/shop.huppa.eu\/lt\/wp-json\/wp\/v2\/types\/product"}],"wp:featuredmedia":[{"embeddable":true,"href":"https:\/\/shop.huppa.eu\/lt\/wp-json\/wp\/v2\/media\/494897"}],"wp:attachment":[{"href":"https:\/\/shop.huppa.eu\/lt\/wp-json\/wp\/v2\/media?parent=518721"}],"wp:term":[{"taxonomy":"product_brand","embeddable":true,"href":"https:\/\/shop.huppa.eu\/lt\/wp-json\/wp\/v2\/product_brand?post=518721"},{"taxonomy":"product_cat","embeddable":true,"href":"https:\/\/shop.huppa.eu\/lt\/wp-json\/wp\/v2\/product_cat?post=518721"},{"taxonomy":"product_tag","embeddable":true,"href":"https:\/\/shop.huppa.eu\/lt\/wp-json\/wp\/v2\/product_tag?post=518721"}],"curies":[{"name":"wp","href":"https:\/\/api.w.org\/{rel}","templated":true}]}}