{"id":518997,"date":"2025-11-24T17:25:19","date_gmt":"2025-11-24T15:25:19","guid":{"rendered":"https:\/\/shop.huppa.eu\/lt\/product\/flinn-160g-8\/"},"modified":"2026-04-16T05:57:05","modified_gmt":"2026-04-16T03:57:05","slug":"flinn-160g-8","status":"publish","type":"product","link":"https:\/\/shop.huppa.eu\/lt\/product\/flinn-160g-8\/","title":{"rendered":"Vaik\u0173 \u017eiemin\u0117s keln\u0117s FLINN (160g)"},"content":{"rendered":"<p>Auk\u0161tu liemeniu vaiki\u0161kos klasikin\u0117s \u017eiemos keln\u0117s su 160 g pa\u0161iltinimu. Keln\u0117s su maloniu taftos pamu\u0161alu ir m\u016bs\u0173 klimatui puikiai tinkan\u010diu kv\u0117puojan\u010diu bei neper\u0161lampan\u010diu vir\u0161utiniu audiniu. D\u0117v\u0117jim\u0105 daro patogi\u0173 reguliuojamos elastin\u0117s petne\u0161os, elastika liemens srityje ir sniego apsauga apa\u010dioje, kuri neleid\u017eia sniegui patekti \u012f bato var\u010di\u0105. \u0160vies\u0105 atspindintys elementai i\u0161kirpimuose u\u017etikrina saugum\u0105 jud\u0117jimui tamsesniu metu.<\/p>\n","protected":false},"excerpt":{"rendered":"<p>Auk\u0161tu liemeniu vaiki\u0161kos klasikin\u0117s \u017eiemos keln\u0117s su 160 g pa\u0161iltinimu. Keln\u0117s su maloniu taftos pamu\u0161alu ir m\u016bs\u0173 klimatui puikiai tinkan\u010diu kv\u0117puojan\u010diu bei neper\u0161lampan\u010diu vir\u0161utiniu audiniu. D\u0117v\u0117jim\u0105 daro patogi\u0173 reguliuojamos elastin\u0117s petne\u0161os, elastika liemens srityje ir sniego apsauga apa\u010dioje, kuri neleid\u017eia sniegui patekti \u012f bato var\u010di\u0105. \u0160vies\u0105 atspindintys elementai i\u0161kirpimuose u\u017etikrina saugum\u0105 jud\u0117jimui tamsesniu metu.<\/p>\n","protected":false},"featured_media":447003,"template":"","meta":{"_acf_changed":false},"product_brand":[],"product_cat":[925,926,936,102,19],"product_tag":[],"class_list":{"0":"post-518997","1":"product","2":"type-product","3":"status-publish","4":"has-post-thumbnail","6":"product_cat-kelnes","7":"product_cat-kelnes-2","8":"product_cat-kelnes-mergaiciu","9":"product_cat-mergaiciu","10":"product_cat-vaikai","11":"pa_amzius-vaikai","12":"pa_atsparumas-vandeniui-10000mm","13":"pa_dydis-412","14":"pa_izoliacijos-svoris-160g","15":"pa_kolekcija-nr-w16-17","16":"pa_kolekcijos-dalis-pants","17":"pa_lytis-mergaiciu","18":"pa_oro-pralaidumas-10000g-m-24h","19":"pa_prekes-artikulas-2176base-60063","20":"pa_uzpildas-160g","22":"first","23":"instock","24":"sale","25":"taxable","26":"shipping-taxable","27":"purchasable","28":"product-type-variable"},"acf":[],"yoast_head":"<!-- This site is optimized with the Yoast SEO plugin v26.8 - https:\/\/yoast.com\/product\/yoast-seo-wordpress\/ -->\n<title>Vaik\u0173 \u017eiemin\u0117s keln\u0117s FLINN (160g) - Huppa LT<\/title>\n<meta name=\"robots\" content=\"index, follow, max-snippet:-1, max-image-preview:large, max-video-preview:-1\" \/>\n<link rel=\"canonical\" href=\"https:\/\/shop.huppa.eu\/lt\/product\/flinn-160g-8\/\" \/>\n<meta property=\"og:locale\" content=\"lt_LT\" \/>\n<meta property=\"og:type\" content=\"article\" \/>\n<meta property=\"og:title\" content=\"Vaik\u0173 \u017eiemin\u0117s keln\u0117s FLINN (160g) - Huppa LT\" \/>\n<meta property=\"og:description\" content=\"Auk\u0161tu liemeniu vaiki\u0161kos klasikin\u0117s \u017eiemos keln\u0117s su 160 g pa\u0161iltinimu. Keln\u0117s su maloniu taftos pamu\u0161alu ir m\u016bs\u0173 klimatui puikiai tinkan\u010diu kv\u0117puojan\u010diu bei neper\u0161lampan\u010diu vir\u0161utiniu audiniu. D\u0117v\u0117jim\u0105 daro patogi\u0173 reguliuojamos elastin\u0117s petne\u0161os, elastika liemens srityje ir sniego apsauga apa\u010dioje, kuri neleid\u017eia sniegui patekti \u012f bato var\u010di\u0105. \u0160vies\u0105 atspindintys elementai i\u0161kirpimuose u\u017etikrina saugum\u0105 jud\u0117jimui tamsesniu metu.\" \/>\n<meta property=\"og:url\" content=\"https:\/\/shop.huppa.eu\/lt\/product\/flinn-160g-8\/\" \/>\n<meta property=\"og:site_name\" content=\"Huppa LT\" \/>\n<meta property=\"article:modified_time\" content=\"2026-04-16T03:57:05+00:00\" \/>\n<meta property=\"og:image\" content=\"https:\/\/huppashop-prod.s3.eu-north-1.amazonaws.com\/wp-content\/uploads\/sites\/3\/2022\/02\/10044215\/2176BASE-60063-FLINNf.png\" \/>\n\t<meta property=\"og:image:width\" content=\"800\" \/>\n\t<meta property=\"og:image:height\" content=\"801\" \/>\n\t<meta property=\"og:image:type\" content=\"image\/png\" \/>\n<meta name=\"twitter:card\" content=\"summary_large_image\" \/>\n<script type=\"application\/ld+json\" class=\"yoast-schema-graph\">{\"@context\":\"https:\/\/schema.org\",\"@graph\":[{\"@type\":\"WebPage\",\"@id\":\"https:\/\/shop.huppa.eu\/lt\/product\/flinn-160g-8\/\",\"url\":\"https:\/\/shop.huppa.eu\/lt\/product\/flinn-160g-8\/\",\"name\":\"Vaik\u0173 \u017eiemin\u0117s keln\u0117s FLINN (160g) - Huppa LT\",\"isPartOf\":{\"@id\":\"https:\/\/shop.huppa.eu\/lt\/#website\"},\"primaryImageOfPage\":{\"@id\":\"https:\/\/shop.huppa.eu\/lt\/product\/flinn-160g-8\/#primaryimage\"},\"image\":{\"@id\":\"https:\/\/shop.huppa.eu\/lt\/product\/flinn-160g-8\/#primaryimage\"},\"thumbnailUrl\":\"https:\/\/huppashop-prod.s3.eu-north-1.amazonaws.com\/wp-content\/uploads\/sites\/3\/2022\/02\/10044215\/2176BASE-60063-FLINNf.png\",\"datePublished\":\"2025-11-24T15:25:19+00:00\",\"dateModified\":\"2026-04-16T03:57:05+00:00\",\"breadcrumb\":{\"@id\":\"https:\/\/shop.huppa.eu\/lt\/product\/flinn-160g-8\/#breadcrumb\"},\"inLanguage\":\"lt-LT\",\"potentialAction\":[{\"@type\":\"ReadAction\",\"target\":[\"https:\/\/shop.huppa.eu\/lt\/product\/flinn-160g-8\/\"]}]},{\"@type\":\"ImageObject\",\"inLanguage\":\"lt-LT\",\"@id\":\"https:\/\/shop.huppa.eu\/lt\/product\/flinn-160g-8\/#primaryimage\",\"url\":\"https:\/\/huppashop-prod.s3.eu-north-1.amazonaws.com\/wp-content\/uploads\/sites\/3\/2022\/02\/10044215\/2176BASE-60063-FLINNf.png\",\"contentUrl\":\"https:\/\/huppashop-prod.s3.eu-north-1.amazonaws.com\/wp-content\/uploads\/sites\/3\/2022\/02\/10044215\/2176BASE-60063-FLINNf.png\",\"width\":800,\"height\":801},{\"@type\":\"BreadcrumbList\",\"@id\":\"https:\/\/shop.huppa.eu\/lt\/product\/flinn-160g-8\/#breadcrumb\",\"itemListElement\":[{\"@type\":\"ListItem\",\"position\":1,\"name\":\"Shop\",\"item\":\"https:\/\/shop.huppa.eu\/lt\/shop\/\"},{\"@type\":\"ListItem\",\"position\":2,\"name\":\"Vaik\u0173 \u017eiemin\u0117s keln\u0117s FLINN (160g)\"}]},{\"@type\":\"WebSite\",\"@id\":\"https:\/\/shop.huppa.eu\/lt\/#website\",\"url\":\"https:\/\/shop.huppa.eu\/lt\/\",\"name\":\"Huppa LT\",\"description\":\"Huppa LT\",\"potentialAction\":[{\"@type\":\"SearchAction\",\"target\":{\"@type\":\"EntryPoint\",\"urlTemplate\":\"https:\/\/shop.huppa.eu\/lt\/?s={search_term_string}\"},\"query-input\":{\"@type\":\"PropertyValueSpecification\",\"valueRequired\":true,\"valueName\":\"search_term_string\"}}],\"inLanguage\":\"lt-LT\"}]}<\/script>\n<!-- \/ Yoast SEO plugin. -->","yoast_head_json":{"title":"Vaik\u0173 \u017eiemin\u0117s keln\u0117s FLINN (160g) - Huppa LT","robots":{"index":"index","follow":"follow","max-snippet":"max-snippet:-1","max-image-preview":"max-image-preview:large","max-video-preview":"max-video-preview:-1"},"canonical":"https:\/\/shop.huppa.eu\/lt\/product\/flinn-160g-8\/","og_locale":"lt_LT","og_type":"article","og_title":"Vaik\u0173 \u017eiemin\u0117s keln\u0117s FLINN (160g) - Huppa LT","og_description":"Auk\u0161tu liemeniu vaiki\u0161kos klasikin\u0117s \u017eiemos keln\u0117s su 160 g pa\u0161iltinimu. Keln\u0117s su maloniu taftos pamu\u0161alu ir m\u016bs\u0173 klimatui puikiai tinkan\u010diu kv\u0117puojan\u010diu bei neper\u0161lampan\u010diu vir\u0161utiniu audiniu. D\u0117v\u0117jim\u0105 daro patogi\u0173 reguliuojamos elastin\u0117s petne\u0161os, elastika liemens srityje ir sniego apsauga apa\u010dioje, kuri neleid\u017eia sniegui patekti \u012f bato var\u010di\u0105. \u0160vies\u0105 atspindintys elementai i\u0161kirpimuose u\u017etikrina saugum\u0105 jud\u0117jimui tamsesniu metu.","og_url":"https:\/\/shop.huppa.eu\/lt\/product\/flinn-160g-8\/","og_site_name":"Huppa LT","article_modified_time":"2026-04-16T03:57:05+00:00","og_image":[{"width":800,"height":801,"url":"https:\/\/huppashop-prod.s3.eu-north-1.amazonaws.com\/wp-content\/uploads\/sites\/3\/2022\/02\/10044215\/2176BASE-60063-FLINNf.png","type":"image\/png"}],"twitter_card":"summary_large_image","schema":{"@context":"https:\/\/schema.org","@graph":[{"@type":"WebPage","@id":"https:\/\/shop.huppa.eu\/lt\/product\/flinn-160g-8\/","url":"https:\/\/shop.huppa.eu\/lt\/product\/flinn-160g-8\/","name":"Vaik\u0173 \u017eiemin\u0117s keln\u0117s FLINN (160g) - Huppa LT","isPartOf":{"@id":"https:\/\/shop.huppa.eu\/lt\/#website"},"primaryImageOfPage":{"@id":"https:\/\/shop.huppa.eu\/lt\/product\/flinn-160g-8\/#primaryimage"},"image":{"@id":"https:\/\/shop.huppa.eu\/lt\/product\/flinn-160g-8\/#primaryimage"},"thumbnailUrl":"https:\/\/huppashop-prod.s3.eu-north-1.amazonaws.com\/wp-content\/uploads\/sites\/3\/2022\/02\/10044215\/2176BASE-60063-FLINNf.png","datePublished":"2025-11-24T15:25:19+00:00","dateModified":"2026-04-16T03:57:05+00:00","breadcrumb":{"@id":"https:\/\/shop.huppa.eu\/lt\/product\/flinn-160g-8\/#breadcrumb"},"inLanguage":"lt-LT","potentialAction":[{"@type":"ReadAction","target":["https:\/\/shop.huppa.eu\/lt\/product\/flinn-160g-8\/"]}]},{"@type":"ImageObject","inLanguage":"lt-LT","@id":"https:\/\/shop.huppa.eu\/lt\/product\/flinn-160g-8\/#primaryimage","url":"https:\/\/huppashop-prod.s3.eu-north-1.amazonaws.com\/wp-content\/uploads\/sites\/3\/2022\/02\/10044215\/2176BASE-60063-FLINNf.png","contentUrl":"https:\/\/huppashop-prod.s3.eu-north-1.amazonaws.com\/wp-content\/uploads\/sites\/3\/2022\/02\/10044215\/2176BASE-60063-FLINNf.png","width":800,"height":801},{"@type":"BreadcrumbList","@id":"https:\/\/shop.huppa.eu\/lt\/product\/flinn-160g-8\/#breadcrumb","itemListElement":[{"@type":"ListItem","position":1,"name":"Shop","item":"https:\/\/shop.huppa.eu\/lt\/shop\/"},{"@type":"ListItem","position":2,"name":"Vaik\u0173 \u017eiemin\u0117s keln\u0117s FLINN (160g)"}]},{"@type":"WebSite","@id":"https:\/\/shop.huppa.eu\/lt\/#website","url":"https:\/\/shop.huppa.eu\/lt\/","name":"Huppa LT","description":"Huppa LT","potentialAction":[{"@type":"SearchAction","target":{"@type":"EntryPoint","urlTemplate":"https:\/\/shop.huppa.eu\/lt\/?s={search_term_string}"},"query-input":{"@type":"PropertyValueSpecification","valueRequired":true,"valueName":"search_term_string"}}],"inLanguage":"lt-LT"}]}},"_links":{"self":[{"href":"https:\/\/shop.huppa.eu\/lt\/wp-json\/wp\/v2\/product\/518997","targetHints":{"allow":["GET"]}}],"collection":[{"href":"https:\/\/shop.huppa.eu\/lt\/wp-json\/wp\/v2\/product"}],"about":[{"href":"https:\/\/shop.huppa.eu\/lt\/wp-json\/wp\/v2\/types\/product"}],"wp:featuredmedia":[{"embeddable":true,"href":"https:\/\/shop.huppa.eu\/lt\/wp-json\/wp\/v2\/media\/447003"}],"wp:attachment":[{"href":"https:\/\/shop.huppa.eu\/lt\/wp-json\/wp\/v2\/media?parent=518997"}],"wp:term":[{"taxonomy":"product_brand","embeddable":true,"href":"https:\/\/shop.huppa.eu\/lt\/wp-json\/wp\/v2\/product_brand?post=518997"},{"taxonomy":"product_cat","embeddable":true,"href":"https:\/\/shop.huppa.eu\/lt\/wp-json\/wp\/v2\/product_cat?post=518997"},{"taxonomy":"product_tag","embeddable":true,"href":"https:\/\/shop.huppa.eu\/lt\/wp-json\/wp\/v2\/product_tag?post=518997"}],"curies":[{"name":"wp","href":"https:\/\/api.w.org\/{rel}","templated":true}]}}