{"id":518999,"date":"2025-11-24T17:25:21","date_gmt":"2025-11-24T15:25:21","guid":{"rendered":"https:\/\/shop.huppa.eu\/lt\/product\/flinn-160g-9\/"},"modified":"2026-04-15T05:57:02","modified_gmt":"2026-04-15T03:57:02","slug":"flinn-160g-9","status":"publish","type":"product","link":"https:\/\/shop.huppa.eu\/lt\/product\/flinn-160g-9\/","title":{"rendered":"Vaik\u0173 \u017eiemin\u0117s keln\u0117s FLINN (160g)"},"content":{"rendered":"<p>Auk\u0161tu kr\u016btin\u0117s dalimi 160 g \u0161iltinimo klasikin\u0117s vaik\u0173 \u017eiemos keln\u0117s. Keln\u0117s turi malon\u0173 taftos pamu\u0161al\u0105 ir m\u016bs\u0173 klimatui gerai tinkant\u012f vidutini\u0161kai kv\u0117puojant\u012f ir vandeniui atspar\u0173 vir\u0161utin\u012f audin\u012f. Ne\u0161iojim\u0105 daro patog\u0173 reguliuojamos gumin\u0117s petne\u0161\u0117l\u0117s, guma per vidur\u012f bei sniego apsauga apa\u010dioje, kuri neleid\u017eia sniegui patekti \u012f bato vid\u0173. At\u0161vaitiniai detal\u0117s kirpimuose didina saugum\u0105 judant tamsesniu metu.<\/p>\n","protected":false},"excerpt":{"rendered":"<p>Auk\u0161tu kr\u016btin\u0117s dalimi 160 g \u0161iltinimo klasikin\u0117s vaik\u0173 \u017eiemos keln\u0117s. Keln\u0117s turi malon\u0173 taftos pamu\u0161al\u0105 ir m\u016bs\u0173 klimatui gerai tinkant\u012f vidutini\u0161kai kv\u0117puojant\u012f ir vandeniui atspar\u0173 vir\u0161utin\u012f audin\u012f. Ne\u0161iojim\u0105 daro patog\u0173 reguliuojamos gumin\u0117s petne\u0161\u0117l\u0117s, guma per vidur\u012f bei sniego apsauga apa\u010dioje, kuri neleid\u017eia sniegui patekti \u012f bato vid\u0173. At\u0161vaitiniai detal\u0117s kirpimuose didina saugum\u0105 judant tamsesniu metu.<\/p>\n","protected":false},"featured_media":447028,"template":"","meta":{"_acf_changed":false},"product_brand":[],"product_cat":[925,926,931,415,19],"product_tag":[],"class_list":{"0":"post-518999","1":"product","2":"type-product","3":"status-publish","4":"has-post-thumbnail","6":"product_cat-kelnes","7":"product_cat-kelnes-2","8":"product_cat-kelnes-unisex","9":"product_cat-unisex","10":"product_cat-vaikai","11":"pa_amzius-vaikai","12":"pa_atsparumas-vandeniui-10000mm","13":"pa_dydis-411","14":"pa_izoliacijos-svoris-160g","15":"pa_kolekcija-nr-w16-17","16":"pa_kolekcijos-dalis-pants","17":"pa_lytis-unisex","18":"pa_oro-pralaidumas-10000g-m-24h","19":"pa_prekes-artikulas-2176base-60086","20":"pa_uzpildas-160g","22":"first","23":"instock","24":"sale","25":"taxable","26":"shipping-taxable","27":"purchasable","28":"product-type-variable"},"acf":[],"yoast_head":"<!-- This site is optimized with the Yoast SEO plugin v26.8 - https:\/\/yoast.com\/product\/yoast-seo-wordpress\/ -->\n<title>Vaik\u0173 \u017eiemin\u0117s keln\u0117s FLINN (160g) - Huppa LT<\/title>\n<meta name=\"robots\" content=\"index, follow, max-snippet:-1, max-image-preview:large, max-video-preview:-1\" \/>\n<link rel=\"canonical\" href=\"https:\/\/shop.huppa.eu\/lt\/product\/flinn-160g-9\/\" \/>\n<meta property=\"og:locale\" content=\"lt_LT\" \/>\n<meta property=\"og:type\" content=\"article\" \/>\n<meta property=\"og:title\" content=\"Vaik\u0173 \u017eiemin\u0117s keln\u0117s FLINN (160g) - Huppa LT\" \/>\n<meta property=\"og:description\" content=\"Auk\u0161tu kr\u016btin\u0117s dalimi 160 g \u0161iltinimo klasikin\u0117s vaik\u0173 \u017eiemos keln\u0117s. Keln\u0117s turi malon\u0173 taftos pamu\u0161al\u0105 ir m\u016bs\u0173 klimatui gerai tinkant\u012f vidutini\u0161kai kv\u0117puojant\u012f ir vandeniui atspar\u0173 vir\u0161utin\u012f audin\u012f. Ne\u0161iojim\u0105 daro patog\u0173 reguliuojamos gumin\u0117s petne\u0161\u0117l\u0117s, guma per vidur\u012f bei sniego apsauga apa\u010dioje, kuri neleid\u017eia sniegui patekti \u012f bato vid\u0173. At\u0161vaitiniai detal\u0117s kirpimuose didina saugum\u0105 judant tamsesniu metu.\" \/>\n<meta property=\"og:url\" content=\"https:\/\/shop.huppa.eu\/lt\/product\/flinn-160g-9\/\" \/>\n<meta property=\"og:site_name\" content=\"Huppa LT\" \/>\n<meta property=\"article:modified_time\" content=\"2026-04-15T03:57:02+00:00\" \/>\n<meta property=\"og:image\" content=\"https:\/\/huppashop-prod.s3.eu-north-1.amazonaws.com\/wp-content\/uploads\/sites\/3\/2022\/02\/10044256\/2176BASE-60086-FLINNf.png\" \/>\n\t<meta property=\"og:image:width\" content=\"800\" \/>\n\t<meta property=\"og:image:height\" content=\"800\" \/>\n\t<meta property=\"og:image:type\" content=\"image\/png\" \/>\n<meta name=\"twitter:card\" content=\"summary_large_image\" \/>\n<script type=\"application\/ld+json\" class=\"yoast-schema-graph\">{\"@context\":\"https:\/\/schema.org\",\"@graph\":[{\"@type\":\"WebPage\",\"@id\":\"https:\/\/shop.huppa.eu\/lt\/product\/flinn-160g-9\/\",\"url\":\"https:\/\/shop.huppa.eu\/lt\/product\/flinn-160g-9\/\",\"name\":\"Vaik\u0173 \u017eiemin\u0117s keln\u0117s FLINN (160g) - Huppa LT\",\"isPartOf\":{\"@id\":\"https:\/\/shop.huppa.eu\/lt\/#website\"},\"primaryImageOfPage\":{\"@id\":\"https:\/\/shop.huppa.eu\/lt\/product\/flinn-160g-9\/#primaryimage\"},\"image\":{\"@id\":\"https:\/\/shop.huppa.eu\/lt\/product\/flinn-160g-9\/#primaryimage\"},\"thumbnailUrl\":\"https:\/\/huppashop-prod.s3.eu-north-1.amazonaws.com\/wp-content\/uploads\/sites\/3\/2022\/02\/10044256\/2176BASE-60086-FLINNf.png\",\"datePublished\":\"2025-11-24T15:25:21+00:00\",\"dateModified\":\"2026-04-15T03:57:02+00:00\",\"breadcrumb\":{\"@id\":\"https:\/\/shop.huppa.eu\/lt\/product\/flinn-160g-9\/#breadcrumb\"},\"inLanguage\":\"lt-LT\",\"potentialAction\":[{\"@type\":\"ReadAction\",\"target\":[\"https:\/\/shop.huppa.eu\/lt\/product\/flinn-160g-9\/\"]}]},{\"@type\":\"ImageObject\",\"inLanguage\":\"lt-LT\",\"@id\":\"https:\/\/shop.huppa.eu\/lt\/product\/flinn-160g-9\/#primaryimage\",\"url\":\"https:\/\/huppashop-prod.s3.eu-north-1.amazonaws.com\/wp-content\/uploads\/sites\/3\/2022\/02\/10044256\/2176BASE-60086-FLINNf.png\",\"contentUrl\":\"https:\/\/huppashop-prod.s3.eu-north-1.amazonaws.com\/wp-content\/uploads\/sites\/3\/2022\/02\/10044256\/2176BASE-60086-FLINNf.png\",\"width\":800,\"height\":800},{\"@type\":\"BreadcrumbList\",\"@id\":\"https:\/\/shop.huppa.eu\/lt\/product\/flinn-160g-9\/#breadcrumb\",\"itemListElement\":[{\"@type\":\"ListItem\",\"position\":1,\"name\":\"Shop\",\"item\":\"https:\/\/shop.huppa.eu\/lt\/shop\/\"},{\"@type\":\"ListItem\",\"position\":2,\"name\":\"Vaik\u0173 \u017eiemin\u0117s keln\u0117s FLINN (160g)\"}]},{\"@type\":\"WebSite\",\"@id\":\"https:\/\/shop.huppa.eu\/lt\/#website\",\"url\":\"https:\/\/shop.huppa.eu\/lt\/\",\"name\":\"Huppa LT\",\"description\":\"Huppa LT\",\"potentialAction\":[{\"@type\":\"SearchAction\",\"target\":{\"@type\":\"EntryPoint\",\"urlTemplate\":\"https:\/\/shop.huppa.eu\/lt\/?s={search_term_string}\"},\"query-input\":{\"@type\":\"PropertyValueSpecification\",\"valueRequired\":true,\"valueName\":\"search_term_string\"}}],\"inLanguage\":\"lt-LT\"}]}<\/script>\n<!-- \/ Yoast SEO plugin. -->","yoast_head_json":{"title":"Vaik\u0173 \u017eiemin\u0117s keln\u0117s FLINN (160g) - Huppa LT","robots":{"index":"index","follow":"follow","max-snippet":"max-snippet:-1","max-image-preview":"max-image-preview:large","max-video-preview":"max-video-preview:-1"},"canonical":"https:\/\/shop.huppa.eu\/lt\/product\/flinn-160g-9\/","og_locale":"lt_LT","og_type":"article","og_title":"Vaik\u0173 \u017eiemin\u0117s keln\u0117s FLINN (160g) - Huppa LT","og_description":"Auk\u0161tu kr\u016btin\u0117s dalimi 160 g \u0161iltinimo klasikin\u0117s vaik\u0173 \u017eiemos keln\u0117s. Keln\u0117s turi malon\u0173 taftos pamu\u0161al\u0105 ir m\u016bs\u0173 klimatui gerai tinkant\u012f vidutini\u0161kai kv\u0117puojant\u012f ir vandeniui atspar\u0173 vir\u0161utin\u012f audin\u012f. Ne\u0161iojim\u0105 daro patog\u0173 reguliuojamos gumin\u0117s petne\u0161\u0117l\u0117s, guma per vidur\u012f bei sniego apsauga apa\u010dioje, kuri neleid\u017eia sniegui patekti \u012f bato vid\u0173. At\u0161vaitiniai detal\u0117s kirpimuose didina saugum\u0105 judant tamsesniu metu.","og_url":"https:\/\/shop.huppa.eu\/lt\/product\/flinn-160g-9\/","og_site_name":"Huppa LT","article_modified_time":"2026-04-15T03:57:02+00:00","og_image":[{"width":800,"height":800,"url":"https:\/\/huppashop-prod.s3.eu-north-1.amazonaws.com\/wp-content\/uploads\/sites\/3\/2022\/02\/10044256\/2176BASE-60086-FLINNf.png","type":"image\/png"}],"twitter_card":"summary_large_image","schema":{"@context":"https:\/\/schema.org","@graph":[{"@type":"WebPage","@id":"https:\/\/shop.huppa.eu\/lt\/product\/flinn-160g-9\/","url":"https:\/\/shop.huppa.eu\/lt\/product\/flinn-160g-9\/","name":"Vaik\u0173 \u017eiemin\u0117s keln\u0117s FLINN (160g) - Huppa LT","isPartOf":{"@id":"https:\/\/shop.huppa.eu\/lt\/#website"},"primaryImageOfPage":{"@id":"https:\/\/shop.huppa.eu\/lt\/product\/flinn-160g-9\/#primaryimage"},"image":{"@id":"https:\/\/shop.huppa.eu\/lt\/product\/flinn-160g-9\/#primaryimage"},"thumbnailUrl":"https:\/\/huppashop-prod.s3.eu-north-1.amazonaws.com\/wp-content\/uploads\/sites\/3\/2022\/02\/10044256\/2176BASE-60086-FLINNf.png","datePublished":"2025-11-24T15:25:21+00:00","dateModified":"2026-04-15T03:57:02+00:00","breadcrumb":{"@id":"https:\/\/shop.huppa.eu\/lt\/product\/flinn-160g-9\/#breadcrumb"},"inLanguage":"lt-LT","potentialAction":[{"@type":"ReadAction","target":["https:\/\/shop.huppa.eu\/lt\/product\/flinn-160g-9\/"]}]},{"@type":"ImageObject","inLanguage":"lt-LT","@id":"https:\/\/shop.huppa.eu\/lt\/product\/flinn-160g-9\/#primaryimage","url":"https:\/\/huppashop-prod.s3.eu-north-1.amazonaws.com\/wp-content\/uploads\/sites\/3\/2022\/02\/10044256\/2176BASE-60086-FLINNf.png","contentUrl":"https:\/\/huppashop-prod.s3.eu-north-1.amazonaws.com\/wp-content\/uploads\/sites\/3\/2022\/02\/10044256\/2176BASE-60086-FLINNf.png","width":800,"height":800},{"@type":"BreadcrumbList","@id":"https:\/\/shop.huppa.eu\/lt\/product\/flinn-160g-9\/#breadcrumb","itemListElement":[{"@type":"ListItem","position":1,"name":"Shop","item":"https:\/\/shop.huppa.eu\/lt\/shop\/"},{"@type":"ListItem","position":2,"name":"Vaik\u0173 \u017eiemin\u0117s keln\u0117s FLINN (160g)"}]},{"@type":"WebSite","@id":"https:\/\/shop.huppa.eu\/lt\/#website","url":"https:\/\/shop.huppa.eu\/lt\/","name":"Huppa LT","description":"Huppa LT","potentialAction":[{"@type":"SearchAction","target":{"@type":"EntryPoint","urlTemplate":"https:\/\/shop.huppa.eu\/lt\/?s={search_term_string}"},"query-input":{"@type":"PropertyValueSpecification","valueRequired":true,"valueName":"search_term_string"}}],"inLanguage":"lt-LT"}]}},"_links":{"self":[{"href":"https:\/\/shop.huppa.eu\/lt\/wp-json\/wp\/v2\/product\/518999","targetHints":{"allow":["GET"]}}],"collection":[{"href":"https:\/\/shop.huppa.eu\/lt\/wp-json\/wp\/v2\/product"}],"about":[{"href":"https:\/\/shop.huppa.eu\/lt\/wp-json\/wp\/v2\/types\/product"}],"wp:featuredmedia":[{"embeddable":true,"href":"https:\/\/shop.huppa.eu\/lt\/wp-json\/wp\/v2\/media\/447028"}],"wp:attachment":[{"href":"https:\/\/shop.huppa.eu\/lt\/wp-json\/wp\/v2\/media?parent=518999"}],"wp:term":[{"taxonomy":"product_brand","embeddable":true,"href":"https:\/\/shop.huppa.eu\/lt\/wp-json\/wp\/v2\/product_brand?post=518999"},{"taxonomy":"product_cat","embeddable":true,"href":"https:\/\/shop.huppa.eu\/lt\/wp-json\/wp\/v2\/product_cat?post=518999"},{"taxonomy":"product_tag","embeddable":true,"href":"https:\/\/shop.huppa.eu\/lt\/wp-json\/wp\/v2\/product_tag?post=518999"}],"curies":[{"name":"wp","href":"https:\/\/api.w.org\/{rel}","templated":true}]}}