{"id":519001,"date":"2025-11-24T17:25:25","date_gmt":"2025-11-24T15:25:25","guid":{"rendered":"https:\/\/shop.huppa.eu\/lt\/product\/flinn-160g-10\/"},"modified":"2026-04-15T05:57:03","modified_gmt":"2026-04-15T03:57:03","slug":"flinn-160g-10","status":"publish","type":"product","link":"https:\/\/shop.huppa.eu\/lt\/product\/flinn-160g-10\/","title":{"rendered":"Vaik\u0173 \u017eiemin\u0117s keln\u0117s FLINN (160g)"},"content":{"rendered":"<p>Vaiki\u0161kos neper\u0161lampan\u010dios ir v\u0117jui atsparios keln\u0117s. Kv\u0117puojantis vir\u0161utinis audinys. Viduje mink\u0161tas pamu\u0161alas. Keln\u0117s su auk\u0161tesniu liemeniu ir reguliuojamomis elastin\u0117mis petne\u0161omis. Elastin\u0117 juosta liemens srityje ir kelni\u0173 galuose. Vandeniui atspari u\u017elydyta s\u0117dyn\u0117s si\u016bl\u0117. Keln\u0117s be vidin\u0117s koj\u0173 si\u016bl\u0117s. \u0160vies\u0105 atspindintys elementai ant vir\u0161utinio audinio.<\/p>\n","protected":false},"excerpt":{"rendered":"<p>Vaiki\u0161kos neper\u0161lampan\u010dios ir v\u0117jui atsparios keln\u0117s. Kv\u0117puojantis vir\u0161utinis audinys. Viduje mink\u0161tas pamu\u0161alas. Keln\u0117s su auk\u0161tesniu liemeniu ir reguliuojamomis elastin\u0117mis petne\u0161omis. Elastin\u0117 juosta liemens srityje ir kelni\u0173 galuose. Vandeniui atspari u\u017elydyta s\u0117dyn\u0117s si\u016bl\u0117. Keln\u0117s be vidin\u0117s koj\u0173 si\u016bl\u0117s. \u0160vies\u0105 atspindintys elementai ant vir\u0161utinio audinio.<\/p>\n","protected":false},"featured_media":447039,"template":"","meta":{"_acf_changed":false},"product_brand":[],"product_cat":[925,926,931,415,19],"product_tag":[],"class_list":{"0":"post-519001","1":"product","2":"type-product","3":"status-publish","4":"has-post-thumbnail","6":"product_cat-kelnes","7":"product_cat-kelnes-2","8":"product_cat-kelnes-unisex","9":"product_cat-unisex","10":"product_cat-vaikai","11":"pa_amzius-vaikai","12":"pa_atsparumas-vandeniui-10000mm","13":"pa_dydis-411","14":"pa_dydis-412","15":"pa_izoliacijos-svoris-160g","16":"pa_kolekcija-nr-w19-20","17":"pa_kolekcijos-dalis-pants","18":"pa_lytis-unisex","19":"pa_oro-pralaidumas-10000g-m-24h","20":"pa_prekes-artikulas-2176base-70048","21":"pa_uzpildas-160g","23":"first","24":"instock","25":"sale","26":"taxable","27":"shipping-taxable","28":"purchasable","29":"product-type-variable"},"acf":[],"yoast_head":"<!-- This site is optimized with the Yoast SEO plugin v26.8 - https:\/\/yoast.com\/product\/yoast-seo-wordpress\/ -->\n<title>Vaik\u0173 \u017eiemin\u0117s keln\u0117s FLINN (160g) - Huppa LT<\/title>\n<meta name=\"robots\" content=\"index, follow, max-snippet:-1, max-image-preview:large, max-video-preview:-1\" \/>\n<link rel=\"canonical\" href=\"https:\/\/shop.huppa.eu\/lt\/product\/flinn-160g-10\/\" \/>\n<meta property=\"og:locale\" content=\"lt_LT\" \/>\n<meta property=\"og:type\" content=\"article\" \/>\n<meta property=\"og:title\" content=\"Vaik\u0173 \u017eiemin\u0117s keln\u0117s FLINN (160g) - Huppa LT\" \/>\n<meta property=\"og:description\" content=\"Vaiki\u0161kos neper\u0161lampan\u010dios ir v\u0117jui atsparios keln\u0117s. Kv\u0117puojantis vir\u0161utinis audinys. Viduje mink\u0161tas pamu\u0161alas. Keln\u0117s su auk\u0161tesniu liemeniu ir reguliuojamomis elastin\u0117mis petne\u0161omis. Elastin\u0117 juosta liemens srityje ir kelni\u0173 galuose. Vandeniui atspari u\u017elydyta s\u0117dyn\u0117s si\u016bl\u0117. Keln\u0117s be vidin\u0117s koj\u0173 si\u016bl\u0117s. \u0160vies\u0105 atspindintys elementai ant vir\u0161utinio audinio.\" \/>\n<meta property=\"og:url\" content=\"https:\/\/shop.huppa.eu\/lt\/product\/flinn-160g-10\/\" \/>\n<meta property=\"og:site_name\" content=\"Huppa LT\" \/>\n<meta property=\"article:modified_time\" content=\"2026-04-15T03:57:03+00:00\" \/>\n<meta property=\"og:image\" content=\"https:\/\/huppashop-prod.s3.eu-north-1.amazonaws.com\/wp-content\/uploads\/sites\/3\/2022\/02\/10044317\/2176BASE-70048-FLINNf.jpg\" \/>\n\t<meta property=\"og:image:width\" content=\"800\" \/>\n\t<meta property=\"og:image:height\" content=\"800\" \/>\n\t<meta property=\"og:image:type\" content=\"image\/jpeg\" \/>\n<meta name=\"twitter:card\" content=\"summary_large_image\" \/>\n<script type=\"application\/ld+json\" class=\"yoast-schema-graph\">{\"@context\":\"https:\/\/schema.org\",\"@graph\":[{\"@type\":\"WebPage\",\"@id\":\"https:\/\/shop.huppa.eu\/lt\/product\/flinn-160g-10\/\",\"url\":\"https:\/\/shop.huppa.eu\/lt\/product\/flinn-160g-10\/\",\"name\":\"Vaik\u0173 \u017eiemin\u0117s keln\u0117s FLINN (160g) - Huppa LT\",\"isPartOf\":{\"@id\":\"https:\/\/shop.huppa.eu\/lt\/#website\"},\"primaryImageOfPage\":{\"@id\":\"https:\/\/shop.huppa.eu\/lt\/product\/flinn-160g-10\/#primaryimage\"},\"image\":{\"@id\":\"https:\/\/shop.huppa.eu\/lt\/product\/flinn-160g-10\/#primaryimage\"},\"thumbnailUrl\":\"https:\/\/huppashop-prod.s3.eu-north-1.amazonaws.com\/wp-content\/uploads\/sites\/3\/2022\/02\/10044317\/2176BASE-70048-FLINNf.jpg\",\"datePublished\":\"2025-11-24T15:25:25+00:00\",\"dateModified\":\"2026-04-15T03:57:03+00:00\",\"breadcrumb\":{\"@id\":\"https:\/\/shop.huppa.eu\/lt\/product\/flinn-160g-10\/#breadcrumb\"},\"inLanguage\":\"lt-LT\",\"potentialAction\":[{\"@type\":\"ReadAction\",\"target\":[\"https:\/\/shop.huppa.eu\/lt\/product\/flinn-160g-10\/\"]}]},{\"@type\":\"ImageObject\",\"inLanguage\":\"lt-LT\",\"@id\":\"https:\/\/shop.huppa.eu\/lt\/product\/flinn-160g-10\/#primaryimage\",\"url\":\"https:\/\/huppashop-prod.s3.eu-north-1.amazonaws.com\/wp-content\/uploads\/sites\/3\/2022\/02\/10044317\/2176BASE-70048-FLINNf.jpg\",\"contentUrl\":\"https:\/\/huppashop-prod.s3.eu-north-1.amazonaws.com\/wp-content\/uploads\/sites\/3\/2022\/02\/10044317\/2176BASE-70048-FLINNf.jpg\",\"width\":800,\"height\":800},{\"@type\":\"BreadcrumbList\",\"@id\":\"https:\/\/shop.huppa.eu\/lt\/product\/flinn-160g-10\/#breadcrumb\",\"itemListElement\":[{\"@type\":\"ListItem\",\"position\":1,\"name\":\"Shop\",\"item\":\"https:\/\/shop.huppa.eu\/lt\/shop\/\"},{\"@type\":\"ListItem\",\"position\":2,\"name\":\"Vaik\u0173 \u017eiemin\u0117s keln\u0117s FLINN (160g)\"}]},{\"@type\":\"WebSite\",\"@id\":\"https:\/\/shop.huppa.eu\/lt\/#website\",\"url\":\"https:\/\/shop.huppa.eu\/lt\/\",\"name\":\"Huppa LT\",\"description\":\"Huppa LT\",\"potentialAction\":[{\"@type\":\"SearchAction\",\"target\":{\"@type\":\"EntryPoint\",\"urlTemplate\":\"https:\/\/shop.huppa.eu\/lt\/?s={search_term_string}\"},\"query-input\":{\"@type\":\"PropertyValueSpecification\",\"valueRequired\":true,\"valueName\":\"search_term_string\"}}],\"inLanguage\":\"lt-LT\"}]}<\/script>\n<!-- \/ Yoast SEO plugin. -->","yoast_head_json":{"title":"Vaik\u0173 \u017eiemin\u0117s keln\u0117s FLINN (160g) - Huppa LT","robots":{"index":"index","follow":"follow","max-snippet":"max-snippet:-1","max-image-preview":"max-image-preview:large","max-video-preview":"max-video-preview:-1"},"canonical":"https:\/\/shop.huppa.eu\/lt\/product\/flinn-160g-10\/","og_locale":"lt_LT","og_type":"article","og_title":"Vaik\u0173 \u017eiemin\u0117s keln\u0117s FLINN (160g) - Huppa LT","og_description":"Vaiki\u0161kos neper\u0161lampan\u010dios ir v\u0117jui atsparios keln\u0117s. Kv\u0117puojantis vir\u0161utinis audinys. Viduje mink\u0161tas pamu\u0161alas. Keln\u0117s su auk\u0161tesniu liemeniu ir reguliuojamomis elastin\u0117mis petne\u0161omis. Elastin\u0117 juosta liemens srityje ir kelni\u0173 galuose. Vandeniui atspari u\u017elydyta s\u0117dyn\u0117s si\u016bl\u0117. Keln\u0117s be vidin\u0117s koj\u0173 si\u016bl\u0117s. \u0160vies\u0105 atspindintys elementai ant vir\u0161utinio audinio.","og_url":"https:\/\/shop.huppa.eu\/lt\/product\/flinn-160g-10\/","og_site_name":"Huppa LT","article_modified_time":"2026-04-15T03:57:03+00:00","og_image":[{"width":800,"height":800,"url":"https:\/\/huppashop-prod.s3.eu-north-1.amazonaws.com\/wp-content\/uploads\/sites\/3\/2022\/02\/10044317\/2176BASE-70048-FLINNf.jpg","type":"image\/jpeg"}],"twitter_card":"summary_large_image","schema":{"@context":"https:\/\/schema.org","@graph":[{"@type":"WebPage","@id":"https:\/\/shop.huppa.eu\/lt\/product\/flinn-160g-10\/","url":"https:\/\/shop.huppa.eu\/lt\/product\/flinn-160g-10\/","name":"Vaik\u0173 \u017eiemin\u0117s keln\u0117s FLINN (160g) - Huppa LT","isPartOf":{"@id":"https:\/\/shop.huppa.eu\/lt\/#website"},"primaryImageOfPage":{"@id":"https:\/\/shop.huppa.eu\/lt\/product\/flinn-160g-10\/#primaryimage"},"image":{"@id":"https:\/\/shop.huppa.eu\/lt\/product\/flinn-160g-10\/#primaryimage"},"thumbnailUrl":"https:\/\/huppashop-prod.s3.eu-north-1.amazonaws.com\/wp-content\/uploads\/sites\/3\/2022\/02\/10044317\/2176BASE-70048-FLINNf.jpg","datePublished":"2025-11-24T15:25:25+00:00","dateModified":"2026-04-15T03:57:03+00:00","breadcrumb":{"@id":"https:\/\/shop.huppa.eu\/lt\/product\/flinn-160g-10\/#breadcrumb"},"inLanguage":"lt-LT","potentialAction":[{"@type":"ReadAction","target":["https:\/\/shop.huppa.eu\/lt\/product\/flinn-160g-10\/"]}]},{"@type":"ImageObject","inLanguage":"lt-LT","@id":"https:\/\/shop.huppa.eu\/lt\/product\/flinn-160g-10\/#primaryimage","url":"https:\/\/huppashop-prod.s3.eu-north-1.amazonaws.com\/wp-content\/uploads\/sites\/3\/2022\/02\/10044317\/2176BASE-70048-FLINNf.jpg","contentUrl":"https:\/\/huppashop-prod.s3.eu-north-1.amazonaws.com\/wp-content\/uploads\/sites\/3\/2022\/02\/10044317\/2176BASE-70048-FLINNf.jpg","width":800,"height":800},{"@type":"BreadcrumbList","@id":"https:\/\/shop.huppa.eu\/lt\/product\/flinn-160g-10\/#breadcrumb","itemListElement":[{"@type":"ListItem","position":1,"name":"Shop","item":"https:\/\/shop.huppa.eu\/lt\/shop\/"},{"@type":"ListItem","position":2,"name":"Vaik\u0173 \u017eiemin\u0117s keln\u0117s FLINN (160g)"}]},{"@type":"WebSite","@id":"https:\/\/shop.huppa.eu\/lt\/#website","url":"https:\/\/shop.huppa.eu\/lt\/","name":"Huppa LT","description":"Huppa LT","potentialAction":[{"@type":"SearchAction","target":{"@type":"EntryPoint","urlTemplate":"https:\/\/shop.huppa.eu\/lt\/?s={search_term_string}"},"query-input":{"@type":"PropertyValueSpecification","valueRequired":true,"valueName":"search_term_string"}}],"inLanguage":"lt-LT"}]}},"_links":{"self":[{"href":"https:\/\/shop.huppa.eu\/lt\/wp-json\/wp\/v2\/product\/519001","targetHints":{"allow":["GET"]}}],"collection":[{"href":"https:\/\/shop.huppa.eu\/lt\/wp-json\/wp\/v2\/product"}],"about":[{"href":"https:\/\/shop.huppa.eu\/lt\/wp-json\/wp\/v2\/types\/product"}],"wp:featuredmedia":[{"embeddable":true,"href":"https:\/\/shop.huppa.eu\/lt\/wp-json\/wp\/v2\/media\/447039"}],"wp:attachment":[{"href":"https:\/\/shop.huppa.eu\/lt\/wp-json\/wp\/v2\/media?parent=519001"}],"wp:term":[{"taxonomy":"product_brand","embeddable":true,"href":"https:\/\/shop.huppa.eu\/lt\/wp-json\/wp\/v2\/product_brand?post=519001"},{"taxonomy":"product_cat","embeddable":true,"href":"https:\/\/shop.huppa.eu\/lt\/wp-json\/wp\/v2\/product_cat?post=519001"},{"taxonomy":"product_tag","embeddable":true,"href":"https:\/\/shop.huppa.eu\/lt\/wp-json\/wp\/v2\/product_tag?post=519001"}],"curies":[{"name":"wp","href":"https:\/\/api.w.org\/{rel}","templated":true}]}}