{"id":519031,"date":"2025-11-24T17:26:14","date_gmt":"2025-11-24T15:26:14","guid":{"rendered":"https:\/\/shop.huppa.eu\/lt\/product\/dipa\/"},"modified":"2026-04-15T05:57:06","modified_gmt":"2026-04-15T03:57:06","slug":"dipa","status":"publish","type":"product","link":"https:\/\/shop.huppa.eu\/lt\/product\/dipa\/","title":{"rendered":"Vaik\u0173 \u017eiemin\u0117s keln\u0117s DIPA"},"content":{"rendered":"<p>Auk\u0161tu liemeniu tempimo keln\u0117s ma\u017eyliams, pagamintos i\u0161 mink\u0161tesnio audinio. Keln\u0117s turi patog\u0173 &#8222;Coral-fleece&#8221; pamu\u0161al\u0105 ir als\u0173 bei neperpu\u010diam\u0105 i\u0161orin\u012f audin\u012f, kuris puikiai tinka m\u016bs\u0173 klimatui. Kad j\u016bs\u0173 ma\u017eylio aprengimas b\u016bt\u0173 patogesniss, keln\u0117s turi nuimamus petne\u0161as ir ilg\u0105 u\u017etrauktuk\u0105. Keln\u0117se yra patogi ki\u0161en\u0117 ant kr\u016btin\u0117s reikalingiausiems daiktams laikyti ir nuimamas silikoninis guminis apa\u010dioje, kad sniegas nepatekt\u0173 \u012f bat\u0105.<\/p>\n","protected":false},"excerpt":{"rendered":"<p>Auk\u0161tu liemeniu tempimo keln\u0117s ma\u017eyliams, pagamintos i\u0161 mink\u0161tesnio audinio. Keln\u0117s turi patog\u0173 &#8222;Coral-fleece&#8221; pamu\u0161al\u0105 ir als\u0173 bei neperpu\u010diam\u0105 i\u0161orin\u012f audin\u012f, kuris puikiai tinka m\u016bs\u0173 klimatui. Kad j\u016bs\u0173 ma\u017eylio aprengimas b\u016bt\u0173 patogesniss, keln\u0117s turi nuimamus petne\u0161as ir ilg\u0105 u\u017etrauktuk\u0105. Keln\u0117se yra patogi ki\u0161en\u0117 ant kr\u016btin\u0117s reikalingiausiems daiktams laikyti ir nuimamas silikoninis guminis apa\u010dioje, kad sniegas nepatekt\u0173 [&hellip;]<\/p>\n","protected":false},"featured_media":478135,"template":"","meta":{"_acf_changed":false},"product_brand":[],"product_cat":[90,925,926,927,19],"product_tag":[],"class_list":{"0":"post-519031","1":"product","2":"type-product","3":"status-publish","4":"has-post-thumbnail","6":"product_cat-berniuku","7":"product_cat-kelnes","8":"product_cat-kelnes-2","9":"product_cat-kelnes-berniuku","10":"product_cat-vaikai","11":"pa_amzius-vaikai","12":"pa_atsparumas-vandeniui-5000mm","13":"pa_dydis-406","14":"pa_dydis-411","15":"pa_kolekcija-nr-w13-14","16":"pa_kolekcijos-dalis-fashion","17":"pa_lytis-berniuku","18":"pa_oro-pralaidumas-5000g-m-24h","19":"pa_prekes-artikulas-2192aw13-031","21":"first","22":"instock","23":"sale","24":"taxable","25":"shipping-taxable","26":"purchasable","27":"product-type-variable"},"acf":[],"yoast_head":"<!-- This site is optimized with the Yoast SEO plugin v26.8 - https:\/\/yoast.com\/product\/yoast-seo-wordpress\/ -->\n<title>Vaik\u0173 \u017eiemin\u0117s keln\u0117s DIPA - Huppa LT<\/title>\n<meta name=\"robots\" content=\"index, follow, max-snippet:-1, max-image-preview:large, max-video-preview:-1\" \/>\n<link rel=\"canonical\" href=\"https:\/\/shop.huppa.eu\/lt\/product\/dipa\/\" \/>\n<meta property=\"og:locale\" content=\"lt_LT\" \/>\n<meta property=\"og:type\" content=\"article\" \/>\n<meta property=\"og:title\" content=\"Vaik\u0173 \u017eiemin\u0117s keln\u0117s DIPA - Huppa LT\" \/>\n<meta property=\"og:description\" content=\"Auk\u0161tu liemeniu tempimo keln\u0117s ma\u017eyliams, pagamintos i\u0161 mink\u0161tesnio audinio. Keln\u0117s turi patog\u0173 &#8222;Coral-fleece&#8221; pamu\u0161al\u0105 ir als\u0173 bei neperpu\u010diam\u0105 i\u0161orin\u012f audin\u012f, kuris puikiai tinka m\u016bs\u0173 klimatui. Kad j\u016bs\u0173 ma\u017eylio aprengimas b\u016bt\u0173 patogesniss, keln\u0117s turi nuimamus petne\u0161as ir ilg\u0105 u\u017etrauktuk\u0105. Keln\u0117se yra patogi ki\u0161en\u0117 ant kr\u016btin\u0117s reikalingiausiems daiktams laikyti ir nuimamas silikoninis guminis apa\u010dioje, kad sniegas nepatekt\u0173 [&hellip;]\" \/>\n<meta property=\"og:url\" content=\"https:\/\/shop.huppa.eu\/lt\/product\/dipa\/\" \/>\n<meta property=\"og:site_name\" content=\"Huppa LT\" \/>\n<meta property=\"article:modified_time\" content=\"2026-04-15T03:57:06+00:00\" \/>\n<meta property=\"og:image\" content=\"https:\/\/huppashop-prod.s3.eu-north-1.amazonaws.com\/wp-content\/uploads\/sites\/5\/2022\/07\/22153917\/2192AW13-031-DIPAf.png\" \/>\n\t<meta property=\"og:image:width\" content=\"800\" \/>\n\t<meta property=\"og:image:height\" content=\"800\" \/>\n\t<meta property=\"og:image:type\" content=\"image\/png\" \/>\n<meta name=\"twitter:card\" content=\"summary_large_image\" \/>\n<script type=\"application\/ld+json\" class=\"yoast-schema-graph\">{\"@context\":\"https:\/\/schema.org\",\"@graph\":[{\"@type\":\"WebPage\",\"@id\":\"https:\/\/shop.huppa.eu\/lt\/product\/dipa\/\",\"url\":\"https:\/\/shop.huppa.eu\/lt\/product\/dipa\/\",\"name\":\"Vaik\u0173 \u017eiemin\u0117s keln\u0117s DIPA - Huppa LT\",\"isPartOf\":{\"@id\":\"https:\/\/shop.huppa.eu\/lt\/#website\"},\"primaryImageOfPage\":{\"@id\":\"https:\/\/shop.huppa.eu\/lt\/product\/dipa\/#primaryimage\"},\"image\":{\"@id\":\"https:\/\/shop.huppa.eu\/lt\/product\/dipa\/#primaryimage\"},\"thumbnailUrl\":\"https:\/\/huppashop-prod.s3.eu-north-1.amazonaws.com\/wp-content\/uploads\/sites\/5\/2022\/07\/22153917\/2192AW13-031-DIPAf.png\",\"datePublished\":\"2025-11-24T15:26:14+00:00\",\"dateModified\":\"2026-04-15T03:57:06+00:00\",\"breadcrumb\":{\"@id\":\"https:\/\/shop.huppa.eu\/lt\/product\/dipa\/#breadcrumb\"},\"inLanguage\":\"lt-LT\",\"potentialAction\":[{\"@type\":\"ReadAction\",\"target\":[\"https:\/\/shop.huppa.eu\/lt\/product\/dipa\/\"]}]},{\"@type\":\"ImageObject\",\"inLanguage\":\"lt-LT\",\"@id\":\"https:\/\/shop.huppa.eu\/lt\/product\/dipa\/#primaryimage\",\"url\":\"https:\/\/huppashop-prod.s3.eu-north-1.amazonaws.com\/wp-content\/uploads\/sites\/5\/2022\/07\/22153917\/2192AW13-031-DIPAf.png\",\"contentUrl\":\"https:\/\/huppashop-prod.s3.eu-north-1.amazonaws.com\/wp-content\/uploads\/sites\/5\/2022\/07\/22153917\/2192AW13-031-DIPAf.png\",\"width\":800,\"height\":800},{\"@type\":\"BreadcrumbList\",\"@id\":\"https:\/\/shop.huppa.eu\/lt\/product\/dipa\/#breadcrumb\",\"itemListElement\":[{\"@type\":\"ListItem\",\"position\":1,\"name\":\"Shop\",\"item\":\"https:\/\/shop.huppa.eu\/lt\/shop\/\"},{\"@type\":\"ListItem\",\"position\":2,\"name\":\"Vaik\u0173 \u017eiemin\u0117s keln\u0117s DIPA\"}]},{\"@type\":\"WebSite\",\"@id\":\"https:\/\/shop.huppa.eu\/lt\/#website\",\"url\":\"https:\/\/shop.huppa.eu\/lt\/\",\"name\":\"Huppa LT\",\"description\":\"Huppa LT\",\"potentialAction\":[{\"@type\":\"SearchAction\",\"target\":{\"@type\":\"EntryPoint\",\"urlTemplate\":\"https:\/\/shop.huppa.eu\/lt\/?s={search_term_string}\"},\"query-input\":{\"@type\":\"PropertyValueSpecification\",\"valueRequired\":true,\"valueName\":\"search_term_string\"}}],\"inLanguage\":\"lt-LT\"}]}<\/script>\n<!-- \/ Yoast SEO plugin. -->","yoast_head_json":{"title":"Vaik\u0173 \u017eiemin\u0117s keln\u0117s DIPA - Huppa LT","robots":{"index":"index","follow":"follow","max-snippet":"max-snippet:-1","max-image-preview":"max-image-preview:large","max-video-preview":"max-video-preview:-1"},"canonical":"https:\/\/shop.huppa.eu\/lt\/product\/dipa\/","og_locale":"lt_LT","og_type":"article","og_title":"Vaik\u0173 \u017eiemin\u0117s keln\u0117s DIPA - Huppa LT","og_description":"Auk\u0161tu liemeniu tempimo keln\u0117s ma\u017eyliams, pagamintos i\u0161 mink\u0161tesnio audinio. Keln\u0117s turi patog\u0173 &#8222;Coral-fleece&#8221; pamu\u0161al\u0105 ir als\u0173 bei neperpu\u010diam\u0105 i\u0161orin\u012f audin\u012f, kuris puikiai tinka m\u016bs\u0173 klimatui. Kad j\u016bs\u0173 ma\u017eylio aprengimas b\u016bt\u0173 patogesniss, keln\u0117s turi nuimamus petne\u0161as ir ilg\u0105 u\u017etrauktuk\u0105. Keln\u0117se yra patogi ki\u0161en\u0117 ant kr\u016btin\u0117s reikalingiausiems daiktams laikyti ir nuimamas silikoninis guminis apa\u010dioje, kad sniegas nepatekt\u0173 [&hellip;]","og_url":"https:\/\/shop.huppa.eu\/lt\/product\/dipa\/","og_site_name":"Huppa LT","article_modified_time":"2026-04-15T03:57:06+00:00","og_image":[{"width":800,"height":800,"url":"https:\/\/huppashop-prod.s3.eu-north-1.amazonaws.com\/wp-content\/uploads\/sites\/5\/2022\/07\/22153917\/2192AW13-031-DIPAf.png","type":"image\/png"}],"twitter_card":"summary_large_image","schema":{"@context":"https:\/\/schema.org","@graph":[{"@type":"WebPage","@id":"https:\/\/shop.huppa.eu\/lt\/product\/dipa\/","url":"https:\/\/shop.huppa.eu\/lt\/product\/dipa\/","name":"Vaik\u0173 \u017eiemin\u0117s keln\u0117s DIPA - Huppa LT","isPartOf":{"@id":"https:\/\/shop.huppa.eu\/lt\/#website"},"primaryImageOfPage":{"@id":"https:\/\/shop.huppa.eu\/lt\/product\/dipa\/#primaryimage"},"image":{"@id":"https:\/\/shop.huppa.eu\/lt\/product\/dipa\/#primaryimage"},"thumbnailUrl":"https:\/\/huppashop-prod.s3.eu-north-1.amazonaws.com\/wp-content\/uploads\/sites\/5\/2022\/07\/22153917\/2192AW13-031-DIPAf.png","datePublished":"2025-11-24T15:26:14+00:00","dateModified":"2026-04-15T03:57:06+00:00","breadcrumb":{"@id":"https:\/\/shop.huppa.eu\/lt\/product\/dipa\/#breadcrumb"},"inLanguage":"lt-LT","potentialAction":[{"@type":"ReadAction","target":["https:\/\/shop.huppa.eu\/lt\/product\/dipa\/"]}]},{"@type":"ImageObject","inLanguage":"lt-LT","@id":"https:\/\/shop.huppa.eu\/lt\/product\/dipa\/#primaryimage","url":"https:\/\/huppashop-prod.s3.eu-north-1.amazonaws.com\/wp-content\/uploads\/sites\/5\/2022\/07\/22153917\/2192AW13-031-DIPAf.png","contentUrl":"https:\/\/huppashop-prod.s3.eu-north-1.amazonaws.com\/wp-content\/uploads\/sites\/5\/2022\/07\/22153917\/2192AW13-031-DIPAf.png","width":800,"height":800},{"@type":"BreadcrumbList","@id":"https:\/\/shop.huppa.eu\/lt\/product\/dipa\/#breadcrumb","itemListElement":[{"@type":"ListItem","position":1,"name":"Shop","item":"https:\/\/shop.huppa.eu\/lt\/shop\/"},{"@type":"ListItem","position":2,"name":"Vaik\u0173 \u017eiemin\u0117s keln\u0117s DIPA"}]},{"@type":"WebSite","@id":"https:\/\/shop.huppa.eu\/lt\/#website","url":"https:\/\/shop.huppa.eu\/lt\/","name":"Huppa LT","description":"Huppa LT","potentialAction":[{"@type":"SearchAction","target":{"@type":"EntryPoint","urlTemplate":"https:\/\/shop.huppa.eu\/lt\/?s={search_term_string}"},"query-input":{"@type":"PropertyValueSpecification","valueRequired":true,"valueName":"search_term_string"}}],"inLanguage":"lt-LT"}]}},"_links":{"self":[{"href":"https:\/\/shop.huppa.eu\/lt\/wp-json\/wp\/v2\/product\/519031","targetHints":{"allow":["GET"]}}],"collection":[{"href":"https:\/\/shop.huppa.eu\/lt\/wp-json\/wp\/v2\/product"}],"about":[{"href":"https:\/\/shop.huppa.eu\/lt\/wp-json\/wp\/v2\/types\/product"}],"wp:featuredmedia":[{"embeddable":true,"href":"https:\/\/shop.huppa.eu\/lt\/wp-json\/wp\/v2\/media\/478135"}],"wp:attachment":[{"href":"https:\/\/shop.huppa.eu\/lt\/wp-json\/wp\/v2\/media?parent=519031"}],"wp:term":[{"taxonomy":"product_brand","embeddable":true,"href":"https:\/\/shop.huppa.eu\/lt\/wp-json\/wp\/v2\/product_brand?post=519031"},{"taxonomy":"product_cat","embeddable":true,"href":"https:\/\/shop.huppa.eu\/lt\/wp-json\/wp\/v2\/product_cat?post=519031"},{"taxonomy":"product_tag","embeddable":true,"href":"https:\/\/shop.huppa.eu\/lt\/wp-json\/wp\/v2\/product_tag?post=519031"}],"curies":[{"name":"wp","href":"https:\/\/api.w.org\/{rel}","templated":true}]}}