{"id":519035,"date":"2025-11-24T17:26:19","date_gmt":"2025-11-24T15:26:19","guid":{"rendered":"https:\/\/shop.huppa.eu\/lt\/product\/dipa-7\/"},"modified":"2026-04-15T05:57:06","modified_gmt":"2026-04-15T03:57:06","slug":"dipa-7","status":"publish","type":"product","link":"https:\/\/shop.huppa.eu\/lt\/product\/dipa-7\/","title":{"rendered":"Vaik\u0173 \u017eiemin\u0117s keln\u0117s DIPA"},"content":{"rendered":"<p>Auk\u0161tu liemeniu, tamprios ma\u017eyli\u0173 keln\u0117s pagamintos i\u0161 mink\u0161tesnio audinio. Keln\u0117s turi patog\u0173 &#8222;Coral-fleece&#8221; pamu\u0161al\u0105 ir kv\u0117puojant\u012f bei vandeniui atspar\u0173 vir\u0161utin\u012f audin\u012f, kuris puikiai tinka m\u016bs\u0173 klimatui. Kad ma\u017eylio rengimas b\u016bt\u0173 patogesn\u0117, keln\u0117s turi nuimamas petne\u0161as ir ilg\u0105 u\u017etrauktuk\u0105. Keln\u0117s turi gra\u017e\u0173 ki\u0161en\u0119 kr\u016btin\u0117je b\u016btiniausi\u0173 daikt\u0173 laikymui ir nuimam\u0105 silikonin\u012f gum\u0105 apa\u010dioje, kad sniegas nepatekt\u0173 \u012f bat\u0105.<\/p>\n","protected":false},"excerpt":{"rendered":"<p>Auk\u0161tu liemeniu, tamprios ma\u017eyli\u0173 keln\u0117s pagamintos i\u0161 mink\u0161tesnio audinio. Keln\u0117s turi patog\u0173 &#8222;Coral-fleece&#8221; pamu\u0161al\u0105 ir kv\u0117puojant\u012f bei vandeniui atspar\u0173 vir\u0161utin\u012f audin\u012f, kuris puikiai tinka m\u016bs\u0173 klimatui. Kad ma\u017eylio rengimas b\u016bt\u0173 patogesn\u0117, keln\u0117s turi nuimamas petne\u0161as ir ilg\u0105 u\u017etrauktuk\u0105. Keln\u0117s turi gra\u017e\u0173 ki\u0161en\u0119 kr\u016btin\u0117je b\u016btiniausi\u0173 daikt\u0173 laikymui ir nuimam\u0105 silikonin\u012f gum\u0105 apa\u010dioje, kad sniegas nepatekt\u0173 \u012f [&hellip;]<\/p>\n","protected":false},"featured_media":478154,"template":"","meta":{"_acf_changed":false},"product_brand":[],"product_cat":[925,926,936,102,19],"product_tag":[],"class_list":{"0":"post-519035","1":"product","2":"type-product","3":"status-publish","4":"has-post-thumbnail","6":"product_cat-kelnes","7":"product_cat-kelnes-2","8":"product_cat-kelnes-mergaiciu","9":"product_cat-mergaiciu","10":"product_cat-vaikai","11":"pa_amzius-vaikai","12":"pa_atsparumas-vandeniui-5000mm","13":"pa_dydis-406","14":"pa_kolekcija-nr-w13-14","15":"pa_kolekcijos-dalis-fashion","16":"pa_lytis-mergaiciu","17":"pa_oro-pralaidumas-5000g-m-24h","18":"pa_prekes-artikulas-2192aw13-083","20":"first","21":"instock","22":"sale","23":"taxable","24":"shipping-taxable","25":"purchasable","26":"product-type-variable"},"acf":[],"yoast_head":"<!-- This site is optimized with the Yoast SEO plugin v26.8 - https:\/\/yoast.com\/product\/yoast-seo-wordpress\/ -->\n<title>Vaik\u0173 \u017eiemin\u0117s keln\u0117s DIPA - Huppa LT<\/title>\n<meta name=\"robots\" content=\"index, follow, max-snippet:-1, max-image-preview:large, max-video-preview:-1\" \/>\n<link rel=\"canonical\" href=\"https:\/\/shop.huppa.eu\/lt\/product\/dipa-7\/\" \/>\n<meta property=\"og:locale\" content=\"lt_LT\" \/>\n<meta property=\"og:type\" content=\"article\" \/>\n<meta property=\"og:title\" content=\"Vaik\u0173 \u017eiemin\u0117s keln\u0117s DIPA - Huppa LT\" \/>\n<meta property=\"og:description\" content=\"Auk\u0161tu liemeniu, tamprios ma\u017eyli\u0173 keln\u0117s pagamintos i\u0161 mink\u0161tesnio audinio. Keln\u0117s turi patog\u0173 &#8222;Coral-fleece&#8221; pamu\u0161al\u0105 ir kv\u0117puojant\u012f bei vandeniui atspar\u0173 vir\u0161utin\u012f audin\u012f, kuris puikiai tinka m\u016bs\u0173 klimatui. Kad ma\u017eylio rengimas b\u016bt\u0173 patogesn\u0117, keln\u0117s turi nuimamas petne\u0161as ir ilg\u0105 u\u017etrauktuk\u0105. Keln\u0117s turi gra\u017e\u0173 ki\u0161en\u0119 kr\u016btin\u0117je b\u016btiniausi\u0173 daikt\u0173 laikymui ir nuimam\u0105 silikonin\u012f gum\u0105 apa\u010dioje, kad sniegas nepatekt\u0173 \u012f [&hellip;]\" \/>\n<meta property=\"og:url\" content=\"https:\/\/shop.huppa.eu\/lt\/product\/dipa-7\/\" \/>\n<meta property=\"og:site_name\" content=\"Huppa LT\" \/>\n<meta property=\"article:modified_time\" content=\"2026-04-15T03:57:06+00:00\" \/>\n<meta property=\"og:image\" content=\"https:\/\/huppashop-prod.s3.eu-north-1.amazonaws.com\/wp-content\/uploads\/sites\/5\/2022\/07\/22153948\/2192AW13-083-DIPA-front.png\" \/>\n\t<meta property=\"og:image:width\" content=\"800\" \/>\n\t<meta property=\"og:image:height\" content=\"800\" \/>\n\t<meta property=\"og:image:type\" content=\"image\/png\" \/>\n<meta name=\"twitter:card\" content=\"summary_large_image\" \/>\n<script type=\"application\/ld+json\" class=\"yoast-schema-graph\">{\"@context\":\"https:\/\/schema.org\",\"@graph\":[{\"@type\":\"WebPage\",\"@id\":\"https:\/\/shop.huppa.eu\/lt\/product\/dipa-7\/\",\"url\":\"https:\/\/shop.huppa.eu\/lt\/product\/dipa-7\/\",\"name\":\"Vaik\u0173 \u017eiemin\u0117s keln\u0117s DIPA - Huppa LT\",\"isPartOf\":{\"@id\":\"https:\/\/shop.huppa.eu\/lt\/#website\"},\"primaryImageOfPage\":{\"@id\":\"https:\/\/shop.huppa.eu\/lt\/product\/dipa-7\/#primaryimage\"},\"image\":{\"@id\":\"https:\/\/shop.huppa.eu\/lt\/product\/dipa-7\/#primaryimage\"},\"thumbnailUrl\":\"https:\/\/huppashop-prod.s3.eu-north-1.amazonaws.com\/wp-content\/uploads\/sites\/5\/2022\/07\/22153948\/2192AW13-083-DIPA-front.png\",\"datePublished\":\"2025-11-24T15:26:19+00:00\",\"dateModified\":\"2026-04-15T03:57:06+00:00\",\"breadcrumb\":{\"@id\":\"https:\/\/shop.huppa.eu\/lt\/product\/dipa-7\/#breadcrumb\"},\"inLanguage\":\"lt-LT\",\"potentialAction\":[{\"@type\":\"ReadAction\",\"target\":[\"https:\/\/shop.huppa.eu\/lt\/product\/dipa-7\/\"]}]},{\"@type\":\"ImageObject\",\"inLanguage\":\"lt-LT\",\"@id\":\"https:\/\/shop.huppa.eu\/lt\/product\/dipa-7\/#primaryimage\",\"url\":\"https:\/\/huppashop-prod.s3.eu-north-1.amazonaws.com\/wp-content\/uploads\/sites\/5\/2022\/07\/22153948\/2192AW13-083-DIPA-front.png\",\"contentUrl\":\"https:\/\/huppashop-prod.s3.eu-north-1.amazonaws.com\/wp-content\/uploads\/sites\/5\/2022\/07\/22153948\/2192AW13-083-DIPA-front.png\",\"width\":800,\"height\":800},{\"@type\":\"BreadcrumbList\",\"@id\":\"https:\/\/shop.huppa.eu\/lt\/product\/dipa-7\/#breadcrumb\",\"itemListElement\":[{\"@type\":\"ListItem\",\"position\":1,\"name\":\"Shop\",\"item\":\"https:\/\/shop.huppa.eu\/lt\/shop\/\"},{\"@type\":\"ListItem\",\"position\":2,\"name\":\"Vaik\u0173 \u017eiemin\u0117s keln\u0117s DIPA\"}]},{\"@type\":\"WebSite\",\"@id\":\"https:\/\/shop.huppa.eu\/lt\/#website\",\"url\":\"https:\/\/shop.huppa.eu\/lt\/\",\"name\":\"Huppa LT\",\"description\":\"Huppa LT\",\"potentialAction\":[{\"@type\":\"SearchAction\",\"target\":{\"@type\":\"EntryPoint\",\"urlTemplate\":\"https:\/\/shop.huppa.eu\/lt\/?s={search_term_string}\"},\"query-input\":{\"@type\":\"PropertyValueSpecification\",\"valueRequired\":true,\"valueName\":\"search_term_string\"}}],\"inLanguage\":\"lt-LT\"}]}<\/script>\n<!-- \/ Yoast SEO plugin. -->","yoast_head_json":{"title":"Vaik\u0173 \u017eiemin\u0117s keln\u0117s DIPA - Huppa LT","robots":{"index":"index","follow":"follow","max-snippet":"max-snippet:-1","max-image-preview":"max-image-preview:large","max-video-preview":"max-video-preview:-1"},"canonical":"https:\/\/shop.huppa.eu\/lt\/product\/dipa-7\/","og_locale":"lt_LT","og_type":"article","og_title":"Vaik\u0173 \u017eiemin\u0117s keln\u0117s DIPA - Huppa LT","og_description":"Auk\u0161tu liemeniu, tamprios ma\u017eyli\u0173 keln\u0117s pagamintos i\u0161 mink\u0161tesnio audinio. Keln\u0117s turi patog\u0173 &#8222;Coral-fleece&#8221; pamu\u0161al\u0105 ir kv\u0117puojant\u012f bei vandeniui atspar\u0173 vir\u0161utin\u012f audin\u012f, kuris puikiai tinka m\u016bs\u0173 klimatui. Kad ma\u017eylio rengimas b\u016bt\u0173 patogesn\u0117, keln\u0117s turi nuimamas petne\u0161as ir ilg\u0105 u\u017etrauktuk\u0105. Keln\u0117s turi gra\u017e\u0173 ki\u0161en\u0119 kr\u016btin\u0117je b\u016btiniausi\u0173 daikt\u0173 laikymui ir nuimam\u0105 silikonin\u012f gum\u0105 apa\u010dioje, kad sniegas nepatekt\u0173 \u012f [&hellip;]","og_url":"https:\/\/shop.huppa.eu\/lt\/product\/dipa-7\/","og_site_name":"Huppa LT","article_modified_time":"2026-04-15T03:57:06+00:00","og_image":[{"width":800,"height":800,"url":"https:\/\/huppashop-prod.s3.eu-north-1.amazonaws.com\/wp-content\/uploads\/sites\/5\/2022\/07\/22153948\/2192AW13-083-DIPA-front.png","type":"image\/png"}],"twitter_card":"summary_large_image","schema":{"@context":"https:\/\/schema.org","@graph":[{"@type":"WebPage","@id":"https:\/\/shop.huppa.eu\/lt\/product\/dipa-7\/","url":"https:\/\/shop.huppa.eu\/lt\/product\/dipa-7\/","name":"Vaik\u0173 \u017eiemin\u0117s keln\u0117s DIPA - Huppa LT","isPartOf":{"@id":"https:\/\/shop.huppa.eu\/lt\/#website"},"primaryImageOfPage":{"@id":"https:\/\/shop.huppa.eu\/lt\/product\/dipa-7\/#primaryimage"},"image":{"@id":"https:\/\/shop.huppa.eu\/lt\/product\/dipa-7\/#primaryimage"},"thumbnailUrl":"https:\/\/huppashop-prod.s3.eu-north-1.amazonaws.com\/wp-content\/uploads\/sites\/5\/2022\/07\/22153948\/2192AW13-083-DIPA-front.png","datePublished":"2025-11-24T15:26:19+00:00","dateModified":"2026-04-15T03:57:06+00:00","breadcrumb":{"@id":"https:\/\/shop.huppa.eu\/lt\/product\/dipa-7\/#breadcrumb"},"inLanguage":"lt-LT","potentialAction":[{"@type":"ReadAction","target":["https:\/\/shop.huppa.eu\/lt\/product\/dipa-7\/"]}]},{"@type":"ImageObject","inLanguage":"lt-LT","@id":"https:\/\/shop.huppa.eu\/lt\/product\/dipa-7\/#primaryimage","url":"https:\/\/huppashop-prod.s3.eu-north-1.amazonaws.com\/wp-content\/uploads\/sites\/5\/2022\/07\/22153948\/2192AW13-083-DIPA-front.png","contentUrl":"https:\/\/huppashop-prod.s3.eu-north-1.amazonaws.com\/wp-content\/uploads\/sites\/5\/2022\/07\/22153948\/2192AW13-083-DIPA-front.png","width":800,"height":800},{"@type":"BreadcrumbList","@id":"https:\/\/shop.huppa.eu\/lt\/product\/dipa-7\/#breadcrumb","itemListElement":[{"@type":"ListItem","position":1,"name":"Shop","item":"https:\/\/shop.huppa.eu\/lt\/shop\/"},{"@type":"ListItem","position":2,"name":"Vaik\u0173 \u017eiemin\u0117s keln\u0117s DIPA"}]},{"@type":"WebSite","@id":"https:\/\/shop.huppa.eu\/lt\/#website","url":"https:\/\/shop.huppa.eu\/lt\/","name":"Huppa LT","description":"Huppa LT","potentialAction":[{"@type":"SearchAction","target":{"@type":"EntryPoint","urlTemplate":"https:\/\/shop.huppa.eu\/lt\/?s={search_term_string}"},"query-input":{"@type":"PropertyValueSpecification","valueRequired":true,"valueName":"search_term_string"}}],"inLanguage":"lt-LT"}]}},"_links":{"self":[{"href":"https:\/\/shop.huppa.eu\/lt\/wp-json\/wp\/v2\/product\/519035","targetHints":{"allow":["GET"]}}],"collection":[{"href":"https:\/\/shop.huppa.eu\/lt\/wp-json\/wp\/v2\/product"}],"about":[{"href":"https:\/\/shop.huppa.eu\/lt\/wp-json\/wp\/v2\/types\/product"}],"wp:featuredmedia":[{"embeddable":true,"href":"https:\/\/shop.huppa.eu\/lt\/wp-json\/wp\/v2\/media\/478154"}],"wp:attachment":[{"href":"https:\/\/shop.huppa.eu\/lt\/wp-json\/wp\/v2\/media?parent=519035"}],"wp:term":[{"taxonomy":"product_brand","embeddable":true,"href":"https:\/\/shop.huppa.eu\/lt\/wp-json\/wp\/v2\/product_brand?post=519035"},{"taxonomy":"product_cat","embeddable":true,"href":"https:\/\/shop.huppa.eu\/lt\/wp-json\/wp\/v2\/product_cat?post=519035"},{"taxonomy":"product_tag","embeddable":true,"href":"https:\/\/shop.huppa.eu\/lt\/wp-json\/wp\/v2\/product_tag?post=519035"}],"curies":[{"name":"wp","href":"https:\/\/api.w.org\/{rel}","templated":true}]}}