{"id":519088,"date":"2025-11-24T17:27:44","date_gmt":"2025-11-24T15:27:44","guid":{"rendered":"https:\/\/shop.huppa.eu\/lt\/product\/sonny-160g-13\/"},"modified":"2026-04-16T05:59:08","modified_gmt":"2026-04-16T03:59:08","slug":"sonny-160g-13","status":"publish","type":"product","link":"https:\/\/shop.huppa.eu\/lt\/product\/sonny-160g-13\/","title":{"rendered":"Vaiki\u0161kos keln\u0117s SONNY (160g)"},"content":{"rendered":"<p>Vaik\u0173 neper\u0161lampan\u010dios ir v\u0117jui atsparios \u017eiemos keln\u0117s su 160g \u0161iltinimu. Kv\u0117puojantis audinys. Mink\u0161tas flanelio pamu\u0161alas. Keln\u0117s su n\u0117riniu turi elastingas reguliuojamas petne\u0161as. Elastin\u0117 juostel\u0117 juosmenyje ir koj\u0173 galuose. Sulytas vidurinis nugarios si\u016bl\u0117. Ilgas u\u017etrauktukas ir elastingas apatinis kra\u0161tas palengvina ma\u017eylio aprengim\u0105. Elastingi kojos dir\u017eeliai. At\u0161vaitiniai elementai audinyje.<\/p>\n","protected":false},"excerpt":{"rendered":"<p>Vaik\u0173 neper\u0161lampan\u010dios ir v\u0117jui atsparios \u017eiemos keln\u0117s su 160g \u0161iltinimu. Kv\u0117puojantis audinys. Mink\u0161tas flanelio pamu\u0161alas. Keln\u0117s su n\u0117riniu turi elastingas reguliuojamas petne\u0161as. Elastin\u0117 juostel\u0117 juosmenyje ir koj\u0173 galuose. Sulytas vidurinis nugarios si\u016bl\u0117. Ilgas u\u017etrauktukas ir elastingas apatinis kra\u0161tas palengvina ma\u017eylio aprengim\u0105. Elastingi kojos dir\u017eeliai. At\u0161vaitiniai elementai audinyje.<\/p>\n","protected":false},"featured_media":425854,"template":"","meta":{"_acf_changed":false},"product_brand":[],"product_cat":[925,926,931,415,19],"product_tag":[],"class_list":{"0":"post-519088","1":"product","2":"type-product","3":"status-publish","4":"has-post-thumbnail","6":"product_cat-kelnes","7":"product_cat-kelnes-2","8":"product_cat-kelnes-unisex","9":"product_cat-unisex","10":"product_cat-vaikai","11":"pa_amzius-vaikai","12":"pa_atsparumas-vandeniui-10000mm","13":"pa_dydis-410","14":"pa_izoliacijos-svoris-160g","15":"pa_kolekcija-nr-w15-16","16":"pa_kolekcijos-dalis-pants","17":"pa_lytis-unisex","18":"pa_oro-pralaidumas-10000g-m-24h","19":"pa_prekes-artikulas-2613aw01-086","20":"pa_uzpildas-160g","22":"first","23":"instock","24":"sale","25":"taxable","26":"shipping-taxable","27":"purchasable","28":"product-type-variable"},"acf":[],"yoast_head":"<!-- This site is optimized with the Yoast SEO plugin v26.8 - https:\/\/yoast.com\/product\/yoast-seo-wordpress\/ -->\n<title>Vaiki\u0161kos keln\u0117s SONNY (160g) - Huppa LT<\/title>\n<meta name=\"robots\" content=\"index, follow, max-snippet:-1, max-image-preview:large, max-video-preview:-1\" \/>\n<link rel=\"canonical\" href=\"https:\/\/shop.huppa.eu\/lt\/product\/sonny-160g-13\/\" \/>\n<meta property=\"og:locale\" content=\"lt_LT\" \/>\n<meta property=\"og:type\" content=\"article\" \/>\n<meta property=\"og:title\" content=\"Vaiki\u0161kos keln\u0117s SONNY (160g) - Huppa LT\" \/>\n<meta property=\"og:description\" content=\"Vaik\u0173 neper\u0161lampan\u010dios ir v\u0117jui atsparios \u017eiemos keln\u0117s su 160g \u0161iltinimu. Kv\u0117puojantis audinys. Mink\u0161tas flanelio pamu\u0161alas. Keln\u0117s su n\u0117riniu turi elastingas reguliuojamas petne\u0161as. Elastin\u0117 juostel\u0117 juosmenyje ir koj\u0173 galuose. Sulytas vidurinis nugarios si\u016bl\u0117. Ilgas u\u017etrauktukas ir elastingas apatinis kra\u0161tas palengvina ma\u017eylio aprengim\u0105. Elastingi kojos dir\u017eeliai. At\u0161vaitiniai elementai audinyje.\" \/>\n<meta property=\"og:url\" content=\"https:\/\/shop.huppa.eu\/lt\/product\/sonny-160g-13\/\" \/>\n<meta property=\"og:site_name\" content=\"Huppa LT\" \/>\n<meta property=\"article:modified_time\" content=\"2026-04-16T03:59:08+00:00\" \/>\n<meta property=\"og:image\" content=\"https:\/\/huppashop-prod.s3.eu-north-1.amazonaws.com\/wp-content\/uploads\/sites\/3\/2021\/06\/03024926\/2613AW01-086-SONNYfront.png\" \/>\n\t<meta property=\"og:image:width\" content=\"800\" \/>\n\t<meta property=\"og:image:height\" content=\"800\" \/>\n\t<meta property=\"og:image:type\" content=\"image\/png\" \/>\n<meta name=\"twitter:card\" content=\"summary_large_image\" \/>\n<script type=\"application\/ld+json\" class=\"yoast-schema-graph\">{\"@context\":\"https:\/\/schema.org\",\"@graph\":[{\"@type\":\"WebPage\",\"@id\":\"https:\/\/shop.huppa.eu\/lt\/product\/sonny-160g-13\/\",\"url\":\"https:\/\/shop.huppa.eu\/lt\/product\/sonny-160g-13\/\",\"name\":\"Vaiki\u0161kos keln\u0117s SONNY (160g) - Huppa LT\",\"isPartOf\":{\"@id\":\"https:\/\/shop.huppa.eu\/lt\/#website\"},\"primaryImageOfPage\":{\"@id\":\"https:\/\/shop.huppa.eu\/lt\/product\/sonny-160g-13\/#primaryimage\"},\"image\":{\"@id\":\"https:\/\/shop.huppa.eu\/lt\/product\/sonny-160g-13\/#primaryimage\"},\"thumbnailUrl\":\"https:\/\/huppashop-prod.s3.eu-north-1.amazonaws.com\/wp-content\/uploads\/sites\/3\/2021\/06\/03024926\/2613AW01-086-SONNYfront.png\",\"datePublished\":\"2025-11-24T15:27:44+00:00\",\"dateModified\":\"2026-04-16T03:59:08+00:00\",\"breadcrumb\":{\"@id\":\"https:\/\/shop.huppa.eu\/lt\/product\/sonny-160g-13\/#breadcrumb\"},\"inLanguage\":\"lt-LT\",\"potentialAction\":[{\"@type\":\"ReadAction\",\"target\":[\"https:\/\/shop.huppa.eu\/lt\/product\/sonny-160g-13\/\"]}]},{\"@type\":\"ImageObject\",\"inLanguage\":\"lt-LT\",\"@id\":\"https:\/\/shop.huppa.eu\/lt\/product\/sonny-160g-13\/#primaryimage\",\"url\":\"https:\/\/huppashop-prod.s3.eu-north-1.amazonaws.com\/wp-content\/uploads\/sites\/3\/2021\/06\/03024926\/2613AW01-086-SONNYfront.png\",\"contentUrl\":\"https:\/\/huppashop-prod.s3.eu-north-1.amazonaws.com\/wp-content\/uploads\/sites\/3\/2021\/06\/03024926\/2613AW01-086-SONNYfront.png\",\"width\":800,\"height\":800},{\"@type\":\"BreadcrumbList\",\"@id\":\"https:\/\/shop.huppa.eu\/lt\/product\/sonny-160g-13\/#breadcrumb\",\"itemListElement\":[{\"@type\":\"ListItem\",\"position\":1,\"name\":\"Shop\",\"item\":\"https:\/\/shop.huppa.eu\/lt\/shop\/\"},{\"@type\":\"ListItem\",\"position\":2,\"name\":\"Vaiki\u0161kos keln\u0117s SONNY (160g)\"}]},{\"@type\":\"WebSite\",\"@id\":\"https:\/\/shop.huppa.eu\/lt\/#website\",\"url\":\"https:\/\/shop.huppa.eu\/lt\/\",\"name\":\"Huppa LT\",\"description\":\"Huppa LT\",\"potentialAction\":[{\"@type\":\"SearchAction\",\"target\":{\"@type\":\"EntryPoint\",\"urlTemplate\":\"https:\/\/shop.huppa.eu\/lt\/?s={search_term_string}\"},\"query-input\":{\"@type\":\"PropertyValueSpecification\",\"valueRequired\":true,\"valueName\":\"search_term_string\"}}],\"inLanguage\":\"lt-LT\"}]}<\/script>\n<!-- \/ Yoast SEO plugin. -->","yoast_head_json":{"title":"Vaiki\u0161kos keln\u0117s SONNY (160g) - Huppa LT","robots":{"index":"index","follow":"follow","max-snippet":"max-snippet:-1","max-image-preview":"max-image-preview:large","max-video-preview":"max-video-preview:-1"},"canonical":"https:\/\/shop.huppa.eu\/lt\/product\/sonny-160g-13\/","og_locale":"lt_LT","og_type":"article","og_title":"Vaiki\u0161kos keln\u0117s SONNY (160g) - Huppa LT","og_description":"Vaik\u0173 neper\u0161lampan\u010dios ir v\u0117jui atsparios \u017eiemos keln\u0117s su 160g \u0161iltinimu. Kv\u0117puojantis audinys. Mink\u0161tas flanelio pamu\u0161alas. Keln\u0117s su n\u0117riniu turi elastingas reguliuojamas petne\u0161as. Elastin\u0117 juostel\u0117 juosmenyje ir koj\u0173 galuose. Sulytas vidurinis nugarios si\u016bl\u0117. Ilgas u\u017etrauktukas ir elastingas apatinis kra\u0161tas palengvina ma\u017eylio aprengim\u0105. Elastingi kojos dir\u017eeliai. At\u0161vaitiniai elementai audinyje.","og_url":"https:\/\/shop.huppa.eu\/lt\/product\/sonny-160g-13\/","og_site_name":"Huppa LT","article_modified_time":"2026-04-16T03:59:08+00:00","og_image":[{"width":800,"height":800,"url":"https:\/\/huppashop-prod.s3.eu-north-1.amazonaws.com\/wp-content\/uploads\/sites\/3\/2021\/06\/03024926\/2613AW01-086-SONNYfront.png","type":"image\/png"}],"twitter_card":"summary_large_image","schema":{"@context":"https:\/\/schema.org","@graph":[{"@type":"WebPage","@id":"https:\/\/shop.huppa.eu\/lt\/product\/sonny-160g-13\/","url":"https:\/\/shop.huppa.eu\/lt\/product\/sonny-160g-13\/","name":"Vaiki\u0161kos keln\u0117s SONNY (160g) - Huppa LT","isPartOf":{"@id":"https:\/\/shop.huppa.eu\/lt\/#website"},"primaryImageOfPage":{"@id":"https:\/\/shop.huppa.eu\/lt\/product\/sonny-160g-13\/#primaryimage"},"image":{"@id":"https:\/\/shop.huppa.eu\/lt\/product\/sonny-160g-13\/#primaryimage"},"thumbnailUrl":"https:\/\/huppashop-prod.s3.eu-north-1.amazonaws.com\/wp-content\/uploads\/sites\/3\/2021\/06\/03024926\/2613AW01-086-SONNYfront.png","datePublished":"2025-11-24T15:27:44+00:00","dateModified":"2026-04-16T03:59:08+00:00","breadcrumb":{"@id":"https:\/\/shop.huppa.eu\/lt\/product\/sonny-160g-13\/#breadcrumb"},"inLanguage":"lt-LT","potentialAction":[{"@type":"ReadAction","target":["https:\/\/shop.huppa.eu\/lt\/product\/sonny-160g-13\/"]}]},{"@type":"ImageObject","inLanguage":"lt-LT","@id":"https:\/\/shop.huppa.eu\/lt\/product\/sonny-160g-13\/#primaryimage","url":"https:\/\/huppashop-prod.s3.eu-north-1.amazonaws.com\/wp-content\/uploads\/sites\/3\/2021\/06\/03024926\/2613AW01-086-SONNYfront.png","contentUrl":"https:\/\/huppashop-prod.s3.eu-north-1.amazonaws.com\/wp-content\/uploads\/sites\/3\/2021\/06\/03024926\/2613AW01-086-SONNYfront.png","width":800,"height":800},{"@type":"BreadcrumbList","@id":"https:\/\/shop.huppa.eu\/lt\/product\/sonny-160g-13\/#breadcrumb","itemListElement":[{"@type":"ListItem","position":1,"name":"Shop","item":"https:\/\/shop.huppa.eu\/lt\/shop\/"},{"@type":"ListItem","position":2,"name":"Vaiki\u0161kos keln\u0117s SONNY (160g)"}]},{"@type":"WebSite","@id":"https:\/\/shop.huppa.eu\/lt\/#website","url":"https:\/\/shop.huppa.eu\/lt\/","name":"Huppa LT","description":"Huppa LT","potentialAction":[{"@type":"SearchAction","target":{"@type":"EntryPoint","urlTemplate":"https:\/\/shop.huppa.eu\/lt\/?s={search_term_string}"},"query-input":{"@type":"PropertyValueSpecification","valueRequired":true,"valueName":"search_term_string"}}],"inLanguage":"lt-LT"}]}},"_links":{"self":[{"href":"https:\/\/shop.huppa.eu\/lt\/wp-json\/wp\/v2\/product\/519088","targetHints":{"allow":["GET"]}}],"collection":[{"href":"https:\/\/shop.huppa.eu\/lt\/wp-json\/wp\/v2\/product"}],"about":[{"href":"https:\/\/shop.huppa.eu\/lt\/wp-json\/wp\/v2\/types\/product"}],"wp:featuredmedia":[{"embeddable":true,"href":"https:\/\/shop.huppa.eu\/lt\/wp-json\/wp\/v2\/media\/425854"}],"wp:attachment":[{"href":"https:\/\/shop.huppa.eu\/lt\/wp-json\/wp\/v2\/media?parent=519088"}],"wp:term":[{"taxonomy":"product_brand","embeddable":true,"href":"https:\/\/shop.huppa.eu\/lt\/wp-json\/wp\/v2\/product_brand?post=519088"},{"taxonomy":"product_cat","embeddable":true,"href":"https:\/\/shop.huppa.eu\/lt\/wp-json\/wp\/v2\/product_cat?post=519088"},{"taxonomy":"product_tag","embeddable":true,"href":"https:\/\/shop.huppa.eu\/lt\/wp-json\/wp\/v2\/product_tag?post=519088"}],"curies":[{"name":"wp","href":"https:\/\/api.w.org\/{rel}","templated":true}]}}