{"id":519213,"date":"2025-11-24T17:29:57","date_gmt":"2025-11-24T15:29:57","guid":{"rendered":"https:\/\/shop.huppa.eu\/lt\/product\/liam-120g\/"},"modified":"2026-04-16T06:01:09","modified_gmt":"2026-04-16T04:01:09","slug":"liam-120g","status":"publish","type":"product","link":"https:\/\/shop.huppa.eu\/lt\/product\/liam-120g\/","title":{"rendered":"Vaik\u0173 \u017eiemin\u0117s keln\u0117s LIAM (120g)"},"content":{"rendered":"<p>Sportin\u0117s \u017eiemos keln\u0117s su nuimamomis petne\u0161omis ir 200 g pa\u0161iltinimu. Keln\u0117s su daliniu taftos, daliniu \u0161ilum\u0105 atspindin\u010diu Huppa Tec pamu\u0161alu ir kv\u0117puojan\u010diu bei neper\u0161lampan\u010diu vir\u0161utiniu audiniu, puikiai tinkan\u010diu m\u016bs\u0173 klimatui. Patogesniam d\u0117v\u0117jimui keln\u0117s turi elastik\u0105 nugaroje, liemuo reguliuojamas Velcro. Visos kelni\u0173 si\u016bl\u0117s u\u017elydytos maksimaliam nepermirk\u0161lamumui u\u017etikrinti. Apa\u010dioje vidin\u0117 sniego apsauga apsaugo nuo sniego patekimo \u012f batus. Sportin\u0117s keln\u0117s turi \u0161vies\u0105 atspindin\u010dius elementus, u\u017etikrinan\u010dius saugesn\u012f jud\u0117jim\u0105 tamsoje.<\/p>\n","protected":false},"excerpt":{"rendered":"<p>Sportin\u0117s \u017eiemos keln\u0117s su nuimamomis petne\u0161omis ir 200 g pa\u0161iltinimu. Keln\u0117s su daliniu taftos, daliniu \u0161ilum\u0105 atspindin\u010diu Huppa Tec pamu\u0161alu ir kv\u0117puojan\u010diu bei neper\u0161lampan\u010diu vir\u0161utiniu audiniu, puikiai tinkan\u010diu m\u016bs\u0173 klimatui. Patogesniam d\u0117v\u0117jimui keln\u0117s turi elastik\u0105 nugaroje, liemuo reguliuojamas Velcro. Visos kelni\u0173 si\u016bl\u0117s u\u017elydytos maksimaliam nepermirk\u0161lamumui u\u017etikrinti. Apa\u010dioje vidin\u0117 sniego apsauga apsaugo nuo sniego patekimo \u012f [&hellip;]<\/p>\n","protected":false},"featured_media":519215,"template":"","meta":{"_acf_changed":false},"product_brand":[],"product_cat":[925,926,931,415,19],"product_tag":[],"class_list":{"0":"post-519213","1":"product","2":"type-product","3":"status-publish","4":"has-post-thumbnail","6":"product_cat-kelnes","7":"product_cat-kelnes-2","8":"product_cat-kelnes-unisex","9":"product_cat-unisex","10":"product_cat-vaikai","11":"pa_amzius-vaikai","12":"pa_atsparumas-vandeniui-10000mm","13":"pa_dydis-93","14":"pa_izoliacijos-svoris-120g","15":"pa_kolekcija-nr-w17-18","16":"pa_kolekcijos-dalis-pants","17":"pa_lytis-unisex","18":"pa_oro-pralaidumas-10000g-m-24h","19":"pa_prekes-artikulas-26510012-00086","20":"pa_uzpildas-120g","22":"first","23":"instock","24":"sale","25":"taxable","26":"shipping-taxable","27":"purchasable","28":"product-type-variable"},"acf":[],"yoast_head":"<!-- This site is optimized with the Yoast SEO plugin v26.8 - https:\/\/yoast.com\/product\/yoast-seo-wordpress\/ -->\n<title>Vaik\u0173 \u017eiemin\u0117s keln\u0117s LIAM (120g) - Huppa LT<\/title>\n<meta name=\"robots\" content=\"index, follow, max-snippet:-1, max-image-preview:large, max-video-preview:-1\" \/>\n<link rel=\"canonical\" href=\"https:\/\/shop.huppa.eu\/lt\/product\/liam-120g\/\" \/>\n<meta property=\"og:locale\" content=\"lt_LT\" \/>\n<meta property=\"og:type\" content=\"article\" \/>\n<meta property=\"og:title\" content=\"Vaik\u0173 \u017eiemin\u0117s keln\u0117s LIAM (120g) - Huppa LT\" \/>\n<meta property=\"og:description\" content=\"Sportin\u0117s \u017eiemos keln\u0117s su nuimamomis petne\u0161omis ir 200 g pa\u0161iltinimu. Keln\u0117s su daliniu taftos, daliniu \u0161ilum\u0105 atspindin\u010diu Huppa Tec pamu\u0161alu ir kv\u0117puojan\u010diu bei neper\u0161lampan\u010diu vir\u0161utiniu audiniu, puikiai tinkan\u010diu m\u016bs\u0173 klimatui. Patogesniam d\u0117v\u0117jimui keln\u0117s turi elastik\u0105 nugaroje, liemuo reguliuojamas Velcro. Visos kelni\u0173 si\u016bl\u0117s u\u017elydytos maksimaliam nepermirk\u0161lamumui u\u017etikrinti. Apa\u010dioje vidin\u0117 sniego apsauga apsaugo nuo sniego patekimo \u012f [&hellip;]\" \/>\n<meta property=\"og:url\" content=\"https:\/\/shop.huppa.eu\/lt\/product\/liam-120g\/\" \/>\n<meta property=\"og:site_name\" content=\"Huppa LT\" \/>\n<meta property=\"article:modified_time\" content=\"2026-04-16T04:01:09+00:00\" \/>\n<meta property=\"og:image\" content=\"https:\/\/huppashop-prod.s3.eu-north-1.amazonaws.com\/wp-content\/uploads\/sites\/5\/2025\/11\/24172958\/26510012-00086-LIAMf.jpg\" \/>\n\t<meta property=\"og:image:width\" content=\"800\" \/>\n\t<meta property=\"og:image:height\" content=\"800\" \/>\n\t<meta property=\"og:image:type\" content=\"image\/jpeg\" \/>\n<meta name=\"twitter:card\" content=\"summary_large_image\" \/>\n<script type=\"application\/ld+json\" class=\"yoast-schema-graph\">{\"@context\":\"https:\/\/schema.org\",\"@graph\":[{\"@type\":\"WebPage\",\"@id\":\"https:\/\/shop.huppa.eu\/lt\/product\/liam-120g\/\",\"url\":\"https:\/\/shop.huppa.eu\/lt\/product\/liam-120g\/\",\"name\":\"Vaik\u0173 \u017eiemin\u0117s keln\u0117s LIAM (120g) - Huppa LT\",\"isPartOf\":{\"@id\":\"https:\/\/shop.huppa.eu\/lt\/#website\"},\"primaryImageOfPage\":{\"@id\":\"https:\/\/shop.huppa.eu\/lt\/product\/liam-120g\/#primaryimage\"},\"image\":{\"@id\":\"https:\/\/shop.huppa.eu\/lt\/product\/liam-120g\/#primaryimage\"},\"thumbnailUrl\":\"https:\/\/huppashop-prod.s3.eu-north-1.amazonaws.com\/wp-content\/uploads\/sites\/5\/2025\/11\/24172958\/26510012-00086-LIAMf.jpg\",\"datePublished\":\"2025-11-24T15:29:57+00:00\",\"dateModified\":\"2026-04-16T04:01:09+00:00\",\"breadcrumb\":{\"@id\":\"https:\/\/shop.huppa.eu\/lt\/product\/liam-120g\/#breadcrumb\"},\"inLanguage\":\"lt-LT\",\"potentialAction\":[{\"@type\":\"ReadAction\",\"target\":[\"https:\/\/shop.huppa.eu\/lt\/product\/liam-120g\/\"]}]},{\"@type\":\"ImageObject\",\"inLanguage\":\"lt-LT\",\"@id\":\"https:\/\/shop.huppa.eu\/lt\/product\/liam-120g\/#primaryimage\",\"url\":\"https:\/\/huppashop-prod.s3.eu-north-1.amazonaws.com\/wp-content\/uploads\/sites\/5\/2025\/11\/24172958\/26510012-00086-LIAMf.jpg\",\"contentUrl\":\"https:\/\/huppashop-prod.s3.eu-north-1.amazonaws.com\/wp-content\/uploads\/sites\/5\/2025\/11\/24172958\/26510012-00086-LIAMf.jpg\",\"width\":800,\"height\":800},{\"@type\":\"BreadcrumbList\",\"@id\":\"https:\/\/shop.huppa.eu\/lt\/product\/liam-120g\/#breadcrumb\",\"itemListElement\":[{\"@type\":\"ListItem\",\"position\":1,\"name\":\"Shop\",\"item\":\"https:\/\/shop.huppa.eu\/lt\/shop\/\"},{\"@type\":\"ListItem\",\"position\":2,\"name\":\"Vaik\u0173 \u017eiemin\u0117s keln\u0117s LIAM (120g)\"}]},{\"@type\":\"WebSite\",\"@id\":\"https:\/\/shop.huppa.eu\/lt\/#website\",\"url\":\"https:\/\/shop.huppa.eu\/lt\/\",\"name\":\"Huppa LT\",\"description\":\"Huppa LT\",\"potentialAction\":[{\"@type\":\"SearchAction\",\"target\":{\"@type\":\"EntryPoint\",\"urlTemplate\":\"https:\/\/shop.huppa.eu\/lt\/?s={search_term_string}\"},\"query-input\":{\"@type\":\"PropertyValueSpecification\",\"valueRequired\":true,\"valueName\":\"search_term_string\"}}],\"inLanguage\":\"lt-LT\"}]}<\/script>\n<!-- \/ Yoast SEO plugin. -->","yoast_head_json":{"title":"Vaik\u0173 \u017eiemin\u0117s keln\u0117s LIAM (120g) - Huppa LT","robots":{"index":"index","follow":"follow","max-snippet":"max-snippet:-1","max-image-preview":"max-image-preview:large","max-video-preview":"max-video-preview:-1"},"canonical":"https:\/\/shop.huppa.eu\/lt\/product\/liam-120g\/","og_locale":"lt_LT","og_type":"article","og_title":"Vaik\u0173 \u017eiemin\u0117s keln\u0117s LIAM (120g) - Huppa LT","og_description":"Sportin\u0117s \u017eiemos keln\u0117s su nuimamomis petne\u0161omis ir 200 g pa\u0161iltinimu. Keln\u0117s su daliniu taftos, daliniu \u0161ilum\u0105 atspindin\u010diu Huppa Tec pamu\u0161alu ir kv\u0117puojan\u010diu bei neper\u0161lampan\u010diu vir\u0161utiniu audiniu, puikiai tinkan\u010diu m\u016bs\u0173 klimatui. Patogesniam d\u0117v\u0117jimui keln\u0117s turi elastik\u0105 nugaroje, liemuo reguliuojamas Velcro. Visos kelni\u0173 si\u016bl\u0117s u\u017elydytos maksimaliam nepermirk\u0161lamumui u\u017etikrinti. Apa\u010dioje vidin\u0117 sniego apsauga apsaugo nuo sniego patekimo \u012f [&hellip;]","og_url":"https:\/\/shop.huppa.eu\/lt\/product\/liam-120g\/","og_site_name":"Huppa LT","article_modified_time":"2026-04-16T04:01:09+00:00","og_image":[{"width":800,"height":800,"url":"https:\/\/huppashop-prod.s3.eu-north-1.amazonaws.com\/wp-content\/uploads\/sites\/5\/2025\/11\/24172958\/26510012-00086-LIAMf.jpg","type":"image\/jpeg"}],"twitter_card":"summary_large_image","schema":{"@context":"https:\/\/schema.org","@graph":[{"@type":"WebPage","@id":"https:\/\/shop.huppa.eu\/lt\/product\/liam-120g\/","url":"https:\/\/shop.huppa.eu\/lt\/product\/liam-120g\/","name":"Vaik\u0173 \u017eiemin\u0117s keln\u0117s LIAM (120g) - Huppa LT","isPartOf":{"@id":"https:\/\/shop.huppa.eu\/lt\/#website"},"primaryImageOfPage":{"@id":"https:\/\/shop.huppa.eu\/lt\/product\/liam-120g\/#primaryimage"},"image":{"@id":"https:\/\/shop.huppa.eu\/lt\/product\/liam-120g\/#primaryimage"},"thumbnailUrl":"https:\/\/huppashop-prod.s3.eu-north-1.amazonaws.com\/wp-content\/uploads\/sites\/5\/2025\/11\/24172958\/26510012-00086-LIAMf.jpg","datePublished":"2025-11-24T15:29:57+00:00","dateModified":"2026-04-16T04:01:09+00:00","breadcrumb":{"@id":"https:\/\/shop.huppa.eu\/lt\/product\/liam-120g\/#breadcrumb"},"inLanguage":"lt-LT","potentialAction":[{"@type":"ReadAction","target":["https:\/\/shop.huppa.eu\/lt\/product\/liam-120g\/"]}]},{"@type":"ImageObject","inLanguage":"lt-LT","@id":"https:\/\/shop.huppa.eu\/lt\/product\/liam-120g\/#primaryimage","url":"https:\/\/huppashop-prod.s3.eu-north-1.amazonaws.com\/wp-content\/uploads\/sites\/5\/2025\/11\/24172958\/26510012-00086-LIAMf.jpg","contentUrl":"https:\/\/huppashop-prod.s3.eu-north-1.amazonaws.com\/wp-content\/uploads\/sites\/5\/2025\/11\/24172958\/26510012-00086-LIAMf.jpg","width":800,"height":800},{"@type":"BreadcrumbList","@id":"https:\/\/shop.huppa.eu\/lt\/product\/liam-120g\/#breadcrumb","itemListElement":[{"@type":"ListItem","position":1,"name":"Shop","item":"https:\/\/shop.huppa.eu\/lt\/shop\/"},{"@type":"ListItem","position":2,"name":"Vaik\u0173 \u017eiemin\u0117s keln\u0117s LIAM (120g)"}]},{"@type":"WebSite","@id":"https:\/\/shop.huppa.eu\/lt\/#website","url":"https:\/\/shop.huppa.eu\/lt\/","name":"Huppa LT","description":"Huppa LT","potentialAction":[{"@type":"SearchAction","target":{"@type":"EntryPoint","urlTemplate":"https:\/\/shop.huppa.eu\/lt\/?s={search_term_string}"},"query-input":{"@type":"PropertyValueSpecification","valueRequired":true,"valueName":"search_term_string"}}],"inLanguage":"lt-LT"}]}},"_links":{"self":[{"href":"https:\/\/shop.huppa.eu\/lt\/wp-json\/wp\/v2\/product\/519213","targetHints":{"allow":["GET"]}}],"collection":[{"href":"https:\/\/shop.huppa.eu\/lt\/wp-json\/wp\/v2\/product"}],"about":[{"href":"https:\/\/shop.huppa.eu\/lt\/wp-json\/wp\/v2\/types\/product"}],"wp:featuredmedia":[{"embeddable":true,"href":"https:\/\/shop.huppa.eu\/lt\/wp-json\/wp\/v2\/media\/519215"}],"wp:attachment":[{"href":"https:\/\/shop.huppa.eu\/lt\/wp-json\/wp\/v2\/media?parent=519213"}],"wp:term":[{"taxonomy":"product_brand","embeddable":true,"href":"https:\/\/shop.huppa.eu\/lt\/wp-json\/wp\/v2\/product_brand?post=519213"},{"taxonomy":"product_cat","embeddable":true,"href":"https:\/\/shop.huppa.eu\/lt\/wp-json\/wp\/v2\/product_cat?post=519213"},{"taxonomy":"product_tag","embeddable":true,"href":"https:\/\/shop.huppa.eu\/lt\/wp-json\/wp\/v2\/product_tag?post=519213"}],"curies":[{"name":"wp","href":"https:\/\/api.w.org\/{rel}","templated":true}]}}