{"id":519227,"date":"2025-11-24T17:30:18","date_gmt":"2025-11-24T15:30:18","guid":{"rendered":"https:\/\/shop.huppa.eu\/lt\/product\/thor-80g-4\/"},"modified":"2026-04-16T06:01:10","modified_gmt":"2026-04-16T04:01:10","slug":"thor-80g-4","status":"publish","type":"product","link":"https:\/\/shop.huppa.eu\/lt\/product\/thor-80g-4\/","title":{"rendered":"Men\u00b4s winter pants THOR (80g)"},"content":{"rendered":"<p>Vyri\u0161kos neper\u0161lampamos ir neperpu\u010diamos keln\u0117s, 80 g pa\u0161iltinimas Orui laidi i\u0161orin\u0117 med\u017eiaga Kelni\u0173 vidin\u0117 pus\u0117 i\u0161 mink\u0161to pamu\u0161alinio audinio Reguliuojamas juosmens plotis Nugaroje, juosmenyje \u012fsi\u016bta gumin\u0117 juostel\u0117 Kle\u0161ni\u0173 apa\u010dioje apsaugos nuo sniego Kle\u0161ni\u0173 apa\u010dios plotis reguliuojamas u\u017etrauktuku Vandeniui atsparios klijuotos si\u016bl\u0117s Vir\u0161utinis audinys su \u0161vies\u0105 atspindin\u010diomis detal\u0117mis<\/p>\n","protected":false},"excerpt":{"rendered":"<p>Vyri\u0161kos neper\u0161lampamos ir neperpu\u010diamos keln\u0117s, 80 g pa\u0161iltinimas Orui laidi i\u0161orin\u0117 med\u017eiaga Kelni\u0173 vidin\u0117 pus\u0117 i\u0161 mink\u0161to pamu\u0161alinio audinio Reguliuojamas juosmens plotis Nugaroje, juosmenyje \u012fsi\u016bta gumin\u0117 juostel\u0117 Kle\u0161ni\u0173 apa\u010dioje apsaugos nuo sniego Kle\u0161ni\u0173 apa\u010dios plotis reguliuojamas u\u017etrauktuku Vandeniui atsparios klijuotos si\u016bl\u0117s Vir\u0161utinis audinys su \u0161vies\u0105 atspindin\u010diomis detal\u0117mis<\/p>\n","protected":false},"featured_media":519232,"template":"","meta":{"_acf_changed":false},"product_brand":[],"product_cat":[926,1120,1121,128,17],"product_tag":[],"class_list":{"0":"post-519227","1":"product","2":"type-product","3":"status-publish","4":"has-post-thumbnail","6":"product_cat-kelnes-2","7":"product_cat-kelnes-suaugusieji","8":"product_cat-kelnes-vyrai","9":"product_cat-suaugusieji","10":"product_cat-vyrai","11":"pa_amzius-suaugusieji","12":"pa_atsparumas-vandeniui-10000mm","13":"pa_dydis-xs","14":"pa_dydis-s","15":"pa_dydis-m","16":"pa_dydis-l","17":"pa_izoliacijos-svoris-80g","18":"pa_kolekcija-nr-w22-23","19":"pa_kolekcijos-dalis-fashion","20":"pa_lytis-vyrai","21":"pa_oro-pralaidumas-10000g-m-24h","22":"pa_prekes-artikulas-26538008-80066","23":"pa_rastuota-vienspalvis","24":"pa_sezonas-semi-season","25":"pa_uzpildas-80g","27":"first","28":"instock","29":"sale","30":"taxable","31":"shipping-taxable","32":"purchasable","33":"product-type-variable"},"acf":[],"yoast_head":"<!-- This site is optimized with the Yoast SEO plugin v26.8 - https:\/\/yoast.com\/product\/yoast-seo-wordpress\/ -->\n<title>Men\u00b4s winter pants THOR (80g) - Huppa LT<\/title>\n<meta name=\"robots\" content=\"index, follow, max-snippet:-1, max-image-preview:large, max-video-preview:-1\" \/>\n<link rel=\"canonical\" href=\"https:\/\/shop.huppa.eu\/lt\/product\/thor-80g-4\/\" \/>\n<meta property=\"og:locale\" content=\"lt_LT\" \/>\n<meta property=\"og:type\" content=\"article\" \/>\n<meta property=\"og:title\" content=\"Men\u00b4s winter pants THOR (80g) - Huppa LT\" \/>\n<meta property=\"og:description\" content=\"Vyri\u0161kos neper\u0161lampamos ir neperpu\u010diamos keln\u0117s, 80 g pa\u0161iltinimas Orui laidi i\u0161orin\u0117 med\u017eiaga Kelni\u0173 vidin\u0117 pus\u0117 i\u0161 mink\u0161to pamu\u0161alinio audinio Reguliuojamas juosmens plotis Nugaroje, juosmenyje \u012fsi\u016bta gumin\u0117 juostel\u0117 Kle\u0161ni\u0173 apa\u010dioje apsaugos nuo sniego Kle\u0161ni\u0173 apa\u010dios plotis reguliuojamas u\u017etrauktuku Vandeniui atsparios klijuotos si\u016bl\u0117s Vir\u0161utinis audinys su \u0161vies\u0105 atspindin\u010diomis detal\u0117mis\" \/>\n<meta property=\"og:url\" content=\"https:\/\/shop.huppa.eu\/lt\/product\/thor-80g-4\/\" \/>\n<meta property=\"og:site_name\" content=\"Huppa LT\" \/>\n<meta property=\"article:modified_time\" content=\"2026-04-16T04:01:10+00:00\" \/>\n<meta property=\"og:image\" content=\"https:\/\/huppashop-prod.s3.eu-north-1.amazonaws.com\/wp-content\/uploads\/sites\/5\/2025\/11\/24173020\/26538008-80066-THOR_f.jpg\" \/>\n\t<meta property=\"og:image:width\" content=\"1200\" \/>\n\t<meta property=\"og:image:height\" content=\"1200\" \/>\n\t<meta property=\"og:image:type\" content=\"image\/jpeg\" \/>\n<meta name=\"twitter:card\" content=\"summary_large_image\" \/>\n<script type=\"application\/ld+json\" class=\"yoast-schema-graph\">{\"@context\":\"https:\/\/schema.org\",\"@graph\":[{\"@type\":\"WebPage\",\"@id\":\"https:\/\/shop.huppa.eu\/lt\/product\/thor-80g-4\/\",\"url\":\"https:\/\/shop.huppa.eu\/lt\/product\/thor-80g-4\/\",\"name\":\"Men\u00b4s winter pants THOR (80g) - Huppa LT\",\"isPartOf\":{\"@id\":\"https:\/\/shop.huppa.eu\/lt\/#website\"},\"primaryImageOfPage\":{\"@id\":\"https:\/\/shop.huppa.eu\/lt\/product\/thor-80g-4\/#primaryimage\"},\"image\":{\"@id\":\"https:\/\/shop.huppa.eu\/lt\/product\/thor-80g-4\/#primaryimage\"},\"thumbnailUrl\":\"https:\/\/huppashop-prod.s3.eu-north-1.amazonaws.com\/wp-content\/uploads\/sites\/5\/2025\/11\/24173020\/26538008-80066-THOR_f.jpg\",\"datePublished\":\"2025-11-24T15:30:18+00:00\",\"dateModified\":\"2026-04-16T04:01:10+00:00\",\"breadcrumb\":{\"@id\":\"https:\/\/shop.huppa.eu\/lt\/product\/thor-80g-4\/#breadcrumb\"},\"inLanguage\":\"lt-LT\",\"potentialAction\":[{\"@type\":\"ReadAction\",\"target\":[\"https:\/\/shop.huppa.eu\/lt\/product\/thor-80g-4\/\"]}]},{\"@type\":\"ImageObject\",\"inLanguage\":\"lt-LT\",\"@id\":\"https:\/\/shop.huppa.eu\/lt\/product\/thor-80g-4\/#primaryimage\",\"url\":\"https:\/\/huppashop-prod.s3.eu-north-1.amazonaws.com\/wp-content\/uploads\/sites\/5\/2025\/11\/24173020\/26538008-80066-THOR_f.jpg\",\"contentUrl\":\"https:\/\/huppashop-prod.s3.eu-north-1.amazonaws.com\/wp-content\/uploads\/sites\/5\/2025\/11\/24173020\/26538008-80066-THOR_f.jpg\",\"width\":1200,\"height\":1200},{\"@type\":\"BreadcrumbList\",\"@id\":\"https:\/\/shop.huppa.eu\/lt\/product\/thor-80g-4\/#breadcrumb\",\"itemListElement\":[{\"@type\":\"ListItem\",\"position\":1,\"name\":\"Shop\",\"item\":\"https:\/\/shop.huppa.eu\/lt\/shop\/\"},{\"@type\":\"ListItem\",\"position\":2,\"name\":\"Men\u00b4s winter pants THOR (80g)\"}]},{\"@type\":\"WebSite\",\"@id\":\"https:\/\/shop.huppa.eu\/lt\/#website\",\"url\":\"https:\/\/shop.huppa.eu\/lt\/\",\"name\":\"Huppa LT\",\"description\":\"Huppa LT\",\"potentialAction\":[{\"@type\":\"SearchAction\",\"target\":{\"@type\":\"EntryPoint\",\"urlTemplate\":\"https:\/\/shop.huppa.eu\/lt\/?s={search_term_string}\"},\"query-input\":{\"@type\":\"PropertyValueSpecification\",\"valueRequired\":true,\"valueName\":\"search_term_string\"}}],\"inLanguage\":\"lt-LT\"}]}<\/script>\n<!-- \/ Yoast SEO plugin. -->","yoast_head_json":{"title":"Men\u00b4s winter pants THOR (80g) - Huppa LT","robots":{"index":"index","follow":"follow","max-snippet":"max-snippet:-1","max-image-preview":"max-image-preview:large","max-video-preview":"max-video-preview:-1"},"canonical":"https:\/\/shop.huppa.eu\/lt\/product\/thor-80g-4\/","og_locale":"lt_LT","og_type":"article","og_title":"Men\u00b4s winter pants THOR (80g) - Huppa LT","og_description":"Vyri\u0161kos neper\u0161lampamos ir neperpu\u010diamos keln\u0117s, 80 g pa\u0161iltinimas Orui laidi i\u0161orin\u0117 med\u017eiaga Kelni\u0173 vidin\u0117 pus\u0117 i\u0161 mink\u0161to pamu\u0161alinio audinio Reguliuojamas juosmens plotis Nugaroje, juosmenyje \u012fsi\u016bta gumin\u0117 juostel\u0117 Kle\u0161ni\u0173 apa\u010dioje apsaugos nuo sniego Kle\u0161ni\u0173 apa\u010dios plotis reguliuojamas u\u017etrauktuku Vandeniui atsparios klijuotos si\u016bl\u0117s Vir\u0161utinis audinys su \u0161vies\u0105 atspindin\u010diomis detal\u0117mis","og_url":"https:\/\/shop.huppa.eu\/lt\/product\/thor-80g-4\/","og_site_name":"Huppa LT","article_modified_time":"2026-04-16T04:01:10+00:00","og_image":[{"width":1200,"height":1200,"url":"https:\/\/huppashop-prod.s3.eu-north-1.amazonaws.com\/wp-content\/uploads\/sites\/5\/2025\/11\/24173020\/26538008-80066-THOR_f.jpg","type":"image\/jpeg"}],"twitter_card":"summary_large_image","schema":{"@context":"https:\/\/schema.org","@graph":[{"@type":"WebPage","@id":"https:\/\/shop.huppa.eu\/lt\/product\/thor-80g-4\/","url":"https:\/\/shop.huppa.eu\/lt\/product\/thor-80g-4\/","name":"Men\u00b4s winter pants THOR (80g) - Huppa LT","isPartOf":{"@id":"https:\/\/shop.huppa.eu\/lt\/#website"},"primaryImageOfPage":{"@id":"https:\/\/shop.huppa.eu\/lt\/product\/thor-80g-4\/#primaryimage"},"image":{"@id":"https:\/\/shop.huppa.eu\/lt\/product\/thor-80g-4\/#primaryimage"},"thumbnailUrl":"https:\/\/huppashop-prod.s3.eu-north-1.amazonaws.com\/wp-content\/uploads\/sites\/5\/2025\/11\/24173020\/26538008-80066-THOR_f.jpg","datePublished":"2025-11-24T15:30:18+00:00","dateModified":"2026-04-16T04:01:10+00:00","breadcrumb":{"@id":"https:\/\/shop.huppa.eu\/lt\/product\/thor-80g-4\/#breadcrumb"},"inLanguage":"lt-LT","potentialAction":[{"@type":"ReadAction","target":["https:\/\/shop.huppa.eu\/lt\/product\/thor-80g-4\/"]}]},{"@type":"ImageObject","inLanguage":"lt-LT","@id":"https:\/\/shop.huppa.eu\/lt\/product\/thor-80g-4\/#primaryimage","url":"https:\/\/huppashop-prod.s3.eu-north-1.amazonaws.com\/wp-content\/uploads\/sites\/5\/2025\/11\/24173020\/26538008-80066-THOR_f.jpg","contentUrl":"https:\/\/huppashop-prod.s3.eu-north-1.amazonaws.com\/wp-content\/uploads\/sites\/5\/2025\/11\/24173020\/26538008-80066-THOR_f.jpg","width":1200,"height":1200},{"@type":"BreadcrumbList","@id":"https:\/\/shop.huppa.eu\/lt\/product\/thor-80g-4\/#breadcrumb","itemListElement":[{"@type":"ListItem","position":1,"name":"Shop","item":"https:\/\/shop.huppa.eu\/lt\/shop\/"},{"@type":"ListItem","position":2,"name":"Men\u00b4s winter pants THOR (80g)"}]},{"@type":"WebSite","@id":"https:\/\/shop.huppa.eu\/lt\/#website","url":"https:\/\/shop.huppa.eu\/lt\/","name":"Huppa LT","description":"Huppa LT","potentialAction":[{"@type":"SearchAction","target":{"@type":"EntryPoint","urlTemplate":"https:\/\/shop.huppa.eu\/lt\/?s={search_term_string}"},"query-input":{"@type":"PropertyValueSpecification","valueRequired":true,"valueName":"search_term_string"}}],"inLanguage":"lt-LT"}]}},"_links":{"self":[{"href":"https:\/\/shop.huppa.eu\/lt\/wp-json\/wp\/v2\/product\/519227","targetHints":{"allow":["GET"]}}],"collection":[{"href":"https:\/\/shop.huppa.eu\/lt\/wp-json\/wp\/v2\/product"}],"about":[{"href":"https:\/\/shop.huppa.eu\/lt\/wp-json\/wp\/v2\/types\/product"}],"wp:featuredmedia":[{"embeddable":true,"href":"https:\/\/shop.huppa.eu\/lt\/wp-json\/wp\/v2\/media\/519232"}],"wp:attachment":[{"href":"https:\/\/shop.huppa.eu\/lt\/wp-json\/wp\/v2\/media?parent=519227"}],"wp:term":[{"taxonomy":"product_brand","embeddable":true,"href":"https:\/\/shop.huppa.eu\/lt\/wp-json\/wp\/v2\/product_brand?post=519227"},{"taxonomy":"product_cat","embeddable":true,"href":"https:\/\/shop.huppa.eu\/lt\/wp-json\/wp\/v2\/product_cat?post=519227"},{"taxonomy":"product_tag","embeddable":true,"href":"https:\/\/shop.huppa.eu\/lt\/wp-json\/wp\/v2\/product_tag?post=519227"}],"curies":[{"name":"wp","href":"https:\/\/api.w.org\/{rel}","templated":true}]}}