{"id":519440,"date":"2025-11-24T17:34:20","date_gmt":"2025-11-24T15:34:20","guid":{"rendered":"https:\/\/shop.huppa.eu\/lt\/product\/arianna-300g-4\/"},"modified":"2026-04-16T06:05:06","modified_gmt":"2026-04-16T04:05:06","slug":"arianna-300g-4","status":"publish","type":"product","link":"https:\/\/shop.huppa.eu\/lt\/product\/arianna-300g-4\/","title":{"rendered":"Vaik\u0173 \u017eieminis kombinezonas ARIANNA (300g)"},"content":{"rendered":"<p>Vaik\u0173 \u017eiemos kombinezonas. Kombinezonas turi mink\u0161t\u0105 medviln\u0117s flanel\u0117s pamu\u0161al\u0105 ir kv\u0117puojant\u012f bei nepralaid\u0173 vandeniui i\u0161orin\u012f audin\u012f, kuris puikiai tinka m\u016bs\u0173 klimatui. Lengva aprengti ma\u017eyl\u012f d\u0117l dviej\u0173 viso ilgio u\u017etrauktuk\u0173. Klijuotos s\u0117dyn\u0117s ir \u0161on\u0173 si\u016bl\u0117s leid\u017eia ma\u017eyliui veikti ner\u016bpestingai ir kartu m\u0117gautis sausu ir \u0161iltu jausmu. M\u0117gstamiausias ma\u017eyli\u0173 kombinezonas turi nusegam\u0105 kailinio kapi\u0161on\u0105, ki\u0161en\u0119 skan\u0117stams laikyti ir silikonin\u0119 gum\u0105 po padu. Iki 86 dyd\u017eio rankovi\u0173 galus galima keliais judesiais u\u017elenkti ir pir\u0161tini\u0173 nereikia.<\/p>\n","protected":false},"excerpt":{"rendered":"<p>Vaik\u0173 \u017eiemos kombinezonas. Kombinezonas turi mink\u0161t\u0105 medviln\u0117s flanel\u0117s pamu\u0161al\u0105 ir kv\u0117puojant\u012f bei nepralaid\u0173 vandeniui i\u0161orin\u012f audin\u012f, kuris puikiai tinka m\u016bs\u0173 klimatui. Lengva aprengti ma\u017eyl\u012f d\u0117l dviej\u0173 viso ilgio u\u017etrauktuk\u0173. Klijuotos s\u0117dyn\u0117s ir \u0161on\u0173 si\u016bl\u0117s leid\u017eia ma\u017eyliui veikti ner\u016bpestingai ir kartu m\u0117gautis sausu ir \u0161iltu jausmu. M\u0117gstamiausias ma\u017eyli\u0173 kombinezonas turi nusegam\u0105 kailinio kapi\u0161on\u0105, ki\u0161en\u0119 skan\u0117stams laikyti [&hellip;]<\/p>\n","protected":false},"featured_media":519443,"template":"","meta":{"_acf_changed":false},"product_brand":[],"product_cat":[1160,1163,1170,102,19],"product_tag":[],"class_list":{"0":"post-519440","1":"product","2":"type-product","3":"status-publish","4":"has-post-thumbnail","6":"product_cat-kombinezonai","7":"product_cat-kombinezonai-vaikai","8":"product_cat-kombinezonai-mergaiciu","9":"product_cat-mergaiciu","10":"product_cat-vaikai","11":"pa_amzius-vaikai","12":"pa_atsparumas-vandeniui-5000mm","13":"pa_dydis-406","14":"pa_dydis-411","15":"pa_izoliacijos-svoris-300g","16":"pa_kolekcija-nr-w14-15","17":"pa_kolekcijos-dalis-fashion","18":"pa_lytis-mergaiciu","19":"pa_oro-pralaidumas-5000g-m-24h","20":"pa_prekes-artikulas-3182cw14-262","21":"pa_uzpildas-300g","23":"first","24":"instock","25":"sale","26":"taxable","27":"shipping-taxable","28":"purchasable","29":"product-type-variable"},"acf":[],"yoast_head":"<!-- This site is optimized with the Yoast SEO plugin v26.8 - https:\/\/yoast.com\/product\/yoast-seo-wordpress\/ -->\n<title>Vaik\u0173 \u017eieminis kombinezonas ARIANNA (300g) - Huppa LT<\/title>\n<meta name=\"robots\" content=\"index, follow, max-snippet:-1, max-image-preview:large, max-video-preview:-1\" \/>\n<link rel=\"canonical\" href=\"https:\/\/shop.huppa.eu\/lt\/product\/arianna-300g-4\/\" \/>\n<meta property=\"og:locale\" content=\"lt_LT\" \/>\n<meta property=\"og:type\" content=\"article\" \/>\n<meta property=\"og:title\" content=\"Vaik\u0173 \u017eieminis kombinezonas ARIANNA (300g) - Huppa LT\" \/>\n<meta property=\"og:description\" content=\"Vaik\u0173 \u017eiemos kombinezonas. Kombinezonas turi mink\u0161t\u0105 medviln\u0117s flanel\u0117s pamu\u0161al\u0105 ir kv\u0117puojant\u012f bei nepralaid\u0173 vandeniui i\u0161orin\u012f audin\u012f, kuris puikiai tinka m\u016bs\u0173 klimatui. Lengva aprengti ma\u017eyl\u012f d\u0117l dviej\u0173 viso ilgio u\u017etrauktuk\u0173. Klijuotos s\u0117dyn\u0117s ir \u0161on\u0173 si\u016bl\u0117s leid\u017eia ma\u017eyliui veikti ner\u016bpestingai ir kartu m\u0117gautis sausu ir \u0161iltu jausmu. M\u0117gstamiausias ma\u017eyli\u0173 kombinezonas turi nusegam\u0105 kailinio kapi\u0161on\u0105, ki\u0161en\u0119 skan\u0117stams laikyti [&hellip;]\" \/>\n<meta property=\"og:url\" content=\"https:\/\/shop.huppa.eu\/lt\/product\/arianna-300g-4\/\" \/>\n<meta property=\"og:site_name\" content=\"Huppa LT\" \/>\n<meta property=\"article:modified_time\" content=\"2026-04-16T04:05:06+00:00\" \/>\n<meta property=\"og:image\" content=\"https:\/\/huppashop-prod.s3.eu-north-1.amazonaws.com\/wp-content\/uploads\/sites\/5\/2025\/11\/24173422\/3182CW14-262-ARIANNAf.jpg\" \/>\n\t<meta property=\"og:image:width\" content=\"800\" \/>\n\t<meta property=\"og:image:height\" content=\"800\" \/>\n\t<meta property=\"og:image:type\" content=\"image\/jpeg\" \/>\n<meta name=\"twitter:card\" content=\"summary_large_image\" \/>\n<script type=\"application\/ld+json\" class=\"yoast-schema-graph\">{\"@context\":\"https:\/\/schema.org\",\"@graph\":[{\"@type\":\"WebPage\",\"@id\":\"https:\/\/shop.huppa.eu\/lt\/product\/arianna-300g-4\/\",\"url\":\"https:\/\/shop.huppa.eu\/lt\/product\/arianna-300g-4\/\",\"name\":\"Vaik\u0173 \u017eieminis kombinezonas ARIANNA (300g) - Huppa LT\",\"isPartOf\":{\"@id\":\"https:\/\/shop.huppa.eu\/lt\/#website\"},\"primaryImageOfPage\":{\"@id\":\"https:\/\/shop.huppa.eu\/lt\/product\/arianna-300g-4\/#primaryimage\"},\"image\":{\"@id\":\"https:\/\/shop.huppa.eu\/lt\/product\/arianna-300g-4\/#primaryimage\"},\"thumbnailUrl\":\"https:\/\/huppashop-prod.s3.eu-north-1.amazonaws.com\/wp-content\/uploads\/sites\/5\/2025\/11\/24173422\/3182CW14-262-ARIANNAf.jpg\",\"datePublished\":\"2025-11-24T15:34:20+00:00\",\"dateModified\":\"2026-04-16T04:05:06+00:00\",\"breadcrumb\":{\"@id\":\"https:\/\/shop.huppa.eu\/lt\/product\/arianna-300g-4\/#breadcrumb\"},\"inLanguage\":\"lt-LT\",\"potentialAction\":[{\"@type\":\"ReadAction\",\"target\":[\"https:\/\/shop.huppa.eu\/lt\/product\/arianna-300g-4\/\"]}]},{\"@type\":\"ImageObject\",\"inLanguage\":\"lt-LT\",\"@id\":\"https:\/\/shop.huppa.eu\/lt\/product\/arianna-300g-4\/#primaryimage\",\"url\":\"https:\/\/huppashop-prod.s3.eu-north-1.amazonaws.com\/wp-content\/uploads\/sites\/5\/2025\/11\/24173422\/3182CW14-262-ARIANNAf.jpg\",\"contentUrl\":\"https:\/\/huppashop-prod.s3.eu-north-1.amazonaws.com\/wp-content\/uploads\/sites\/5\/2025\/11\/24173422\/3182CW14-262-ARIANNAf.jpg\",\"width\":800,\"height\":800},{\"@type\":\"BreadcrumbList\",\"@id\":\"https:\/\/shop.huppa.eu\/lt\/product\/arianna-300g-4\/#breadcrumb\",\"itemListElement\":[{\"@type\":\"ListItem\",\"position\":1,\"name\":\"Shop\",\"item\":\"https:\/\/shop.huppa.eu\/lt\/shop\/\"},{\"@type\":\"ListItem\",\"position\":2,\"name\":\"Vaik\u0173 \u017eieminis kombinezonas ARIANNA (300g)\"}]},{\"@type\":\"WebSite\",\"@id\":\"https:\/\/shop.huppa.eu\/lt\/#website\",\"url\":\"https:\/\/shop.huppa.eu\/lt\/\",\"name\":\"Huppa LT\",\"description\":\"Huppa LT\",\"potentialAction\":[{\"@type\":\"SearchAction\",\"target\":{\"@type\":\"EntryPoint\",\"urlTemplate\":\"https:\/\/shop.huppa.eu\/lt\/?s={search_term_string}\"},\"query-input\":{\"@type\":\"PropertyValueSpecification\",\"valueRequired\":true,\"valueName\":\"search_term_string\"}}],\"inLanguage\":\"lt-LT\"}]}<\/script>\n<!-- \/ Yoast SEO plugin. -->","yoast_head_json":{"title":"Vaik\u0173 \u017eieminis kombinezonas ARIANNA (300g) - Huppa LT","robots":{"index":"index","follow":"follow","max-snippet":"max-snippet:-1","max-image-preview":"max-image-preview:large","max-video-preview":"max-video-preview:-1"},"canonical":"https:\/\/shop.huppa.eu\/lt\/product\/arianna-300g-4\/","og_locale":"lt_LT","og_type":"article","og_title":"Vaik\u0173 \u017eieminis kombinezonas ARIANNA (300g) - Huppa LT","og_description":"Vaik\u0173 \u017eiemos kombinezonas. Kombinezonas turi mink\u0161t\u0105 medviln\u0117s flanel\u0117s pamu\u0161al\u0105 ir kv\u0117puojant\u012f bei nepralaid\u0173 vandeniui i\u0161orin\u012f audin\u012f, kuris puikiai tinka m\u016bs\u0173 klimatui. Lengva aprengti ma\u017eyl\u012f d\u0117l dviej\u0173 viso ilgio u\u017etrauktuk\u0173. Klijuotos s\u0117dyn\u0117s ir \u0161on\u0173 si\u016bl\u0117s leid\u017eia ma\u017eyliui veikti ner\u016bpestingai ir kartu m\u0117gautis sausu ir \u0161iltu jausmu. M\u0117gstamiausias ma\u017eyli\u0173 kombinezonas turi nusegam\u0105 kailinio kapi\u0161on\u0105, ki\u0161en\u0119 skan\u0117stams laikyti [&hellip;]","og_url":"https:\/\/shop.huppa.eu\/lt\/product\/arianna-300g-4\/","og_site_name":"Huppa LT","article_modified_time":"2026-04-16T04:05:06+00:00","og_image":[{"width":800,"height":800,"url":"https:\/\/huppashop-prod.s3.eu-north-1.amazonaws.com\/wp-content\/uploads\/sites\/5\/2025\/11\/24173422\/3182CW14-262-ARIANNAf.jpg","type":"image\/jpeg"}],"twitter_card":"summary_large_image","schema":{"@context":"https:\/\/schema.org","@graph":[{"@type":"WebPage","@id":"https:\/\/shop.huppa.eu\/lt\/product\/arianna-300g-4\/","url":"https:\/\/shop.huppa.eu\/lt\/product\/arianna-300g-4\/","name":"Vaik\u0173 \u017eieminis kombinezonas ARIANNA (300g) - Huppa LT","isPartOf":{"@id":"https:\/\/shop.huppa.eu\/lt\/#website"},"primaryImageOfPage":{"@id":"https:\/\/shop.huppa.eu\/lt\/product\/arianna-300g-4\/#primaryimage"},"image":{"@id":"https:\/\/shop.huppa.eu\/lt\/product\/arianna-300g-4\/#primaryimage"},"thumbnailUrl":"https:\/\/huppashop-prod.s3.eu-north-1.amazonaws.com\/wp-content\/uploads\/sites\/5\/2025\/11\/24173422\/3182CW14-262-ARIANNAf.jpg","datePublished":"2025-11-24T15:34:20+00:00","dateModified":"2026-04-16T04:05:06+00:00","breadcrumb":{"@id":"https:\/\/shop.huppa.eu\/lt\/product\/arianna-300g-4\/#breadcrumb"},"inLanguage":"lt-LT","potentialAction":[{"@type":"ReadAction","target":["https:\/\/shop.huppa.eu\/lt\/product\/arianna-300g-4\/"]}]},{"@type":"ImageObject","inLanguage":"lt-LT","@id":"https:\/\/shop.huppa.eu\/lt\/product\/arianna-300g-4\/#primaryimage","url":"https:\/\/huppashop-prod.s3.eu-north-1.amazonaws.com\/wp-content\/uploads\/sites\/5\/2025\/11\/24173422\/3182CW14-262-ARIANNAf.jpg","contentUrl":"https:\/\/huppashop-prod.s3.eu-north-1.amazonaws.com\/wp-content\/uploads\/sites\/5\/2025\/11\/24173422\/3182CW14-262-ARIANNAf.jpg","width":800,"height":800},{"@type":"BreadcrumbList","@id":"https:\/\/shop.huppa.eu\/lt\/product\/arianna-300g-4\/#breadcrumb","itemListElement":[{"@type":"ListItem","position":1,"name":"Shop","item":"https:\/\/shop.huppa.eu\/lt\/shop\/"},{"@type":"ListItem","position":2,"name":"Vaik\u0173 \u017eieminis kombinezonas ARIANNA (300g)"}]},{"@type":"WebSite","@id":"https:\/\/shop.huppa.eu\/lt\/#website","url":"https:\/\/shop.huppa.eu\/lt\/","name":"Huppa LT","description":"Huppa LT","potentialAction":[{"@type":"SearchAction","target":{"@type":"EntryPoint","urlTemplate":"https:\/\/shop.huppa.eu\/lt\/?s={search_term_string}"},"query-input":{"@type":"PropertyValueSpecification","valueRequired":true,"valueName":"search_term_string"}}],"inLanguage":"lt-LT"}]}},"_links":{"self":[{"href":"https:\/\/shop.huppa.eu\/lt\/wp-json\/wp\/v2\/product\/519440","targetHints":{"allow":["GET"]}}],"collection":[{"href":"https:\/\/shop.huppa.eu\/lt\/wp-json\/wp\/v2\/product"}],"about":[{"href":"https:\/\/shop.huppa.eu\/lt\/wp-json\/wp\/v2\/types\/product"}],"wp:featuredmedia":[{"embeddable":true,"href":"https:\/\/shop.huppa.eu\/lt\/wp-json\/wp\/v2\/media\/519443"}],"wp:attachment":[{"href":"https:\/\/shop.huppa.eu\/lt\/wp-json\/wp\/v2\/media?parent=519440"}],"wp:term":[{"taxonomy":"product_brand","embeddable":true,"href":"https:\/\/shop.huppa.eu\/lt\/wp-json\/wp\/v2\/product_brand?post=519440"},{"taxonomy":"product_cat","embeddable":true,"href":"https:\/\/shop.huppa.eu\/lt\/wp-json\/wp\/v2\/product_cat?post=519440"},{"taxonomy":"product_tag","embeddable":true,"href":"https:\/\/shop.huppa.eu\/lt\/wp-json\/wp\/v2\/product_tag?post=519440"}],"curies":[{"name":"wp","href":"https:\/\/api.w.org\/{rel}","templated":true}]}}