{"id":519452,"date":"2025-11-24T17:34:35","date_gmt":"2025-11-24T15:34:35","guid":{"rendered":"https:\/\/shop.huppa.eu\/lt\/product\/adelle-300g\/"},"modified":"2026-04-16T06:05:06","modified_gmt":"2026-04-16T04:05:06","slug":"adelle-300g","status":"publish","type":"product","link":"https:\/\/shop.huppa.eu\/lt\/product\/adelle-300g\/","title":{"rendered":"Kombinezonas ADELLE (300g)"},"content":{"rendered":"<p>Vaiki\u0161kas \u017eieminis kombinezonas su 300g pa\u0161iltinimu. Kombinezonas turi mink\u0161t\u0105 medvilnin\u012f flanel\u0117s pamu\u0161al\u0105 ir kv\u0117puojant\u012f, vandeniui atspar\u0173 vir\u0161utin\u012f audin\u012f, puikiai tinkant\u012f m\u016bs\u0173 klimatui. Lengva aprengti vaik\u0105 d\u0117l dviej\u0173 pilno ilgio u\u017etrauktuk\u0173. Klijuotos s\u0117dimosios ir \u0161onin\u0117s si\u016bl\u0117s leid\u017eia ma\u017eyliui laisvai jud\u0117ti, i\u0161liekant sausam ir \u0161iltam. M\u0117gstamas ma\u017eyli\u0173 kombinezonas turi nuimam\u0105 kailin\u012f gobtuv\u0105, ki\u0161en\u0119 skan\u0117stams laikyti ir silikonin\u0119 juostel\u0119 po padu. Iki 86 dyd\u017eio rankovi\u0173 galus galima lengvai atlenkti, tod\u0117l nereikia pir\u0161tini\u0173.<\/p>\n","protected":false},"excerpt":{"rendered":"<p>Vaiki\u0161kas \u017eieminis kombinezonas su 300g pa\u0161iltinimu. Kombinezonas turi mink\u0161t\u0105 medvilnin\u012f flanel\u0117s pamu\u0161al\u0105 ir kv\u0117puojant\u012f, vandeniui atspar\u0173 vir\u0161utin\u012f audin\u012f, puikiai tinkant\u012f m\u016bs\u0173 klimatui. Lengva aprengti vaik\u0105 d\u0117l dviej\u0173 pilno ilgio u\u017etrauktuk\u0173. Klijuotos s\u0117dimosios ir \u0161onin\u0117s si\u016bl\u0117s leid\u017eia ma\u017eyliui laisvai jud\u0117ti, i\u0161liekant sausam ir \u0161iltam. M\u0117gstamas ma\u017eyli\u0173 kombinezonas turi nuimam\u0105 kailin\u012f gobtuv\u0105, ki\u0161en\u0119 skan\u0117stams laikyti ir silikonin\u0119 [&hellip;]<\/p>\n","protected":false},"featured_media":493170,"template":"","meta":{"_acf_changed":false},"product_brand":[],"product_cat":[6709,1160,1163,1170,102,6643,19],"product_tag":[],"class_list":{"0":"post-519452","1":"product","2":"type-product","3":"status-publish","4":"has-post-thumbnail","6":"product_cat-kombinezonai-sale","7":"product_cat-kombinezonai","8":"product_cat-kombinezonai-vaikai","9":"product_cat-kombinezonai-mergaiciu","10":"product_cat-mergaiciu","11":"product_cat-sale","12":"product_cat-vaikai","13":"pa_amzius-vaikai","14":"pa_atsparumas-vandeniui-5000mm","15":"pa_dydis-406","16":"pa_dydis-411","17":"pa_dydis-412","18":"pa_izoliacijos-svoris-300g","19":"pa_kolekcija-nr-w14-15","20":"pa_kolekcijos-dalis-fashion","21":"pa_lytis-mergaiciu","22":"pa_oro-pralaidumas-5000g-m-24h","23":"pa_prekes-artikulas-3183aw14-033","24":"pa_sale-yes","25":"pa_uzpildas-300g","27":"first","28":"instock","29":"sale","30":"taxable","31":"shipping-taxable","32":"purchasable","33":"product-type-variable"},"acf":[],"yoast_head":"<!-- This site is optimized with the Yoast SEO plugin v26.8 - https:\/\/yoast.com\/product\/yoast-seo-wordpress\/ -->\n<title>Kombinezonas ADELLE (300g) - Huppa LT<\/title>\n<meta name=\"robots\" content=\"index, follow, max-snippet:-1, max-image-preview:large, max-video-preview:-1\" \/>\n<link rel=\"canonical\" href=\"https:\/\/shop.huppa.eu\/lt\/product\/adelle-300g\/\" \/>\n<meta property=\"og:locale\" content=\"lt_LT\" \/>\n<meta property=\"og:type\" content=\"article\" \/>\n<meta property=\"og:title\" content=\"Kombinezonas ADELLE (300g) - Huppa LT\" \/>\n<meta property=\"og:description\" content=\"Vaiki\u0161kas \u017eieminis kombinezonas su 300g pa\u0161iltinimu. Kombinezonas turi mink\u0161t\u0105 medvilnin\u012f flanel\u0117s pamu\u0161al\u0105 ir kv\u0117puojant\u012f, vandeniui atspar\u0173 vir\u0161utin\u012f audin\u012f, puikiai tinkant\u012f m\u016bs\u0173 klimatui. Lengva aprengti vaik\u0105 d\u0117l dviej\u0173 pilno ilgio u\u017etrauktuk\u0173. Klijuotos s\u0117dimosios ir \u0161onin\u0117s si\u016bl\u0117s leid\u017eia ma\u017eyliui laisvai jud\u0117ti, i\u0161liekant sausam ir \u0161iltam. M\u0117gstamas ma\u017eyli\u0173 kombinezonas turi nuimam\u0105 kailin\u012f gobtuv\u0105, ki\u0161en\u0119 skan\u0117stams laikyti ir silikonin\u0119 [&hellip;]\" \/>\n<meta property=\"og:url\" content=\"https:\/\/shop.huppa.eu\/lt\/product\/adelle-300g\/\" \/>\n<meta property=\"og:site_name\" content=\"Huppa LT\" \/>\n<meta property=\"article:modified_time\" content=\"2026-04-16T04:05:06+00:00\" \/>\n<meta property=\"og:image\" content=\"https:\/\/huppashop-prod.s3.eu-north-1.amazonaws.com\/wp-content\/uploads\/sites\/5\/2023\/03\/03030632\/ADELLE-3183AW14-033.jpg\" \/>\n\t<meta property=\"og:image:width\" content=\"800\" \/>\n\t<meta property=\"og:image:height\" content=\"800\" \/>\n\t<meta property=\"og:image:type\" content=\"image\/jpeg\" \/>\n<meta name=\"twitter:card\" content=\"summary_large_image\" \/>\n<script type=\"application\/ld+json\" class=\"yoast-schema-graph\">{\"@context\":\"https:\/\/schema.org\",\"@graph\":[{\"@type\":\"WebPage\",\"@id\":\"https:\/\/shop.huppa.eu\/lt\/product\/adelle-300g\/\",\"url\":\"https:\/\/shop.huppa.eu\/lt\/product\/adelle-300g\/\",\"name\":\"Kombinezonas ADELLE (300g) - Huppa LT\",\"isPartOf\":{\"@id\":\"https:\/\/shop.huppa.eu\/lt\/#website\"},\"primaryImageOfPage\":{\"@id\":\"https:\/\/shop.huppa.eu\/lt\/product\/adelle-300g\/#primaryimage\"},\"image\":{\"@id\":\"https:\/\/shop.huppa.eu\/lt\/product\/adelle-300g\/#primaryimage\"},\"thumbnailUrl\":\"https:\/\/huppashop-prod.s3.eu-north-1.amazonaws.com\/wp-content\/uploads\/sites\/5\/2023\/03\/03030632\/ADELLE-3183AW14-033.jpg\",\"datePublished\":\"2025-11-24T15:34:35+00:00\",\"dateModified\":\"2026-04-16T04:05:06+00:00\",\"breadcrumb\":{\"@id\":\"https:\/\/shop.huppa.eu\/lt\/product\/adelle-300g\/#breadcrumb\"},\"inLanguage\":\"lt-LT\",\"potentialAction\":[{\"@type\":\"ReadAction\",\"target\":[\"https:\/\/shop.huppa.eu\/lt\/product\/adelle-300g\/\"]}]},{\"@type\":\"ImageObject\",\"inLanguage\":\"lt-LT\",\"@id\":\"https:\/\/shop.huppa.eu\/lt\/product\/adelle-300g\/#primaryimage\",\"url\":\"https:\/\/huppashop-prod.s3.eu-north-1.amazonaws.com\/wp-content\/uploads\/sites\/5\/2023\/03\/03030632\/ADELLE-3183AW14-033.jpg\",\"contentUrl\":\"https:\/\/huppashop-prod.s3.eu-north-1.amazonaws.com\/wp-content\/uploads\/sites\/5\/2023\/03\/03030632\/ADELLE-3183AW14-033.jpg\",\"width\":800,\"height\":800},{\"@type\":\"BreadcrumbList\",\"@id\":\"https:\/\/shop.huppa.eu\/lt\/product\/adelle-300g\/#breadcrumb\",\"itemListElement\":[{\"@type\":\"ListItem\",\"position\":1,\"name\":\"Shop\",\"item\":\"https:\/\/shop.huppa.eu\/lt\/shop\/\"},{\"@type\":\"ListItem\",\"position\":2,\"name\":\"Kombinezonas ADELLE (300g)\"}]},{\"@type\":\"WebSite\",\"@id\":\"https:\/\/shop.huppa.eu\/lt\/#website\",\"url\":\"https:\/\/shop.huppa.eu\/lt\/\",\"name\":\"Huppa LT\",\"description\":\"Huppa LT\",\"potentialAction\":[{\"@type\":\"SearchAction\",\"target\":{\"@type\":\"EntryPoint\",\"urlTemplate\":\"https:\/\/shop.huppa.eu\/lt\/?s={search_term_string}\"},\"query-input\":{\"@type\":\"PropertyValueSpecification\",\"valueRequired\":true,\"valueName\":\"search_term_string\"}}],\"inLanguage\":\"lt-LT\"}]}<\/script>\n<!-- \/ Yoast SEO plugin. -->","yoast_head_json":{"title":"Kombinezonas ADELLE (300g) - Huppa LT","robots":{"index":"index","follow":"follow","max-snippet":"max-snippet:-1","max-image-preview":"max-image-preview:large","max-video-preview":"max-video-preview:-1"},"canonical":"https:\/\/shop.huppa.eu\/lt\/product\/adelle-300g\/","og_locale":"lt_LT","og_type":"article","og_title":"Kombinezonas ADELLE (300g) - Huppa LT","og_description":"Vaiki\u0161kas \u017eieminis kombinezonas su 300g pa\u0161iltinimu. Kombinezonas turi mink\u0161t\u0105 medvilnin\u012f flanel\u0117s pamu\u0161al\u0105 ir kv\u0117puojant\u012f, vandeniui atspar\u0173 vir\u0161utin\u012f audin\u012f, puikiai tinkant\u012f m\u016bs\u0173 klimatui. Lengva aprengti vaik\u0105 d\u0117l dviej\u0173 pilno ilgio u\u017etrauktuk\u0173. Klijuotos s\u0117dimosios ir \u0161onin\u0117s si\u016bl\u0117s leid\u017eia ma\u017eyliui laisvai jud\u0117ti, i\u0161liekant sausam ir \u0161iltam. M\u0117gstamas ma\u017eyli\u0173 kombinezonas turi nuimam\u0105 kailin\u012f gobtuv\u0105, ki\u0161en\u0119 skan\u0117stams laikyti ir silikonin\u0119 [&hellip;]","og_url":"https:\/\/shop.huppa.eu\/lt\/product\/adelle-300g\/","og_site_name":"Huppa LT","article_modified_time":"2026-04-16T04:05:06+00:00","og_image":[{"width":800,"height":800,"url":"https:\/\/huppashop-prod.s3.eu-north-1.amazonaws.com\/wp-content\/uploads\/sites\/5\/2023\/03\/03030632\/ADELLE-3183AW14-033.jpg","type":"image\/jpeg"}],"twitter_card":"summary_large_image","schema":{"@context":"https:\/\/schema.org","@graph":[{"@type":"WebPage","@id":"https:\/\/shop.huppa.eu\/lt\/product\/adelle-300g\/","url":"https:\/\/shop.huppa.eu\/lt\/product\/adelle-300g\/","name":"Kombinezonas ADELLE (300g) - Huppa LT","isPartOf":{"@id":"https:\/\/shop.huppa.eu\/lt\/#website"},"primaryImageOfPage":{"@id":"https:\/\/shop.huppa.eu\/lt\/product\/adelle-300g\/#primaryimage"},"image":{"@id":"https:\/\/shop.huppa.eu\/lt\/product\/adelle-300g\/#primaryimage"},"thumbnailUrl":"https:\/\/huppashop-prod.s3.eu-north-1.amazonaws.com\/wp-content\/uploads\/sites\/5\/2023\/03\/03030632\/ADELLE-3183AW14-033.jpg","datePublished":"2025-11-24T15:34:35+00:00","dateModified":"2026-04-16T04:05:06+00:00","breadcrumb":{"@id":"https:\/\/shop.huppa.eu\/lt\/product\/adelle-300g\/#breadcrumb"},"inLanguage":"lt-LT","potentialAction":[{"@type":"ReadAction","target":["https:\/\/shop.huppa.eu\/lt\/product\/adelle-300g\/"]}]},{"@type":"ImageObject","inLanguage":"lt-LT","@id":"https:\/\/shop.huppa.eu\/lt\/product\/adelle-300g\/#primaryimage","url":"https:\/\/huppashop-prod.s3.eu-north-1.amazonaws.com\/wp-content\/uploads\/sites\/5\/2023\/03\/03030632\/ADELLE-3183AW14-033.jpg","contentUrl":"https:\/\/huppashop-prod.s3.eu-north-1.amazonaws.com\/wp-content\/uploads\/sites\/5\/2023\/03\/03030632\/ADELLE-3183AW14-033.jpg","width":800,"height":800},{"@type":"BreadcrumbList","@id":"https:\/\/shop.huppa.eu\/lt\/product\/adelle-300g\/#breadcrumb","itemListElement":[{"@type":"ListItem","position":1,"name":"Shop","item":"https:\/\/shop.huppa.eu\/lt\/shop\/"},{"@type":"ListItem","position":2,"name":"Kombinezonas ADELLE (300g)"}]},{"@type":"WebSite","@id":"https:\/\/shop.huppa.eu\/lt\/#website","url":"https:\/\/shop.huppa.eu\/lt\/","name":"Huppa LT","description":"Huppa LT","potentialAction":[{"@type":"SearchAction","target":{"@type":"EntryPoint","urlTemplate":"https:\/\/shop.huppa.eu\/lt\/?s={search_term_string}"},"query-input":{"@type":"PropertyValueSpecification","valueRequired":true,"valueName":"search_term_string"}}],"inLanguage":"lt-LT"}]}},"_links":{"self":[{"href":"https:\/\/shop.huppa.eu\/lt\/wp-json\/wp\/v2\/product\/519452","targetHints":{"allow":["GET"]}}],"collection":[{"href":"https:\/\/shop.huppa.eu\/lt\/wp-json\/wp\/v2\/product"}],"about":[{"href":"https:\/\/shop.huppa.eu\/lt\/wp-json\/wp\/v2\/types\/product"}],"wp:featuredmedia":[{"embeddable":true,"href":"https:\/\/shop.huppa.eu\/lt\/wp-json\/wp\/v2\/media\/493170"}],"wp:attachment":[{"href":"https:\/\/shop.huppa.eu\/lt\/wp-json\/wp\/v2\/media?parent=519452"}],"wp:term":[{"taxonomy":"product_brand","embeddable":true,"href":"https:\/\/shop.huppa.eu\/lt\/wp-json\/wp\/v2\/product_brand?post=519452"},{"taxonomy":"product_cat","embeddable":true,"href":"https:\/\/shop.huppa.eu\/lt\/wp-json\/wp\/v2\/product_cat?post=519452"},{"taxonomy":"product_tag","embeddable":true,"href":"https:\/\/shop.huppa.eu\/lt\/wp-json\/wp\/v2\/product_tag?post=519452"}],"curies":[{"name":"wp","href":"https:\/\/api.w.org\/{rel}","templated":true}]}}