{"id":519466,"date":"2025-11-24T17:34:49","date_gmt":"2025-11-24T15:34:49","guid":{"rendered":"https:\/\/shop.huppa.eu\/lt\/product\/renny-300g\/"},"modified":"2026-04-16T06:05:07","modified_gmt":"2026-04-16T04:05:07","slug":"renny-300g","status":"publish","type":"product","link":"https:\/\/shop.huppa.eu\/lt\/product\/renny-300g\/","title":{"rendered":"Berniuk\u0173 \u017eieminis kombinezonas RENNY (300g)"},"content":{"rendered":"<p>Ma\u017eyli\u0173 \u017eiemos kombinezonas su v\u0117jui ir vandeniui atspariu audiniu. Kombinezonas turi medviln\u0117s flanel\u0117s pamu\u0161al\u0105. Du viso ilgio u\u017etrauktukai. U\u017eklijuoti s\u0117dmen\u0173 ir \u0161oniniai si\u016bl\u0117s. Nuimamas gobtuvas. Silikonin\u0117 guma po padu. Iki 86 dyd\u017eio rankovi\u0173 galus galima u\u017eraitoti, tod\u0117l pir\u0161tini\u0173 nereikia.<\/p>\n","protected":false},"excerpt":{"rendered":"<p>Ma\u017eyli\u0173 \u017eiemos kombinezonas su v\u0117jui ir vandeniui atspariu audiniu. Kombinezonas turi medviln\u0117s flanel\u0117s pamu\u0161al\u0105. Du viso ilgio u\u017etrauktukai. U\u017eklijuoti s\u0117dmen\u0173 ir \u0161oniniai si\u016bl\u0117s. Nuimamas gobtuvas. Silikonin\u0117 guma po padu. Iki 86 dyd\u017eio rankovi\u0173 galus galima u\u017eraitoti, tod\u0117l pir\u0161tini\u0173 nereikia.<\/p>\n","protected":false},"featured_media":519468,"template":"","meta":{"_acf_changed":false},"product_brand":[],"product_cat":[90,1160,1163,1164,19],"product_tag":[],"class_list":{"0":"post-519466","1":"product","2":"type-product","3":"status-publish","4":"has-post-thumbnail","6":"product_cat-berniuku","7":"product_cat-kombinezonai","8":"product_cat-kombinezonai-vaikai","9":"product_cat-kombinezonai-berniuku","10":"product_cat-vaikai","11":"pa_amzius-vaikai","12":"pa_atsparumas-vandeniui-10000mm","13":"pa_dydis-406","14":"pa_izoliacijos-svoris-300g","15":"pa_kolekcija-nr-w14-15","16":"pa_kolekcijos-dalis-fashion","17":"pa_lytis-berniuku","18":"pa_oro-pralaidumas-10000g-m-24h","19":"pa_prekes-artikulas-3191aw14-976","20":"pa_uzpildas-300g","22":"first","23":"instock","24":"sale","25":"taxable","26":"shipping-taxable","27":"purchasable","28":"product-type-variable"},"acf":[],"yoast_head":"<!-- This site is optimized with the Yoast SEO plugin v26.8 - https:\/\/yoast.com\/product\/yoast-seo-wordpress\/ -->\n<title>Berniuk\u0173 \u017eieminis kombinezonas RENNY (300g) - Huppa LT<\/title>\n<meta name=\"robots\" content=\"index, follow, max-snippet:-1, max-image-preview:large, max-video-preview:-1\" \/>\n<link rel=\"canonical\" href=\"https:\/\/shop.huppa.eu\/lt\/product\/renny-300g\/\" \/>\n<meta property=\"og:locale\" content=\"lt_LT\" \/>\n<meta property=\"og:type\" content=\"article\" \/>\n<meta property=\"og:title\" content=\"Berniuk\u0173 \u017eieminis kombinezonas RENNY (300g) - Huppa LT\" \/>\n<meta property=\"og:description\" content=\"Ma\u017eyli\u0173 \u017eiemos kombinezonas su v\u0117jui ir vandeniui atspariu audiniu. Kombinezonas turi medviln\u0117s flanel\u0117s pamu\u0161al\u0105. Du viso ilgio u\u017etrauktukai. U\u017eklijuoti s\u0117dmen\u0173 ir \u0161oniniai si\u016bl\u0117s. Nuimamas gobtuvas. Silikonin\u0117 guma po padu. Iki 86 dyd\u017eio rankovi\u0173 galus galima u\u017eraitoti, tod\u0117l pir\u0161tini\u0173 nereikia.\" \/>\n<meta property=\"og:url\" content=\"https:\/\/shop.huppa.eu\/lt\/product\/renny-300g\/\" \/>\n<meta property=\"og:site_name\" content=\"Huppa LT\" \/>\n<meta property=\"article:modified_time\" content=\"2026-04-16T04:05:07+00:00\" \/>\n<meta property=\"og:image\" content=\"https:\/\/huppashop-prod.s3.eu-north-1.amazonaws.com\/wp-content\/uploads\/sites\/5\/2025\/11\/24173450\/RENNY-3191AW14-976.jpg\" \/>\n\t<meta property=\"og:image:width\" content=\"800\" \/>\n\t<meta property=\"og:image:height\" content=\"800\" \/>\n\t<meta property=\"og:image:type\" content=\"image\/jpeg\" \/>\n<meta name=\"twitter:card\" content=\"summary_large_image\" \/>\n<script type=\"application\/ld+json\" class=\"yoast-schema-graph\">{\"@context\":\"https:\/\/schema.org\",\"@graph\":[{\"@type\":\"WebPage\",\"@id\":\"https:\/\/shop.huppa.eu\/lt\/product\/renny-300g\/\",\"url\":\"https:\/\/shop.huppa.eu\/lt\/product\/renny-300g\/\",\"name\":\"Berniuk\u0173 \u017eieminis kombinezonas RENNY (300g) - Huppa LT\",\"isPartOf\":{\"@id\":\"https:\/\/shop.huppa.eu\/lt\/#website\"},\"primaryImageOfPage\":{\"@id\":\"https:\/\/shop.huppa.eu\/lt\/product\/renny-300g\/#primaryimage\"},\"image\":{\"@id\":\"https:\/\/shop.huppa.eu\/lt\/product\/renny-300g\/#primaryimage\"},\"thumbnailUrl\":\"https:\/\/huppashop-prod.s3.eu-north-1.amazonaws.com\/wp-content\/uploads\/sites\/5\/2025\/11\/24173450\/RENNY-3191AW14-976.jpg\",\"datePublished\":\"2025-11-24T15:34:49+00:00\",\"dateModified\":\"2026-04-16T04:05:07+00:00\",\"breadcrumb\":{\"@id\":\"https:\/\/shop.huppa.eu\/lt\/product\/renny-300g\/#breadcrumb\"},\"inLanguage\":\"lt-LT\",\"potentialAction\":[{\"@type\":\"ReadAction\",\"target\":[\"https:\/\/shop.huppa.eu\/lt\/product\/renny-300g\/\"]}]},{\"@type\":\"ImageObject\",\"inLanguage\":\"lt-LT\",\"@id\":\"https:\/\/shop.huppa.eu\/lt\/product\/renny-300g\/#primaryimage\",\"url\":\"https:\/\/huppashop-prod.s3.eu-north-1.amazonaws.com\/wp-content\/uploads\/sites\/5\/2025\/11\/24173450\/RENNY-3191AW14-976.jpg\",\"contentUrl\":\"https:\/\/huppashop-prod.s3.eu-north-1.amazonaws.com\/wp-content\/uploads\/sites\/5\/2025\/11\/24173450\/RENNY-3191AW14-976.jpg\",\"width\":800,\"height\":800},{\"@type\":\"BreadcrumbList\",\"@id\":\"https:\/\/shop.huppa.eu\/lt\/product\/renny-300g\/#breadcrumb\",\"itemListElement\":[{\"@type\":\"ListItem\",\"position\":1,\"name\":\"Shop\",\"item\":\"https:\/\/shop.huppa.eu\/lt\/shop\/\"},{\"@type\":\"ListItem\",\"position\":2,\"name\":\"Berniuk\u0173 \u017eieminis kombinezonas RENNY (300g)\"}]},{\"@type\":\"WebSite\",\"@id\":\"https:\/\/shop.huppa.eu\/lt\/#website\",\"url\":\"https:\/\/shop.huppa.eu\/lt\/\",\"name\":\"Huppa LT\",\"description\":\"Huppa LT\",\"potentialAction\":[{\"@type\":\"SearchAction\",\"target\":{\"@type\":\"EntryPoint\",\"urlTemplate\":\"https:\/\/shop.huppa.eu\/lt\/?s={search_term_string}\"},\"query-input\":{\"@type\":\"PropertyValueSpecification\",\"valueRequired\":true,\"valueName\":\"search_term_string\"}}],\"inLanguage\":\"lt-LT\"}]}<\/script>\n<!-- \/ Yoast SEO plugin. -->","yoast_head_json":{"title":"Berniuk\u0173 \u017eieminis kombinezonas RENNY (300g) - Huppa LT","robots":{"index":"index","follow":"follow","max-snippet":"max-snippet:-1","max-image-preview":"max-image-preview:large","max-video-preview":"max-video-preview:-1"},"canonical":"https:\/\/shop.huppa.eu\/lt\/product\/renny-300g\/","og_locale":"lt_LT","og_type":"article","og_title":"Berniuk\u0173 \u017eieminis kombinezonas RENNY (300g) - Huppa LT","og_description":"Ma\u017eyli\u0173 \u017eiemos kombinezonas su v\u0117jui ir vandeniui atspariu audiniu. Kombinezonas turi medviln\u0117s flanel\u0117s pamu\u0161al\u0105. Du viso ilgio u\u017etrauktukai. U\u017eklijuoti s\u0117dmen\u0173 ir \u0161oniniai si\u016bl\u0117s. Nuimamas gobtuvas. Silikonin\u0117 guma po padu. Iki 86 dyd\u017eio rankovi\u0173 galus galima u\u017eraitoti, tod\u0117l pir\u0161tini\u0173 nereikia.","og_url":"https:\/\/shop.huppa.eu\/lt\/product\/renny-300g\/","og_site_name":"Huppa LT","article_modified_time":"2026-04-16T04:05:07+00:00","og_image":[{"width":800,"height":800,"url":"https:\/\/huppashop-prod.s3.eu-north-1.amazonaws.com\/wp-content\/uploads\/sites\/5\/2025\/11\/24173450\/RENNY-3191AW14-976.jpg","type":"image\/jpeg"}],"twitter_card":"summary_large_image","schema":{"@context":"https:\/\/schema.org","@graph":[{"@type":"WebPage","@id":"https:\/\/shop.huppa.eu\/lt\/product\/renny-300g\/","url":"https:\/\/shop.huppa.eu\/lt\/product\/renny-300g\/","name":"Berniuk\u0173 \u017eieminis kombinezonas RENNY (300g) - Huppa LT","isPartOf":{"@id":"https:\/\/shop.huppa.eu\/lt\/#website"},"primaryImageOfPage":{"@id":"https:\/\/shop.huppa.eu\/lt\/product\/renny-300g\/#primaryimage"},"image":{"@id":"https:\/\/shop.huppa.eu\/lt\/product\/renny-300g\/#primaryimage"},"thumbnailUrl":"https:\/\/huppashop-prod.s3.eu-north-1.amazonaws.com\/wp-content\/uploads\/sites\/5\/2025\/11\/24173450\/RENNY-3191AW14-976.jpg","datePublished":"2025-11-24T15:34:49+00:00","dateModified":"2026-04-16T04:05:07+00:00","breadcrumb":{"@id":"https:\/\/shop.huppa.eu\/lt\/product\/renny-300g\/#breadcrumb"},"inLanguage":"lt-LT","potentialAction":[{"@type":"ReadAction","target":["https:\/\/shop.huppa.eu\/lt\/product\/renny-300g\/"]}]},{"@type":"ImageObject","inLanguage":"lt-LT","@id":"https:\/\/shop.huppa.eu\/lt\/product\/renny-300g\/#primaryimage","url":"https:\/\/huppashop-prod.s3.eu-north-1.amazonaws.com\/wp-content\/uploads\/sites\/5\/2025\/11\/24173450\/RENNY-3191AW14-976.jpg","contentUrl":"https:\/\/huppashop-prod.s3.eu-north-1.amazonaws.com\/wp-content\/uploads\/sites\/5\/2025\/11\/24173450\/RENNY-3191AW14-976.jpg","width":800,"height":800},{"@type":"BreadcrumbList","@id":"https:\/\/shop.huppa.eu\/lt\/product\/renny-300g\/#breadcrumb","itemListElement":[{"@type":"ListItem","position":1,"name":"Shop","item":"https:\/\/shop.huppa.eu\/lt\/shop\/"},{"@type":"ListItem","position":2,"name":"Berniuk\u0173 \u017eieminis kombinezonas RENNY (300g)"}]},{"@type":"WebSite","@id":"https:\/\/shop.huppa.eu\/lt\/#website","url":"https:\/\/shop.huppa.eu\/lt\/","name":"Huppa LT","description":"Huppa LT","potentialAction":[{"@type":"SearchAction","target":{"@type":"EntryPoint","urlTemplate":"https:\/\/shop.huppa.eu\/lt\/?s={search_term_string}"},"query-input":{"@type":"PropertyValueSpecification","valueRequired":true,"valueName":"search_term_string"}}],"inLanguage":"lt-LT"}]}},"_links":{"self":[{"href":"https:\/\/shop.huppa.eu\/lt\/wp-json\/wp\/v2\/product\/519466","targetHints":{"allow":["GET"]}}],"collection":[{"href":"https:\/\/shop.huppa.eu\/lt\/wp-json\/wp\/v2\/product"}],"about":[{"href":"https:\/\/shop.huppa.eu\/lt\/wp-json\/wp\/v2\/types\/product"}],"wp:featuredmedia":[{"embeddable":true,"href":"https:\/\/shop.huppa.eu\/lt\/wp-json\/wp\/v2\/media\/519468"}],"wp:attachment":[{"href":"https:\/\/shop.huppa.eu\/lt\/wp-json\/wp\/v2\/media?parent=519466"}],"wp:term":[{"taxonomy":"product_brand","embeddable":true,"href":"https:\/\/shop.huppa.eu\/lt\/wp-json\/wp\/v2\/product_brand?post=519466"},{"taxonomy":"product_cat","embeddable":true,"href":"https:\/\/shop.huppa.eu\/lt\/wp-json\/wp\/v2\/product_cat?post=519466"},{"taxonomy":"product_tag","embeddable":true,"href":"https:\/\/shop.huppa.eu\/lt\/wp-json\/wp\/v2\/product_tag?post=519466"}],"curies":[{"name":"wp","href":"https:\/\/api.w.org\/{rel}","templated":true}]}}