{"id":519618,"date":"2025-11-24T17:38:24","date_gmt":"2025-11-24T15:38:24","guid":{"rendered":"https:\/\/shop.huppa.eu\/lt\/product\/keira-300g-54\/"},"modified":"2026-04-16T06:07:07","modified_gmt":"2026-04-16T04:07:07","slug":"keira-300g-54","status":"publish","type":"product","link":"https:\/\/shop.huppa.eu\/lt\/product\/keira-300g-54\/","title":{"rendered":"Vaik\u0173 \u017eieminis kombinezonas KEIRA (300g)"},"content":{"rendered":"<p>Vaik\u0173 neper\u0161lampantis ir v\u0117jui atsparus kombinezonas. Kv\u0117puojantis audinys. Tinka tiek k\u016bdikiams, tiek ma\u017eyliams, kurie jau moka vaik\u0161\u010dioti. Gra\u017eus ir mink\u0161tas flanelio pamu\u0161alas viduje. Elastin\u0117s juostel\u0117s rankovi\u0173 ir koj\u0173 galuose. Nuimamas kapi\u0161onas tvirtinamas prie apykakl\u0117s spaud\u017eiamaisiais guzikais saugumo u\u017etikrinimui, kai ne\u0161iotojas u\u017esikabina. Rankovi\u0173 ir koj\u0173 galus galima patogiai u\u017elankstyti 68-80 dyd\u017eiuose. Neper\u0161lampan\u010dios sulydytos si\u016bl\u0117s. Kombinezonas neturi vidini\u0173 koj\u0173 si\u016bli\u0173. Elastingi kojos dir\u017eeliai. Nuimamas dirbtinio kailio apvadas kapi\u0161one. At\u0161vaitiniai elementai audinyje prideda saugumo d\u0117vint tamsoje.<\/p>\n","protected":false},"excerpt":{"rendered":"<p>Vaik\u0173 neper\u0161lampantis ir v\u0117jui atsparus kombinezonas. Kv\u0117puojantis audinys. Tinka tiek k\u016bdikiams, tiek ma\u017eyliams, kurie jau moka vaik\u0161\u010dioti. Gra\u017eus ir mink\u0161tas flanelio pamu\u0161alas viduje. Elastin\u0117s juostel\u0117s rankovi\u0173 ir koj\u0173 galuose. Nuimamas kapi\u0161onas tvirtinamas prie apykakl\u0117s spaud\u017eiamaisiais guzikais saugumo u\u017etikrinimui, kai ne\u0161iotojas u\u017esikabina. Rankovi\u0173 ir koj\u0173 galus galima patogiai u\u017elankstyti 68-80 dyd\u017eiuose. Neper\u0161lampan\u010dios sulydytos si\u016bl\u0117s. Kombinezonas neturi [&hellip;]<\/p>\n","protected":false},"featured_media":519621,"template":"","meta":{"_acf_changed":false},"product_brand":[],"product_cat":[1160,1163,1170,102,19],"product_tag":[],"class_list":{"0":"post-519618","1":"product","2":"type-product","3":"status-publish","4":"has-post-thumbnail","6":"product_cat-kombinezonai","7":"product_cat-kombinezonai-vaikai","8":"product_cat-kombinezonai-mergaiciu","9":"product_cat-mergaiciu","10":"product_cat-vaikai","11":"pa_amzius-vaikai","12":"pa_atsparumas-vandeniui-10000mm","13":"pa_dydis-410","14":"pa_dydis-411","15":"pa_izoliacijos-svoris-300g","16":"pa_kolekcija-nr-w19-20","17":"pa_kolekcijos-dalis-classic","18":"pa_lytis-mergaiciu","19":"pa_oro-pralaidumas-10000g-m-24h","20":"pa_prekes-artikulas-31920030-94073","21":"pa_uzpildas-300g","23":"first","24":"instock","25":"sale","26":"taxable","27":"shipping-taxable","28":"purchasable","29":"product-type-variable"},"acf":[],"yoast_head":"<!-- This site is optimized with the Yoast SEO plugin v26.8 - https:\/\/yoast.com\/product\/yoast-seo-wordpress\/ -->\n<title>Vaik\u0173 \u017eieminis kombinezonas KEIRA (300g) - Huppa LT<\/title>\n<meta name=\"robots\" content=\"index, follow, max-snippet:-1, max-image-preview:large, max-video-preview:-1\" \/>\n<link rel=\"canonical\" href=\"https:\/\/shop.huppa.eu\/lt\/product\/keira-300g-54\/\" \/>\n<meta property=\"og:locale\" content=\"lt_LT\" \/>\n<meta property=\"og:type\" content=\"article\" \/>\n<meta property=\"og:title\" content=\"Vaik\u0173 \u017eieminis kombinezonas KEIRA (300g) - Huppa LT\" \/>\n<meta property=\"og:description\" content=\"Vaik\u0173 neper\u0161lampantis ir v\u0117jui atsparus kombinezonas. Kv\u0117puojantis audinys. Tinka tiek k\u016bdikiams, tiek ma\u017eyliams, kurie jau moka vaik\u0161\u010dioti. Gra\u017eus ir mink\u0161tas flanelio pamu\u0161alas viduje. Elastin\u0117s juostel\u0117s rankovi\u0173 ir koj\u0173 galuose. Nuimamas kapi\u0161onas tvirtinamas prie apykakl\u0117s spaud\u017eiamaisiais guzikais saugumo u\u017etikrinimui, kai ne\u0161iotojas u\u017esikabina. Rankovi\u0173 ir koj\u0173 galus galima patogiai u\u017elankstyti 68-80 dyd\u017eiuose. Neper\u0161lampan\u010dios sulydytos si\u016bl\u0117s. Kombinezonas neturi [&hellip;]\" \/>\n<meta property=\"og:url\" content=\"https:\/\/shop.huppa.eu\/lt\/product\/keira-300g-54\/\" \/>\n<meta property=\"og:site_name\" content=\"Huppa LT\" \/>\n<meta property=\"article:modified_time\" content=\"2026-04-16T04:07:07+00:00\" \/>\n<meta property=\"og:image\" content=\"https:\/\/huppashop-prod.s3.eu-north-1.amazonaws.com\/wp-content\/uploads\/sites\/5\/2025\/11\/24173825\/31920030-94073-KEIRAf.jpg\" \/>\n\t<meta property=\"og:image:width\" content=\"1200\" \/>\n\t<meta property=\"og:image:height\" content=\"1200\" \/>\n\t<meta property=\"og:image:type\" content=\"image\/jpeg\" \/>\n<meta name=\"twitter:card\" content=\"summary_large_image\" \/>\n<meta name=\"twitter:label1\" content=\"Est. reading time\" \/>\n\t<meta name=\"twitter:data1\" content=\"1 minut\u0117\" \/>\n<script type=\"application\/ld+json\" class=\"yoast-schema-graph\">{\"@context\":\"https:\/\/schema.org\",\"@graph\":[{\"@type\":\"WebPage\",\"@id\":\"https:\/\/shop.huppa.eu\/lt\/product\/keira-300g-54\/\",\"url\":\"https:\/\/shop.huppa.eu\/lt\/product\/keira-300g-54\/\",\"name\":\"Vaik\u0173 \u017eieminis kombinezonas KEIRA (300g) - Huppa LT\",\"isPartOf\":{\"@id\":\"https:\/\/shop.huppa.eu\/lt\/#website\"},\"primaryImageOfPage\":{\"@id\":\"https:\/\/shop.huppa.eu\/lt\/product\/keira-300g-54\/#primaryimage\"},\"image\":{\"@id\":\"https:\/\/shop.huppa.eu\/lt\/product\/keira-300g-54\/#primaryimage\"},\"thumbnailUrl\":\"https:\/\/huppashop-prod.s3.eu-north-1.amazonaws.com\/wp-content\/uploads\/sites\/5\/2025\/11\/24173825\/31920030-94073-KEIRAf.jpg\",\"datePublished\":\"2025-11-24T15:38:24+00:00\",\"dateModified\":\"2026-04-16T04:07:07+00:00\",\"breadcrumb\":{\"@id\":\"https:\/\/shop.huppa.eu\/lt\/product\/keira-300g-54\/#breadcrumb\"},\"inLanguage\":\"lt-LT\",\"potentialAction\":[{\"@type\":\"ReadAction\",\"target\":[\"https:\/\/shop.huppa.eu\/lt\/product\/keira-300g-54\/\"]}]},{\"@type\":\"ImageObject\",\"inLanguage\":\"lt-LT\",\"@id\":\"https:\/\/shop.huppa.eu\/lt\/product\/keira-300g-54\/#primaryimage\",\"url\":\"https:\/\/huppashop-prod.s3.eu-north-1.amazonaws.com\/wp-content\/uploads\/sites\/5\/2025\/11\/24173825\/31920030-94073-KEIRAf.jpg\",\"contentUrl\":\"https:\/\/huppashop-prod.s3.eu-north-1.amazonaws.com\/wp-content\/uploads\/sites\/5\/2025\/11\/24173825\/31920030-94073-KEIRAf.jpg\",\"width\":1200,\"height\":1200},{\"@type\":\"BreadcrumbList\",\"@id\":\"https:\/\/shop.huppa.eu\/lt\/product\/keira-300g-54\/#breadcrumb\",\"itemListElement\":[{\"@type\":\"ListItem\",\"position\":1,\"name\":\"Shop\",\"item\":\"https:\/\/shop.huppa.eu\/lt\/shop\/\"},{\"@type\":\"ListItem\",\"position\":2,\"name\":\"Vaik\u0173 \u017eieminis kombinezonas KEIRA (300g)\"}]},{\"@type\":\"WebSite\",\"@id\":\"https:\/\/shop.huppa.eu\/lt\/#website\",\"url\":\"https:\/\/shop.huppa.eu\/lt\/\",\"name\":\"Huppa LT\",\"description\":\"Huppa LT\",\"potentialAction\":[{\"@type\":\"SearchAction\",\"target\":{\"@type\":\"EntryPoint\",\"urlTemplate\":\"https:\/\/shop.huppa.eu\/lt\/?s={search_term_string}\"},\"query-input\":{\"@type\":\"PropertyValueSpecification\",\"valueRequired\":true,\"valueName\":\"search_term_string\"}}],\"inLanguage\":\"lt-LT\"}]}<\/script>\n<!-- \/ Yoast SEO plugin. -->","yoast_head_json":{"title":"Vaik\u0173 \u017eieminis kombinezonas KEIRA (300g) - Huppa LT","robots":{"index":"index","follow":"follow","max-snippet":"max-snippet:-1","max-image-preview":"max-image-preview:large","max-video-preview":"max-video-preview:-1"},"canonical":"https:\/\/shop.huppa.eu\/lt\/product\/keira-300g-54\/","og_locale":"lt_LT","og_type":"article","og_title":"Vaik\u0173 \u017eieminis kombinezonas KEIRA (300g) - Huppa LT","og_description":"Vaik\u0173 neper\u0161lampantis ir v\u0117jui atsparus kombinezonas. Kv\u0117puojantis audinys. Tinka tiek k\u016bdikiams, tiek ma\u017eyliams, kurie jau moka vaik\u0161\u010dioti. Gra\u017eus ir mink\u0161tas flanelio pamu\u0161alas viduje. Elastin\u0117s juostel\u0117s rankovi\u0173 ir koj\u0173 galuose. Nuimamas kapi\u0161onas tvirtinamas prie apykakl\u0117s spaud\u017eiamaisiais guzikais saugumo u\u017etikrinimui, kai ne\u0161iotojas u\u017esikabina. Rankovi\u0173 ir koj\u0173 galus galima patogiai u\u017elankstyti 68-80 dyd\u017eiuose. Neper\u0161lampan\u010dios sulydytos si\u016bl\u0117s. Kombinezonas neturi [&hellip;]","og_url":"https:\/\/shop.huppa.eu\/lt\/product\/keira-300g-54\/","og_site_name":"Huppa LT","article_modified_time":"2026-04-16T04:07:07+00:00","og_image":[{"width":1200,"height":1200,"url":"https:\/\/huppashop-prod.s3.eu-north-1.amazonaws.com\/wp-content\/uploads\/sites\/5\/2025\/11\/24173825\/31920030-94073-KEIRAf.jpg","type":"image\/jpeg"}],"twitter_card":"summary_large_image","twitter_misc":{"Est. reading time":"1 minut\u0117"},"schema":{"@context":"https:\/\/schema.org","@graph":[{"@type":"WebPage","@id":"https:\/\/shop.huppa.eu\/lt\/product\/keira-300g-54\/","url":"https:\/\/shop.huppa.eu\/lt\/product\/keira-300g-54\/","name":"Vaik\u0173 \u017eieminis kombinezonas KEIRA (300g) - Huppa LT","isPartOf":{"@id":"https:\/\/shop.huppa.eu\/lt\/#website"},"primaryImageOfPage":{"@id":"https:\/\/shop.huppa.eu\/lt\/product\/keira-300g-54\/#primaryimage"},"image":{"@id":"https:\/\/shop.huppa.eu\/lt\/product\/keira-300g-54\/#primaryimage"},"thumbnailUrl":"https:\/\/huppashop-prod.s3.eu-north-1.amazonaws.com\/wp-content\/uploads\/sites\/5\/2025\/11\/24173825\/31920030-94073-KEIRAf.jpg","datePublished":"2025-11-24T15:38:24+00:00","dateModified":"2026-04-16T04:07:07+00:00","breadcrumb":{"@id":"https:\/\/shop.huppa.eu\/lt\/product\/keira-300g-54\/#breadcrumb"},"inLanguage":"lt-LT","potentialAction":[{"@type":"ReadAction","target":["https:\/\/shop.huppa.eu\/lt\/product\/keira-300g-54\/"]}]},{"@type":"ImageObject","inLanguage":"lt-LT","@id":"https:\/\/shop.huppa.eu\/lt\/product\/keira-300g-54\/#primaryimage","url":"https:\/\/huppashop-prod.s3.eu-north-1.amazonaws.com\/wp-content\/uploads\/sites\/5\/2025\/11\/24173825\/31920030-94073-KEIRAf.jpg","contentUrl":"https:\/\/huppashop-prod.s3.eu-north-1.amazonaws.com\/wp-content\/uploads\/sites\/5\/2025\/11\/24173825\/31920030-94073-KEIRAf.jpg","width":1200,"height":1200},{"@type":"BreadcrumbList","@id":"https:\/\/shop.huppa.eu\/lt\/product\/keira-300g-54\/#breadcrumb","itemListElement":[{"@type":"ListItem","position":1,"name":"Shop","item":"https:\/\/shop.huppa.eu\/lt\/shop\/"},{"@type":"ListItem","position":2,"name":"Vaik\u0173 \u017eieminis kombinezonas KEIRA (300g)"}]},{"@type":"WebSite","@id":"https:\/\/shop.huppa.eu\/lt\/#website","url":"https:\/\/shop.huppa.eu\/lt\/","name":"Huppa LT","description":"Huppa LT","potentialAction":[{"@type":"SearchAction","target":{"@type":"EntryPoint","urlTemplate":"https:\/\/shop.huppa.eu\/lt\/?s={search_term_string}"},"query-input":{"@type":"PropertyValueSpecification","valueRequired":true,"valueName":"search_term_string"}}],"inLanguage":"lt-LT"}]}},"_links":{"self":[{"href":"https:\/\/shop.huppa.eu\/lt\/wp-json\/wp\/v2\/product\/519618","targetHints":{"allow":["GET"]}}],"collection":[{"href":"https:\/\/shop.huppa.eu\/lt\/wp-json\/wp\/v2\/product"}],"about":[{"href":"https:\/\/shop.huppa.eu\/lt\/wp-json\/wp\/v2\/types\/product"}],"wp:featuredmedia":[{"embeddable":true,"href":"https:\/\/shop.huppa.eu\/lt\/wp-json\/wp\/v2\/media\/519621"}],"wp:attachment":[{"href":"https:\/\/shop.huppa.eu\/lt\/wp-json\/wp\/v2\/media?parent=519618"}],"wp:term":[{"taxonomy":"product_brand","embeddable":true,"href":"https:\/\/shop.huppa.eu\/lt\/wp-json\/wp\/v2\/product_brand?post=519618"},{"taxonomy":"product_cat","embeddable":true,"href":"https:\/\/shop.huppa.eu\/lt\/wp-json\/wp\/v2\/product_cat?post=519618"},{"taxonomy":"product_tag","embeddable":true,"href":"https:\/\/shop.huppa.eu\/lt\/wp-json\/wp\/v2\/product_tag?post=519618"}],"curies":[{"name":"wp","href":"https:\/\/api.w.org\/{rel}","templated":true}]}}