{"id":519741,"date":"2025-11-24T17:40:29","date_gmt":"2025-11-24T15:40:29","guid":{"rendered":"https:\/\/shop.huppa.eu\/lt\/product\/keira-300g-60\/"},"modified":"2026-04-09T06:05:13","modified_gmt":"2026-04-09T04:05:13","slug":"keira-300g-60","status":"publish","type":"product","link":"https:\/\/shop.huppa.eu\/lt\/product\/keira-300g-60\/","title":{"rendered":"Vaik\u0173 kombinezonas KEIRA (300g)"},"content":{"rendered":"<p>Vaik\u0173 nepermirkstantis ir neperpu\u010diamas kombinezonas. Kv\u0117puojantis audinys. Tinka tiek k\u016bdikiams, tiek ma\u017eyliams, kurie jau gali vaik\u0161\u010dioti. Gra\u017eus ir \u0161velnus flanel\u0117s pamu\u0161alas viduje. Elastin\u0117 juosta rankovi\u0173 ir koj\u0173 galuose. Nuimamas kapi\u0161onas tvirtinamas prie apykakl\u0117s spaud\u017eiamaisiais sagut\u0117mis, kad b\u016bt\u0173 saugu, kai ne\u0161iotojas u\u017estrigsta. Rankovi\u0173 ir koj\u0173 galus galima patogiai u\u017elenkti 68\u201380 dyd\u017eiuose. Nepermirkstan\u010dios klijuotos si\u016bl\u0117s. Kombinezonas neturi vidini\u0173 koj\u0173 si\u016bli\u0173. Elastin\u0117s p\u0117d\u0173 juostel\u0117s. Nuimama dirbtinio kailio apdaila kapi\u0161one. At\u0161vaitiniai elementai audinyje u\u017etikrina saugum\u0105 ne\u0161iojant tamsoje.<\/p>\n","protected":false},"excerpt":{"rendered":"<p>Vaik\u0173 nepermirkstantis ir neperpu\u010diamas kombinezonas. Kv\u0117puojantis audinys. Tinka tiek k\u016bdikiams, tiek ma\u017eyliams, kurie jau gali vaik\u0161\u010dioti. Gra\u017eus ir \u0161velnus flanel\u0117s pamu\u0161alas viduje. Elastin\u0117 juosta rankovi\u0173 ir koj\u0173 galuose. Nuimamas kapi\u0161onas tvirtinamas prie apykakl\u0117s spaud\u017eiamaisiais sagut\u0117mis, kad b\u016bt\u0173 saugu, kai ne\u0161iotojas u\u017estrigsta. Rankovi\u0173 ir koj\u0173 galus galima patogiai u\u017elenkti 68\u201380 dyd\u017eiuose. Nepermirkstan\u010dios klijuotos si\u016bl\u0117s. Kombinezonas neturi [&hellip;]<\/p>\n","protected":false},"featured_media":441258,"template":"","meta":{"_acf_changed":false},"product_brand":[],"product_cat":[1160,1163,1265,415,19],"product_tag":[],"class_list":{"0":"post-519741","1":"product","2":"type-product","3":"status-publish","4":"has-post-thumbnail","6":"product_cat-kombinezonai","7":"product_cat-kombinezonai-vaikai","8":"product_cat-kombinezonai-unisex","9":"product_cat-unisex","10":"product_cat-vaikai","11":"pa_amzius-vaikai","12":"pa_atsparumas-vandeniui-5000mm","13":"pa_dydis-1162","14":"pa_izoliacijos-svoris-300g","15":"pa_kolekcija-nr-w14-15","16":"pa_kolekcijos-dalis-classic","17":"pa_lytis-unisex","18":"pa_oro-pralaidumas-5000g-m-24h","19":"pa_prekes-artikulas-3192bw00-286","20":"pa_uzpildas-300g","22":"first","23":"instock","24":"sale","25":"taxable","26":"shipping-taxable","27":"purchasable","28":"product-type-variable"},"acf":[],"yoast_head":"<!-- This site is optimized with the Yoast SEO plugin v26.8 - https:\/\/yoast.com\/product\/yoast-seo-wordpress\/ -->\n<title>Vaik\u0173 kombinezonas KEIRA (300g) - Huppa LT<\/title>\n<meta name=\"robots\" content=\"index, follow, max-snippet:-1, max-image-preview:large, max-video-preview:-1\" \/>\n<link rel=\"canonical\" href=\"https:\/\/shop.huppa.eu\/lt\/product\/keira-300g-60\/\" \/>\n<meta property=\"og:locale\" content=\"lt_LT\" \/>\n<meta property=\"og:type\" content=\"article\" \/>\n<meta property=\"og:title\" content=\"Vaik\u0173 kombinezonas KEIRA (300g) - Huppa LT\" \/>\n<meta property=\"og:description\" content=\"Vaik\u0173 nepermirkstantis ir neperpu\u010diamas kombinezonas. Kv\u0117puojantis audinys. Tinka tiek k\u016bdikiams, tiek ma\u017eyliams, kurie jau gali vaik\u0161\u010dioti. Gra\u017eus ir \u0161velnus flanel\u0117s pamu\u0161alas viduje. Elastin\u0117 juosta rankovi\u0173 ir koj\u0173 galuose. Nuimamas kapi\u0161onas tvirtinamas prie apykakl\u0117s spaud\u017eiamaisiais sagut\u0117mis, kad b\u016bt\u0173 saugu, kai ne\u0161iotojas u\u017estrigsta. Rankovi\u0173 ir koj\u0173 galus galima patogiai u\u017elenkti 68\u201380 dyd\u017eiuose. Nepermirkstan\u010dios klijuotos si\u016bl\u0117s. Kombinezonas neturi [&hellip;]\" \/>\n<meta property=\"og:url\" content=\"https:\/\/shop.huppa.eu\/lt\/product\/keira-300g-60\/\" \/>\n<meta property=\"og:site_name\" content=\"Huppa LT\" \/>\n<meta property=\"article:modified_time\" content=\"2026-04-09T04:05:13+00:00\" \/>\n<meta property=\"og:image\" content=\"https:\/\/huppashop-prod.s3.eu-north-1.amazonaws.com\/wp-content\/uploads\/sites\/3\/2021\/10\/11044912\/3192BW00-286-KEIRA_front.png\" \/>\n\t<meta property=\"og:image:width\" content=\"800\" \/>\n\t<meta property=\"og:image:height\" content=\"800\" \/>\n\t<meta property=\"og:image:type\" content=\"image\/png\" \/>\n<meta name=\"twitter:card\" content=\"summary_large_image\" \/>\n<meta name=\"twitter:label1\" content=\"Est. reading time\" \/>\n\t<meta name=\"twitter:data1\" content=\"1 minut\u0117\" \/>\n<script type=\"application\/ld+json\" class=\"yoast-schema-graph\">{\"@context\":\"https:\/\/schema.org\",\"@graph\":[{\"@type\":\"WebPage\",\"@id\":\"https:\/\/shop.huppa.eu\/lt\/product\/keira-300g-60\/\",\"url\":\"https:\/\/shop.huppa.eu\/lt\/product\/keira-300g-60\/\",\"name\":\"Vaik\u0173 kombinezonas KEIRA (300g) - Huppa LT\",\"isPartOf\":{\"@id\":\"https:\/\/shop.huppa.eu\/lt\/#website\"},\"primaryImageOfPage\":{\"@id\":\"https:\/\/shop.huppa.eu\/lt\/product\/keira-300g-60\/#primaryimage\"},\"image\":{\"@id\":\"https:\/\/shop.huppa.eu\/lt\/product\/keira-300g-60\/#primaryimage\"},\"thumbnailUrl\":\"https:\/\/huppashop-prod.s3.eu-north-1.amazonaws.com\/wp-content\/uploads\/sites\/3\/2021\/10\/11044912\/3192BW00-286-KEIRA_front.png\",\"datePublished\":\"2025-11-24T15:40:29+00:00\",\"dateModified\":\"2026-04-09T04:05:13+00:00\",\"breadcrumb\":{\"@id\":\"https:\/\/shop.huppa.eu\/lt\/product\/keira-300g-60\/#breadcrumb\"},\"inLanguage\":\"lt-LT\",\"potentialAction\":[{\"@type\":\"ReadAction\",\"target\":[\"https:\/\/shop.huppa.eu\/lt\/product\/keira-300g-60\/\"]}]},{\"@type\":\"ImageObject\",\"inLanguage\":\"lt-LT\",\"@id\":\"https:\/\/shop.huppa.eu\/lt\/product\/keira-300g-60\/#primaryimage\",\"url\":\"https:\/\/huppashop-prod.s3.eu-north-1.amazonaws.com\/wp-content\/uploads\/sites\/3\/2021\/10\/11044912\/3192BW00-286-KEIRA_front.png\",\"contentUrl\":\"https:\/\/huppashop-prod.s3.eu-north-1.amazonaws.com\/wp-content\/uploads\/sites\/3\/2021\/10\/11044912\/3192BW00-286-KEIRA_front.png\",\"width\":800,\"height\":800},{\"@type\":\"BreadcrumbList\",\"@id\":\"https:\/\/shop.huppa.eu\/lt\/product\/keira-300g-60\/#breadcrumb\",\"itemListElement\":[{\"@type\":\"ListItem\",\"position\":1,\"name\":\"Shop\",\"item\":\"https:\/\/shop.huppa.eu\/lt\/shop\/\"},{\"@type\":\"ListItem\",\"position\":2,\"name\":\"Vaik\u0173 kombinezonas KEIRA (300g)\"}]},{\"@type\":\"WebSite\",\"@id\":\"https:\/\/shop.huppa.eu\/lt\/#website\",\"url\":\"https:\/\/shop.huppa.eu\/lt\/\",\"name\":\"Huppa LT\",\"description\":\"Huppa LT\",\"potentialAction\":[{\"@type\":\"SearchAction\",\"target\":{\"@type\":\"EntryPoint\",\"urlTemplate\":\"https:\/\/shop.huppa.eu\/lt\/?s={search_term_string}\"},\"query-input\":{\"@type\":\"PropertyValueSpecification\",\"valueRequired\":true,\"valueName\":\"search_term_string\"}}],\"inLanguage\":\"lt-LT\"}]}<\/script>\n<!-- \/ Yoast SEO plugin. -->","yoast_head_json":{"title":"Vaik\u0173 kombinezonas KEIRA (300g) - Huppa LT","robots":{"index":"index","follow":"follow","max-snippet":"max-snippet:-1","max-image-preview":"max-image-preview:large","max-video-preview":"max-video-preview:-1"},"canonical":"https:\/\/shop.huppa.eu\/lt\/product\/keira-300g-60\/","og_locale":"lt_LT","og_type":"article","og_title":"Vaik\u0173 kombinezonas KEIRA (300g) - Huppa LT","og_description":"Vaik\u0173 nepermirkstantis ir neperpu\u010diamas kombinezonas. Kv\u0117puojantis audinys. Tinka tiek k\u016bdikiams, tiek ma\u017eyliams, kurie jau gali vaik\u0161\u010dioti. Gra\u017eus ir \u0161velnus flanel\u0117s pamu\u0161alas viduje. Elastin\u0117 juosta rankovi\u0173 ir koj\u0173 galuose. Nuimamas kapi\u0161onas tvirtinamas prie apykakl\u0117s spaud\u017eiamaisiais sagut\u0117mis, kad b\u016bt\u0173 saugu, kai ne\u0161iotojas u\u017estrigsta. Rankovi\u0173 ir koj\u0173 galus galima patogiai u\u017elenkti 68\u201380 dyd\u017eiuose. Nepermirkstan\u010dios klijuotos si\u016bl\u0117s. Kombinezonas neturi [&hellip;]","og_url":"https:\/\/shop.huppa.eu\/lt\/product\/keira-300g-60\/","og_site_name":"Huppa LT","article_modified_time":"2026-04-09T04:05:13+00:00","og_image":[{"width":800,"height":800,"url":"https:\/\/huppashop-prod.s3.eu-north-1.amazonaws.com\/wp-content\/uploads\/sites\/3\/2021\/10\/11044912\/3192BW00-286-KEIRA_front.png","type":"image\/png"}],"twitter_card":"summary_large_image","twitter_misc":{"Est. reading time":"1 minut\u0117"},"schema":{"@context":"https:\/\/schema.org","@graph":[{"@type":"WebPage","@id":"https:\/\/shop.huppa.eu\/lt\/product\/keira-300g-60\/","url":"https:\/\/shop.huppa.eu\/lt\/product\/keira-300g-60\/","name":"Vaik\u0173 kombinezonas KEIRA (300g) - Huppa LT","isPartOf":{"@id":"https:\/\/shop.huppa.eu\/lt\/#website"},"primaryImageOfPage":{"@id":"https:\/\/shop.huppa.eu\/lt\/product\/keira-300g-60\/#primaryimage"},"image":{"@id":"https:\/\/shop.huppa.eu\/lt\/product\/keira-300g-60\/#primaryimage"},"thumbnailUrl":"https:\/\/huppashop-prod.s3.eu-north-1.amazonaws.com\/wp-content\/uploads\/sites\/3\/2021\/10\/11044912\/3192BW00-286-KEIRA_front.png","datePublished":"2025-11-24T15:40:29+00:00","dateModified":"2026-04-09T04:05:13+00:00","breadcrumb":{"@id":"https:\/\/shop.huppa.eu\/lt\/product\/keira-300g-60\/#breadcrumb"},"inLanguage":"lt-LT","potentialAction":[{"@type":"ReadAction","target":["https:\/\/shop.huppa.eu\/lt\/product\/keira-300g-60\/"]}]},{"@type":"ImageObject","inLanguage":"lt-LT","@id":"https:\/\/shop.huppa.eu\/lt\/product\/keira-300g-60\/#primaryimage","url":"https:\/\/huppashop-prod.s3.eu-north-1.amazonaws.com\/wp-content\/uploads\/sites\/3\/2021\/10\/11044912\/3192BW00-286-KEIRA_front.png","contentUrl":"https:\/\/huppashop-prod.s3.eu-north-1.amazonaws.com\/wp-content\/uploads\/sites\/3\/2021\/10\/11044912\/3192BW00-286-KEIRA_front.png","width":800,"height":800},{"@type":"BreadcrumbList","@id":"https:\/\/shop.huppa.eu\/lt\/product\/keira-300g-60\/#breadcrumb","itemListElement":[{"@type":"ListItem","position":1,"name":"Shop","item":"https:\/\/shop.huppa.eu\/lt\/shop\/"},{"@type":"ListItem","position":2,"name":"Vaik\u0173 kombinezonas KEIRA (300g)"}]},{"@type":"WebSite","@id":"https:\/\/shop.huppa.eu\/lt\/#website","url":"https:\/\/shop.huppa.eu\/lt\/","name":"Huppa LT","description":"Huppa LT","potentialAction":[{"@type":"SearchAction","target":{"@type":"EntryPoint","urlTemplate":"https:\/\/shop.huppa.eu\/lt\/?s={search_term_string}"},"query-input":{"@type":"PropertyValueSpecification","valueRequired":true,"valueName":"search_term_string"}}],"inLanguage":"lt-LT"}]}},"_links":{"self":[{"href":"https:\/\/shop.huppa.eu\/lt\/wp-json\/wp\/v2\/product\/519741","targetHints":{"allow":["GET"]}}],"collection":[{"href":"https:\/\/shop.huppa.eu\/lt\/wp-json\/wp\/v2\/product"}],"about":[{"href":"https:\/\/shop.huppa.eu\/lt\/wp-json\/wp\/v2\/types\/product"}],"wp:featuredmedia":[{"embeddable":true,"href":"https:\/\/shop.huppa.eu\/lt\/wp-json\/wp\/v2\/media\/441258"}],"wp:attachment":[{"href":"https:\/\/shop.huppa.eu\/lt\/wp-json\/wp\/v2\/media?parent=519741"}],"wp:term":[{"taxonomy":"product_brand","embeddable":true,"href":"https:\/\/shop.huppa.eu\/lt\/wp-json\/wp\/v2\/product_brand?post=519741"},{"taxonomy":"product_cat","embeddable":true,"href":"https:\/\/shop.huppa.eu\/lt\/wp-json\/wp\/v2\/product_cat?post=519741"},{"taxonomy":"product_tag","embeddable":true,"href":"https:\/\/shop.huppa.eu\/lt\/wp-json\/wp\/v2\/product_tag?post=519741"}],"curies":[{"name":"wp","href":"https:\/\/api.w.org\/{rel}","templated":true}]}}