{"id":519758,"date":"2025-11-24T17:40:54","date_gmt":"2025-11-24T15:40:54","guid":{"rendered":"https:\/\/shop.huppa.eu\/lt\/product\/beata-1-down-2\/"},"modified":"2026-04-16T06:09:03","modified_gmt":"2026-04-16T04:09:03","slug":"beata-1-down-2","status":"publish","type":"product","link":"https:\/\/shop.huppa.eu\/lt\/product\/beata-1-down-2\/","title":{"rendered":"Kombinezonas vaikams BEATA 1 (DOWN)"},"content":{"rendered":"<p>Dygsniuotas p\u016bkinis kombinezonas ma\u017eyliams. Kombinezonas turi mink\u0161t\u0105 medvilnin\u012f flanelin\u012f pamu\u0161al\u0105 ir kv\u0117puojan\u010di\u0105, v\u0117jui ir vandeniui atspari\u0105 i\u0161orin\u0119 med\u017eiag\u0105. Kombinezonas yra su dviem ilgais u\u017etrauktukais, nuimamu gobtuvu ir kailiu, ki\u0161en\u0117 su \u010diulptuko dir\u017eeliu b\u016btiniems daiktams susid\u0117ti ir silikonin\u0117mis gumyt\u0117mis po padu. Iki 80 dyd\u017eio rankov\u0117s galus ir apatin\u012f kra\u0161t\u0105 galima atlenkti vos keliais judesiais, nereikia nei pir\u0161tini\u0173, nei bat\u0173.<\/p>\n","protected":false},"excerpt":{"rendered":"<p>Dygsniuotas p\u016bkinis kombinezonas ma\u017eyliams. Kombinezonas turi mink\u0161t\u0105 medvilnin\u012f flanelin\u012f pamu\u0161al\u0105 ir kv\u0117puojan\u010di\u0105, v\u0117jui ir vandeniui atspari\u0105 i\u0161orin\u0119 med\u017eiag\u0105. Kombinezonas yra su dviem ilgais u\u017etrauktukais, nuimamu gobtuvu ir kailiu, ki\u0161en\u0117 su \u010diulptuko dir\u017eeliu b\u016btiniems daiktams susid\u0117ti ir silikonin\u0117mis gumyt\u0117mis po padu. Iki 80 dyd\u017eio rankov\u0117s galus ir apatin\u012f kra\u0161t\u0105 galima atlenkti vos keliais judesiais, nereikia nei [&hellip;]<\/p>\n","protected":false},"featured_media":519760,"template":"","meta":{"_acf_changed":false},"product_brand":[],"product_cat":[1160,1163,1170,102,19],"product_tag":[],"class_list":{"0":"post-519758","1":"product","2":"type-product","3":"status-publish","4":"has-post-thumbnail","6":"product_cat-kombinezonai","7":"product_cat-kombinezonai-vaikai","8":"product_cat-kombinezonai-mergaiciu","9":"product_cat-mergaiciu","10":"product_cat-vaikai","11":"pa_amzius-vaikai","12":"pa_atsparumas-vandeniui-5-000mm","13":"pa_dydis-1162","14":"pa_izoliacijos-svoris-down","15":"pa_kolekcija-nr-w21-22","16":"pa_kolekcijos-dalis-down","17":"pa_lytis-mergaiciu","18":"pa_oro-pralaidumas-5-000g-m-24h","19":"pa_prekes-artikulas-31930155-00063","20":"pa_uzpildas-down","22":"first","23":"instock","24":"sale","25":"taxable","26":"shipping-taxable","27":"purchasable","28":"product-type-variable"},"acf":[],"yoast_head":"<!-- This site is optimized with the Yoast SEO plugin v26.8 - https:\/\/yoast.com\/product\/yoast-seo-wordpress\/ -->\n<title>Kombinezonas vaikams BEATA 1 (DOWN) - Huppa LT<\/title>\n<meta name=\"robots\" content=\"index, follow, max-snippet:-1, max-image-preview:large, max-video-preview:-1\" \/>\n<link rel=\"canonical\" href=\"https:\/\/shop.huppa.eu\/lt\/product\/beata-1-down-2\/\" \/>\n<meta property=\"og:locale\" content=\"lt_LT\" \/>\n<meta property=\"og:type\" content=\"article\" \/>\n<meta property=\"og:title\" content=\"Kombinezonas vaikams BEATA 1 (DOWN) - Huppa LT\" \/>\n<meta property=\"og:description\" content=\"Dygsniuotas p\u016bkinis kombinezonas ma\u017eyliams. Kombinezonas turi mink\u0161t\u0105 medvilnin\u012f flanelin\u012f pamu\u0161al\u0105 ir kv\u0117puojan\u010di\u0105, v\u0117jui ir vandeniui atspari\u0105 i\u0161orin\u0119 med\u017eiag\u0105. Kombinezonas yra su dviem ilgais u\u017etrauktukais, nuimamu gobtuvu ir kailiu, ki\u0161en\u0117 su \u010diulptuko dir\u017eeliu b\u016btiniems daiktams susid\u0117ti ir silikonin\u0117mis gumyt\u0117mis po padu. Iki 80 dyd\u017eio rankov\u0117s galus ir apatin\u012f kra\u0161t\u0105 galima atlenkti vos keliais judesiais, nereikia nei [&hellip;]\" \/>\n<meta property=\"og:url\" content=\"https:\/\/shop.huppa.eu\/lt\/product\/beata-1-down-2\/\" \/>\n<meta property=\"og:site_name\" content=\"Huppa LT\" \/>\n<meta property=\"article:modified_time\" content=\"2026-04-16T04:09:03+00:00\" \/>\n<meta property=\"og:image\" content=\"https:\/\/huppashop-prod.s3.eu-north-1.amazonaws.com\/wp-content\/uploads\/sites\/5\/2025\/11\/24174058\/31930155-00063-BEATA1_f.png\" \/>\n\t<meta property=\"og:image:width\" content=\"1200\" \/>\n\t<meta property=\"og:image:height\" content=\"1200\" \/>\n\t<meta property=\"og:image:type\" content=\"image\/png\" \/>\n<meta name=\"twitter:card\" content=\"summary_large_image\" \/>\n<script type=\"application\/ld+json\" class=\"yoast-schema-graph\">{\"@context\":\"https:\/\/schema.org\",\"@graph\":[{\"@type\":\"WebPage\",\"@id\":\"https:\/\/shop.huppa.eu\/lt\/product\/beata-1-down-2\/\",\"url\":\"https:\/\/shop.huppa.eu\/lt\/product\/beata-1-down-2\/\",\"name\":\"Kombinezonas vaikams BEATA 1 (DOWN) - Huppa LT\",\"isPartOf\":{\"@id\":\"https:\/\/shop.huppa.eu\/lt\/#website\"},\"primaryImageOfPage\":{\"@id\":\"https:\/\/shop.huppa.eu\/lt\/product\/beata-1-down-2\/#primaryimage\"},\"image\":{\"@id\":\"https:\/\/shop.huppa.eu\/lt\/product\/beata-1-down-2\/#primaryimage\"},\"thumbnailUrl\":\"https:\/\/huppashop-prod.s3.eu-north-1.amazonaws.com\/wp-content\/uploads\/sites\/5\/2025\/11\/24174058\/31930155-00063-BEATA1_f.png\",\"datePublished\":\"2025-11-24T15:40:54+00:00\",\"dateModified\":\"2026-04-16T04:09:03+00:00\",\"breadcrumb\":{\"@id\":\"https:\/\/shop.huppa.eu\/lt\/product\/beata-1-down-2\/#breadcrumb\"},\"inLanguage\":\"lt-LT\",\"potentialAction\":[{\"@type\":\"ReadAction\",\"target\":[\"https:\/\/shop.huppa.eu\/lt\/product\/beata-1-down-2\/\"]}]},{\"@type\":\"ImageObject\",\"inLanguage\":\"lt-LT\",\"@id\":\"https:\/\/shop.huppa.eu\/lt\/product\/beata-1-down-2\/#primaryimage\",\"url\":\"https:\/\/huppashop-prod.s3.eu-north-1.amazonaws.com\/wp-content\/uploads\/sites\/5\/2025\/11\/24174058\/31930155-00063-BEATA1_f.png\",\"contentUrl\":\"https:\/\/huppashop-prod.s3.eu-north-1.amazonaws.com\/wp-content\/uploads\/sites\/5\/2025\/11\/24174058\/31930155-00063-BEATA1_f.png\",\"width\":1200,\"height\":1200},{\"@type\":\"BreadcrumbList\",\"@id\":\"https:\/\/shop.huppa.eu\/lt\/product\/beata-1-down-2\/#breadcrumb\",\"itemListElement\":[{\"@type\":\"ListItem\",\"position\":1,\"name\":\"Shop\",\"item\":\"https:\/\/shop.huppa.eu\/lt\/shop\/\"},{\"@type\":\"ListItem\",\"position\":2,\"name\":\"Kombinezonas vaikams BEATA 1 (DOWN)\"}]},{\"@type\":\"WebSite\",\"@id\":\"https:\/\/shop.huppa.eu\/lt\/#website\",\"url\":\"https:\/\/shop.huppa.eu\/lt\/\",\"name\":\"Huppa LT\",\"description\":\"Huppa LT\",\"potentialAction\":[{\"@type\":\"SearchAction\",\"target\":{\"@type\":\"EntryPoint\",\"urlTemplate\":\"https:\/\/shop.huppa.eu\/lt\/?s={search_term_string}\"},\"query-input\":{\"@type\":\"PropertyValueSpecification\",\"valueRequired\":true,\"valueName\":\"search_term_string\"}}],\"inLanguage\":\"lt-LT\"}]}<\/script>\n<!-- \/ Yoast SEO plugin. -->","yoast_head_json":{"title":"Kombinezonas vaikams BEATA 1 (DOWN) - Huppa LT","robots":{"index":"index","follow":"follow","max-snippet":"max-snippet:-1","max-image-preview":"max-image-preview:large","max-video-preview":"max-video-preview:-1"},"canonical":"https:\/\/shop.huppa.eu\/lt\/product\/beata-1-down-2\/","og_locale":"lt_LT","og_type":"article","og_title":"Kombinezonas vaikams BEATA 1 (DOWN) - Huppa LT","og_description":"Dygsniuotas p\u016bkinis kombinezonas ma\u017eyliams. Kombinezonas turi mink\u0161t\u0105 medvilnin\u012f flanelin\u012f pamu\u0161al\u0105 ir kv\u0117puojan\u010di\u0105, v\u0117jui ir vandeniui atspari\u0105 i\u0161orin\u0119 med\u017eiag\u0105. Kombinezonas yra su dviem ilgais u\u017etrauktukais, nuimamu gobtuvu ir kailiu, ki\u0161en\u0117 su \u010diulptuko dir\u017eeliu b\u016btiniems daiktams susid\u0117ti ir silikonin\u0117mis gumyt\u0117mis po padu. Iki 80 dyd\u017eio rankov\u0117s galus ir apatin\u012f kra\u0161t\u0105 galima atlenkti vos keliais judesiais, nereikia nei [&hellip;]","og_url":"https:\/\/shop.huppa.eu\/lt\/product\/beata-1-down-2\/","og_site_name":"Huppa LT","article_modified_time":"2026-04-16T04:09:03+00:00","og_image":[{"width":1200,"height":1200,"url":"https:\/\/huppashop-prod.s3.eu-north-1.amazonaws.com\/wp-content\/uploads\/sites\/5\/2025\/11\/24174058\/31930155-00063-BEATA1_f.png","type":"image\/png"}],"twitter_card":"summary_large_image","schema":{"@context":"https:\/\/schema.org","@graph":[{"@type":"WebPage","@id":"https:\/\/shop.huppa.eu\/lt\/product\/beata-1-down-2\/","url":"https:\/\/shop.huppa.eu\/lt\/product\/beata-1-down-2\/","name":"Kombinezonas vaikams BEATA 1 (DOWN) - Huppa LT","isPartOf":{"@id":"https:\/\/shop.huppa.eu\/lt\/#website"},"primaryImageOfPage":{"@id":"https:\/\/shop.huppa.eu\/lt\/product\/beata-1-down-2\/#primaryimage"},"image":{"@id":"https:\/\/shop.huppa.eu\/lt\/product\/beata-1-down-2\/#primaryimage"},"thumbnailUrl":"https:\/\/huppashop-prod.s3.eu-north-1.amazonaws.com\/wp-content\/uploads\/sites\/5\/2025\/11\/24174058\/31930155-00063-BEATA1_f.png","datePublished":"2025-11-24T15:40:54+00:00","dateModified":"2026-04-16T04:09:03+00:00","breadcrumb":{"@id":"https:\/\/shop.huppa.eu\/lt\/product\/beata-1-down-2\/#breadcrumb"},"inLanguage":"lt-LT","potentialAction":[{"@type":"ReadAction","target":["https:\/\/shop.huppa.eu\/lt\/product\/beata-1-down-2\/"]}]},{"@type":"ImageObject","inLanguage":"lt-LT","@id":"https:\/\/shop.huppa.eu\/lt\/product\/beata-1-down-2\/#primaryimage","url":"https:\/\/huppashop-prod.s3.eu-north-1.amazonaws.com\/wp-content\/uploads\/sites\/5\/2025\/11\/24174058\/31930155-00063-BEATA1_f.png","contentUrl":"https:\/\/huppashop-prod.s3.eu-north-1.amazonaws.com\/wp-content\/uploads\/sites\/5\/2025\/11\/24174058\/31930155-00063-BEATA1_f.png","width":1200,"height":1200},{"@type":"BreadcrumbList","@id":"https:\/\/shop.huppa.eu\/lt\/product\/beata-1-down-2\/#breadcrumb","itemListElement":[{"@type":"ListItem","position":1,"name":"Shop","item":"https:\/\/shop.huppa.eu\/lt\/shop\/"},{"@type":"ListItem","position":2,"name":"Kombinezonas vaikams BEATA 1 (DOWN)"}]},{"@type":"WebSite","@id":"https:\/\/shop.huppa.eu\/lt\/#website","url":"https:\/\/shop.huppa.eu\/lt\/","name":"Huppa LT","description":"Huppa LT","potentialAction":[{"@type":"SearchAction","target":{"@type":"EntryPoint","urlTemplate":"https:\/\/shop.huppa.eu\/lt\/?s={search_term_string}"},"query-input":{"@type":"PropertyValueSpecification","valueRequired":true,"valueName":"search_term_string"}}],"inLanguage":"lt-LT"}]}},"_links":{"self":[{"href":"https:\/\/shop.huppa.eu\/lt\/wp-json\/wp\/v2\/product\/519758","targetHints":{"allow":["GET"]}}],"collection":[{"href":"https:\/\/shop.huppa.eu\/lt\/wp-json\/wp\/v2\/product"}],"about":[{"href":"https:\/\/shop.huppa.eu\/lt\/wp-json\/wp\/v2\/types\/product"}],"wp:featuredmedia":[{"embeddable":true,"href":"https:\/\/shop.huppa.eu\/lt\/wp-json\/wp\/v2\/media\/519760"}],"wp:attachment":[{"href":"https:\/\/shop.huppa.eu\/lt\/wp-json\/wp\/v2\/media?parent=519758"}],"wp:term":[{"taxonomy":"product_brand","embeddable":true,"href":"https:\/\/shop.huppa.eu\/lt\/wp-json\/wp\/v2\/product_brand?post=519758"},{"taxonomy":"product_cat","embeddable":true,"href":"https:\/\/shop.huppa.eu\/lt\/wp-json\/wp\/v2\/product_cat?post=519758"},{"taxonomy":"product_tag","embeddable":true,"href":"https:\/\/shop.huppa.eu\/lt\/wp-json\/wp\/v2\/product_tag?post=519758"}],"curies":[{"name":"wp","href":"https:\/\/api.w.org\/{rel}","templated":true}]}}