{"id":519992,"date":"2025-11-24T17:46:46","date_gmt":"2025-11-24T15:46:46","guid":{"rendered":"https:\/\/shop.huppa.eu\/lt\/product\/reggie-1-300g-20\/"},"modified":"2026-04-16T06:11:06","modified_gmt":"2026-04-16T04:11:06","slug":"reggie-1-300g-20","status":"publish","type":"product","link":"https:\/\/shop.huppa.eu\/lt\/product\/reggie-1-300g-20\/","title":{"rendered":"Vaik\u0173 \u017eieminis kombinezonas REGGIE 1 (300g)"},"content":{"rendered":"<p>K\u016bdiki\u0173 nepermerkiamas ir nesipu\u010diantis v\u0117jo \u017eiemos kombinezonas. Kv\u0117puojantis audinys. Flanel\u0117s pamu\u0161alas viduje. Rankogaliuose, kojagaliuose ir nugaros juosmenyje guma. Nuimamas gobtuvas su spaud\u017eiukais. 68-80 dyd\u017eiuose rankogali\u0173 ir kojagali\u0173 galus galima patogiai atversti. Nepermerkiami suklijuoti si\u016bl\u0117s. Kombinezone n\u0117ra vidinio kojos si\u016bl\u0117s. Gaminys pateikiamas su silikonin\u0117mis ir gumin\u0117mis p\u0117d\u0173 kilput\u0117mis. Dirbtinio kailio apvadas gobtuvo kra\u0161te. At\u0161vaitai audinyje.<\/p>\n","protected":false},"excerpt":{"rendered":"<p>K\u016bdiki\u0173 nepermerkiamas ir nesipu\u010diantis v\u0117jo \u017eiemos kombinezonas. Kv\u0117puojantis audinys. Flanel\u0117s pamu\u0161alas viduje. Rankogaliuose, kojagaliuose ir nugaros juosmenyje guma. Nuimamas gobtuvas su spaud\u017eiukais. 68-80 dyd\u017eiuose rankogali\u0173 ir kojagali\u0173 galus galima patogiai atversti. Nepermerkiami suklijuoti si\u016bl\u0117s. Kombinezone n\u0117ra vidinio kojos si\u016bl\u0117s. Gaminys pateikiamas su silikonin\u0117mis ir gumin\u0117mis p\u0117d\u0173 kilput\u0117mis. Dirbtinio kailio apvadas gobtuvo kra\u0161te. At\u0161vaitai audinyje.<\/p>\n","protected":false},"featured_media":489639,"template":"","meta":{"_acf_changed":false},"product_brand":[],"product_cat":[1170,1160,1163,102,19],"product_tag":[],"class_list":{"0":"post-519992","1":"product","2":"type-product","3":"status-publish","4":"has-post-thumbnail","6":"product_cat-kombinezonai-mergaiciu","7":"product_cat-kombinezonai","8":"product_cat-kombinezonai-vaikai","9":"product_cat-mergaiciu","10":"product_cat-vaikai","11":"pa_amzius-vaikai","12":"pa_atsparumas-vandeniui-10000mm","13":"pa_dydis-406","14":"pa_dydis-409","15":"pa_izoliacijos-svoris-300g","16":"pa_kolekcija-nr-w19-20","17":"pa_kolekcijos-dalis-fashion","18":"pa_lytis-mergaiciu","19":"pa_oro-pralaidumas-10000g-m-24h","20":"pa_prekes-artikulas-36020130-91663","21":"pa_uzpildas-300g","23":"first","24":"instock","25":"sale","26":"taxable","27":"shipping-taxable","28":"purchasable","29":"product-type-variable"},"acf":[],"yoast_head":"<!-- This site is optimized with the Yoast SEO plugin v26.8 - https:\/\/yoast.com\/product\/yoast-seo-wordpress\/ -->\n<title>Vaik\u0173 \u017eieminis kombinezonas REGGIE 1 (300g) - Huppa LT<\/title>\n<meta name=\"robots\" content=\"index, follow, max-snippet:-1, max-image-preview:large, max-video-preview:-1\" \/>\n<link rel=\"canonical\" href=\"https:\/\/shop.huppa.eu\/lt\/product\/reggie-1-300g-20\/\" \/>\n<meta property=\"og:locale\" content=\"lt_LT\" \/>\n<meta property=\"og:type\" content=\"article\" \/>\n<meta property=\"og:title\" content=\"Vaik\u0173 \u017eieminis kombinezonas REGGIE 1 (300g) - Huppa LT\" \/>\n<meta property=\"og:description\" content=\"K\u016bdiki\u0173 nepermerkiamas ir nesipu\u010diantis v\u0117jo \u017eiemos kombinezonas. Kv\u0117puojantis audinys. Flanel\u0117s pamu\u0161alas viduje. Rankogaliuose, kojagaliuose ir nugaros juosmenyje guma. Nuimamas gobtuvas su spaud\u017eiukais. 68-80 dyd\u017eiuose rankogali\u0173 ir kojagali\u0173 galus galima patogiai atversti. Nepermerkiami suklijuoti si\u016bl\u0117s. Kombinezone n\u0117ra vidinio kojos si\u016bl\u0117s. Gaminys pateikiamas su silikonin\u0117mis ir gumin\u0117mis p\u0117d\u0173 kilput\u0117mis. Dirbtinio kailio apvadas gobtuvo kra\u0161te. At\u0161vaitai audinyje.\" \/>\n<meta property=\"og:url\" content=\"https:\/\/shop.huppa.eu\/lt\/product\/reggie-1-300g-20\/\" \/>\n<meta property=\"og:site_name\" content=\"Huppa LT\" \/>\n<meta property=\"article:modified_time\" content=\"2026-04-16T04:11:06+00:00\" \/>\n<meta property=\"og:image\" content=\"https:\/\/huppashop-prod.s3.eu-north-1.amazonaws.com\/wp-content\/uploads\/sites\/5\/2022\/10\/13002436\/36020130-91663-REGGIE1f.jpg\" \/>\n\t<meta property=\"og:image:width\" content=\"1200\" \/>\n\t<meta property=\"og:image:height\" content=\"1200\" \/>\n\t<meta property=\"og:image:type\" content=\"image\/jpeg\" \/>\n<meta name=\"twitter:card\" content=\"summary_large_image\" \/>\n<script type=\"application\/ld+json\" class=\"yoast-schema-graph\">{\"@context\":\"https:\/\/schema.org\",\"@graph\":[{\"@type\":\"WebPage\",\"@id\":\"https:\/\/shop.huppa.eu\/lt\/product\/reggie-1-300g-20\/\",\"url\":\"https:\/\/shop.huppa.eu\/lt\/product\/reggie-1-300g-20\/\",\"name\":\"Vaik\u0173 \u017eieminis kombinezonas REGGIE 1 (300g) - Huppa LT\",\"isPartOf\":{\"@id\":\"https:\/\/shop.huppa.eu\/lt\/#website\"},\"primaryImageOfPage\":{\"@id\":\"https:\/\/shop.huppa.eu\/lt\/product\/reggie-1-300g-20\/#primaryimage\"},\"image\":{\"@id\":\"https:\/\/shop.huppa.eu\/lt\/product\/reggie-1-300g-20\/#primaryimage\"},\"thumbnailUrl\":\"https:\/\/huppashop-prod.s3.eu-north-1.amazonaws.com\/wp-content\/uploads\/sites\/5\/2022\/10\/13002436\/36020130-91663-REGGIE1f.jpg\",\"datePublished\":\"2025-11-24T15:46:46+00:00\",\"dateModified\":\"2026-04-16T04:11:06+00:00\",\"breadcrumb\":{\"@id\":\"https:\/\/shop.huppa.eu\/lt\/product\/reggie-1-300g-20\/#breadcrumb\"},\"inLanguage\":\"lt-LT\",\"potentialAction\":[{\"@type\":\"ReadAction\",\"target\":[\"https:\/\/shop.huppa.eu\/lt\/product\/reggie-1-300g-20\/\"]}]},{\"@type\":\"ImageObject\",\"inLanguage\":\"lt-LT\",\"@id\":\"https:\/\/shop.huppa.eu\/lt\/product\/reggie-1-300g-20\/#primaryimage\",\"url\":\"https:\/\/huppashop-prod.s3.eu-north-1.amazonaws.com\/wp-content\/uploads\/sites\/5\/2022\/10\/13002436\/36020130-91663-REGGIE1f.jpg\",\"contentUrl\":\"https:\/\/huppashop-prod.s3.eu-north-1.amazonaws.com\/wp-content\/uploads\/sites\/5\/2022\/10\/13002436\/36020130-91663-REGGIE1f.jpg\",\"width\":1200,\"height\":1200},{\"@type\":\"BreadcrumbList\",\"@id\":\"https:\/\/shop.huppa.eu\/lt\/product\/reggie-1-300g-20\/#breadcrumb\",\"itemListElement\":[{\"@type\":\"ListItem\",\"position\":1,\"name\":\"Shop\",\"item\":\"https:\/\/shop.huppa.eu\/lt\/shop\/\"},{\"@type\":\"ListItem\",\"position\":2,\"name\":\"Vaik\u0173 \u017eieminis kombinezonas REGGIE 1 (300g)\"}]},{\"@type\":\"WebSite\",\"@id\":\"https:\/\/shop.huppa.eu\/lt\/#website\",\"url\":\"https:\/\/shop.huppa.eu\/lt\/\",\"name\":\"Huppa LT\",\"description\":\"Huppa LT\",\"potentialAction\":[{\"@type\":\"SearchAction\",\"target\":{\"@type\":\"EntryPoint\",\"urlTemplate\":\"https:\/\/shop.huppa.eu\/lt\/?s={search_term_string}\"},\"query-input\":{\"@type\":\"PropertyValueSpecification\",\"valueRequired\":true,\"valueName\":\"search_term_string\"}}],\"inLanguage\":\"lt-LT\"}]}<\/script>\n<!-- \/ Yoast SEO plugin. -->","yoast_head_json":{"title":"Vaik\u0173 \u017eieminis kombinezonas REGGIE 1 (300g) - Huppa LT","robots":{"index":"index","follow":"follow","max-snippet":"max-snippet:-1","max-image-preview":"max-image-preview:large","max-video-preview":"max-video-preview:-1"},"canonical":"https:\/\/shop.huppa.eu\/lt\/product\/reggie-1-300g-20\/","og_locale":"lt_LT","og_type":"article","og_title":"Vaik\u0173 \u017eieminis kombinezonas REGGIE 1 (300g) - Huppa LT","og_description":"K\u016bdiki\u0173 nepermerkiamas ir nesipu\u010diantis v\u0117jo \u017eiemos kombinezonas. Kv\u0117puojantis audinys. Flanel\u0117s pamu\u0161alas viduje. Rankogaliuose, kojagaliuose ir nugaros juosmenyje guma. Nuimamas gobtuvas su spaud\u017eiukais. 68-80 dyd\u017eiuose rankogali\u0173 ir kojagali\u0173 galus galima patogiai atversti. Nepermerkiami suklijuoti si\u016bl\u0117s. Kombinezone n\u0117ra vidinio kojos si\u016bl\u0117s. Gaminys pateikiamas su silikonin\u0117mis ir gumin\u0117mis p\u0117d\u0173 kilput\u0117mis. Dirbtinio kailio apvadas gobtuvo kra\u0161te. At\u0161vaitai audinyje.","og_url":"https:\/\/shop.huppa.eu\/lt\/product\/reggie-1-300g-20\/","og_site_name":"Huppa LT","article_modified_time":"2026-04-16T04:11:06+00:00","og_image":[{"width":1200,"height":1200,"url":"https:\/\/huppashop-prod.s3.eu-north-1.amazonaws.com\/wp-content\/uploads\/sites\/5\/2022\/10\/13002436\/36020130-91663-REGGIE1f.jpg","type":"image\/jpeg"}],"twitter_card":"summary_large_image","schema":{"@context":"https:\/\/schema.org","@graph":[{"@type":"WebPage","@id":"https:\/\/shop.huppa.eu\/lt\/product\/reggie-1-300g-20\/","url":"https:\/\/shop.huppa.eu\/lt\/product\/reggie-1-300g-20\/","name":"Vaik\u0173 \u017eieminis kombinezonas REGGIE 1 (300g) - Huppa LT","isPartOf":{"@id":"https:\/\/shop.huppa.eu\/lt\/#website"},"primaryImageOfPage":{"@id":"https:\/\/shop.huppa.eu\/lt\/product\/reggie-1-300g-20\/#primaryimage"},"image":{"@id":"https:\/\/shop.huppa.eu\/lt\/product\/reggie-1-300g-20\/#primaryimage"},"thumbnailUrl":"https:\/\/huppashop-prod.s3.eu-north-1.amazonaws.com\/wp-content\/uploads\/sites\/5\/2022\/10\/13002436\/36020130-91663-REGGIE1f.jpg","datePublished":"2025-11-24T15:46:46+00:00","dateModified":"2026-04-16T04:11:06+00:00","breadcrumb":{"@id":"https:\/\/shop.huppa.eu\/lt\/product\/reggie-1-300g-20\/#breadcrumb"},"inLanguage":"lt-LT","potentialAction":[{"@type":"ReadAction","target":["https:\/\/shop.huppa.eu\/lt\/product\/reggie-1-300g-20\/"]}]},{"@type":"ImageObject","inLanguage":"lt-LT","@id":"https:\/\/shop.huppa.eu\/lt\/product\/reggie-1-300g-20\/#primaryimage","url":"https:\/\/huppashop-prod.s3.eu-north-1.amazonaws.com\/wp-content\/uploads\/sites\/5\/2022\/10\/13002436\/36020130-91663-REGGIE1f.jpg","contentUrl":"https:\/\/huppashop-prod.s3.eu-north-1.amazonaws.com\/wp-content\/uploads\/sites\/5\/2022\/10\/13002436\/36020130-91663-REGGIE1f.jpg","width":1200,"height":1200},{"@type":"BreadcrumbList","@id":"https:\/\/shop.huppa.eu\/lt\/product\/reggie-1-300g-20\/#breadcrumb","itemListElement":[{"@type":"ListItem","position":1,"name":"Shop","item":"https:\/\/shop.huppa.eu\/lt\/shop\/"},{"@type":"ListItem","position":2,"name":"Vaik\u0173 \u017eieminis kombinezonas REGGIE 1 (300g)"}]},{"@type":"WebSite","@id":"https:\/\/shop.huppa.eu\/lt\/#website","url":"https:\/\/shop.huppa.eu\/lt\/","name":"Huppa LT","description":"Huppa LT","potentialAction":[{"@type":"SearchAction","target":{"@type":"EntryPoint","urlTemplate":"https:\/\/shop.huppa.eu\/lt\/?s={search_term_string}"},"query-input":{"@type":"PropertyValueSpecification","valueRequired":true,"valueName":"search_term_string"}}],"inLanguage":"lt-LT"}]}},"_links":{"self":[{"href":"https:\/\/shop.huppa.eu\/lt\/wp-json\/wp\/v2\/product\/519992","targetHints":{"allow":["GET"]}}],"collection":[{"href":"https:\/\/shop.huppa.eu\/lt\/wp-json\/wp\/v2\/product"}],"about":[{"href":"https:\/\/shop.huppa.eu\/lt\/wp-json\/wp\/v2\/types\/product"}],"wp:featuredmedia":[{"embeddable":true,"href":"https:\/\/shop.huppa.eu\/lt\/wp-json\/wp\/v2\/media\/489639"}],"wp:attachment":[{"href":"https:\/\/shop.huppa.eu\/lt\/wp-json\/wp\/v2\/media?parent=519992"}],"wp:term":[{"taxonomy":"product_brand","embeddable":true,"href":"https:\/\/shop.huppa.eu\/lt\/wp-json\/wp\/v2\/product_brand?post=519992"},{"taxonomy":"product_cat","embeddable":true,"href":"https:\/\/shop.huppa.eu\/lt\/wp-json\/wp\/v2\/product_cat?post=519992"},{"taxonomy":"product_tag","embeddable":true,"href":"https:\/\/shop.huppa.eu\/lt\/wp-json\/wp\/v2\/product_tag?post=519992"}],"curies":[{"name":"wp","href":"https:\/\/api.w.org\/{rel}","templated":true}]}}