{"id":519998,"date":"2025-11-24T17:46:51","date_gmt":"2025-11-24T15:46:51","guid":{"rendered":"https:\/\/shop.huppa.eu\/lt\/product\/reggie-1-300g-22\/"},"modified":"2026-04-16T06:11:06","modified_gmt":"2026-04-16T04:11:06","slug":"reggie-1-300g-22","status":"publish","type":"product","link":"https:\/\/shop.huppa.eu\/lt\/product\/reggie-1-300g-22\/","title":{"rendered":"Vaik\u0173 \u017eieminis kombinezonas REGGIE 1 (300g)"},"content":{"rendered":"<p>K\u016bdiki\u0173 vandeniui ir v\u0117jui atsparus \u017eiemos kombinezonas. Kv\u0117puojantis audinys. Flanel\u0117s pamu\u0161alas viduje. Elastin\u0117 juosta rankovi\u0173 ir koj\u0173 galuose bei juosmenyje nugaroje. Nuimamas u\u017esegamas kapi\u0161onas. Rankovi\u0173 ir koj\u0173 galai gali b\u016bti patogiai u\u017elankstyti 68\u201380 dyd\u017eiuose. Vandeniui atsparios sulipdytos si\u016bl\u0117s. Kombinezono koj\u0173 vidin\u0117s si\u016bl\u0117s n\u0117ra. Gaminys komplektuojamas tiek silikonin\u0117mis, tiek gumin\u0117mis p\u0117d\u0173 dir\u017eeliais. Dirbtinio kailio apvadas kapi\u0161one. At\u0161vaitiniai elementai audinyje.<\/p>\n","protected":false},"excerpt":{"rendered":"<p>K\u016bdiki\u0173 vandeniui ir v\u0117jui atsparus \u017eiemos kombinezonas. Kv\u0117puojantis audinys. Flanel\u0117s pamu\u0161alas viduje. Elastin\u0117 juosta rankovi\u0173 ir koj\u0173 galuose bei juosmenyje nugaroje. Nuimamas u\u017esegamas kapi\u0161onas. Rankovi\u0173 ir koj\u0173 galai gali b\u016bti patogiai u\u017elankstyti 68\u201380 dyd\u017eiuose. Vandeniui atsparios sulipdytos si\u016bl\u0117s. Kombinezono koj\u0173 vidin\u0117s si\u016bl\u0117s n\u0117ra. Gaminys komplektuojamas tiek silikonin\u0117mis, tiek gumin\u0117mis p\u0117d\u0173 dir\u017eeliais. Dirbtinio kailio apvadas kapi\u0161one. [&hellip;]<\/p>\n","protected":false},"featured_media":489651,"template":"","meta":{"_acf_changed":false},"product_brand":[],"product_cat":[90,1164,1160,1163,19],"product_tag":[],"class_list":{"0":"post-519998","1":"product","2":"type-product","3":"status-publish","4":"has-post-thumbnail","6":"product_cat-berniuku","7":"product_cat-kombinezonai-berniuku","8":"product_cat-kombinezonai","9":"product_cat-kombinezonai-vaikai","10":"product_cat-vaikai","11":"pa_amzius-vaikai","12":"pa_atsparumas-vandeniui-10000mm","13":"pa_dydis-410","14":"pa_izoliacijos-svoris-300g","15":"pa_kolekcija-nr-w19-20","16":"pa_kolekcijos-dalis-fashion","17":"pa_lytis-berniuku","18":"pa_oro-pralaidumas-10000g-m-24h","19":"pa_prekes-artikulas-36020130-92548","20":"pa_uzpildas-300g","22":"first","23":"instock","24":"sale","25":"taxable","26":"shipping-taxable","27":"purchasable","28":"product-type-variable"},"acf":[],"yoast_head":"<!-- This site is optimized with the Yoast SEO plugin v26.8 - https:\/\/yoast.com\/product\/yoast-seo-wordpress\/ -->\n<title>Vaik\u0173 \u017eieminis kombinezonas REGGIE 1 (300g) - Huppa LT<\/title>\n<meta name=\"robots\" content=\"index, follow, max-snippet:-1, max-image-preview:large, max-video-preview:-1\" \/>\n<link rel=\"canonical\" href=\"https:\/\/shop.huppa.eu\/lt\/product\/reggie-1-300g-22\/\" \/>\n<meta property=\"og:locale\" content=\"lt_LT\" \/>\n<meta property=\"og:type\" content=\"article\" \/>\n<meta property=\"og:title\" content=\"Vaik\u0173 \u017eieminis kombinezonas REGGIE 1 (300g) - Huppa LT\" \/>\n<meta property=\"og:description\" content=\"K\u016bdiki\u0173 vandeniui ir v\u0117jui atsparus \u017eiemos kombinezonas. Kv\u0117puojantis audinys. Flanel\u0117s pamu\u0161alas viduje. Elastin\u0117 juosta rankovi\u0173 ir koj\u0173 galuose bei juosmenyje nugaroje. Nuimamas u\u017esegamas kapi\u0161onas. Rankovi\u0173 ir koj\u0173 galai gali b\u016bti patogiai u\u017elankstyti 68\u201380 dyd\u017eiuose. Vandeniui atsparios sulipdytos si\u016bl\u0117s. Kombinezono koj\u0173 vidin\u0117s si\u016bl\u0117s n\u0117ra. Gaminys komplektuojamas tiek silikonin\u0117mis, tiek gumin\u0117mis p\u0117d\u0173 dir\u017eeliais. Dirbtinio kailio apvadas kapi\u0161one. [&hellip;]\" \/>\n<meta property=\"og:url\" content=\"https:\/\/shop.huppa.eu\/lt\/product\/reggie-1-300g-22\/\" \/>\n<meta property=\"og:site_name\" content=\"Huppa LT\" \/>\n<meta property=\"article:modified_time\" content=\"2026-04-16T04:11:06+00:00\" \/>\n<meta property=\"og:image\" content=\"https:\/\/huppashop-prod.s3.eu-north-1.amazonaws.com\/wp-content\/uploads\/sites\/5\/2022\/10\/13002701\/36020130-92548-REGGIE1f.jpg\" \/>\n\t<meta property=\"og:image:width\" content=\"1200\" \/>\n\t<meta property=\"og:image:height\" content=\"1200\" \/>\n\t<meta property=\"og:image:type\" content=\"image\/jpeg\" \/>\n<meta name=\"twitter:card\" content=\"summary_large_image\" \/>\n<script type=\"application\/ld+json\" class=\"yoast-schema-graph\">{\"@context\":\"https:\/\/schema.org\",\"@graph\":[{\"@type\":\"WebPage\",\"@id\":\"https:\/\/shop.huppa.eu\/lt\/product\/reggie-1-300g-22\/\",\"url\":\"https:\/\/shop.huppa.eu\/lt\/product\/reggie-1-300g-22\/\",\"name\":\"Vaik\u0173 \u017eieminis kombinezonas REGGIE 1 (300g) - Huppa LT\",\"isPartOf\":{\"@id\":\"https:\/\/shop.huppa.eu\/lt\/#website\"},\"primaryImageOfPage\":{\"@id\":\"https:\/\/shop.huppa.eu\/lt\/product\/reggie-1-300g-22\/#primaryimage\"},\"image\":{\"@id\":\"https:\/\/shop.huppa.eu\/lt\/product\/reggie-1-300g-22\/#primaryimage\"},\"thumbnailUrl\":\"https:\/\/huppashop-prod.s3.eu-north-1.amazonaws.com\/wp-content\/uploads\/sites\/5\/2022\/10\/13002701\/36020130-92548-REGGIE1f.jpg\",\"datePublished\":\"2025-11-24T15:46:51+00:00\",\"dateModified\":\"2026-04-16T04:11:06+00:00\",\"breadcrumb\":{\"@id\":\"https:\/\/shop.huppa.eu\/lt\/product\/reggie-1-300g-22\/#breadcrumb\"},\"inLanguage\":\"lt-LT\",\"potentialAction\":[{\"@type\":\"ReadAction\",\"target\":[\"https:\/\/shop.huppa.eu\/lt\/product\/reggie-1-300g-22\/\"]}]},{\"@type\":\"ImageObject\",\"inLanguage\":\"lt-LT\",\"@id\":\"https:\/\/shop.huppa.eu\/lt\/product\/reggie-1-300g-22\/#primaryimage\",\"url\":\"https:\/\/huppashop-prod.s3.eu-north-1.amazonaws.com\/wp-content\/uploads\/sites\/5\/2022\/10\/13002701\/36020130-92548-REGGIE1f.jpg\",\"contentUrl\":\"https:\/\/huppashop-prod.s3.eu-north-1.amazonaws.com\/wp-content\/uploads\/sites\/5\/2022\/10\/13002701\/36020130-92548-REGGIE1f.jpg\",\"width\":1200,\"height\":1200},{\"@type\":\"BreadcrumbList\",\"@id\":\"https:\/\/shop.huppa.eu\/lt\/product\/reggie-1-300g-22\/#breadcrumb\",\"itemListElement\":[{\"@type\":\"ListItem\",\"position\":1,\"name\":\"Shop\",\"item\":\"https:\/\/shop.huppa.eu\/lt\/shop\/\"},{\"@type\":\"ListItem\",\"position\":2,\"name\":\"Vaik\u0173 \u017eieminis kombinezonas REGGIE 1 (300g)\"}]},{\"@type\":\"WebSite\",\"@id\":\"https:\/\/shop.huppa.eu\/lt\/#website\",\"url\":\"https:\/\/shop.huppa.eu\/lt\/\",\"name\":\"Huppa LT\",\"description\":\"Huppa LT\",\"potentialAction\":[{\"@type\":\"SearchAction\",\"target\":{\"@type\":\"EntryPoint\",\"urlTemplate\":\"https:\/\/shop.huppa.eu\/lt\/?s={search_term_string}\"},\"query-input\":{\"@type\":\"PropertyValueSpecification\",\"valueRequired\":true,\"valueName\":\"search_term_string\"}}],\"inLanguage\":\"lt-LT\"}]}<\/script>\n<!-- \/ Yoast SEO plugin. -->","yoast_head_json":{"title":"Vaik\u0173 \u017eieminis kombinezonas REGGIE 1 (300g) - Huppa LT","robots":{"index":"index","follow":"follow","max-snippet":"max-snippet:-1","max-image-preview":"max-image-preview:large","max-video-preview":"max-video-preview:-1"},"canonical":"https:\/\/shop.huppa.eu\/lt\/product\/reggie-1-300g-22\/","og_locale":"lt_LT","og_type":"article","og_title":"Vaik\u0173 \u017eieminis kombinezonas REGGIE 1 (300g) - Huppa LT","og_description":"K\u016bdiki\u0173 vandeniui ir v\u0117jui atsparus \u017eiemos kombinezonas. Kv\u0117puojantis audinys. Flanel\u0117s pamu\u0161alas viduje. Elastin\u0117 juosta rankovi\u0173 ir koj\u0173 galuose bei juosmenyje nugaroje. Nuimamas u\u017esegamas kapi\u0161onas. Rankovi\u0173 ir koj\u0173 galai gali b\u016bti patogiai u\u017elankstyti 68\u201380 dyd\u017eiuose. Vandeniui atsparios sulipdytos si\u016bl\u0117s. Kombinezono koj\u0173 vidin\u0117s si\u016bl\u0117s n\u0117ra. Gaminys komplektuojamas tiek silikonin\u0117mis, tiek gumin\u0117mis p\u0117d\u0173 dir\u017eeliais. Dirbtinio kailio apvadas kapi\u0161one. [&hellip;]","og_url":"https:\/\/shop.huppa.eu\/lt\/product\/reggie-1-300g-22\/","og_site_name":"Huppa LT","article_modified_time":"2026-04-16T04:11:06+00:00","og_image":[{"width":1200,"height":1200,"url":"https:\/\/huppashop-prod.s3.eu-north-1.amazonaws.com\/wp-content\/uploads\/sites\/5\/2022\/10\/13002701\/36020130-92548-REGGIE1f.jpg","type":"image\/jpeg"}],"twitter_card":"summary_large_image","schema":{"@context":"https:\/\/schema.org","@graph":[{"@type":"WebPage","@id":"https:\/\/shop.huppa.eu\/lt\/product\/reggie-1-300g-22\/","url":"https:\/\/shop.huppa.eu\/lt\/product\/reggie-1-300g-22\/","name":"Vaik\u0173 \u017eieminis kombinezonas REGGIE 1 (300g) - Huppa LT","isPartOf":{"@id":"https:\/\/shop.huppa.eu\/lt\/#website"},"primaryImageOfPage":{"@id":"https:\/\/shop.huppa.eu\/lt\/product\/reggie-1-300g-22\/#primaryimage"},"image":{"@id":"https:\/\/shop.huppa.eu\/lt\/product\/reggie-1-300g-22\/#primaryimage"},"thumbnailUrl":"https:\/\/huppashop-prod.s3.eu-north-1.amazonaws.com\/wp-content\/uploads\/sites\/5\/2022\/10\/13002701\/36020130-92548-REGGIE1f.jpg","datePublished":"2025-11-24T15:46:51+00:00","dateModified":"2026-04-16T04:11:06+00:00","breadcrumb":{"@id":"https:\/\/shop.huppa.eu\/lt\/product\/reggie-1-300g-22\/#breadcrumb"},"inLanguage":"lt-LT","potentialAction":[{"@type":"ReadAction","target":["https:\/\/shop.huppa.eu\/lt\/product\/reggie-1-300g-22\/"]}]},{"@type":"ImageObject","inLanguage":"lt-LT","@id":"https:\/\/shop.huppa.eu\/lt\/product\/reggie-1-300g-22\/#primaryimage","url":"https:\/\/huppashop-prod.s3.eu-north-1.amazonaws.com\/wp-content\/uploads\/sites\/5\/2022\/10\/13002701\/36020130-92548-REGGIE1f.jpg","contentUrl":"https:\/\/huppashop-prod.s3.eu-north-1.amazonaws.com\/wp-content\/uploads\/sites\/5\/2022\/10\/13002701\/36020130-92548-REGGIE1f.jpg","width":1200,"height":1200},{"@type":"BreadcrumbList","@id":"https:\/\/shop.huppa.eu\/lt\/product\/reggie-1-300g-22\/#breadcrumb","itemListElement":[{"@type":"ListItem","position":1,"name":"Shop","item":"https:\/\/shop.huppa.eu\/lt\/shop\/"},{"@type":"ListItem","position":2,"name":"Vaik\u0173 \u017eieminis kombinezonas REGGIE 1 (300g)"}]},{"@type":"WebSite","@id":"https:\/\/shop.huppa.eu\/lt\/#website","url":"https:\/\/shop.huppa.eu\/lt\/","name":"Huppa LT","description":"Huppa LT","potentialAction":[{"@type":"SearchAction","target":{"@type":"EntryPoint","urlTemplate":"https:\/\/shop.huppa.eu\/lt\/?s={search_term_string}"},"query-input":{"@type":"PropertyValueSpecification","valueRequired":true,"valueName":"search_term_string"}}],"inLanguage":"lt-LT"}]}},"_links":{"self":[{"href":"https:\/\/shop.huppa.eu\/lt\/wp-json\/wp\/v2\/product\/519998","targetHints":{"allow":["GET"]}}],"collection":[{"href":"https:\/\/shop.huppa.eu\/lt\/wp-json\/wp\/v2\/product"}],"about":[{"href":"https:\/\/shop.huppa.eu\/lt\/wp-json\/wp\/v2\/types\/product"}],"wp:featuredmedia":[{"embeddable":true,"href":"https:\/\/shop.huppa.eu\/lt\/wp-json\/wp\/v2\/media\/489651"}],"wp:attachment":[{"href":"https:\/\/shop.huppa.eu\/lt\/wp-json\/wp\/v2\/media?parent=519998"}],"wp:term":[{"taxonomy":"product_brand","embeddable":true,"href":"https:\/\/shop.huppa.eu\/lt\/wp-json\/wp\/v2\/product_brand?post=519998"},{"taxonomy":"product_cat","embeddable":true,"href":"https:\/\/shop.huppa.eu\/lt\/wp-json\/wp\/v2\/product_cat?post=519998"},{"taxonomy":"product_tag","embeddable":true,"href":"https:\/\/shop.huppa.eu\/lt\/wp-json\/wp\/v2\/product_tag?post=519998"}],"curies":[{"name":"wp","href":"https:\/\/api.w.org\/{rel}","templated":true}]}}