{"id":520014,"date":"2025-11-24T17:47:16","date_gmt":"2025-11-24T15:47:16","guid":{"rendered":"https:\/\/shop.huppa.eu\/lt\/product\/golden-100g-2\/"},"modified":"2026-04-16T06:11:09","modified_gmt":"2026-04-16T04:11:09","slug":"golden-100g-2","status":"publish","type":"product","link":"https:\/\/shop.huppa.eu\/lt\/product\/golden-100g-2\/","title":{"rendered":"Vaik\u0173 pavasario-rudens kombinezonas GOLDEN (100g)"},"content":{"rendered":"<p>Vaik\u0173 vandeniui ir v\u0117jui atsparus pavasario-rudens kombinezonas. Kv\u0117puojantis vir\u0161utinis audinys. Kombinezon\u0173 vidus i\u0161 flanel\u0117s pamu\u0161alo audinio. Gumin\u0117 juosta rankovi\u0173 ir koj\u0173 galuose bei gobtuvo kra\u0161te. Nuimamas gobtuvas tvirtinamas prie apykakl\u0117s spaustukais. Patogiai u\u017ever\u010diami rankovi\u0173 ir koj\u0173 galai. Gumin\u0117 juosta juosmenyje nugaros pus\u0117je. Vandens nepraleid\u017eiantys u\u017elydyti si\u016bliai. Kombinezonas neturi vidini\u0173 koj\u0173 si\u016bli\u0173. Nuimami guminiai padai. At\u0161vaitu detal\u0117s ant vir\u0161utinio audinio.<\/p>\n","protected":false},"excerpt":{"rendered":"<p>Vaik\u0173 vandeniui ir v\u0117jui atsparus pavasario-rudens kombinezonas. Kv\u0117puojantis vir\u0161utinis audinys. Kombinezon\u0173 vidus i\u0161 flanel\u0117s pamu\u0161alo audinio. Gumin\u0117 juosta rankovi\u0173 ir koj\u0173 galuose bei gobtuvo kra\u0161te. Nuimamas gobtuvas tvirtinamas prie apykakl\u0117s spaustukais. Patogiai u\u017ever\u010diami rankovi\u0173 ir koj\u0173 galai. Gumin\u0117 juosta juosmenyje nugaros pus\u0117je. Vandens nepraleid\u017eiantys u\u017elydyti si\u016bliai. Kombinezonas neturi vidini\u0173 koj\u0173 si\u016bli\u0173. Nuimami guminiai padai. At\u0161vaitu [&hellip;]<\/p>\n","protected":false},"featured_media":427868,"template":"","meta":{"_acf_changed":false},"product_brand":[],"product_cat":[1170,1160,1163,102,19],"product_tag":[],"class_list":{"0":"post-520014","1":"product","2":"type-product","3":"status-publish","4":"has-post-thumbnail","6":"product_cat-kombinezonai-mergaiciu","7":"product_cat-kombinezonai","8":"product_cat-kombinezonai-vaikai","9":"product_cat-mergaiciu","10":"product_cat-vaikai","11":"pa_amzius-vaikai","12":"pa_atsparumas-vandeniui-5000mm","13":"pa_dydis-1271","14":"pa_izoliacijos-svoris-100g","15":"pa_kolekcija-nr-sa2018","16":"pa_kolekcijos-dalis-spring-autumn","17":"pa_lytis-mergaiciu","18":"pa_oro-pralaidumas-5000g-m-24h","19":"pa_prekes-artikulas-36080010-81163","20":"pa_uzpildas-100g","22":"first","23":"instock","24":"sale","25":"taxable","26":"shipping-taxable","27":"purchasable","28":"product-type-variable"},"acf":[],"yoast_head":"<!-- This site is optimized with the Yoast SEO plugin v26.8 - https:\/\/yoast.com\/product\/yoast-seo-wordpress\/ -->\n<title>Vaik\u0173 pavasario-rudens kombinezonas GOLDEN (100g) - Huppa LT<\/title>\n<meta name=\"robots\" content=\"index, follow, max-snippet:-1, max-image-preview:large, max-video-preview:-1\" \/>\n<link rel=\"canonical\" href=\"https:\/\/shop.huppa.eu\/lt\/product\/golden-100g-2\/\" \/>\n<meta property=\"og:locale\" content=\"lt_LT\" \/>\n<meta property=\"og:type\" content=\"article\" \/>\n<meta property=\"og:title\" content=\"Vaik\u0173 pavasario-rudens kombinezonas GOLDEN (100g) - Huppa LT\" \/>\n<meta property=\"og:description\" content=\"Vaik\u0173 vandeniui ir v\u0117jui atsparus pavasario-rudens kombinezonas. Kv\u0117puojantis vir\u0161utinis audinys. Kombinezon\u0173 vidus i\u0161 flanel\u0117s pamu\u0161alo audinio. Gumin\u0117 juosta rankovi\u0173 ir koj\u0173 galuose bei gobtuvo kra\u0161te. Nuimamas gobtuvas tvirtinamas prie apykakl\u0117s spaustukais. Patogiai u\u017ever\u010diami rankovi\u0173 ir koj\u0173 galai. Gumin\u0117 juosta juosmenyje nugaros pus\u0117je. Vandens nepraleid\u017eiantys u\u017elydyti si\u016bliai. Kombinezonas neturi vidini\u0173 koj\u0173 si\u016bli\u0173. Nuimami guminiai padai. At\u0161vaitu [&hellip;]\" \/>\n<meta property=\"og:url\" content=\"https:\/\/shop.huppa.eu\/lt\/product\/golden-100g-2\/\" \/>\n<meta property=\"og:site_name\" content=\"Huppa LT\" \/>\n<meta property=\"article:modified_time\" content=\"2026-04-16T04:11:09+00:00\" \/>\n<meta property=\"og:image\" content=\"https:\/\/huppashop-prod.s3.eu-north-1.amazonaws.com\/wp-content\/uploads\/sites\/3\/2021\/06\/03040415\/36080010-81163-GOLDENf.jpg\" \/>\n\t<meta property=\"og:image:width\" content=\"800\" \/>\n\t<meta property=\"og:image:height\" content=\"800\" \/>\n\t<meta property=\"og:image:type\" content=\"image\/jpeg\" \/>\n<meta name=\"twitter:card\" content=\"summary_large_image\" \/>\n<script type=\"application\/ld+json\" class=\"yoast-schema-graph\">{\"@context\":\"https:\/\/schema.org\",\"@graph\":[{\"@type\":\"WebPage\",\"@id\":\"https:\/\/shop.huppa.eu\/lt\/product\/golden-100g-2\/\",\"url\":\"https:\/\/shop.huppa.eu\/lt\/product\/golden-100g-2\/\",\"name\":\"Vaik\u0173 pavasario-rudens kombinezonas GOLDEN (100g) - Huppa LT\",\"isPartOf\":{\"@id\":\"https:\/\/shop.huppa.eu\/lt\/#website\"},\"primaryImageOfPage\":{\"@id\":\"https:\/\/shop.huppa.eu\/lt\/product\/golden-100g-2\/#primaryimage\"},\"image\":{\"@id\":\"https:\/\/shop.huppa.eu\/lt\/product\/golden-100g-2\/#primaryimage\"},\"thumbnailUrl\":\"https:\/\/huppashop-prod.s3.eu-north-1.amazonaws.com\/wp-content\/uploads\/sites\/3\/2021\/06\/03040415\/36080010-81163-GOLDENf.jpg\",\"datePublished\":\"2025-11-24T15:47:16+00:00\",\"dateModified\":\"2026-04-16T04:11:09+00:00\",\"breadcrumb\":{\"@id\":\"https:\/\/shop.huppa.eu\/lt\/product\/golden-100g-2\/#breadcrumb\"},\"inLanguage\":\"lt-LT\",\"potentialAction\":[{\"@type\":\"ReadAction\",\"target\":[\"https:\/\/shop.huppa.eu\/lt\/product\/golden-100g-2\/\"]}]},{\"@type\":\"ImageObject\",\"inLanguage\":\"lt-LT\",\"@id\":\"https:\/\/shop.huppa.eu\/lt\/product\/golden-100g-2\/#primaryimage\",\"url\":\"https:\/\/huppashop-prod.s3.eu-north-1.amazonaws.com\/wp-content\/uploads\/sites\/3\/2021\/06\/03040415\/36080010-81163-GOLDENf.jpg\",\"contentUrl\":\"https:\/\/huppashop-prod.s3.eu-north-1.amazonaws.com\/wp-content\/uploads\/sites\/3\/2021\/06\/03040415\/36080010-81163-GOLDENf.jpg\",\"width\":800,\"height\":800},{\"@type\":\"BreadcrumbList\",\"@id\":\"https:\/\/shop.huppa.eu\/lt\/product\/golden-100g-2\/#breadcrumb\",\"itemListElement\":[{\"@type\":\"ListItem\",\"position\":1,\"name\":\"Shop\",\"item\":\"https:\/\/shop.huppa.eu\/lt\/shop\/\"},{\"@type\":\"ListItem\",\"position\":2,\"name\":\"Vaik\u0173 pavasario-rudens kombinezonas GOLDEN (100g)\"}]},{\"@type\":\"WebSite\",\"@id\":\"https:\/\/shop.huppa.eu\/lt\/#website\",\"url\":\"https:\/\/shop.huppa.eu\/lt\/\",\"name\":\"Huppa LT\",\"description\":\"Huppa LT\",\"potentialAction\":[{\"@type\":\"SearchAction\",\"target\":{\"@type\":\"EntryPoint\",\"urlTemplate\":\"https:\/\/shop.huppa.eu\/lt\/?s={search_term_string}\"},\"query-input\":{\"@type\":\"PropertyValueSpecification\",\"valueRequired\":true,\"valueName\":\"search_term_string\"}}],\"inLanguage\":\"lt-LT\"}]}<\/script>\n<!-- \/ Yoast SEO plugin. -->","yoast_head_json":{"title":"Vaik\u0173 pavasario-rudens kombinezonas GOLDEN (100g) - Huppa LT","robots":{"index":"index","follow":"follow","max-snippet":"max-snippet:-1","max-image-preview":"max-image-preview:large","max-video-preview":"max-video-preview:-1"},"canonical":"https:\/\/shop.huppa.eu\/lt\/product\/golden-100g-2\/","og_locale":"lt_LT","og_type":"article","og_title":"Vaik\u0173 pavasario-rudens kombinezonas GOLDEN (100g) - Huppa LT","og_description":"Vaik\u0173 vandeniui ir v\u0117jui atsparus pavasario-rudens kombinezonas. Kv\u0117puojantis vir\u0161utinis audinys. Kombinezon\u0173 vidus i\u0161 flanel\u0117s pamu\u0161alo audinio. Gumin\u0117 juosta rankovi\u0173 ir koj\u0173 galuose bei gobtuvo kra\u0161te. Nuimamas gobtuvas tvirtinamas prie apykakl\u0117s spaustukais. Patogiai u\u017ever\u010diami rankovi\u0173 ir koj\u0173 galai. Gumin\u0117 juosta juosmenyje nugaros pus\u0117je. Vandens nepraleid\u017eiantys u\u017elydyti si\u016bliai. Kombinezonas neturi vidini\u0173 koj\u0173 si\u016bli\u0173. Nuimami guminiai padai. At\u0161vaitu [&hellip;]","og_url":"https:\/\/shop.huppa.eu\/lt\/product\/golden-100g-2\/","og_site_name":"Huppa LT","article_modified_time":"2026-04-16T04:11:09+00:00","og_image":[{"width":800,"height":800,"url":"https:\/\/huppashop-prod.s3.eu-north-1.amazonaws.com\/wp-content\/uploads\/sites\/3\/2021\/06\/03040415\/36080010-81163-GOLDENf.jpg","type":"image\/jpeg"}],"twitter_card":"summary_large_image","schema":{"@context":"https:\/\/schema.org","@graph":[{"@type":"WebPage","@id":"https:\/\/shop.huppa.eu\/lt\/product\/golden-100g-2\/","url":"https:\/\/shop.huppa.eu\/lt\/product\/golden-100g-2\/","name":"Vaik\u0173 pavasario-rudens kombinezonas GOLDEN (100g) - Huppa LT","isPartOf":{"@id":"https:\/\/shop.huppa.eu\/lt\/#website"},"primaryImageOfPage":{"@id":"https:\/\/shop.huppa.eu\/lt\/product\/golden-100g-2\/#primaryimage"},"image":{"@id":"https:\/\/shop.huppa.eu\/lt\/product\/golden-100g-2\/#primaryimage"},"thumbnailUrl":"https:\/\/huppashop-prod.s3.eu-north-1.amazonaws.com\/wp-content\/uploads\/sites\/3\/2021\/06\/03040415\/36080010-81163-GOLDENf.jpg","datePublished":"2025-11-24T15:47:16+00:00","dateModified":"2026-04-16T04:11:09+00:00","breadcrumb":{"@id":"https:\/\/shop.huppa.eu\/lt\/product\/golden-100g-2\/#breadcrumb"},"inLanguage":"lt-LT","potentialAction":[{"@type":"ReadAction","target":["https:\/\/shop.huppa.eu\/lt\/product\/golden-100g-2\/"]}]},{"@type":"ImageObject","inLanguage":"lt-LT","@id":"https:\/\/shop.huppa.eu\/lt\/product\/golden-100g-2\/#primaryimage","url":"https:\/\/huppashop-prod.s3.eu-north-1.amazonaws.com\/wp-content\/uploads\/sites\/3\/2021\/06\/03040415\/36080010-81163-GOLDENf.jpg","contentUrl":"https:\/\/huppashop-prod.s3.eu-north-1.amazonaws.com\/wp-content\/uploads\/sites\/3\/2021\/06\/03040415\/36080010-81163-GOLDENf.jpg","width":800,"height":800},{"@type":"BreadcrumbList","@id":"https:\/\/shop.huppa.eu\/lt\/product\/golden-100g-2\/#breadcrumb","itemListElement":[{"@type":"ListItem","position":1,"name":"Shop","item":"https:\/\/shop.huppa.eu\/lt\/shop\/"},{"@type":"ListItem","position":2,"name":"Vaik\u0173 pavasario-rudens kombinezonas GOLDEN (100g)"}]},{"@type":"WebSite","@id":"https:\/\/shop.huppa.eu\/lt\/#website","url":"https:\/\/shop.huppa.eu\/lt\/","name":"Huppa LT","description":"Huppa LT","potentialAction":[{"@type":"SearchAction","target":{"@type":"EntryPoint","urlTemplate":"https:\/\/shop.huppa.eu\/lt\/?s={search_term_string}"},"query-input":{"@type":"PropertyValueSpecification","valueRequired":true,"valueName":"search_term_string"}}],"inLanguage":"lt-LT"}]}},"_links":{"self":[{"href":"https:\/\/shop.huppa.eu\/lt\/wp-json\/wp\/v2\/product\/520014","targetHints":{"allow":["GET"]}}],"collection":[{"href":"https:\/\/shop.huppa.eu\/lt\/wp-json\/wp\/v2\/product"}],"about":[{"href":"https:\/\/shop.huppa.eu\/lt\/wp-json\/wp\/v2\/types\/product"}],"wp:featuredmedia":[{"embeddable":true,"href":"https:\/\/shop.huppa.eu\/lt\/wp-json\/wp\/v2\/media\/427868"}],"wp:attachment":[{"href":"https:\/\/shop.huppa.eu\/lt\/wp-json\/wp\/v2\/media?parent=520014"}],"wp:term":[{"taxonomy":"product_brand","embeddable":true,"href":"https:\/\/shop.huppa.eu\/lt\/wp-json\/wp\/v2\/product_brand?post=520014"},{"taxonomy":"product_cat","embeddable":true,"href":"https:\/\/shop.huppa.eu\/lt\/wp-json\/wp\/v2\/product_cat?post=520014"},{"taxonomy":"product_tag","embeddable":true,"href":"https:\/\/shop.huppa.eu\/lt\/wp-json\/wp\/v2\/product_tag?post=520014"}],"curies":[{"name":"wp","href":"https:\/\/api.w.org\/{rel}","templated":true}]}}